{"id":35,"date":"2012-10-28T21:31:40","date_gmt":"2012-10-28T21:31:40","guid":{"rendered":"http:\/\/blog.espol.edu.ec\/andeandr\/?page_id=35"},"modified":"2012-10-28T21:36:10","modified_gmt":"2012-10-28T21:36:10","slug":"costa","status":"publish","type":"page","link":"https:\/\/blog.espol.edu.ec\/andeandr\/costa\/","title":{"rendered":"COSTA"},"content":{"rendered":"<p><img loading=\"lazy\" decoding=\"async\" alt=\"\" src=\"http:\/\/upload.wikimedia.org\/wikipedia\/commons\/thumb\/c\/cf\/Ecuador_-_R_Litoral_02.svg\/250px-Ecuador_-_R_Litoral_02.svg.png\" class=\"aligncenter\" width=\"250\" height=\"269\" \/><br \/>\nOcupando un cuarto de la tierra en Ecuador, la costa est\u00e1 compuesta de las planicies y las tierras bajas hasta 500 metros de los Andes. Aunque est\u00e1 refrescada por la corriente de Per\u00fa, tiene por lo general un clima h\u00famedo y tropical.<br \/>\nEn el norte de la costa la planicie es muy mojada y pantanosa. Los r\u00edos Esmeralda y Cayapa desembocan all\u00ed.  Aqu\u00ed se encuentra la Reserva Ecol\u00f3gica Catachi-Cayapas. Cerca de la frontera norte est\u00e1 la cuenca del r\u00edo Guayas. El bosque circundante incluye \u00e1rboles de balsa y palmas. Hacia el sur de la costa llueve mucho menos y existe un desierto como en mucha de la costa peruana.  <\/p>\n<p>La biodiversidad de la costa es enorme. Hay 6.300 especies de plantas, de las cuales 1.200 son oriundas lo que significa no se pueden encontrar estas especies fuera de Ecuador. Hay 800 especies de aves m\u00e1s del 20% de las cu\u00e1les son aut\u00f3ctonas. 142 especies de mam\u00edferos viven all\u00ed (54 oriundas) y 253 tipos de reptiles y anfibios. El gran porcentaje de especies aut\u00f3ctonas revela la riqueza de la biodiversidad que existe en la costa. Sin embargo, la selva y los especies desaparecen m\u00e1s cada d\u00eda. En los \u00faltimos cuarenta a\u00f1os 90% del bosque de la costa ecuatoriana ha sido talado para dar paso a fincas de banana, cacao, caf\u00e9, arroz, soja y la cr\u00eda de camarones. Aqu\u00ed tienen una lista de organizaciones que est\u00e1n luchando para preservar los ecosistemas de la costa de Ecuador.<br \/>\nhttp:\/\/youtu.be\/0BZ-CMZyL6g<\/p>\n","protected":false},"excerpt":{"rendered":"<p>Ocupando un cuarto de la tierra en Ecuador, la costa est\u00e1 compuesta de las planicies y las tierras bajas hasta 500 metros de los Andes. Aunque est\u00e1 refrescada por la corriente de Per\u00fa, tiene por lo general un clima h\u00famedo y tropical. En el norte de la costa la planicie es muy mojada y pantanosa. [&hellip;]<\/p>\n","protected":false},"author":8119,"featured_media":0,"parent":0,"menu_order":0,"comment_status":"open","ping_status":"open","template":"","meta":{"footnotes":""},"class_list":["post-35","page","type-page","status-publish","hentry"],"_links":{"self":[{"href":"https:\/\/blog.espol.edu.ec\/andeandr\/wp-json\/wp\/v2\/pages\/35","targetHints":{"allow":["GET"]}}],"collection":[{"href":"https:\/\/blog.espol.edu.ec\/andeandr\/wp-json\/wp\/v2\/pages"}],"about":[{"href":"https:\/\/blog.espol.edu.ec\/andeandr\/wp-json\/wp\/v2\/types\/page"}],"author":[{"embeddable":true,"href":"https:\/\/blog.espol.edu.ec\/andeandr\/wp-json\/wp\/v2\/users\/8119"}],"replies":[{"embeddable":true,"href":"https:\/\/blog.espol.edu.ec\/andeandr\/wp-json\/wp\/v2\/comments?post=35"}],"version-history":[{"count":4,"href":"https:\/\/blog.espol.edu.ec\/andeandr\/wp-json\/wp\/v2\/pages\/35\/revisions"}],"predecessor-version":[{"id":39,"href":"https:\/\/blog.espol.edu.ec\/andeandr\/wp-json\/wp\/v2\/pages\/35\/revisions\/39"}],"wp:attachment":[{"href":"https:\/\/blog.espol.edu.ec\/andeandr\/wp-json\/wp\/v2\/media?parent=35"}],"curies":[{"name":"wp","href":"https:\/\/api.w.org\/{rel}","templated":true}]}}