{"id":47,"date":"2012-10-28T22:50:14","date_gmt":"2012-10-28T22:50:14","guid":{"rendered":"http:\/\/blog.espol.edu.ec\/andeandr\/?page_id=47"},"modified":"2012-10-28T22:50:14","modified_gmt":"2012-10-28T22:50:14","slug":"sierra","status":"publish","type":"page","link":"https:\/\/blog.espol.edu.ec\/andeandr\/sierra\/","title":{"rendered":"SIERRA"},"content":{"rendered":"<p><img loading=\"lazy\" decoding=\"async\" alt=\"\" src=\"http:\/\/www.eprtravel.com\/images\/galeria\/sierra\/cotopaxi\/sierra-ecuador-8.jpg\" class=\"alignleft\" width=\"640\" height=\"425\" \/><br \/>\nOcupando un cuarto del Ecuador, la sierra separa la tierra medioambientes muy distintos. Est\u00e1 compuesta de dos sierras principales: la Cordillera Occidental y la Cordillera Oriental, y entre ellas, los volcanes. Las varias alturas de los Andes crean una diversidad de ecosistemas que no se ve en otras partes del pa\u00eds. Por supuesto, tambi\u00e9n se experimentan muchos tipos de clima desde valles interiores hasta picos nevados.<br \/>\nLos Andes son una cordillera bastante nueva debido a las erupci\u00f3nes volc\u00e1nicas de los \u00faltimos 65 millones de a\u00f1os. Todav\u00eda existen algunos volcanes activos. El Cotopaxi, el volc\u00e1n activa m\u00e1s alto en el mundo, mide 5.897 metros. Otros picos altos incluyen el Antisana (5.704 m), el Cayambe (5.790 m) y el Chimborazo (6.267 m). Aunque algunos est\u00e1n cubiertos de nieve y glaciares todo el a\u00f1o, sus cuestas est\u00e1n llenos de hierbas de p\u00e1ramo. Hace fr\u00edo pero es bastante h\u00famedo. M\u00e1s abajo todav\u00eda, existe un bosque de pinos. Muchos de los animales que inmigraron desde Norteam\u00e9rica viajaron por los Andes porque estaban m\u00e1s aclimatados al clima fresco. Algunos de ellos se quedaron all\u00ed antes de diversificarse en otras partes del continente. El tapir lanudo o monta\u00f1\u00e9s (Tapirus pinchaque) vive aqu\u00ed y tambi\u00e9n la un\u00edca especie de oso en Sudam\u00e9rica, el oso de anteojos andino (Tremarctos ornatus), llamado ucumari por los indios. Hay menos precipitaci\u00f3n  al fondo de los valles y all\u00ed, se encuentra un bosque seco de arboles espinosos y hierbas. Tambi\u00e9n en muchas partes de la sierra, hay varias especies de colibr\u00eds que son de todos los colores del arco iris. <\/p>\n","protected":false},"excerpt":{"rendered":"<p>Ocupando un cuarto del Ecuador, la sierra separa la tierra medioambientes muy distintos. Est\u00e1 compuesta de dos sierras principales: la Cordillera Occidental y la Cordillera Oriental, y entre ellas, los volcanes. Las varias alturas de los Andes crean una diversidad de ecosistemas que no se ve en otras partes del pa\u00eds. Por supuesto, tambi\u00e9n se [&hellip;]<\/p>\n","protected":false},"author":8119,"featured_media":0,"parent":0,"menu_order":0,"comment_status":"open","ping_status":"open","template":"","meta":{"footnotes":""},"class_list":["post-47","page","type-page","status-publish","hentry"],"_links":{"self":[{"href":"https:\/\/blog.espol.edu.ec\/andeandr\/wp-json\/wp\/v2\/pages\/47","targetHints":{"allow":["GET"]}}],"collection":[{"href":"https:\/\/blog.espol.edu.ec\/andeandr\/wp-json\/wp\/v2\/pages"}],"about":[{"href":"https:\/\/blog.espol.edu.ec\/andeandr\/wp-json\/wp\/v2\/types\/page"}],"author":[{"embeddable":true,"href":"https:\/\/blog.espol.edu.ec\/andeandr\/wp-json\/wp\/v2\/users\/8119"}],"replies":[{"embeddable":true,"href":"https:\/\/blog.espol.edu.ec\/andeandr\/wp-json\/wp\/v2\/comments?post=47"}],"version-history":[{"count":1,"href":"https:\/\/blog.espol.edu.ec\/andeandr\/wp-json\/wp\/v2\/pages\/47\/revisions"}],"predecessor-version":[{"id":48,"href":"https:\/\/blog.espol.edu.ec\/andeandr\/wp-json\/wp\/v2\/pages\/47\/revisions\/48"}],"wp:attachment":[{"href":"https:\/\/blog.espol.edu.ec\/andeandr\/wp-json\/wp\/v2\/media?parent=47"}],"curies":[{"name":"wp","href":"https:\/\/api.w.org\/{rel}","templated":true}]}}