{"id":52,"date":"2012-10-28T23:03:19","date_gmt":"2012-10-28T23:03:19","guid":{"rendered":"http:\/\/blog.espol.edu.ec\/andeandr\/?page_id=52"},"modified":"2012-10-28T23:03:19","modified_gmt":"2012-10-28T23:03:19","slug":"amazonia","status":"publish","type":"page","link":"https:\/\/blog.espol.edu.ec\/andeandr\/amazonia\/","title":{"rendered":"AMAZON\u00cdA"},"content":{"rendered":"<p><img loading=\"lazy\" decoding=\"async\" alt=\"\" src=\"http:\/\/www.sladeguayaquil2010.com\/Nueva%20carpeta%20(2)\/gal07.jpg\" class=\"aligncenter\" width=\"471\" height=\"302\" \/><br \/>\nOcupando la mitad  del pa\u00eds, el oriente o el Amazonas ecuatoriano es parte de la gran cuenca del Amazonas. El r\u00edo Amazonas abarca 6,5 millones de kil\u00f3metros cuadrados de tierra, una tercera parte del continente. El sistema fluvial del Amazonas vac\u00eda cerca de 179.800 metros c\u00fabicos de agua por segundo en el Oc\u00e9ano Atl\u00e1ntico, mucho m\u00e1s que el Nilo aunque \u00e9ste sea m\u00e1s largo. En el ecuador amaz\u00f3nico se originan afluentes muy grandes como el Napo, el Tigre, el Pastaza y el Santiago. Aunque empieza formalmente en las monta\u00f1as de Per\u00fa, la nieve de los Andes alimentan los r\u00edos y tambi\u00e9n produce un clima en que llueve m\u00e1s de 3.000 mil\u00edmetros de agua al a\u00f1o. Por supuesto, la selva tropical de la cuenca amaz\u00f3nica tiene una biodiversidad enorme.<br \/>\nLa cuenca fue un mar interior hace 400 millones de a\u00f1os y la tierra ha ido subiendo lentamente desde entonces. Los animales de agua salada tuvieron que adaptarse o morir. Ahora, hay delfines de agua dulce, la inia (Inia geoffroyensis), manat\u00eds (Manatus inunguis), mantarayas y una especie de nutria gigante. Muchos de los animales se han adaptado al ambiente fluvial con estilos de vida aquaticos o arb\u00f3reos. Existe el \u00fanico marsupial acu\u00e1tico, la zarig\u00fceya gris y negra (Didelphis chironectes). Los monos, los zarig\u00fceyas, los puerco-espines y los kinkay\u00fas todos tienen colas prensiles. La capiguara, el roedor m\u00e1s grande del mundo vive en el agua aqu\u00ed. Tambi\u00e9n hay perezosos, tapires, hormigueros, ciervos, ocelotes, jaguares, murcielagos y muchos otros mam\u00edferos. <\/p>\n","protected":false},"excerpt":{"rendered":"<p>Ocupando la mitad del pa\u00eds, el oriente o el Amazonas ecuatoriano es parte de la gran cuenca del Amazonas. El r\u00edo Amazonas abarca 6,5 millones de kil\u00f3metros cuadrados de tierra, una tercera parte del continente. El sistema fluvial del Amazonas vac\u00eda cerca de 179.800 metros c\u00fabicos de agua por segundo en el Oc\u00e9ano Atl\u00e1ntico, mucho [&hellip;]<\/p>\n","protected":false},"author":8119,"featured_media":0,"parent":0,"menu_order":0,"comment_status":"open","ping_status":"open","template":"","meta":{"footnotes":""},"class_list":["post-52","page","type-page","status-publish","hentry"],"_links":{"self":[{"href":"https:\/\/blog.espol.edu.ec\/andeandr\/wp-json\/wp\/v2\/pages\/52","targetHints":{"allow":["GET"]}}],"collection":[{"href":"https:\/\/blog.espol.edu.ec\/andeandr\/wp-json\/wp\/v2\/pages"}],"about":[{"href":"https:\/\/blog.espol.edu.ec\/andeandr\/wp-json\/wp\/v2\/types\/page"}],"author":[{"embeddable":true,"href":"https:\/\/blog.espol.edu.ec\/andeandr\/wp-json\/wp\/v2\/users\/8119"}],"replies":[{"embeddable":true,"href":"https:\/\/blog.espol.edu.ec\/andeandr\/wp-json\/wp\/v2\/comments?post=52"}],"version-history":[{"count":1,"href":"https:\/\/blog.espol.edu.ec\/andeandr\/wp-json\/wp\/v2\/pages\/52\/revisions"}],"predecessor-version":[{"id":53,"href":"https:\/\/blog.espol.edu.ec\/andeandr\/wp-json\/wp\/v2\/pages\/52\/revisions\/53"}],"wp:attachment":[{"href":"https:\/\/blog.espol.edu.ec\/andeandr\/wp-json\/wp\/v2\/media?parent=52"}],"curies":[{"name":"wp","href":"https:\/\/api.w.org\/{rel}","templated":true}]}}