{"id":54,"date":"2012-10-28T23:14:05","date_gmt":"2012-10-28T23:14:05","guid":{"rendered":"http:\/\/blog.espol.edu.ec\/andeandr\/?page_id=54"},"modified":"2012-10-28T23:14:05","modified_gmt":"2012-10-28T23:14:05","slug":"islas-galapagos","status":"publish","type":"page","link":"https:\/\/blog.espol.edu.ec\/andeandr\/islas-galapagos\/","title":{"rendered":"ISLAS GALAPAGOS"},"content":{"rendered":"<p><img loading=\"lazy\" decoding=\"async\" alt=\"\" src=\"http:\/\/www.jaunted.com\/files\/34094\/galapagos.jpg\" class=\"aligncenter\" width=\"399\" height=\"314\" \/><br \/>\nLas Islas Gal\u00e1pagos o Archipi\u00e9lago de Col\u00f3n, est\u00e1n situadas 1.000 kil\u00f3metros al oeste del continente en el Oc\u00e9ano Pac\u00edfico. Hay 19 islas principales que suman casi 8.000 kil\u00f3metros cuadrados. Son todas volcanes que emergieron desde el fondo del oc\u00e9ano. Tienen un clima de poca precipitaci\u00f3n. Los cinco islas mayores son Isabela, Santa Cruz, San Crist\u00f3bal, Fernandina y San Salvador.<br \/>\nComo las islas son tan aisladas y nunca han estado conectadas a tierra, las gal\u00e1pagos est\u00e1n completamente poblado por animales que han inmigrado y sus descendientes. Su aislamiento es de gran inter\u00e9s y para los bi\u00f3logos es una buen oportunidad de estudiar la ecolog\u00eda, la evoluci\u00f3n de las especies y su diversificaci\u00f3n. De hecho, Charles Darwin elabor\u00f3 la teor\u00eda de evoluci\u00f3n y de selecci\u00f3n natural despues de un viaje a las Gal\u00e1pagos en el a\u00f1o 1835. <\/p>\n","protected":false},"excerpt":{"rendered":"<p>Las Islas Gal\u00e1pagos o Archipi\u00e9lago de Col\u00f3n, est\u00e1n situadas 1.000 kil\u00f3metros al oeste del continente en el Oc\u00e9ano Pac\u00edfico. Hay 19 islas principales que suman casi 8.000 kil\u00f3metros cuadrados. Son todas volcanes que emergieron desde el fondo del oc\u00e9ano. Tienen un clima de poca precipitaci\u00f3n. Los cinco islas mayores son Isabela, Santa Cruz, San Crist\u00f3bal, [&hellip;]<\/p>\n","protected":false},"author":8119,"featured_media":0,"parent":0,"menu_order":0,"comment_status":"open","ping_status":"open","template":"","meta":{"footnotes":""},"class_list":["post-54","page","type-page","status-publish","hentry"],"_links":{"self":[{"href":"https:\/\/blog.espol.edu.ec\/andeandr\/wp-json\/wp\/v2\/pages\/54","targetHints":{"allow":["GET"]}}],"collection":[{"href":"https:\/\/blog.espol.edu.ec\/andeandr\/wp-json\/wp\/v2\/pages"}],"about":[{"href":"https:\/\/blog.espol.edu.ec\/andeandr\/wp-json\/wp\/v2\/types\/page"}],"author":[{"embeddable":true,"href":"https:\/\/blog.espol.edu.ec\/andeandr\/wp-json\/wp\/v2\/users\/8119"}],"replies":[{"embeddable":true,"href":"https:\/\/blog.espol.edu.ec\/andeandr\/wp-json\/wp\/v2\/comments?post=54"}],"version-history":[{"count":1,"href":"https:\/\/blog.espol.edu.ec\/andeandr\/wp-json\/wp\/v2\/pages\/54\/revisions"}],"predecessor-version":[{"id":55,"href":"https:\/\/blog.espol.edu.ec\/andeandr\/wp-json\/wp\/v2\/pages\/54\/revisions\/55"}],"wp:attachment":[{"href":"https:\/\/blog.espol.edu.ec\/andeandr\/wp-json\/wp\/v2\/media?parent=54"}],"curies":[{"name":"wp","href":"https:\/\/api.w.org\/{rel}","templated":true}]}}