{"id":37,"date":"2013-11-15T01:28:36","date_gmt":"2013-11-15T01:28:36","guid":{"rendered":"http:\/\/blog.espol.edu.ec\/andenvar\/?page_id=37"},"modified":"2013-11-15T01:28:36","modified_gmt":"2013-11-15T01:28:36","slug":"acerca-de","status":"publish","type":"page","link":"https:\/\/blog.espol.edu.ec\/andenvar\/acerca-de\/","title":{"rendered":"Acerca de..."},"content":{"rendered":"<p>En este blog podr\u00e1s encontrar datos curiosos e interesantes sobre la m\u00fasica, desde sus inicios hasta la m\u00fasica de hoy en d\u00eda, si te gusta la m\u00fasica, si sientes que no puedes vivir sin ella, pues has llegado al sitio perfecto para conocer m\u00e1s acerca de este gran arte.<\/p>\n","protected":false},"excerpt":{"rendered":"<p>En este blog podr\u00e1s encontrar datos curiosos e interesantes sobre la m\u00fasica, desde sus inicios hasta la m\u00fasica de hoy en d\u00eda, si te gusta la m\u00fasica, si sientes que no puedes vivir sin ella, pues has llegado al sitio perfecto para conocer m\u00e1s acerca de este gran arte.<\/p>\n","protected":false},"author":8886,"featured_media":0,"parent":0,"menu_order":0,"comment_status":"open","ping_status":"open","template":"","meta":{"footnotes":""},"class_list":["post-37","page","type-page","status-publish","hentry"],"_links":{"self":[{"href":"https:\/\/blog.espol.edu.ec\/andenvar\/wp-json\/wp\/v2\/pages\/37","targetHints":{"allow":["GET"]}}],"collection":[{"href":"https:\/\/blog.espol.edu.ec\/andenvar\/wp-json\/wp\/v2\/pages"}],"about":[{"href":"https:\/\/blog.espol.edu.ec\/andenvar\/wp-json\/wp\/v2\/types\/page"}],"author":[{"embeddable":true,"href":"https:\/\/blog.espol.edu.ec\/andenvar\/wp-json\/wp\/v2\/users\/8886"}],"replies":[{"embeddable":true,"href":"https:\/\/blog.espol.edu.ec\/andenvar\/wp-json\/wp\/v2\/comments?post=37"}],"version-history":[{"count":1,"href":"https:\/\/blog.espol.edu.ec\/andenvar\/wp-json\/wp\/v2\/pages\/37\/revisions"}],"predecessor-version":[{"id":38,"href":"https:\/\/blog.espol.edu.ec\/andenvar\/wp-json\/wp\/v2\/pages\/37\/revisions\/38"}],"wp:attachment":[{"href":"https:\/\/blog.espol.edu.ec\/andenvar\/wp-json\/wp\/v2\/media?parent=37"}],"curies":[{"name":"wp","href":"https:\/\/api.w.org\/{rel}","templated":true}]}}