{"id":35,"date":"2013-06-04T03:12:56","date_gmt":"2013-06-04T03:12:56","guid":{"rendered":"http:\/\/blog.espol.edu.ec\/anderuil\/?page_id=35"},"modified":"2013-06-04T03:40:22","modified_gmt":"2013-06-04T03:40:22","slug":"conoce-sobre-coco-chanel","status":"publish","type":"page","link":"https:\/\/blog.espol.edu.ec\/anderuil\/conoce-sobre-coco-chanel\/","title":{"rendered":"Conoce sobre Coco Chanel"},"content":{"rendered":"<p style=\"text-align: left\">Gabrielle Bonheur Chanel, la ic\u00f3nica dise\u00f1adora francesa que revolucion\u00f3 el mundo de la moda bajo el nombre de Coco Chanel, fue una esp\u00eda para los nazis bajo el alias de Wesminster, seg\u00fan una nueva biograf\u00eda de la conocida modista que sale hoy a la venta en Estados Unidos.<\/p>\n<p><img decoding=\"async\" class=\"aligncenter\" style=\"font-size: 12px;line-height: 18px\" src=\"http:\/\/www.marvelous-girl.com\/wp-content\/uploads\/2010\/02\/cocochanel.jpg\" alt=\"\" \/><\/p>\n<p>\"Chanel era m\u00e1s que simplemente una simpatizante y colaboradora de\u00a0los nazis. Era una agente numerada de los nazis que trabajaba para la Abwehr,\u00a0la agencia de inteligencia militar alemana\", asegura la editorial Knopf en un comunicado con motivo de la salida al mercado estadounidense del nuevo libro sobre la dise\u00f1adora.<\/p>\n<p>\"Durmiendo con el enemigo: La guerra secreta de Coco Chanel\", escrito por el periodista estadounidense Hal Vaughan, ofrece detalles de la conexi\u00f3n de la modista francesa con los nazis, entre ellos su supuesto n\u00famero de agente para la Abwehr, el F-7124, y su alias, Wesminster.<\/p>\n<p>A ra\u00edz del an\u00e1lisis de archivos en el Reino Unido, Alemania, Francia y Estados Unidos, el periodista, que luch\u00f3 por su parte para el ej\u00e9rcito estadounidense en la Segunda Guerra Mundial, desvela \"por primera vez documentos que detallan las extensas actividades de Chanel durante la guerra\", dijo la editorial. Seg\u00fan esas averiguaciones, la emblem\u00e1tica dise\u00f1adora francesa habr\u00eda realizado misiones para el servicio de inteligencia nazi en Madrid y Berl\u00edn durante la Segunda Guerra Mundial junto a su amante, el oficial Hans Gunter von Dinklage, algunas de ellas en nombre del general de las SS Walter Schellenberg, mano derecha del comandante en jefe de ese cuerpo, Heinrich Luitpold Himmler.<\/p>\n<p>&nbsp;<\/p>\n<p>El comunicado emitido por la editorial en Nueva York asegura que esta nueva biograf\u00eda revela de d\u00f3nde proven\u00eda el antisemitismo de la dise\u00f1adora, por qu\u00e9 estaba \"tan arraigado en ella\", y c\u00f3mo fue reclutada para pertenecer al cuerpo de inteligencia de los nazis.<\/p>\n<p>Adem\u00e1s, el libro explica c\u00f3mo Coco Chanel utiliz\u00f3 su posici\u00f3n de esp\u00eda nazi para recibir favores, como asegurar la liberaci\u00f3n de su sobrino de un campo de internamiento militar o \"arrebatarle\" el control de su marca de perfumes a sus socios jud\u00edos, que se tuvieron que exiliar en Estados Unidos durante la guerra. La biograf\u00eda, que seg\u00fan la editorial \"revela la historia al completo, negada y encubierta durante seis d\u00e9cadas, de la colaboraci\u00f3n de Coco Chanel con altos mandos nazis\", detalla adem\u00e1s c\u00f3mo la reina de la moda consigui\u00f3 escapar de la muerte cuando fue detenida y liberada posteriormente en Par\u00eds.<\/p>\n<p>&nbsp;<\/p>\n<p>La ic\u00f3nica dise\u00f1adora, que ha protagonizado numerosas biograf\u00edas y pel\u00edculas, muri\u00f3 en 1971 en Par\u00eds, ciudad a la que regres\u00f3 a los 71 a\u00f1os despu\u00e9s de nueve a\u00f1os de exilio en Suiza para resucitar su reputaci\u00f3n y reinventar la marca con la que revolucion\u00f3 el mundo de la moda.<\/p>\n<p style=\"text-align: center\"><a href=\"http:\/\/blog.espol.edu.ec\/anderuil\/files\/2013\/06\/1600STYLE92PG40-41.jpg\"><img loading=\"lazy\" decoding=\"async\" class=\"aligncenter  wp-image-40\" src=\"http:\/\/blog.espol.edu.ec\/anderuil\/files\/2013\/06\/1600STYLE92PG40-41-300x213.jpg\" alt=\"\" width=\"600\" height=\"412\" \/><\/a><\/p>\n<p>&nbsp;<\/p>\n","protected":false},"excerpt":{"rendered":"<p>Gabrielle Bonheur Chanel, la ic\u00f3nica dise\u00f1adora francesa que revolucion\u00f3 el mundo de la moda bajo el nombre de Coco Chanel, fue una esp\u00eda para los nazis bajo el alias de Wesminster, seg\u00fan una nueva biograf\u00eda de la conocida modista que &hellip; <a href=\"https:\/\/blog.espol.edu.ec\/anderuil\/conoce-sobre-coco-chanel\/\">Sigue leyendo <span class=\"meta-nav\">&rarr;<\/span><\/a><\/p>\n","protected":false},"author":8562,"featured_media":0,"parent":0,"menu_order":0,"comment_status":"open","ping_status":"open","template":"","meta":{"footnotes":""},"class_list":["post-35","page","type-page","status-publish","hentry"],"_links":{"self":[{"href":"https:\/\/blog.espol.edu.ec\/anderuil\/wp-json\/wp\/v2\/pages\/35","targetHints":{"allow":["GET"]}}],"collection":[{"href":"https:\/\/blog.espol.edu.ec\/anderuil\/wp-json\/wp\/v2\/pages"}],"about":[{"href":"https:\/\/blog.espol.edu.ec\/anderuil\/wp-json\/wp\/v2\/types\/page"}],"author":[{"embeddable":true,"href":"https:\/\/blog.espol.edu.ec\/anderuil\/wp-json\/wp\/v2\/users\/8562"}],"replies":[{"embeddable":true,"href":"https:\/\/blog.espol.edu.ec\/anderuil\/wp-json\/wp\/v2\/comments?post=35"}],"version-history":[{"count":7,"href":"https:\/\/blog.espol.edu.ec\/anderuil\/wp-json\/wp\/v2\/pages\/35\/revisions"}],"predecessor-version":[{"id":41,"href":"https:\/\/blog.espol.edu.ec\/anderuil\/wp-json\/wp\/v2\/pages\/35\/revisions\/41"}],"wp:attachment":[{"href":"https:\/\/blog.espol.edu.ec\/anderuil\/wp-json\/wp\/v2\/media?parent=35"}],"curies":[{"name":"wp","href":"https:\/\/api.w.org\/{rel}","templated":true}]}}