{"id":70,"date":"2013-06-04T22:51:33","date_gmt":"2013-06-04T22:51:33","guid":{"rendered":"http:\/\/blog.espol.edu.ec\/anderuil\/?page_id=70"},"modified":"2013-06-04T23:25:05","modified_gmt":"2013-06-04T23:25:05","slug":"coco-chanel-detras-de-una-gran-marca-hay-una-gran-mujer","status":"publish","type":"page","link":"https:\/\/blog.espol.edu.ec\/anderuil\/coco-chanel-detras-de-una-gran-marca-hay-una-gran-mujer\/","title":{"rendered":"Coco Chanel, detr\u00e1s de una gran marca hay una gran mujer"},"content":{"rendered":"<div><\/div>\n<div><\/div>\n<div><\/div>\n<div>\n<p><a href=\"http:\/\/laportegna.files.wordpress.com\/2013\/04\/coco-portada.jpg\"><img loading=\"lazy\" decoding=\"async\" src=\"http:\/\/laportegna.files.wordpress.com\/2013\/04\/coco-portada.jpg?w=500&amp;h=361\" alt=\"coco portada\" width=\"500\" height=\"361\" \/><\/a><\/p>\n<p>De sombrerera a la influencia individual m\u00e1s importante de la historia de la moda, su genio consisti\u00f3 en adivinar lo que ser\u00eda la mujer del siglo XX y ofrecerle una vestimenta adecuado, c\u00f3modo y sencillo. \u201cTrabajaba para una sociedad nueva. Hasta el momento hab\u00edamos vestido a mujeres in\u00fatiles, a partir de ahora ten\u00eda una clientela de mujeres activas; una mujer activa necesita sentirse c\u00f3moda dentro de su vestido\u201d, dec\u00eda.<\/p>\n<p>Prendas de punto que hicieron nacer el\u00a0<em>sportswear\u00a0<\/em>femenino; simples\u00a0<em>tailleurs<\/em>\u00a0que ejemplificaron la incorporaci\u00f3n de las mujeres al \u00e1mbito laboral, uniform\u00e1ndolas; la reivindicaci\u00f3n del pantal\u00f3n femenino; su\u00a0<em>petite robe noire<\/em>\u00a0destinada a simplificar la vida de las mujeres. Con su estilo Chanel, las convenci\u00f3 de que, en cuesti\u00f3n de elegancia, menos sigue siendo m\u00e1s.<\/p>\n<p><a href=\"http:\/\/laportegna.files.wordpress.com\/2013\/04\/amigas-coco-chanel.jpg\"><img loading=\"lazy\" decoding=\"async\" src=\"http:\/\/laportegna.files.wordpress.com\/2013\/04\/amigas-coco-chanel.jpg?w=500&amp;h=375\" alt=\"amigas coco chanel\" width=\"500\" height=\"375\" \/><\/a><\/p>\n<p><a href=\"http:\/\/laportegna.files.wordpress.com\/2013\/04\/tailleur-chanel.jpg\"><img loading=\"lazy\" decoding=\"async\" src=\"http:\/\/laportegna.files.wordpress.com\/2013\/04\/tailleur-chanel.jpg?w=500&amp;h=747\" alt=\"tailleur-Chanel\" width=\"500\" height=\"747\" \/><\/a><\/p>\n<p><a href=\"http:\/\/laportegna.files.wordpress.com\/2013\/04\/traje-sastre.jpg\"><img decoding=\"async\" src=\"http:\/\/laportegna.files.wordpress.com\/2013\/04\/traje-sastre.jpg?w=500\" alt=\"traje sastre\" \/><\/a><\/p>\n<p>Ella uniform\u00f3 a las mujeres con sus creaciones: su traje sastre, de uniforme del colegio pas\u00f3 a ser uniforme de las mujeres trabajadoras; y el vestido negro, otro; puso de moda broncearse al sol, obligando a las distinguidas damas de blanca piel a ponerse tan morenas como campesinas y vendedoras ambulantes. Subliminal manera de reivindicar sus or\u00edgenes. Icono en vida, cuando decidi\u00f3 cortarse el pelo, muchas mujeres la imitaron.<\/p>\n<p>Una de las muchas caracter\u00edsticas que hacen a Chanel una empresaria fuera de lo com\u00fan es que, en primer lugar, fue una mujer que fund\u00f3 un imperio que todav\u00eda hoy perdura, convirti\u00e9ndose\u00a0en una de las primeras empresarias del siglo XX. En segundo lugar, fue tanto una creadora como una eficaz gestora de su propia marca.<\/p>\n<p><a href=\"http:\/\/laportegna.files.wordpress.com\/2013\/04\/cocochanel3.jpg\"><img decoding=\"async\" src=\"http:\/\/laportegna.files.wordpress.com\/2013\/04\/cocochanel3.jpg?w=500\" alt=\"cocochanel3\" \/><\/a><\/p>\n<p>Como creadora, \u00a0ejerci\u00f3 una venganza expl\u00edcita hacia una clase a la que ella no pertenec\u00eda, y que, sin embargo, fue su mejor cliente. Su estilo escond\u00eda una gran revoluci\u00f3n: sus creaciones nac\u00edan de conceptos que no ten\u00edan nada que ver con el pasado, tomando como inspiraci\u00f3n algo tan ajeno a la moda como las ropas de trabajo masculinas, que permit\u00eda libertad de movimientos, imponiendo una ropa de faena a una clase de mujeres que hasta entonces nunca hab\u00eda trabajado.<\/p>\n<p>&nbsp;<\/p>\n<p>Como empresaria se veng\u00f3 de esa sociedad que la admiraba: los ricos pagaban caro por sus vestidos, y algunos arist\u00f3cratas incluso trabajaron para ella. Fue el triunfo de una campesina frente a la\u00a0alta sociedad. Chanel fue seguramente v\u00edctima de un gran complejo de inferioridad, debido a lo que su vida escond\u00eda (unos or\u00edgenes humildes, su paso por el orfanato y una juventud poco ortodoxa).<\/p>\n<p>Retirada de la moda en 1939, decidi\u00f3 volver a ella en 1954, con 71 a\u00f1os, para triunfar de nuevo despu\u00e9s de que el mundo la hubiese olvidado. Un caso \u00fanico todav\u00eda hoy. Si Chanel triunf\u00f3 en su\u00a0regreso fue por su inteligencia como vendedora. El \u00e9xito vino desde EEUU, cuando los\u00a0compradores de los<em>\u00a0<\/em>grandes almacenes descubrieron<em>\u00a0<\/em>que su estilo era perfecto para ser confeccionado en serie.<\/p>\n<p>Siempre exigente (\u201cNunca estoy contenta conmigo misma, \u00bfpor qu\u00e9 habr\u00eda de estarlo con los dem\u00e1s?\u201d), se convirti\u00f3 en una anciana cruel, incluso con ella misma. \u201cHe sido una ni\u00f1a rebelde, he sido una enamorada rebelde, una modista rebelde, un aut\u00e9ntico diablo. Est\u00e1 claro que el orgullo es la clave de mi mal car\u00e1cter, de mi independencia de gitana, de mi insociabilidad; tambi\u00e9n es el secreto de mi fuerza y de mi \u00e9xito\u201d. Lo hab\u00eda conseguido todo en la vida, menos una cosa: un hombre a su lado. El precio de su independencia fue la soledad.<\/p>\n<p>Chanel, genio y figura hasta el final.<\/p>\n<div><a href=\"http:\/\/laportegna.files.wordpress.com\/2013\/04\/petit-robe-noir.jpg\"><img decoding=\"async\" src=\"http:\/\/laportegna.files.wordpress.com\/2013\/04\/petit-robe-noir.jpg?w=500\" alt=\"petit robe noir\" \/><\/a><\/div>\n<p>&nbsp;<\/p>\n<\/div>\n","protected":false},"excerpt":{"rendered":"<p>De sombrerera a la influencia individual m\u00e1s importante de la historia de la moda, su genio consisti\u00f3 en adivinar lo que ser\u00eda la mujer del siglo XX y ofrecerle una vestimenta adecuado, c\u00f3modo y sencillo. \u201cTrabajaba para una sociedad nueva. &hellip; <a href=\"https:\/\/blog.espol.edu.ec\/anderuil\/coco-chanel-detras-de-una-gran-marca-hay-una-gran-mujer\/\">Sigue leyendo <span class=\"meta-nav\">&rarr;<\/span><\/a><\/p>\n","protected":false},"author":8562,"featured_media":0,"parent":0,"menu_order":0,"comment_status":"open","ping_status":"open","template":"","meta":{"footnotes":""},"class_list":["post-70","page","type-page","status-publish","hentry"],"_links":{"self":[{"href":"https:\/\/blog.espol.edu.ec\/anderuil\/wp-json\/wp\/v2\/pages\/70","targetHints":{"allow":["GET"]}}],"collection":[{"href":"https:\/\/blog.espol.edu.ec\/anderuil\/wp-json\/wp\/v2\/pages"}],"about":[{"href":"https:\/\/blog.espol.edu.ec\/anderuil\/wp-json\/wp\/v2\/types\/page"}],"author":[{"embeddable":true,"href":"https:\/\/blog.espol.edu.ec\/anderuil\/wp-json\/wp\/v2\/users\/8562"}],"replies":[{"embeddable":true,"href":"https:\/\/blog.espol.edu.ec\/anderuil\/wp-json\/wp\/v2\/comments?post=70"}],"version-history":[{"count":5,"href":"https:\/\/blog.espol.edu.ec\/anderuil\/wp-json\/wp\/v2\/pages\/70\/revisions"}],"predecessor-version":[{"id":81,"href":"https:\/\/blog.espol.edu.ec\/anderuil\/wp-json\/wp\/v2\/pages\/70\/revisions\/81"}],"wp:attachment":[{"href":"https:\/\/blog.espol.edu.ec\/anderuil\/wp-json\/wp\/v2\/media?parent=70"}],"curies":[{"name":"wp","href":"https:\/\/api.w.org\/{rel}","templated":true}]}}