{"id":70,"date":"2014-11-04T22:42:17","date_gmt":"2014-11-04T22:42:17","guid":{"rendered":"http:\/\/blog.espol.edu.ec\/andlgonz\/?page_id=70"},"modified":"2014-11-05T05:57:24","modified_gmt":"2014-11-05T05:57:24","slug":"tarjetas-de-amor","status":"publish","type":"page","link":"https:\/\/blog.espol.edu.ec\/andlgonz\/tarjetas-de-amor\/","title":{"rendered":"tarjetas de amor"},"content":{"rendered":"<p>Materiales para realizar una:<br \/>\nCAJITA DE SCRAPBOOK<br \/>\n2 goma<br \/>\n3 regla<br \/>\n4 lapiz o marcador<br \/>\n5 tijeras<br \/>\nPARA DECORAR<br \/>\n1 Fotos<br \/>\n2 dulces<br \/>\n3 stickers<\/p>\n<p>Procedimiento:<br \/>\n1. Primero extiende la cartulina, con la regla haces un cuadrado de 24 cm, despu\u00e9s haces marcas a los 16 y 8cm (Tienes que hacer marcas cada 8cm en los 4 lados del cuadrado). Cuando termines de hacer las marcas, traza las lineas.<br \/>\nCuando termines, con las tijeras recortas, tendr\u00e1s una cuadricula de 24x24 cm, y vuelves a recortar los cuadrados de las esquinas. Tendr\u00e1s una cruz de 8x8 cada cuadrado.<\/p>\n<p>Coge otra cartulina, haz un cuadrado de 21cm, con marcas en 14 y 7cm (Cada 7cm haces una marca), cuando termines de hacer las marcas, traza las lineas. Tendr\u00e1s una cuadricula de 7x7cm, despu\u00e9s recortas los cuadrados de las esquinas. Tendr\u00e1s una cruz de 7x7 cada cuadro.<\/p>\n<p>Y ahora coges la cartulina que sobra, y tienes que hacer lo mismo; Un cuadrado de 18x18 cm con marcas cada 6 cm. Recortas los cuadrados de las esquinas y tendr\u00e1s una cruz.<\/p>\n<p>Ahora tendr\u00e1s 3 cruces, de grande a peque\u00f1a.<br \/>\n<a href=\"http:\/\/blog.espol.edu.ec\/andlgonz\/files\/2014\/11\/102_1940.jpg\"><img loading=\"lazy\" decoding=\"async\" class=\"alignnone size-medium wp-image-71\" src=\"http:\/\/blog.espol.edu.ec\/andlgonz\/files\/2014\/11\/102_1940-300x225.jpg\" alt=\"102_1940\" width=\"300\" height=\"225\" srcset=\"https:\/\/blog.espol.edu.ec\/andlgonz\/files\/2014\/11\/102_1940-300x225.jpg 300w, https:\/\/blog.espol.edu.ec\/andlgonz\/files\/2014\/11\/102_1940.jpg 400w\" sizes=\"auto, (max-width: 300px) 100vw, 300px\" \/><\/a><\/p>\n<p><a href=\"http:\/\/blog.espol.edu.ec\/andlgonz\/files\/2014\/11\/102_1942.jpg\"><img loading=\"lazy\" decoding=\"async\" class=\"alignnone size-medium wp-image-72\" src=\"http:\/\/blog.espol.edu.ec\/andlgonz\/files\/2014\/11\/102_1942-300x225.jpg\" alt=\"102_1942\" width=\"300\" height=\"225\" srcset=\"https:\/\/blog.espol.edu.ec\/andlgonz\/files\/2014\/11\/102_1942-300x225.jpg 300w, https:\/\/blog.espol.edu.ec\/andlgonz\/files\/2014\/11\/102_1942.jpg 400w\" sizes=\"auto, (max-width: 300px) 100vw, 300px\" \/><\/a><\/p>\n<p>2. Redonde las puntas de las cruces.<\/p>\n<p><a href=\"http:\/\/blog.espol.edu.ec\/andlgonz\/files\/2014\/11\/102_1945.jpg\"><img loading=\"lazy\" decoding=\"async\" class=\"alignnone size-medium wp-image-73\" src=\"http:\/\/blog.espol.edu.ec\/andlgonz\/files\/2014\/11\/102_1945-300x225.jpg\" alt=\"102_1945\" width=\"300\" height=\"225\" srcset=\"https:\/\/blog.espol.edu.ec\/andlgonz\/files\/2014\/11\/102_1945-300x225.jpg 300w, https:\/\/blog.espol.edu.ec\/andlgonz\/files\/2014\/11\/102_1945.jpg 400w\" sizes=\"auto, (max-width: 300px) 100vw, 300px\" \/><\/a><\/p>\n<p><a href=\"http:\/\/blog.espol.edu.ec\/andlgonz\/files\/2014\/11\/102_1947.jpg\"><img loading=\"lazy\" decoding=\"async\" class=\"alignnone size-medium wp-image-74\" src=\"http:\/\/blog.espol.edu.ec\/andlgonz\/files\/2014\/11\/102_1947-300x225.jpg\" alt=\"102_1947\" width=\"300\" height=\"225\" srcset=\"https:\/\/blog.espol.edu.ec\/andlgonz\/files\/2014\/11\/102_1947-300x225.jpg 300w, https:\/\/blog.espol.edu.ec\/andlgonz\/files\/2014\/11\/102_1947.jpg 400w\" sizes=\"auto, (max-width: 300px) 100vw, 300px\" \/><\/a><br \/>\n3. Pegas la parte de debajo (el cuadrado de en medio), de la cruz peque\u00f1a y la pegas en el centro de la cruz mediana; Despu\u00e9s pegas la parte de debajo de la cara de en medio de la cruz media y la enganchas en la parte de encima de la cara de enmedio de la cruz grande.<br \/>\n<a href=\"http:\/\/blog.espol.edu.ec\/andlgonz\/files\/2014\/11\/102_1949.jpg\"><img loading=\"lazy\" decoding=\"async\" class=\"alignnone size-medium wp-image-75\" src=\"http:\/\/blog.espol.edu.ec\/andlgonz\/files\/2014\/11\/102_1949-300x225.jpg\" alt=\"102_1949\" width=\"300\" height=\"225\" srcset=\"https:\/\/blog.espol.edu.ec\/andlgonz\/files\/2014\/11\/102_1949-300x225.jpg 300w, https:\/\/blog.espol.edu.ec\/andlgonz\/files\/2014\/11\/102_1949.jpg 400w\" sizes=\"auto, (max-width: 300px) 100vw, 300px\" \/><\/a><\/p>\n<p><a href=\"http:\/\/blog.espol.edu.ec\/andlgonz\/files\/2014\/11\/102_1953.jpg\"><img loading=\"lazy\" decoding=\"async\" class=\"alignnone size-medium wp-image-76\" src=\"http:\/\/blog.espol.edu.ec\/andlgonz\/files\/2014\/11\/102_1953-300x225.jpg\" alt=\"102_1953\" width=\"300\" height=\"225\" srcset=\"https:\/\/blog.espol.edu.ec\/andlgonz\/files\/2014\/11\/102_1953-300x225.jpg 300w, https:\/\/blog.espol.edu.ec\/andlgonz\/files\/2014\/11\/102_1953.jpg 400w\" sizes=\"auto, (max-width: 300px) 100vw, 300px\" \/><\/a><br \/>\n4. Ahora tienes que decorar las caras de la caja, tambi\u00e9n se pueden decorar por detr\u00e1s. Puedes utilizar fotos, stickers o pegatinas, escribir dedicatorias<br \/>\n<a href=\"http:\/\/blog.espol.edu.ec\/andlgonz\/files\/2014\/11\/102_2077.jpg\"><img loading=\"lazy\" decoding=\"async\" class=\"alignnone size-medium wp-image-77\" src=\"http:\/\/blog.espol.edu.ec\/andlgonz\/files\/2014\/11\/102_2077-300x225.jpg\" alt=\"102_2077\" width=\"300\" height=\"225\" srcset=\"https:\/\/blog.espol.edu.ec\/andlgonz\/files\/2014\/11\/102_2077-300x225.jpg 300w, https:\/\/blog.espol.edu.ec\/andlgonz\/files\/2014\/11\/102_2077-1024x768.jpg 1024w, https:\/\/blog.espol.edu.ec\/andlgonz\/files\/2014\/11\/102_2077.jpg 1600w\" sizes=\"auto, (max-width: 300px) 100vw, 300px\" \/><\/a><br \/>\n5. Ahora toca hacer la tapa: Lo primero que tienes que hacer es coger un trozo de cartulina y hacer un cuadrado de 12x12 cm. Cuando ya tengas el cuadro tienes que hacer un borde de 2 cm, en las esquinas del cuadrado habr\u00e1 un cuadrado de 2x2 cm. Tienes que hacer un corte en la parte de la derecha y despu\u00e9s otro corte en diagonal que llegue a la esquina del cuadrado peque\u00f1o del borde.<br \/>\n<a href=\"http:\/\/blog.espol.edu.ec\/andlgonz\/files\/2014\/11\/102_1978.jpg\"><img loading=\"lazy\" decoding=\"async\" class=\"alignnone size-medium wp-image-78\" src=\"http:\/\/blog.espol.edu.ec\/andlgonz\/files\/2014\/11\/102_1978-300x225.jpg\" alt=\"102_1978\" width=\"300\" height=\"225\" srcset=\"https:\/\/blog.espol.edu.ec\/andlgonz\/files\/2014\/11\/102_1978-300x225.jpg 300w, https:\/\/blog.espol.edu.ec\/andlgonz\/files\/2014\/11\/102_1978-1024x768.jpg 1024w, https:\/\/blog.espol.edu.ec\/andlgonz\/files\/2014\/11\/102_1978.jpg 1600w\" sizes=\"auto, (max-width: 300px) 100vw, 300px\" \/><\/a><br \/>\n7. Si quieres puedes meter un regalo dentro de la caja, un peluche, unos bombones o cualquier regalo que sea peque\u00f1o y quepa dentro de la caja.<br \/>\n<a href=\"http:\/\/blog.espol.edu.ec\/andlgonz\/files\/2014\/11\/102_2085.jpg\"><img loading=\"lazy\" decoding=\"async\" class=\"alignnone size-medium wp-image-79\" src=\"http:\/\/blog.espol.edu.ec\/andlgonz\/files\/2014\/11\/102_2085-300x225.jpg\" alt=\"102_2085\" width=\"300\" height=\"225\" srcset=\"https:\/\/blog.espol.edu.ec\/andlgonz\/files\/2014\/11\/102_2085-300x225.jpg 300w, https:\/\/blog.espol.edu.ec\/andlgonz\/files\/2014\/11\/102_2085-1024x768.jpg 1024w, https:\/\/blog.espol.edu.ec\/andlgonz\/files\/2014\/11\/102_2085.jpg 1600w\" sizes=\"auto, (max-width: 300px) 100vw, 300px\" \/><\/a><br \/>\n8. Y para acabar, tienes que decorar la parte de fuera de la caja, yo lo he hecho con cintas.<br \/>\n<a href=\"http:\/\/blog.espol.edu.ec\/andlgonz\/files\/2014\/11\/102_2095.jpg\"><img loading=\"lazy\" decoding=\"async\" class=\"alignnone size-medium wp-image-80\" src=\"http:\/\/blog.espol.edu.ec\/andlgonz\/files\/2014\/11\/102_2095-300x225.jpg\" alt=\"102_2095\" width=\"300\" height=\"225\" srcset=\"https:\/\/blog.espol.edu.ec\/andlgonz\/files\/2014\/11\/102_2095-300x225.jpg 300w, https:\/\/blog.espol.edu.ec\/andlgonz\/files\/2014\/11\/102_2095-1024x768.jpg 1024w, https:\/\/blog.espol.edu.ec\/andlgonz\/files\/2014\/11\/102_2095.jpg 1600w\" sizes=\"auto, (max-width: 300px) 100vw, 300px\" \/><\/a><\/p>\n<p>TRISHUTTER-TARJETA SCRAPBOOK<br \/>\nMateriales:<br \/>\n1 cartulina<br \/>\n2 l\u00e1piz<br \/>\n3 estilete<br \/>\n4 borrador<br \/>\n5 regla<br \/>\n6 papel decorativo<\/p>\n<p>Procedimiento<br \/>\n1 trazar una fig. de 30 x 15 cm , c\u00f3rtala, luego hacemos marcas en la parte superior a los 5,10,20,25 cm une las marcas ahora hacemos marcas a los lados <\/p>\n<p><a href=\"http:\/\/blog.espol.edu.ec\/andlgonz\/files\/2014\/11\/dasd.png\"><img loading=\"lazy\" decoding=\"async\" src=\"http:\/\/blog.espol.edu.ec\/andlgonz\/files\/2014\/11\/dasd-300x168.png\" alt=\"dasd\" width=\"300\" height=\"168\" class=\"alignnone size-medium wp-image-94\" srcset=\"https:\/\/blog.espol.edu.ec\/andlgonz\/files\/2014\/11\/dasd-300x168.png 300w, https:\/\/blog.espol.edu.ec\/andlgonz\/files\/2014\/11\/dasd-1024x575.png 1024w, https:\/\/blog.espol.edu.ec\/andlgonz\/files\/2014\/11\/dasd.png 1366w\" sizes=\"auto, (max-width: 300px) 100vw, 300px\" \/><\/a><\/p>\n<p><a href=\"http:\/\/blog.espol.edu.ec\/andlgonz\/files\/2014\/11\/11111.png\"><img loading=\"lazy\" decoding=\"async\" src=\"http:\/\/blog.espol.edu.ec\/andlgonz\/files\/2014\/11\/11111-300x168.png\" alt=\"11111\" width=\"300\" height=\"168\" class=\"alignnone size-medium wp-image-96\" srcset=\"https:\/\/blog.espol.edu.ec\/andlgonz\/files\/2014\/11\/11111-300x168.png 300w, https:\/\/blog.espol.edu.ec\/andlgonz\/files\/2014\/11\/11111-1024x575.png 1024w, https:\/\/blog.espol.edu.ec\/andlgonz\/files\/2014\/11\/11111.png 1366w\" sizes=\"auto, (max-width: 300px) 100vw, 300px\" \/><\/a><\/p>\n<p> 2 corta sobre las lineas horizontales<br \/>\n<a href=\"http:\/\/blog.espol.edu.ec\/andlgonz\/files\/2014\/11\/images-3.jpg\"><img loading=\"lazy\" decoding=\"async\" src=\"http:\/\/blog.espol.edu.ec\/andlgonz\/files\/2014\/11\/images-3.jpg\" alt=\"images (3)\" width=\"259\" height=\"194\" class=\"alignnone size-full wp-image-102\" \/><\/a><\/p>\n<p>3 Empezamos a doblar la primera columna hacia dentro ,la segunda columna hacia fuera. la tercera hacia dentro y la ultima hacia fuera, toma la secci\u00f3n del centro deber\u00e1s invertir los dobleces el primero q esta hacia afuera hazlo hacia dentro y el segundo que esta hacia dentro hazlo hacia afuera <\/p>\n<p><a href=\"http:\/\/blog.espol.edu.ec\/andlgonz\/files\/2014\/11\/DSC06462.jpg\"><img loading=\"lazy\" decoding=\"async\" src=\"http:\/\/blog.espol.edu.ec\/andlgonz\/files\/2014\/11\/DSC06462-300x225.jpg\" alt=\"DSC06462\" width=\"300\" height=\"225\" class=\"alignnone size-medium wp-image-103\" srcset=\"https:\/\/blog.espol.edu.ec\/andlgonz\/files\/2014\/11\/DSC06462-300x225.jpg 300w, https:\/\/blog.espol.edu.ec\/andlgonz\/files\/2014\/11\/DSC06462-1024x768.jpg 1024w, https:\/\/blog.espol.edu.ec\/andlgonz\/files\/2014\/11\/DSC06462.jpg 1600w\" sizes=\"auto, (max-width: 300px) 100vw, 300px\" \/><\/a><\/p>\n<p>4 por ultimo viene la parte mas emocionante decora, puedes hacerlo con fotos, sticker ,ect <\/p>\n<p><a href=\"http:\/\/blog.espol.edu.ec\/andlgonz\/files\/2014\/11\/original.jpg\"><img loading=\"lazy\" decoding=\"async\" src=\"http:\/\/blog.espol.edu.ec\/andlgonz\/files\/2014\/11\/original-300x194.jpg\" alt=\"original\" width=\"300\" height=\"194\" class=\"alignnone size-medium wp-image-104\" srcset=\"https:\/\/blog.espol.edu.ec\/andlgonz\/files\/2014\/11\/original-300x194.jpg 300w, https:\/\/blog.espol.edu.ec\/andlgonz\/files\/2014\/11\/original.jpg 451w\" sizes=\"auto, (max-width: 300px) 100vw, 300px\" \/><\/a><\/p>\n<p>TARJETA DE CASCADA<br \/>\nMateriales<br \/>\n1 cartulinas<br \/>\n2 tijeras<br \/>\n3 fotos<br \/>\n4 goma<br \/>\n5 marcadores <\/p>\n<p>Procedimiento<br \/>\n 4 cuadraditos blancos peque\u00f1os de 4'7 x 4'7<br \/>\n- 4 cuadraditos peque\u00f1os cada uno de un color de 5'1 x 5'1<br \/>\n- 1 rect\u00e1ngulo grande de color que mida 13'1 x 20<br \/>\n- 1 tira alargada de color de 22'9 x 5'1<br \/>\n- 1 rect\u00e1ngulo de color de14 x 10'8<br \/>\n- 1 rect\u00e1ngulo de papel decorado de 10 x 13<br \/>\n- 1 tira de color de 1'9 x 10<br \/>\n(todas estas medidas est\u00e1n en cm)<\/p>\n<p><a href=\"http:\/\/blog.espol.edu.ec\/andlgonz\/files\/2014\/11\/IMG_1705.jpg\"><img loading=\"lazy\" decoding=\"async\" src=\"http:\/\/blog.espol.edu.ec\/andlgonz\/files\/2014\/11\/IMG_1705-300x225.jpg\" alt=\"IMG_1705\" width=\"300\" height=\"225\" class=\"alignnone size-medium wp-image-107\" srcset=\"https:\/\/blog.espol.edu.ec\/andlgonz\/files\/2014\/11\/IMG_1705-300x225.jpg 300w, https:\/\/blog.espol.edu.ec\/andlgonz\/files\/2014\/11\/IMG_1705.jpg 320w\" sizes=\"auto, (max-width: 300px) 100vw, 300px\" \/><\/a><\/p>\n<p>1 Decorar los 4 cuadraditos blancos y pegar 1 en cada cuadradito peque\u00f1o de color.<br \/>\nDespu\u00e9s doblamos el rect\u00e1ngulo mas grande (en mi caso el rosa) por la mitad para que se habr\u00e1 como una tarjeta y pegamos en la parte frontal que nos queda el papel decorado (tambi\u00e9n se puede entintar, sellar, o decorar como cada uno quiera). Anque ahora estan as\u00ed los cuadraditos decorados luego como no me gustaba como quedaban, lo que hice fue quitar las pegatinas y poner en cada uno un corazoncito.<\/p>\n<p><a href=\"http:\/\/blog.espol.edu.ec\/andlgonz\/files\/2014\/11\/IMG_1706.jpg\"><img loading=\"lazy\" decoding=\"async\" src=\"http:\/\/blog.espol.edu.ec\/andlgonz\/files\/2014\/11\/IMG_1706-300x225.jpg\" alt=\"IMG_1706\" width=\"300\" height=\"225\" class=\"alignnone size-medium wp-image-108\" srcset=\"https:\/\/blog.espol.edu.ec\/andlgonz\/files\/2014\/11\/IMG_1706-300x225.jpg 300w, https:\/\/blog.espol.edu.ec\/andlgonz\/files\/2014\/11\/IMG_1706.jpg 320w\" sizes=\"auto, (max-width: 300px) 100vw, 300px\" \/><\/a><\/p>\n<p>2 Ahora tenemos que forrar tambi\u00e9n la tira de color mas peque\u00f1ita y sujetarla como a 1'5 cm del borde inferior de nuestra tarjeta. ATENCI\u00d3N: esta tira que ponemos de forma horizontal NO HAY QUE PEGARLA, hay que sujetarla con brads porque sino no funcionara la cascada.<br \/>\nNuestra tira mas grande de color la doblaremos tomando como inicio de las medidas uno de los extremos a 5'1, 7, 8'9 y 10'8 cm. (Recordar todas las medidas son partiendo desde el extremo).<br \/>\nMetemos el trozo que queda mas largo despu\u00e9s de hacer las dobleces entre la tira horizontal que hemos puesto antes y la tarjeta. Una vez echo esto casamos el trozo de la tira que queda por delante con el borde inferior de la tira horizontal y lo pegamos.<br \/>\nNos tendr\u00eda que ir quedando algo as\u00ed.<\/p>\n<p><a href=\"http:\/\/blog.espol.edu.ec\/andlgonz\/files\/2014\/11\/IMG_1708.jpg\"><img loading=\"lazy\" decoding=\"async\" src=\"http:\/\/blog.espol.edu.ec\/andlgonz\/files\/2014\/11\/IMG_1708-300x225.jpg\" alt=\"IMG_1708\" width=\"300\" height=\"225\" class=\"alignnone size-medium wp-image-109\" srcset=\"https:\/\/blog.espol.edu.ec\/andlgonz\/files\/2014\/11\/IMG_1708-300x225.jpg 300w, https:\/\/blog.espol.edu.ec\/andlgonz\/files\/2014\/11\/IMG_1708.jpg 320w\" sizes=\"auto, (max-width: 300px) 100vw, 300px\" \/><\/a><\/p>\n<p>3 Bien ahora cogemos los cuatro cuadraditos de colores que hemos decorado al principio y los colocamos uno en cada pliegue de los que hemos hecho en la tira.<br \/>\nEl primer cuadradito lo pegamos entero ya que es exactamente del mismo tama\u00f1o que el primer pliegue. Sin embargo los otros tres cuadraditos los vamos a pegar parcialmente cas\u00e1ndolos en las franjas.<\/p>\n<p><a href=\"http:\/\/blog.espol.edu.ec\/andlgonz\/files\/2014\/11\/IMG_1710.jpg\"><img loading=\"lazy\" decoding=\"async\" src=\"http:\/\/blog.espol.edu.ec\/andlgonz\/files\/2014\/11\/IMG_1710-300x225.jpg\" alt=\"IMG_1710\" width=\"300\" height=\"225\" class=\"alignnone size-medium wp-image-110\" srcset=\"https:\/\/blog.espol.edu.ec\/andlgonz\/files\/2014\/11\/IMG_1710-300x225.jpg 300w, https:\/\/blog.espol.edu.ec\/andlgonz\/files\/2014\/11\/IMG_1710.jpg 320w\" sizes=\"auto, (max-width: 300px) 100vw, 300px\" \/><\/a><\/p>\n<p>4 Una vez que hemos pegado los cuatro cuadraditos le colocamos un lazo en el borde inferior de la tira (en la parte que hemos metido entre la tarjeta y la tira horizontal) de esta forma sera mas c\u00f3modo que podamos tirar de ella.<br \/>\nBajamos y subimos la tira un par de veces para comprobar que funciona bien.<br \/>\nY para terminar, tiramos del lazo hasta bajar por completo la tira y escribimos en ella alg\u00fan mensajito.<br \/>\nTambi\u00e9n tendremos que pegar nuestra tarjeta ya formada sobre el rect\u00e1ngulo de color que nos queda sin usar (en mi caso es el borde morado que se ve por debajo de la tarjeta).<\/p>\n<p><a href=\"http:\/\/blog.espol.edu.ec\/andlgonz\/files\/2014\/11\/IMG_1719.jpg\"><img loading=\"lazy\" decoding=\"async\" src=\"http:\/\/blog.espol.edu.ec\/andlgonz\/files\/2014\/11\/IMG_1719-300x225.jpg\" alt=\"IMG_1719\" width=\"300\" height=\"225\" class=\"alignnone size-medium wp-image-111\" srcset=\"https:\/\/blog.espol.edu.ec\/andlgonz\/files\/2014\/11\/IMG_1719-300x225.jpg 300w, https:\/\/blog.espol.edu.ec\/andlgonz\/files\/2014\/11\/IMG_1719.jpg 320w\" sizes=\"auto, (max-width: 300px) 100vw, 300px\" \/><\/a><\/p>\n<p>5 Pues bien este seria el resultado una vez completada la tarjeta. La he decorado un poco por adentro a\u00f1adi\u00e9ndole un marco y unos corazones de esta forma quedan tapadas adem\u00e1s las patitas de los brads.<br \/>\nYa solo falta que escribamos nuestro mensaje.<\/p>\n<p><a href=\"http:\/\/blog.espol.edu.ec\/andlgonz\/files\/2014\/11\/IMG_1716.jpg\"><img loading=\"lazy\" decoding=\"async\" src=\"http:\/\/blog.espol.edu.ec\/andlgonz\/files\/2014\/11\/IMG_1716-300x225.jpg\" alt=\"IMG_1716\" width=\"300\" height=\"225\" class=\"alignnone size-medium wp-image-112\" srcset=\"https:\/\/blog.espol.edu.ec\/andlgonz\/files\/2014\/11\/IMG_1716-300x225.jpg 300w, https:\/\/blog.espol.edu.ec\/andlgonz\/files\/2014\/11\/IMG_1716.jpg 320w\" sizes=\"auto, (max-width: 300px) 100vw, 300px\" \/><\/a><\/p>\n","protected":false},"excerpt":{"rendered":"<p>Materiales para realizar una: CAJITA DE SCRAPBOOK 2 goma 3 regla 4 lapiz o marcador 5 tijeras PARA DECORAR 1 Fotos 2 dulces 3 stickers Procedimiento: 1. Primero extiende la cartulina, con la regla haces un cuadrado de 24 cm, despu\u00e9s haces marcas a los 16 y 8cm (Tienes que hacer marcas cada 8cm en [&hellip;]<\/p>\n","protected":false},"author":9370,"featured_media":0,"parent":0,"menu_order":0,"comment_status":"open","ping_status":"open","template":"","meta":{"footnotes":""},"class_list":["post-70","page","type-page","status-publish","hentry"],"_links":{"self":[{"href":"https:\/\/blog.espol.edu.ec\/andlgonz\/wp-json\/wp\/v2\/pages\/70","targetHints":{"allow":["GET"]}}],"collection":[{"href":"https:\/\/blog.espol.edu.ec\/andlgonz\/wp-json\/wp\/v2\/pages"}],"about":[{"href":"https:\/\/blog.espol.edu.ec\/andlgonz\/wp-json\/wp\/v2\/types\/page"}],"author":[{"embeddable":true,"href":"https:\/\/blog.espol.edu.ec\/andlgonz\/wp-json\/wp\/v2\/users\/9370"}],"replies":[{"embeddable":true,"href":"https:\/\/blog.espol.edu.ec\/andlgonz\/wp-json\/wp\/v2\/comments?post=70"}],"version-history":[{"count":13,"href":"https:\/\/blog.espol.edu.ec\/andlgonz\/wp-json\/wp\/v2\/pages\/70\/revisions"}],"predecessor-version":[{"id":113,"href":"https:\/\/blog.espol.edu.ec\/andlgonz\/wp-json\/wp\/v2\/pages\/70\/revisions\/113"}],"wp:attachment":[{"href":"https:\/\/blog.espol.edu.ec\/andlgonz\/wp-json\/wp\/v2\/media?parent=70"}],"curies":[{"name":"wp","href":"https:\/\/api.w.org\/{rel}","templated":true}]}}