{"id":82,"date":"2014-11-04T22:53:47","date_gmt":"2014-11-04T22:53:47","guid":{"rendered":"http:\/\/blog.espol.edu.ec\/andlgonz\/?page_id=82"},"modified":"2014-11-07T16:11:50","modified_gmt":"2014-11-07T16:11:50","slug":"tarjetas-de-amistad","status":"publish","type":"page","link":"https:\/\/blog.espol.edu.ec\/andlgonz\/tarjetas-de-amistad\/","title":{"rendered":"Tarjetas de amistad"},"content":{"rendered":"<p>CARTA SQUASH<br \/>\nMATERIALES:<br \/>\n1Cartulina de dos colores.<br \/>\nGr\u00e1ficos decorativos descargables.<br \/>\n2 Efectos decorativos a tu gusto (pegatinas, fotos, etc).<br \/>\n3 Rotuladores de colores.<br \/>\n4 Lapiz.<br \/>\n5 Regla.<br \/>\n6 Tijeras.<br \/>\n7 Goma<\/p>\n<p>PROCEDIMIENTO <\/p>\n<p>Primer paso: Marcamos en una de las cartulinas dos cuadrados de 9 x 9 cm y los cortamos. <\/p>\n<p><a href=\"http:\/\/blog.espol.edu.ec\/andlgonz\/files\/2014\/11\/carta-squash-san-valentin-1-1.jpg\"><img loading=\"lazy\" decoding=\"async\" src=\"http:\/\/blog.espol.edu.ec\/andlgonz\/files\/2014\/11\/carta-squash-san-valentin-1-1-300x162.jpg\" alt=\"carta-squash-san-valentin-1 (1)\" width=\"300\" height=\"162\" class=\"alignnone size-medium wp-image-115\" srcset=\"https:\/\/blog.espol.edu.ec\/andlgonz\/files\/2014\/11\/carta-squash-san-valentin-1-1-300x162.jpg 300w, https:\/\/blog.espol.edu.ec\/andlgonz\/files\/2014\/11\/carta-squash-san-valentin-1-1.jpg 600w\" sizes=\"auto, (max-width: 300px) 100vw, 300px\" \/><\/a><\/p>\n<p>Segundo paso: En la otra cartulina marcamos tres cuadrados de 15 x 15 cm y los cortamos.<\/p>\n<p><a href=\"http:\/\/blog.espol.edu.ec\/andlgonz\/files\/2014\/11\/carta-squash-san-valentin-21.jpg\"><img loading=\"lazy\" decoding=\"async\" src=\"http:\/\/blog.espol.edu.ec\/andlgonz\/files\/2014\/11\/carta-squash-san-valentin-21-300x159.jpg\" alt=\"carta-squash-san-valentin-2\" width=\"300\" height=\"159\" class=\"alignnone size-medium wp-image-117\" srcset=\"https:\/\/blog.espol.edu.ec\/andlgonz\/files\/2014\/11\/carta-squash-san-valentin-21-300x159.jpg 300w, https:\/\/blog.espol.edu.ec\/andlgonz\/files\/2014\/11\/carta-squash-san-valentin-21.jpg 600w\" sizes=\"auto, (max-width: 300px) 100vw, 300px\" \/><\/a><\/p>\n<p>Tercer paso: Cogemos uno de estos \u00faltimos cuadrados y lo doblamos justo por la mitad.<\/p>\n<p>Cuarto paso: Abrimos esta cartulina, la giramos 90\u00ba y hacemos el mismo doblez, de manera que los dos pliegues se crucen en forma de cruz.<\/p>\n<p>Quinto paso: Ahora cogemos una de las esquinas, la unimos con la esquina tiene en frente y doblamos. De forma que hacemos un nuevo pliegue, pero esta vez, en diagonal.<\/p>\n<p>Sexto paso: Seguimos el mismo procedimiento con las otras dos cartulinas de 15x15cm. <\/p>\n<p><a href=\"http:\/\/blog.espol.edu.ec\/andlgonz\/files\/2014\/11\/carta-squash-san-valentin-3-1.jpg\"><img loading=\"lazy\" decoding=\"async\" src=\"http:\/\/blog.espol.edu.ec\/andlgonz\/files\/2014\/11\/carta-squash-san-valentin-3-1-222x300.jpg\" alt=\"carta-squash-san-valentin-3 (1)\" width=\"222\" height=\"300\" class=\"alignnone size-medium wp-image-118\" srcset=\"https:\/\/blog.espol.edu.ec\/andlgonz\/files\/2014\/11\/carta-squash-san-valentin-3-1-222x300.jpg 222w, https:\/\/blog.espol.edu.ec\/andlgonz\/files\/2014\/11\/carta-squash-san-valentin-3-1.jpg 600w\" sizes=\"auto, (max-width: 222px) 100vw, 222px\" \/><\/a><\/p>\n<p>S\u00e9ptimo paso: Situamos los tres cuadrados de forma que el pliegue diagonal quede vertical, es decir, como si fuesen rombos. Y montamos una esquina de un rombo, sobre la esquina contraria del rombo contiguo. Observa el video, quiz\u00e1s te quede m\u00e1s claro.<\/p>\n<p>Octavo paso: Y procedemos a pegarlos entre s\u00ed, con el pegamento en barra o con la cinta adhesiva de doble cara, lo que prefieras. <\/p>\n<p><a href=\"http:\/\/blog.espol.edu.ec\/andlgonz\/files\/2014\/11\/carta-squash-san-valentin-4.jpg\"><img loading=\"lazy\" decoding=\"async\" src=\"http:\/\/blog.espol.edu.ec\/andlgonz\/files\/2014\/11\/carta-squash-san-valentin-4-297x300.jpg\" alt=\"carta-squash-san-valentin-4\" width=\"297\" height=\"300\" class=\"alignnone size-medium wp-image-119\" srcset=\"https:\/\/blog.espol.edu.ec\/andlgonz\/files\/2014\/11\/carta-squash-san-valentin-4-297x300.jpg 297w, https:\/\/blog.espol.edu.ec\/andlgonz\/files\/2014\/11\/carta-squash-san-valentin-4.jpg 600w\" sizes=\"auto, (max-width: 297px) 100vw, 297px\" \/><\/a><\/p>\n<p>Noveno paso: Ahora ponemos estas cartulinas verticales y procedemos a doblarlas, seg\u00fan se indica en el video: el primer y tercer cuadrado, hacia dentro; y el cuadrado intermedio, hacia fuera. Y presionamos bien.<\/p>\n<p><a href=\"http:\/\/blog.espol.edu.ec\/andlgonz\/files\/2014\/11\/carta-squash-san-valentin-5.jpg\"><img loading=\"lazy\" decoding=\"async\" src=\"http:\/\/blog.espol.edu.ec\/andlgonz\/files\/2014\/11\/carta-squash-san-valentin-5-298x300.jpg\" alt=\"carta-squash-san-valentin-5\" width=\"298\" height=\"300\" class=\"alignnone size-medium wp-image-120\" srcset=\"https:\/\/blog.espol.edu.ec\/andlgonz\/files\/2014\/11\/carta-squash-san-valentin-5-298x300.jpg 298w, https:\/\/blog.espol.edu.ec\/andlgonz\/files\/2014\/11\/carta-squash-san-valentin-5-150x150.jpg 150w, https:\/\/blog.espol.edu.ec\/andlgonz\/files\/2014\/11\/carta-squash-san-valentin-5.jpg 600w\" sizes=\"auto, (max-width: 298px) 100vw, 298px\" \/><\/a><\/p>\n<p>D\u00e9cimo paso: Ahora procedemos a pegar los dos cuadrados de la cartulina del otro color, a modo de tapas. La uni\u00f3n deber\u00e1 quedar bien centrada.<\/p>\n<p><a href=\"http:\/\/blog.espol.edu.ec\/andlgonz\/files\/2014\/11\/carta-squash-san-valentin-6.jpg\"><img loading=\"lazy\" decoding=\"async\" src=\"http:\/\/blog.espol.edu.ec\/andlgonz\/files\/2014\/11\/carta-squash-san-valentin-6-300x213.jpg\" alt=\"carta-squash-san-valentin-6\" width=\"300\" height=\"213\" class=\"alignnone size-medium wp-image-121\" srcset=\"https:\/\/blog.espol.edu.ec\/andlgonz\/files\/2014\/11\/carta-squash-san-valentin-6-300x213.jpg 300w, https:\/\/blog.espol.edu.ec\/andlgonz\/files\/2014\/11\/carta-squash-san-valentin-6.jpg 600w\" sizes=\"auto, (max-width: 300px) 100vw, 300px\" \/><\/a><\/p>\n<p>Decimoprimer paso: Ahora vamos a poner los gr\u00e1ficos decorativos. Los puedes hacer a tu gusto, o tambi\u00e9n te los puedes descargar de la p\u00e1gina de craftingeek.<br \/>\nPega tambi\u00e9n fotos, pegatinas en relieve, y escribe con rotuladores tus mensajes de amor.<\/p>\n<p><a href=\"http:\/\/blog.espol.edu.ec\/andlgonz\/files\/2014\/11\/carta-squash-san-valentin-7.jpg\"><img loading=\"lazy\" decoding=\"async\" src=\"http:\/\/blog.espol.edu.ec\/andlgonz\/files\/2014\/11\/carta-squash-san-valentin-7-122x300.jpg\" alt=\"carta-squash-san-valentin-7\" width=\"122\" height=\"300\" class=\"alignnone size-medium wp-image-122\" \/><\/a><\/p>\n<p>Decimosegundo paso: cuando hayas terminado, d\u00f3blalo de la misma forma que lo hiciste en el paso noveno.<\/p>\n<p>Decimotercer paso: Ahora decoramos las tapas. Pegamos papel decorativo a tu gusto. carta squash san valentin 8<\/p>\n<p><a href=\"http:\/\/blog.espol.edu.ec\/andlgonz\/files\/2014\/11\/carta-squash-san-valentin-8.jpg\"><img loading=\"lazy\" decoding=\"async\" src=\"http:\/\/blog.espol.edu.ec\/andlgonz\/files\/2014\/11\/carta-squash-san-valentin-8-300x113.jpg\" alt=\"carta-squash-san-valentin-8\" width=\"300\" height=\"113\" class=\"alignnone size-medium wp-image-123\" srcset=\"https:\/\/blog.espol.edu.ec\/andlgonz\/files\/2014\/11\/carta-squash-san-valentin-8-300x113.jpg 300w, https:\/\/blog.espol.edu.ec\/andlgonz\/files\/2014\/11\/carta-squash-san-valentin-8.jpg 600w\" sizes=\"auto, (max-width: 300px) 100vw, 300px\" \/><\/a><\/p>\n<p>Decimocuarto paso: Para evitar que se abra, ponemos una fina cinta a modo de cierre, y le hacemos un lacito.<\/p>\n<p>Decimocuarto paso: Para evitar que se abra, ponemos una fina cinta a modo de cierre, y le hacemos un lacito. <\/p>\n<p><a href=\"http:\/\/blog.espol.edu.ec\/andlgonz\/files\/2014\/11\/carta-squash-san-valentin-9.jpg\"><img loading=\"lazy\" decoding=\"async\" src=\"http:\/\/blog.espol.edu.ec\/andlgonz\/files\/2014\/11\/carta-squash-san-valentin-9-200x300.jpg\" alt=\"carta-squash-san-valentin-9\" width=\"200\" height=\"300\" class=\"alignnone size-medium wp-image-124\" srcset=\"https:\/\/blog.espol.edu.ec\/andlgonz\/files\/2014\/11\/carta-squash-san-valentin-9-200x300.jpg 200w, https:\/\/blog.espol.edu.ec\/andlgonz\/files\/2014\/11\/carta-squash-san-valentin-9.jpg 600w\" sizes=\"auto, (max-width: 200px) 100vw, 200px\" \/><\/a><\/p>\n<p>TARJETA CON FLORES<br \/>\nMateriales:<br \/>\nPapel de varios colores(celeste,verde,rosa,amarillo)<br \/>\nList\u00f3n<br \/>\nPegamento en barra<br \/>\nTijera,regla y l\u00e1piz,plum\u00f3n,hisopo<br \/>\nSombras de maquillaje<\/p>\n<p>Paso a paso  de c\u00f3mo hacer una tarjeta para d\u00eda de la madre<br \/>\nPaso 1 .-Hacemos la maceta de las flores.<br \/>\nCorta papel celeste  22x 11 cm y doblalo hacia la mitad ,abrimos el papel y doblamos 2 cm en la parte de arriba ,con la tijera cortamos justo en el centro esos 2 cm .<br \/>\nCon tijeras de zig zag podemos hacer unas peque\u00f1as ondas en el borde de la tarjeta.<\/p>\n<p><a href=\"http:\/\/blog.espol.edu.ec\/andlgonz\/files\/2014\/11\/IMG_1220.jpg\"><img loading=\"lazy\" decoding=\"async\" src=\"http:\/\/blog.espol.edu.ec\/andlgonz\/files\/2014\/11\/IMG_1220-300x234.jpg\" alt=\"IMG_1220\" width=\"300\" height=\"234\" class=\"alignnone size-medium wp-image-126\" srcset=\"https:\/\/blog.espol.edu.ec\/andlgonz\/files\/2014\/11\/IMG_1220-300x234.jpg 300w, https:\/\/blog.espol.edu.ec\/andlgonz\/files\/2014\/11\/IMG_1220.jpg 1024w\" sizes=\"auto, (max-width: 300px) 100vw, 300px\" \/><\/a><\/p>\n<p>Paso 2 .-Con regla y l\u00e1piz marcamos la parte inferior para darle la forma a nuestra maceta,te dejo las medidas en est\u00e1 foto.<\/p>\n<p><a href=\"http:\/\/blog.espol.edu.ec\/andlgonz\/files\/2014\/11\/IMG_1227.jpg\"><img loading=\"lazy\" decoding=\"async\" src=\"http:\/\/blog.espol.edu.ec\/andlgonz\/files\/2014\/11\/IMG_1227-280x300.jpg\" alt=\"IMG_1227\" width=\"280\" height=\"300\" class=\"alignnone size-medium wp-image-127\" srcset=\"https:\/\/blog.espol.edu.ec\/andlgonz\/files\/2014\/11\/IMG_1227-280x300.jpg 280w, https:\/\/blog.espol.edu.ec\/andlgonz\/files\/2014\/11\/IMG_1227.jpg 957w\" sizes=\"auto, (max-width: 280px) 100vw, 280px\" \/><\/a><\/p>\n<p>Ya tenemos nuestra tarjeta con forma de maceta<\/p>\n<p><a href=\"http:\/\/blog.espol.edu.ec\/andlgonz\/files\/2014\/11\/IMG_1229.jpg\"><img loading=\"lazy\" decoding=\"async\" src=\"http:\/\/blog.espol.edu.ec\/andlgonz\/files\/2014\/11\/IMG_1229-270x300.jpg\" alt=\"IMG_1229\" width=\"270\" height=\"300\" class=\"alignnone size-medium wp-image-128\" srcset=\"https:\/\/blog.espol.edu.ec\/andlgonz\/files\/2014\/11\/IMG_1229-270x300.jpg 270w, https:\/\/blog.espol.edu.ec\/andlgonz\/files\/2014\/11\/IMG_1229.jpg 925w\" sizes=\"auto, (max-width: 270px) 100vw, 270px\" \/><\/a><\/p>\n<p>Para decorar la tarjeta del d\u00eda de la madre lo que har\u00e9 sera usar sombras de maquillaje en color naranja o marr\u00f3n,usare un hisopo y pintare en todo el borde de la tarjeta.<br \/>\nLuego con un plum\u00f3n delineare haciendo rayitas y puntitos en todo el borde.<\/p>\n<p><a href=\"http:\/\/blog.espol.edu.ec\/andlgonz\/files\/2014\/11\/IMG_1235.jpg\"><img loading=\"lazy\" decoding=\"async\" src=\"http:\/\/blog.espol.edu.ec\/andlgonz\/files\/2014\/11\/IMG_1235-239x300.jpg\" alt=\"IMG_1235\" width=\"239\" height=\"300\" class=\"alignnone size-medium wp-image-129\" srcset=\"https:\/\/blog.espol.edu.ec\/andlgonz\/files\/2014\/11\/IMG_1235-239x300.jpg 239w, https:\/\/blog.espol.edu.ec\/andlgonz\/files\/2014\/11\/IMG_1235.jpg 816w\" sizes=\"auto, (max-width: 239px) 100vw, 239px\" \/><\/a><\/p>\n<p>Dibuja o imprime las hojas y p\u00e9talos de la flor.<\/p>\n<p><a href=\"http:\/\/blog.espol.edu.ec\/andlgonz\/files\/2014\/11\/IMG_1287.jpg\"><img loading=\"lazy\" decoding=\"async\" src=\"http:\/\/blog.espol.edu.ec\/andlgonz\/files\/2014\/11\/IMG_1287-300x147.jpg\" alt=\"IMG_1287\" width=\"300\" height=\"147\" class=\"alignnone size-medium wp-image-130\" srcset=\"https:\/\/blog.espol.edu.ec\/andlgonz\/files\/2014\/11\/IMG_1287-300x147.jpg 300w, https:\/\/blog.espol.edu.ec\/andlgonz\/files\/2014\/11\/IMG_1287.jpg 1024w\" sizes=\"auto, (max-width: 300px) 100vw, 300px\" \/><\/a><\/p>\n<p>Para decorar los p\u00e9talos usare el hisopo y pintare con las sombras en todo el contorno del p\u00e9talo,con plum\u00f3n delineare con rayitas y puntitos.De la misma manera har\u00e9 con las hojas.<br \/>\nCortamos las hojas y los p\u00e9talos para armar nuestras flores.<\/p>\n<p><a href=\"http:\/\/blog.espol.edu.ec\/andlgonz\/files\/2014\/11\/IMG_1244.jpg\"><img loading=\"lazy\" decoding=\"async\" src=\"http:\/\/blog.espol.edu.ec\/andlgonz\/files\/2014\/11\/IMG_1244-300x255.jpg\" alt=\"IMG_1244\" width=\"300\" height=\"255\" class=\"alignnone size-medium wp-image-131\" srcset=\"https:\/\/blog.espol.edu.ec\/andlgonz\/files\/2014\/11\/IMG_1244-300x255.jpg 300w, https:\/\/blog.espol.edu.ec\/andlgonz\/files\/2014\/11\/IMG_1244.jpg 1024w\" sizes=\"auto, (max-width: 300px) 100vw, 300px\" \/><\/a><\/p>\n<p>Para hacer el tallo de la flor cortamos papel verde 0.5 milimetro x 6.5 cm- y 0.5 milimetros x 10 cm .<br \/>\nPara que las hojas de la flor tengan nervaduras ,solo doblalas ,como te ense\u00f1o en la foto.<br \/>\nPega los p\u00e9talos de la flor uno encima de otra,pega el tallo y las hojas.<br \/>\nAhora pega este lindo ramillete de flores dentro de la tarjeta <\/p>\n<p><a href=\"http:\/\/blog.espol.edu.ec\/andlgonz\/files\/2014\/11\/tarjeta0.jpg\"><img loading=\"lazy\" decoding=\"async\" src=\"http:\/\/blog.espol.edu.ec\/andlgonz\/files\/2014\/11\/tarjeta0-300x225.jpg\" alt=\"tarjeta0\" width=\"300\" height=\"225\" class=\"alignnone size-medium wp-image-132\" srcset=\"https:\/\/blog.espol.edu.ec\/andlgonz\/files\/2014\/11\/tarjeta0-300x225.jpg 300w, https:\/\/blog.espol.edu.ec\/andlgonz\/files\/2014\/11\/tarjeta0.jpg 1024w\" sizes=\"auto, (max-width: 300px) 100vw, 300px\" \/><\/a><\/p>\n<p>Para escribir una linda nota dentro de la tarjeta de mam\u00e1,cortare papel 8x 7 cm y la pegare encima de las encima de las flores.<\/p>\n<p><a href=\"http:\/\/blog.espol.edu.ec\/andlgonz\/files\/2014\/11\/IMG_1274.jpg\"><img loading=\"lazy\" decoding=\"async\" src=\"http:\/\/blog.espol.edu.ec\/andlgonz\/files\/2014\/11\/IMG_1274-300x269.jpg\" alt=\"IMG_1274\" width=\"300\" height=\"269\" class=\"alignnone size-medium wp-image-133\" srcset=\"https:\/\/blog.espol.edu.ec\/andlgonz\/files\/2014\/11\/IMG_1274-300x269.jpg 300w, https:\/\/blog.espol.edu.ec\/andlgonz\/files\/2014\/11\/IMG_1274.jpg 1024w\" sizes=\"auto, (max-width: 300px) 100vw, 300px\" \/><\/a><\/p>\n<p>tarjeta terminada<\/p>\n<p><a href=\"http:\/\/blog.espol.edu.ec\/andlgonz\/files\/2014\/11\/IMG_1281.jpg\"><img loading=\"lazy\" decoding=\"async\" src=\"http:\/\/blog.espol.edu.ec\/andlgonz\/files\/2014\/11\/IMG_1281-191x300.jpg\" alt=\"IMG_1281\" width=\"191\" height=\"300\" class=\"alignnone size-medium wp-image-134\" srcset=\"https:\/\/blog.espol.edu.ec\/andlgonz\/files\/2014\/11\/IMG_1281-191x300.jpg 191w, https:\/\/blog.espol.edu.ec\/andlgonz\/files\/2014\/11\/IMG_1281.jpg 653w\" sizes=\"auto, (max-width: 191px) 100vw, 191px\" \/><\/a><\/p>\n<p>TARJETA DE CORAZ\u00d3N <\/p>\n<p>Material necesario:<\/p>\n<p>- Una plantilla como \u00e9sta con la forma de la postal coraz\u00f3n<br \/>\n- Papel o cartulina del color deseado<br \/>\n- L\u00e1piz y tijeras<\/p>\n<p>PROCEDIMIENTO <\/p>\n<p>1- Imprimir la plantilla, recortarla por las l\u00edneas continuas y utilizarla para recortar una pieza igual en el papel o la cartulina que deseemos.<\/p>\n<p><a href=\"http:\/\/blog.espol.edu.ec\/andlgonz\/files\/2014\/11\/tarjeta_postal_cierre_corazon_paso1.jpg\"><img loading=\"lazy\" decoding=\"async\" src=\"http:\/\/blog.espol.edu.ec\/andlgonz\/files\/2014\/11\/tarjeta_postal_cierre_corazon_paso1-300x225.jpg\" alt=\"tarjeta_postal_cierre_corazon_paso1\" width=\"300\" height=\"225\" class=\"alignnone size-medium wp-image-160\" srcset=\"https:\/\/blog.espol.edu.ec\/andlgonz\/files\/2014\/11\/tarjeta_postal_cierre_corazon_paso1-300x225.jpg 300w, https:\/\/blog.espol.edu.ec\/andlgonz\/files\/2014\/11\/tarjeta_postal_cierre_corazon_paso1.jpg 500w\" sizes=\"auto, (max-width: 300px) 100vw, 300px\" \/><\/a><\/p>\n<p>2- Doblar el trozo de papel o cartulina por donde marcan las l\u00edneas discontinuas de la plantilla y cerrar un extremo del coraz\u00f3n con el otro por el corte vertical que tiene cada costado.<\/p>\n<p><a href=\"http:\/\/blog.espol.edu.ec\/andlgonz\/files\/2014\/11\/tarjeta_postal_cierre_corazon_paso2.jpg\"><img loading=\"lazy\" decoding=\"async\" src=\"http:\/\/blog.espol.edu.ec\/andlgonz\/files\/2014\/11\/tarjeta_postal_cierre_corazon_paso2-300x225.jpg\" alt=\"tarjeta_postal_cierre_corazon_paso2\" width=\"300\" height=\"225\" class=\"alignnone size-medium wp-image-161\" srcset=\"https:\/\/blog.espol.edu.ec\/andlgonz\/files\/2014\/11\/tarjeta_postal_cierre_corazon_paso2-300x225.jpg 300w, https:\/\/blog.espol.edu.ec\/andlgonz\/files\/2014\/11\/tarjeta_postal_cierre_corazon_paso2.jpg 500w\" sizes=\"auto, (max-width: 300px) 100vw, 300px\" \/><\/a><\/p>\n<p><a href=\"http:\/\/blog.espol.edu.ec\/andlgonz\/files\/2014\/11\/tarjeta_postal_cierre_corazon_paso2b.jpg\"><img loading=\"lazy\" decoding=\"async\" src=\"http:\/\/blog.espol.edu.ec\/andlgonz\/files\/2014\/11\/tarjeta_postal_cierre_corazon_paso2b-300x225.jpg\" alt=\"tarjeta_postal_cierre_corazon_paso2b\" width=\"300\" height=\"225\" class=\"alignnone size-medium wp-image-162\" srcset=\"https:\/\/blog.espol.edu.ec\/andlgonz\/files\/2014\/11\/tarjeta_postal_cierre_corazon_paso2b-300x225.jpg 300w, https:\/\/blog.espol.edu.ec\/andlgonz\/files\/2014\/11\/tarjeta_postal_cierre_corazon_paso2b.jpg 500w\" sizes=\"auto, (max-width: 300px) 100vw, 300px\" \/><\/a><\/p>\n<p>3- Finalmente, decorar la tarjeta como se desee (y no olvidar escribir la nota o mensaje en el interior)<\/p>\n<p><a href=\"http:\/\/blog.espol.edu.ec\/andlgonz\/files\/2014\/11\/tarjeta_postal_cierre_corazon_paso3.jpg\"><img loading=\"lazy\" decoding=\"async\" src=\"http:\/\/blog.espol.edu.ec\/andlgonz\/files\/2014\/11\/tarjeta_postal_cierre_corazon_paso3-300x225.jpg\" alt=\"tarjeta_postal_cierre_corazon_paso3\" width=\"300\" height=\"225\" class=\"alignnone size-medium wp-image-163\" srcset=\"https:\/\/blog.espol.edu.ec\/andlgonz\/files\/2014\/11\/tarjeta_postal_cierre_corazon_paso3-300x225.jpg 300w, https:\/\/blog.espol.edu.ec\/andlgonz\/files\/2014\/11\/tarjeta_postal_cierre_corazon_paso3.jpg 500w\" sizes=\"auto, (max-width: 300px) 100vw, 300px\" \/><\/a><\/p>\n","protected":false},"excerpt":{"rendered":"<p>CARTA SQUASH MATERIALES: 1Cartulina de dos colores. Gr\u00e1ficos decorativos descargables. 2 Efectos decorativos a tu gusto (pegatinas, fotos, etc). 3 Rotuladores de colores. 4 Lapiz. 5 Regla. 6 Tijeras. 7 Goma PROCEDIMIENTO Primer paso: Marcamos en una de las cartulinas dos cuadrados de 9 x 9 cm y los cortamos. Segundo paso: En la otra [&hellip;]<\/p>\n","protected":false},"author":9370,"featured_media":0,"parent":0,"menu_order":0,"comment_status":"open","ping_status":"open","template":"","meta":{"footnotes":""},"class_list":["post-82","page","type-page","status-publish","hentry"],"_links":{"self":[{"href":"https:\/\/blog.espol.edu.ec\/andlgonz\/wp-json\/wp\/v2\/pages\/82","targetHints":{"allow":["GET"]}}],"collection":[{"href":"https:\/\/blog.espol.edu.ec\/andlgonz\/wp-json\/wp\/v2\/pages"}],"about":[{"href":"https:\/\/blog.espol.edu.ec\/andlgonz\/wp-json\/wp\/v2\/types\/page"}],"author":[{"embeddable":true,"href":"https:\/\/blog.espol.edu.ec\/andlgonz\/wp-json\/wp\/v2\/users\/9370"}],"replies":[{"embeddable":true,"href":"https:\/\/blog.espol.edu.ec\/andlgonz\/wp-json\/wp\/v2\/comments?post=82"}],"version-history":[{"count":5,"href":"https:\/\/blog.espol.edu.ec\/andlgonz\/wp-json\/wp\/v2\/pages\/82\/revisions"}],"predecessor-version":[{"id":164,"href":"https:\/\/blog.espol.edu.ec\/andlgonz\/wp-json\/wp\/v2\/pages\/82\/revisions\/164"}],"wp:attachment":[{"href":"https:\/\/blog.espol.edu.ec\/andlgonz\/wp-json\/wp\/v2\/media?parent=82"}],"curies":[{"name":"wp","href":"https:\/\/api.w.org\/{rel}","templated":true}]}}