{"id":84,"date":"2014-11-04T22:54:20","date_gmt":"2014-11-04T22:54:20","guid":{"rendered":"http:\/\/blog.espol.edu.ec\/andlgonz\/?page_id=84"},"modified":"2014-11-07T16:04:27","modified_gmt":"2014-11-07T16:04:27","slug":"tarjetas-para-cumpleanos","status":"publish","type":"page","link":"https:\/\/blog.espol.edu.ec\/andlgonz\/tarjetas-para-cumpleanos\/","title":{"rendered":"Tarjetas para cumplea\u00f1os"},"content":{"rendered":"<p>TARJETA PARA CUMPLEA\u00d1OS<br \/>\nMateriales<br \/>\n 1. Cartulina o papel grueso de tu color favorito<br \/>\n2. Regal<br \/>\n3. Tijeras<br \/>\n4. Comp\u00e1s<br \/>\n5. Marca doblez (o la parte de atr\u00e1s de las tijeras)<br \/>\n6. L\u00e1piz y borrador<\/p>\n<p>PROCEDIMIENTO:<br \/>\n1. Traza un cuadrado del tama\u00f1o que quieras, yo lo har\u00e9 de 8 cm.<\/p>\n<p><a href=\"http:\/\/blog.espol.edu.ec\/andlgonz\/files\/2014\/11\/Tarjeta-redondeada-sencilla-1.jpg\"><img loading=\"lazy\" decoding=\"async\" src=\"http:\/\/blog.espol.edu.ec\/andlgonz\/files\/2014\/11\/Tarjeta-redondeada-sencilla-1-300x168.jpg\" alt=\"Tarjeta-redondeada-sencilla-1\" width=\"300\" height=\"168\" class=\"alignnone size-medium wp-image-137\" srcset=\"https:\/\/blog.espol.edu.ec\/andlgonz\/files\/2014\/11\/Tarjeta-redondeada-sencilla-1-300x168.jpg 300w, https:\/\/blog.espol.edu.ec\/andlgonz\/files\/2014\/11\/Tarjeta-redondeada-sencilla-1.jpg 500w\" sizes=\"auto, (max-width: 300px) 100vw, 300px\" \/><\/a><\/p>\n<p>2. Haz marcas a la mitad de cada lado del cuadrado, en mi caso a los 4 cm.<\/p>\n<p><a href=\"http:\/\/blog.espol.edu.ec\/andlgonz\/files\/2014\/11\/Tarjeta-redondeada-sencilla-3.jpg\"><img loading=\"lazy\" decoding=\"async\" src=\"http:\/\/blog.espol.edu.ec\/andlgonz\/files\/2014\/11\/Tarjeta-redondeada-sencilla-3-300x168.jpg\" alt=\"Tarjeta-redondeada-sencilla-3\" width=\"300\" height=\"168\" class=\"alignnone size-medium wp-image-138\" srcset=\"https:\/\/blog.espol.edu.ec\/andlgonz\/files\/2014\/11\/Tarjeta-redondeada-sencilla-3-300x168.jpg 300w, https:\/\/blog.espol.edu.ec\/andlgonz\/files\/2014\/11\/Tarjeta-redondeada-sencilla-3.jpg 500w\" sizes=\"auto, (max-width: 300px) 100vw, 300px\" \/><\/a><\/p>\n<p>3. Toma el comp\u00e1s y abrelo a la medida de la mitad del lado del cuadrado, en mi caso tambi\u00e9n 4 cms<\/p>\n<p><a href=\"http:\/\/blog.espol.edu.ec\/andlgonz\/files\/2014\/11\/Tarjeta-redondeada-sencilla-2.jpg\"><img loading=\"lazy\" decoding=\"async\" src=\"http:\/\/blog.espol.edu.ec\/andlgonz\/files\/2014\/11\/Tarjeta-redondeada-sencilla-2-300x168.jpg\" alt=\"Tarjeta-redondeada-sencilla-2\" width=\"300\" height=\"168\" class=\"alignnone size-medium wp-image-141\" srcset=\"https:\/\/blog.espol.edu.ec\/andlgonz\/files\/2014\/11\/Tarjeta-redondeada-sencilla-2-300x168.jpg 300w, https:\/\/blog.espol.edu.ec\/andlgonz\/files\/2014\/11\/Tarjeta-redondeada-sencilla-2.jpg 500w\" sizes=\"auto, (max-width: 300px) 100vw, 300px\" \/><\/a><\/p>\n<p>4. Apoya la punta en la marca que hiciste con l\u00e1piz y traza el circulo en cada una de las orillas del cuadrado. <\/p>\n<p><a href=\"http:\/\/blog.espol.edu.ec\/andlgonz\/files\/2014\/11\/Tarjeta-redondeada-sencilla-4.jpg\"><img loading=\"lazy\" decoding=\"async\" src=\"http:\/\/blog.espol.edu.ec\/andlgonz\/files\/2014\/11\/Tarjeta-redondeada-sencilla-4-300x168.jpg\" alt=\"Tarjeta-redondeada-sencilla-4\" width=\"300\" height=\"168\" class=\"alignnone size-medium wp-image-142\" srcset=\"https:\/\/blog.espol.edu.ec\/andlgonz\/files\/2014\/11\/Tarjeta-redondeada-sencilla-4-300x168.jpg 300w, https:\/\/blog.espol.edu.ec\/andlgonz\/files\/2014\/11\/Tarjeta-redondeada-sencilla-4.jpg 500w\" sizes=\"auto, (max-width: 300px) 100vw, 300px\" \/><\/a><\/p>\n<p>5. Recorta.<br \/>\n<a href=\"http:\/\/blog.espol.edu.ec\/andlgonz\/files\/2014\/11\/Tarjeta-redondeada-sencilla-6.jpg\"><img loading=\"lazy\" decoding=\"async\" src=\"http:\/\/blog.espol.edu.ec\/andlgonz\/files\/2014\/11\/Tarjeta-redondeada-sencilla-6-300x168.jpg\" alt=\"Tarjeta-redondeada-sencilla-6\" width=\"300\" height=\"168\" class=\"alignnone size-medium wp-image-143\" srcset=\"https:\/\/blog.espol.edu.ec\/andlgonz\/files\/2014\/11\/Tarjeta-redondeada-sencilla-6-300x168.jpg 300w, https:\/\/blog.espol.edu.ec\/andlgonz\/files\/2014\/11\/Tarjeta-redondeada-sencilla-6.jpg 500w\" sizes=\"auto, (max-width: 300px) 100vw, 300px\" \/><\/a><\/p>\n<p>6. Ahora marca sobre cada una de las l\u00edneas rectas que ser\u00e1n dobleces. Puedes usar un marca doblez, la parte de atr\u00e1s de tus tijeras, un cuchillo de mantequilla o algo similar. Luego, borra los restos de l\u00e1piz y dobla.<\/p>\n<p><a href=\"http:\/\/blog.espol.edu.ec\/andlgonz\/files\/2014\/11\/Tarjeta-redondeada-sencilla-7.jpg\"><img loading=\"lazy\" decoding=\"async\" src=\"http:\/\/blog.espol.edu.ec\/andlgonz\/files\/2014\/11\/Tarjeta-redondeada-sencilla-7-300x168.jpg\" alt=\"Tarjeta-redondeada-sencilla-7\" width=\"300\" height=\"168\" class=\"alignnone size-medium wp-image-144\" srcset=\"https:\/\/blog.espol.edu.ec\/andlgonz\/files\/2014\/11\/Tarjeta-redondeada-sencilla-7-300x168.jpg 300w, https:\/\/blog.espol.edu.ec\/andlgonz\/files\/2014\/11\/Tarjeta-redondeada-sencilla-7.jpg 500w\" sizes=\"auto, (max-width: 300px) 100vw, 300px\" \/><\/a><\/p>\n<p><a href=\"http:\/\/blog.espol.edu.ec\/andlgonz\/files\/2014\/11\/Tarjeta-redondeada-sencilla-9.jpg\"><img loading=\"lazy\" decoding=\"async\" src=\"http:\/\/blog.espol.edu.ec\/andlgonz\/files\/2014\/11\/Tarjeta-redondeada-sencilla-9-300x168.jpg\" alt=\"Tarjeta-redondeada-sencilla-9\" width=\"300\" height=\"168\" class=\"alignnone size-medium wp-image-145\" srcset=\"https:\/\/blog.espol.edu.ec\/andlgonz\/files\/2014\/11\/Tarjeta-redondeada-sencilla-9-300x168.jpg 300w, https:\/\/blog.espol.edu.ec\/andlgonz\/files\/2014\/11\/Tarjeta-redondeada-sencilla-9.jpg 500w\" sizes=\"auto, (max-width: 300px) 100vw, 300px\" \/><\/a><\/p>\n<p>7. Toma el papel deco, listones, botones y dem\u00e1s y empieza a decorar a tu gusto. <\/p>\n<p><a href=\"http:\/\/blog.espol.edu.ec\/andlgonz\/files\/2014\/11\/Tarjeta-redondeada-sencilla-10.jpg\"><img loading=\"lazy\" decoding=\"async\" src=\"http:\/\/blog.espol.edu.ec\/andlgonz\/files\/2014\/11\/Tarjeta-redondeada-sencilla-10-300x168.jpg\" alt=\"Tarjeta-redondeada-sencilla-10\" width=\"300\" height=\"168\" class=\"alignnone size-medium wp-image-146\" srcset=\"https:\/\/blog.espol.edu.ec\/andlgonz\/files\/2014\/11\/Tarjeta-redondeada-sencilla-10-300x168.jpg 300w, https:\/\/blog.espol.edu.ec\/andlgonz\/files\/2014\/11\/Tarjeta-redondeada-sencilla-10.jpg 500w\" sizes=\"auto, (max-width: 300px) 100vw, 300px\" \/><\/a><\/p>\n<p><a href=\"http:\/\/blog.espol.edu.ec\/andlgonz\/files\/2014\/11\/Tarjeta-redondeada-sencilla-16.jpg\"><img loading=\"lazy\" decoding=\"async\" src=\"http:\/\/blog.espol.edu.ec\/andlgonz\/files\/2014\/11\/Tarjeta-redondeada-sencilla-16-300x168.jpg\" alt=\"Tarjeta-redondeada-sencilla-16\" width=\"300\" height=\"168\" class=\"alignnone size-medium wp-image-147\" srcset=\"https:\/\/blog.espol.edu.ec\/andlgonz\/files\/2014\/11\/Tarjeta-redondeada-sencilla-16-300x168.jpg 300w, https:\/\/blog.espol.edu.ec\/andlgonz\/files\/2014\/11\/Tarjeta-redondeada-sencilla-16.jpg 500w\" sizes=\"auto, (max-width: 300px) 100vw, 300px\" \/><\/a><\/p>\n<p>8. Cuando hayas terminado de decorar solamente cierra. Para que qued\u00e9 mejor puedes amarrar un list\u00f3n decorado que se pueda sacar facilmente. <\/p>\n<p><a href=\"http:\/\/blog.espol.edu.ec\/andlgonz\/files\/2014\/11\/Tarjeta-redondeada-sencilla-17.jpg\"><img loading=\"lazy\" decoding=\"async\" src=\"http:\/\/blog.espol.edu.ec\/andlgonz\/files\/2014\/11\/Tarjeta-redondeada-sencilla-17-300x168.jpg\" alt=\"Tarjeta-redondeada-sencilla-17\" width=\"300\" height=\"168\" class=\"alignnone size-medium wp-image-148\" srcset=\"https:\/\/blog.espol.edu.ec\/andlgonz\/files\/2014\/11\/Tarjeta-redondeada-sencilla-17-300x168.jpg 300w, https:\/\/blog.espol.edu.ec\/andlgonz\/files\/2014\/11\/Tarjeta-redondeada-sencilla-17.jpg 500w\" sizes=\"auto, (max-width: 300px) 100vw, 300px\" \/><\/a><\/p>\n<p><a href=\"http:\/\/blog.espol.edu.ec\/andlgonz\/files\/2014\/11\/Tarjeta-redondeada-sencilla-20.jpg\"><img loading=\"lazy\" decoding=\"async\" src=\"http:\/\/blog.espol.edu.ec\/andlgonz\/files\/2014\/11\/Tarjeta-redondeada-sencilla-20-300x168.jpg\" alt=\"Tarjeta-redondeada-sencilla-20\" width=\"300\" height=\"168\" class=\"alignnone size-medium wp-image-149\" srcset=\"https:\/\/blog.espol.edu.ec\/andlgonz\/files\/2014\/11\/Tarjeta-redondeada-sencilla-20-300x168.jpg 300w, https:\/\/blog.espol.edu.ec\/andlgonz\/files\/2014\/11\/Tarjeta-redondeada-sencilla-20.jpg 500w\" sizes=\"auto, (max-width: 300px) 100vw, 300px\" \/><\/a><\/p>\n<p>INVITACI\u00d3N DE CUMPLEA\u00d1OS<\/p>\n<p>Materiales<\/p>\n<p>1 Cartulinas de varios colores<br \/>\n2 L\u00e1piz<br \/>\n3 Rotulador<br \/>\n4 Un trozo de cart\u00f3n<br \/>\n5 Regla<br \/>\n6 Goma<br \/>\n7 Tijeras<\/p>\n<p>1. Comienza dibujando los elementos que decorar\u00e1n tu invitaci\u00f3n, con el n\u00famero de a\u00f1os del cumplea\u00f1ero y un mensaje, aqu\u00ed hemos colocado las orejas de Mickey Mouse. Para que las letras queden m\u00e1s bonitas, puedes hacerlas dobles y marcar las sombras con un bol\u00edgrafo o rotulador fino.<\/p>\n<p><a href=\"http:\/\/blog.espol.edu.ec\/andlgonz\/files\/2014\/11\/tarjeta_cumple_1.jpg\"><img loading=\"lazy\" decoding=\"async\" src=\"http:\/\/blog.espol.edu.ec\/andlgonz\/files\/2014\/11\/tarjeta_cumple_1-300x187.jpg\" alt=\"tarjeta_cumple_1\" width=\"300\" height=\"187\" class=\"alignnone size-medium wp-image-151\" srcset=\"https:\/\/blog.espol.edu.ec\/andlgonz\/files\/2014\/11\/tarjeta_cumple_1-300x187.jpg 300w, https:\/\/blog.espol.edu.ec\/andlgonz\/files\/2014\/11\/tarjeta_cumple_1.jpg 400w\" sizes=\"auto, (max-width: 300px) 100vw, 300px\" \/><\/a><\/p>\n<p>2. Una vez que tengamos todo dibujado en las diferentes cartulinas, pasaremos a recortar los elementos de la invitaci\u00f3n.<\/p>\n<p><a href=\"http:\/\/blog.espol.edu.ec\/andlgonz\/files\/2014\/11\/tarjeta_cumple_2.jpg\"><img loading=\"lazy\" decoding=\"async\" src=\"http:\/\/blog.espol.edu.ec\/andlgonz\/files\/2014\/11\/tarjeta_cumple_2-300x187.jpg\" alt=\"tarjeta_cumple_2\" width=\"300\" height=\"187\" class=\"alignnone size-medium wp-image-152\" srcset=\"https:\/\/blog.espol.edu.ec\/andlgonz\/files\/2014\/11\/tarjeta_cumple_2-300x187.jpg 300w, https:\/\/blog.espol.edu.ec\/andlgonz\/files\/2014\/11\/tarjeta_cumple_2.jpg 400w\" sizes=\"auto, (max-width: 300px) 100vw, 300px\" \/><\/a><\/p>\n<p>3. Utilizaremos la cartulina azul para hacer la base de la invitaci\u00f3n. Simplemente la doblaremos en dos en forma de libro. Una vez que la tengamos doblada, empezaremos a pegar sobre la portada los diferentes elementos decorativos, empezando por las letras de \u201cfelicidades\u201d en la parte superior y siguiendo por tu nombre en la parte inferior.<\/p>\n<p><a href=\"http:\/\/blog.espol.edu.ec\/andlgonz\/files\/2014\/11\/tarjeta_cumple_3.jpg\"><img loading=\"lazy\" decoding=\"async\" src=\"http:\/\/blog.espol.edu.ec\/andlgonz\/files\/2014\/11\/tarjeta_cumple_3-300x187.jpg\" alt=\"tarjeta_cumple_3\" width=\"300\" height=\"187\" class=\"alignnone size-medium wp-image-153\" srcset=\"https:\/\/blog.espol.edu.ec\/andlgonz\/files\/2014\/11\/tarjeta_cumple_3-300x187.jpg 300w, https:\/\/blog.espol.edu.ec\/andlgonz\/files\/2014\/11\/tarjeta_cumple_3.jpg 400w\" sizes=\"auto, (max-width: 300px) 100vw, 300px\" \/><\/a><\/p>\n<p>4. Para darle un toque m\u00e1s original, aplicaremos un sencillo truco. Corta peque\u00f1os trozos de cart\u00f3n y p\u00e9galos por el reverso de los n\u00fameros y las orejas de Mickey. Conseguir\u00e1s un efecto en relieve de estos elementos. <\/p>\n<p><a href=\"http:\/\/blog.espol.edu.ec\/andlgonz\/files\/2014\/11\/tarjeta_cumple_4.jpg\"><img loading=\"lazy\" decoding=\"async\" src=\"http:\/\/blog.espol.edu.ec\/andlgonz\/files\/2014\/11\/tarjeta_cumple_4-300x187.jpg\" alt=\"tarjeta_cumple_4\" width=\"300\" height=\"187\" class=\"alignnone size-medium wp-image-154\" srcset=\"https:\/\/blog.espol.edu.ec\/andlgonz\/files\/2014\/11\/tarjeta_cumple_4-300x187.jpg 300w, https:\/\/blog.espol.edu.ec\/andlgonz\/files\/2014\/11\/tarjeta_cumple_4.jpg 400w\" sizes=\"auto, (max-width: 300px) 100vw, 300px\" \/><\/a><\/p>\n<p>5. Cuando termines de pegar las orejas y el n\u00famero de a\u00f1os que cumples, ya s\u00f3lo quedar\u00e1 escribir el interior de la felicitaci\u00f3n tu mensaje.<\/p>\n<p><a href=\"http:\/\/blog.espol.edu.ec\/andlgonz\/files\/2014\/11\/tarjeta_cumple_5.jpg\"><img loading=\"lazy\" decoding=\"async\" src=\"http:\/\/blog.espol.edu.ec\/andlgonz\/files\/2014\/11\/tarjeta_cumple_5-300x187.jpg\" alt=\"tarjeta_cumple_5\" width=\"300\" height=\"187\" class=\"alignnone size-medium wp-image-155\" srcset=\"https:\/\/blog.espol.edu.ec\/andlgonz\/files\/2014\/11\/tarjeta_cumple_5-300x187.jpg 300w, https:\/\/blog.espol.edu.ec\/andlgonz\/files\/2014\/11\/tarjeta_cumple_5.jpg 400w\" sizes=\"auto, (max-width: 300px) 100vw, 300px\" \/><\/a><\/p>\n<p>TARJETA DE MICKEY MOUSE<br \/>\nMateriales:<\/p>\n<p>\u2013 cartulina blanca<br \/>\n\u2013 cartulina negra<br \/>\n\u2013 papel de tarjeta color rojo<br \/>\n\u2013 botones blancos adhesivos<br \/>\n\u2013 pegamento en barra<br \/>\n\u2013 tijera<br \/>\n\u2013 cortador circular<\/p>\n<p>Paso a paso:<\/p>\n<p>1. Para hacer la cabeza de Mickey descarga la plantilla.<br \/>\n2. imprime la plantilla.<br \/>\n3. Traza en cartulina negra y corta.<br \/>\n4. Imprime el texto de la invitaci\u00f3n en cartulina blanca ajustada a un medio c\u00edrculo rojo.<br \/>\n5. Con un cortador circular corta el texto para ajustarlo en la cabeza (tambi\u00e9n se puede cortar con la forma de una taza o un plato).<br \/>\n6. P\u00e9galo en la cabeza de Mickey.<br \/>\n7. Para hacer el bolsillo rojo utiliza el trazo de cartulina roja par marcar alrededor del borde inferior de la cabeza, rec\u00f3rtalo y \u00fasalo como plantilla.<br \/>\n8. Pega los bordes de los dos semic\u00edrculos rojos para hacer de bolsillo rojo.<br \/>\n9. Con puntos de pegamento pega los botones en el bolsillo.<\/p>\n<p><a href=\"http:\/\/blog.espol.edu.ec\/andlgonz\/files\/2014\/11\/invitacion-cumplea\u00f1os-de-Mickey-Mouse.jpg\"><img loading=\"lazy\" decoding=\"async\" src=\"http:\/\/blog.espol.edu.ec\/andlgonz\/files\/2014\/11\/invitacion-cumplea\u00f1os-de-Mickey-Mouse-300x170.jpg\" alt=\"invitacion-cumplea\u00f1os-de-Mickey-Mouse\" width=\"300\" height=\"170\" class=\"alignnone size-medium wp-image-157\" srcset=\"https:\/\/blog.espol.edu.ec\/andlgonz\/files\/2014\/11\/invitacion-cumplea\u00f1os-de-Mickey-Mouse-300x170.jpg 300w, https:\/\/blog.espol.edu.ec\/andlgonz\/files\/2014\/11\/invitacion-cumplea\u00f1os-de-Mickey-Mouse.jpg 504w\" sizes=\"auto, (max-width: 300px) 100vw, 300px\" \/><\/a><\/p>\n<p><a href=\"http:\/\/blog.espol.edu.ec\/andlgonz\/files\/2014\/11\/Como-hacer-una-tarjeta-de-invitaci\u00f3n-de-Mickey-Mouse.jpg\"><img loading=\"lazy\" decoding=\"async\" src=\"http:\/\/blog.espol.edu.ec\/andlgonz\/files\/2014\/11\/Como-hacer-una-tarjeta-de-invitaci\u00f3n-de-Mickey-Mouse-300x225.jpg\" alt=\"Como-hacer-una-tarjeta-de-invitaci\u00f3n-de-Mickey-Mouse\" width=\"300\" height=\"225\" class=\"alignnone size-medium wp-image-158\" srcset=\"https:\/\/blog.espol.edu.ec\/andlgonz\/files\/2014\/11\/Como-hacer-una-tarjeta-de-invitaci\u00f3n-de-Mickey-Mouse-300x225.jpg 300w, https:\/\/blog.espol.edu.ec\/andlgonz\/files\/2014\/11\/Como-hacer-una-tarjeta-de-invitaci\u00f3n-de-Mickey-Mouse.jpg 400w\" sizes=\"auto, (max-width: 300px) 100vw, 300px\" \/><\/a><\/p>\n","protected":false},"excerpt":{"rendered":"<p>TARJETA PARA CUMPLEA\u00d1OS Materiales 1. Cartulina o papel grueso de tu color favorito 2. Regal 3. Tijeras 4. Comp\u00e1s 5. Marca doblez (o la parte de atr\u00e1s de las tijeras) 6. L\u00e1piz y borrador PROCEDIMIENTO: 1. Traza un cuadrado del tama\u00f1o que quieras, yo lo har\u00e9 de 8 cm. 2. Haz marcas a la mitad [&hellip;]<\/p>\n","protected":false},"author":9370,"featured_media":0,"parent":0,"menu_order":0,"comment_status":"open","ping_status":"open","template":"","meta":{"footnotes":""},"class_list":["post-84","page","type-page","status-publish","hentry"],"_links":{"self":[{"href":"https:\/\/blog.espol.edu.ec\/andlgonz\/wp-json\/wp\/v2\/pages\/84","targetHints":{"allow":["GET"]}}],"collection":[{"href":"https:\/\/blog.espol.edu.ec\/andlgonz\/wp-json\/wp\/v2\/pages"}],"about":[{"href":"https:\/\/blog.espol.edu.ec\/andlgonz\/wp-json\/wp\/v2\/types\/page"}],"author":[{"embeddable":true,"href":"https:\/\/blog.espol.edu.ec\/andlgonz\/wp-json\/wp\/v2\/users\/9370"}],"replies":[{"embeddable":true,"href":"https:\/\/blog.espol.edu.ec\/andlgonz\/wp-json\/wp\/v2\/comments?post=84"}],"version-history":[{"count":6,"href":"https:\/\/blog.espol.edu.ec\/andlgonz\/wp-json\/wp\/v2\/pages\/84\/revisions"}],"predecessor-version":[{"id":159,"href":"https:\/\/blog.espol.edu.ec\/andlgonz\/wp-json\/wp\/v2\/pages\/84\/revisions\/159"}],"wp:attachment":[{"href":"https:\/\/blog.espol.edu.ec\/andlgonz\/wp-json\/wp\/v2\/media?parent=84"}],"curies":[{"name":"wp","href":"https:\/\/api.w.org\/{rel}","templated":true}]}}