{"id":10,"date":"2009-01-08T13:53:00","date_gmt":"2009-01-08T18:53:00","guid":{"rendered":"http:\/\/blog.espol.edu.ec\/andnitor\/?page_id=10"},"modified":"2009-01-08T13:53:00","modified_gmt":"2009-01-08T18:53:00","slug":"excel","status":"publish","type":"page","link":"https:\/\/blog.espol.edu.ec\/andnitor\/excel\/","title":{"rendered":"Excel"},"content":{"rendered":"<p class=\"MsoNormal\" style=\"margin: 0cm 0cm 10pt 22.5pt\"><strong><span style=\"font-size: 11.5pt;color: #548dd4;font-family: &quot;Trebuchet MS&quot;,&quot;sans-serif&amp;quot\">ERRORES MaS FRECUENTES<\/span><\/strong><span style=\"font-size: small\"><span style=\"color: #548dd4;font-family: &quot;Trebuchet MS&quot;,&quot;sans-serif&amp;quot\"> DE EXCEL<\/span><strong><\/strong><\/span><\/p>\n<p class=\"MsoNormal\" style=\"margin: 0cm 0cm 10pt 54pt\"><span style=\"font-size: 10pt;color: #333333;font-family: &quot;Trebuchet MS&quot;,&quot;sans-serif&amp;quot\">Cuando una f\u00f3rmula no se introduce correctamente, Excel presenta un mensaje de error que indica cu\u00e1l es el fallo cometido:\ufffd<br \/>\n<strong>#\u00a1valor!<\/strong> \u00a0En el primer caso (#\u00a1VALOR!) hay que considerar que se han incluido en la f\u00f3rmula algunos caracteres de texto, o bien se ha hecho referencia a una casilla en la que no hay un valor num\u00e9rico sino de texto.<\/p>\n<p>Por ejemplo, suele aparecer este error cuando se hace referencia a celdas con contenido decimal. Microsoft Excel y sus formatos num\u00e9ricos tienen establecidos algunos caracteres para separar, por ejemplo, la parte entera de un n\u00famero, de la decimal, que dependen de la versi\u00f3n en uso. Emplear otros caracteres supone introducir valores distintos y que la aplicaci\u00f3n lea como texto lo que deber\u00eda ser un n\u00famero.<\/p>\n<p>Para solucionar este problema hay que asegurarse de cu\u00e1l es la formula correcta para la versi\u00f3n en uso, y asegurarse de que, en las opciones, est\u00e1 especificado el idioma correcto para formatos num\u00e9ricos, teclado, etc.<\/p>\n<p><strong>#\u00a1div\/0!<\/strong><\/p>\n<p>\u00a0El segundo caso (error del tipo #\u00a1DIV\/0!) se corrige cambiando la f\u00f3rmula, considerando que hemos hecho referencia en un denominador a una casilla donde el valor no existe, o es cero, o es una casilla en blanco.<\/p>\n<p><strong>#\u00a1ref!<\/strong><\/p>\n<p>\u00a0El error del tipo #\u00a1REF! quiere decir error en la referencia: Indica que, al actualizar una f\u00f3rmula con referencias relativas, se est\u00e1n tomando celdas que no existen porque la referencia sale de la hoja de c\u00e1lculo.<\/p>\n<p><span style=\"font-size: 10pt;color: #333333;font-family: &quot;Trebuchet MS&quot;,&quot;sans-serif&amp;quot\">\u00a0<\/p>\n<p><\/span><\/span><\/p>\n<p><tt><span style=\"font-size: 10pt;color: #333333\">#<\/span><\/tt><span style=\"font-size: 10pt;color: #333333;font-family: &quot;Courier New&amp;quot\"><tt><span>\u00a0Si despu\u00e9s de una operaci\u00f3n aparecen los s\u00edmbolos # en la celda es indicativo de que el resultado no cabe en ese ancho. Basta con ampliar la anchura de la columna para conseguir ver bien los resultados.<\/span><\/tt><\/p>\n<p><tt><strong><span>#\u00bfNOMBRE?<\/span><\/strong><\/tt><\/p>\n<p><span style=\"font-size: 10pt;color: #333333;font-family: &quot;Courier New&amp;quot\"><tt><span>Este error quiere decir que hay alg\u00fan error en el enunciado de la f\u00f3rmula, alg\u00fan espacio o alguna letra incorrecta.<\/span><\/tt><\/p>\n<p><\/span><\/span><\/p>\n","protected":false},"excerpt":{"rendered":"<p>ERRORES MaS FRECUENTES DE EXCEL Cuando una f\u00f3rmula no se introduce correctamente, Excel presenta un mensaje de error que indica cu\u00e1l es el fallo cometido:\ufffd #\u00a1valor! \u00a0En el primer caso (#\u00a1VALOR!) hay que considerar que se han incluido en la f\u00f3rmula algunos caracteres de texto, o bien se ha hecho referencia a una casilla en [&hellip;]<\/p>\n","protected":false},"author":805,"featured_media":0,"parent":0,"menu_order":0,"comment_status":"open","ping_status":"open","template":"","meta":{"footnotes":""},"class_list":["post-10","page","type-page","status-publish","hentry"],"_links":{"self":[{"href":"https:\/\/blog.espol.edu.ec\/andnitor\/wp-json\/wp\/v2\/pages\/10","targetHints":{"allow":["GET"]}}],"collection":[{"href":"https:\/\/blog.espol.edu.ec\/andnitor\/wp-json\/wp\/v2\/pages"}],"about":[{"href":"https:\/\/blog.espol.edu.ec\/andnitor\/wp-json\/wp\/v2\/types\/page"}],"author":[{"embeddable":true,"href":"https:\/\/blog.espol.edu.ec\/andnitor\/wp-json\/wp\/v2\/users\/805"}],"replies":[{"embeddable":true,"href":"https:\/\/blog.espol.edu.ec\/andnitor\/wp-json\/wp\/v2\/comments?post=10"}],"version-history":[{"count":4,"href":"https:\/\/blog.espol.edu.ec\/andnitor\/wp-json\/wp\/v2\/pages\/10\/revisions"}],"predecessor-version":[{"id":13,"href":"https:\/\/blog.espol.edu.ec\/andnitor\/wp-json\/wp\/v2\/pages\/10\/revisions\/13"}],"wp:attachment":[{"href":"https:\/\/blog.espol.edu.ec\/andnitor\/wp-json\/wp\/v2\/media?parent=10"}],"curies":[{"name":"wp","href":"https:\/\/api.w.org\/{rel}","templated":true}]}}