{"id":38,"date":"2015-07-02T09:48:15","date_gmt":"2015-07-02T09:48:15","guid":{"rendered":"http:\/\/blog.espol.edu.ec\/andocana\/?page_id=38"},"modified":"2015-07-02T20:23:40","modified_gmt":"2015-07-02T20:23:40","slug":"los-simpsons","status":"publish","type":"page","link":"https:\/\/blog.espol.edu.ec\/andocana\/","title":{"rendered":"Los simpsons"},"content":{"rendered":"<p><a href=\"http:\/\/blog.espol.edu.ec\/andocana\/files\/2015\/06\/file_image.png\"><img loading=\"lazy\" decoding=\"async\" class=\"  wp-image-19 aligncenter\" src=\"http:\/\/blog.espol.edu.ec\/andocana\/files\/2015\/06\/file_image-300x169.png\" alt=\"file_image\" width=\"476\" height=\"268\" srcset=\"https:\/\/blog.espol.edu.ec\/andocana\/files\/2015\/06\/file_image-300x169.png 300w, https:\/\/blog.espol.edu.ec\/andocana\/files\/2015\/06\/file_image-1024x576.png 1024w, https:\/\/blog.espol.edu.ec\/andocana\/files\/2015\/06\/file_image.png 1366w\" sizes=\"auto, (max-width: 476px) 100vw, 476px\" \/><\/a><span style=\"font-family: Arial,Helvetica,sans-serif;font-size: small\">La familia Simpson es una familia peculiar. Un hijo cuya \u00fanica aspiraci\u00f3n es crear conflictos; una hija pedante con serios problemas emocionales; una esposa con una melena de color azul de m\u00e1s de medio metro (de alto) y con una sangre tan fr\u00eda que por muchos problemas que le d\u00e9 la familia nunca se enfada. Y un marido... excepcional: vago, inculto y alcoh\u00f3lico. La \u00fanica que parece salvarse es la peque\u00f1a Maggie. Pero la verdad es que, en el fondo, se quieren. Son la viva imagen de la familia t\u00edpica americana... llevada a los m\u00e1ximos extremos. Esta serie creada por Matt Groening disfruta de un \u00e9xito rotundo en el mundo entero.<\/span><\/p>\n<p><span style=\"font-family: Arial,Helvetica,sans-serif;font-size: small\">La historia de esta \"familia sin igual\" empieza el d\u00eda en que Homero J. Simpson, un joven torpe y disparatado, se declara a Marge Bouvier, una joven alta de pelo azul. Por alguna extra\u00f1a raz\u00f3n, ella lo acepta. Homero y Marge se casan en Las Vegas y, poco despu\u00e9s, Homero entra a trabajar en la Central Nuclear de Springfield, donde desempe\u00f1a el cargo de inspector de seguridad. El primer hijo del matrimonio es el famoso Bart que nace un 28 de diciembre y empieza su carrera de gamberradas en el mismo hospital. Para celebrar su aniversario de bodas, Marge y Homero vuelven a Las Vegas, la ciudad donde se casaron. Homero se gasta un dineral en las m\u00e1quinas tragaperras, con lo que tienen que quedarse una semana m\u00e1s fregando platos para pagar los gastos del hotel. La 2\u00aa luna de miel del matrimonio Simpson tiene lugar en las cataratas del Ni\u00e1gara. Por supuesto, Homero se cae en ellas y tardan varios d\u00edas en encontrarlo. Fue inolvidable. La siguiente en llegar a la familia es Lisa, una chica muy espabilada y precoz, lo m\u00e1s opuesto a su hermano Bart. La tragedia de la muerte de Snowball, el gato de la familia Simpson, conmociona a todos, especialmente a Lisa que sufre un gran impacto y empieza a tocar el saxo para disolver sus penas. Esta p\u00e9rdida se supera con la llegada de la peque\u00f1a Maggie. Al principio, a sus hermanos no les hace mucha gracia, pero pronto se acostumbran. Esta es, a grandes rasgos, la historia de una familia que nos hace re\u00edr d\u00eda a d\u00eda con sus incre\u00edbles aventuras en Springfield. <\/span><\/p>\n","protected":false},"excerpt":{"rendered":"<p>La familia Simpson es una familia peculiar. Un hijo cuya \u00fanica aspiraci\u00f3n es crear conflictos; una hija pedante con serios problemas emocionales; una esposa con una melena de color azul de m\u00e1s de medio metro (de alto) y con una &hellip; <a href=\"https:\/\/blog.espol.edu.ec\/andocana\/\">Sigue leyendo <span class=\"meta-nav\">&rarr;<\/span><\/a><\/p>\n","protected":false},"author":9801,"featured_media":0,"parent":0,"menu_order":0,"comment_status":"open","ping_status":"open","template":"","meta":{"footnotes":""},"class_list":["post-38","page","type-page","status-publish","hentry"],"_links":{"self":[{"href":"https:\/\/blog.espol.edu.ec\/andocana\/wp-json\/wp\/v2\/pages\/38","targetHints":{"allow":["GET"]}}],"collection":[{"href":"https:\/\/blog.espol.edu.ec\/andocana\/wp-json\/wp\/v2\/pages"}],"about":[{"href":"https:\/\/blog.espol.edu.ec\/andocana\/wp-json\/wp\/v2\/types\/page"}],"author":[{"embeddable":true,"href":"https:\/\/blog.espol.edu.ec\/andocana\/wp-json\/wp\/v2\/users\/9801"}],"replies":[{"embeddable":true,"href":"https:\/\/blog.espol.edu.ec\/andocana\/wp-json\/wp\/v2\/comments?post=38"}],"version-history":[{"count":5,"href":"https:\/\/blog.espol.edu.ec\/andocana\/wp-json\/wp\/v2\/pages\/38\/revisions"}],"predecessor-version":[{"id":206,"href":"https:\/\/blog.espol.edu.ec\/andocana\/wp-json\/wp\/v2\/pages\/38\/revisions\/206"}],"wp:attachment":[{"href":"https:\/\/blog.espol.edu.ec\/andocana\/wp-json\/wp\/v2\/media?parent=38"}],"curies":[{"name":"wp","href":"https:\/\/api.w.org\/{rel}","templated":true}]}}