{"id":57,"date":"2009-06-09T13:14:54","date_gmt":"2009-06-09T18:14:54","guid":{"rendered":"http:\/\/blog.espol.edu.ec\/andpaolv\/?page_id=57"},"modified":"2009-08-17T12:45:52","modified_gmt":"2009-08-17T17:45:52","slug":"ukis-yopi","status":"publish","type":"page","link":"https:\/\/blog.espol.edu.ec\/andpaolv\/ukis-yopi\/","title":{"rendered":"Ukis(Yopi)"},"content":{"rendered":"<p style=\"text-align: center\" align=\"center\"><span style=\"color: white;font-family: &quot;Book Antiqua&amp;quot\"><span style=\"font-size: small\"> <\/span><\/span><\/p>\n<p><span style=\"color: white;font-family: &quot;Kristen ITC&amp;quot\"><span style=\"font-size: small\">A<\/span><\/span><span style=\"font-size: 9pt;color: white;font-family: &quot;Kristen ITC&amp;quot\">UTOBIOGRAF\u00cdA:<\/span><\/p>\n<p><span style=\"font-size: 9pt;color: white;font-family: &quot;Kristen ITC&amp;quot\">Hi!!!<br \/>\nBueno holis, mi nombre es Andrea Pamela Olvera Orellana o como todos me conocen Ukis. Tengo 19 a\u00f1os aunque me cueste decirlo la verdad despu\u00e9s de los 18 ya me cuesta admitir mi edad, nac\u00ed un 16 de diciembre de 1989 (seg\u00fan mi mami soy un milagro de Dios luego les cuento porque) y ese mismo Dios no encontr\u00f3 mejor lugar para que naciera que la hermosa ciudad de Guayaquil (ciudad a la cual amo por cierto), Guayaquile\u00f1a de coraz\u00f3n y todo lo que genere sentimiento por mi ciudad, soy delgada pero no porque no coma sino por casualidades de la vida en realidad como cual glotona y no importa si me dicen que engordo, soy peque\u00f1ita casi, casi que imperceptible aun espero crecer un poco, seg\u00fan mis amigos y familia tengo un car\u00e1cter de ni\u00f1a mala pero aqu\u00ed entre nos nada que ver, s\u00f3lo me cuesta agarrar confianza y de ah\u00ed en adelante puedo ser muy divertida y hasta me puedo convertir en una de esas personas a la cual extra\u00f1es, para ser una chica no soy muy fresa ni nada de eso, es m\u00e1s no me gustan las novelas o pel\u00edculas cursis que es lo que se supone le gusta a toda chica a mi lo que en realidad me gusta es el f\u00fatbol soy hincha del mejor equipo del mundo y actual campe\u00f3n de la liga espa\u00f1ola , la copa del rey y la champion lige, en resumen un equipo campe\u00f3n por donde se lo mire es el Bar\u00e7a de Espa\u00f1a, uno de mis sue\u00f1os es ir a una final jugada por mi equipo a gritar por cada gol cual loca (bueno creo que se me sali\u00f3 lo fan\u00e1tica) y me gustar\u00eda decir lo mismo del \u00eddolo local (\u00f3sea Barcelona S.C por las dudas) pero bueno eso es otra cosa. Me gusta bailar, sobre todo electr\u00f3nica esos sonidos me llaman la atenci\u00f3n, jugar solitario es un buen pasatiempo para mi creo que porque me gusta estar sola, me gusta mucho la m\u00fasica y no cualquier m\u00fasica sino la buena m\u00fasica, nada de corta venas sino m\u00fasica con letras interesantes o sonidos diferentes amo a Verde 70, aunque la mayor\u00eda de la gente no sepa quienes son en realidad se los recomiendo se sorprender\u00e1n de lo buenos que son y si se sienten identificados con una de sus letras entonces es una buena excusa para escuchar el CD completo, ah y lo mejor es que son 100% ecuatorianos, como toda amante de la m\u00fasica tambi\u00e9n canto y no lo hago nada mal al menos eso me han dicho, atormento con mi melodiosa voz a los feligreses de la Parroquia Nuestra Se\u00f1ora del Sagrado Coraz\u00f3n lugar en el que me gusta estar para pensar un poco o cuando me quiero encontrar conmigo misma la religi\u00f3n es algo importante para mi ya que con su ayuda y gu\u00eda he aprendido muchas cosas buenas y olvidado otras tantas que no estaban del todo bien y bueno intent\u00e9 tocar la guitarra y el piano aunque mis profesores se dieron por vencidos, pero ya me entusiasm\u00e9 nuevamente con un curso de piano prometo que esta vez lo har\u00e9 muy bien, ojala el pr\u00f3ximo semestre pueda ya decir que ya entono alguna canci\u00f3n. Me gusta hacer muchas cosas no puedo estar tranquila por eso he hecho de todo desde escribir, patinar, cheerleader, kunfu, teatro, canto y bueno ahora no tengo el tiempo que quisiera para hacer todo esto pero estoy contenta de lo que he conseguido y anhelo seguir adelante. Que m\u00e1s??? mmm si me quieren ver contenta pasen por mi nariz un chocolate o un helado y no se diga si es un helado de chocolate de seguro me sacan una s\u00faper sonrisa, me gusta compartir tiempo con mis amigos, me gusta el fr\u00edo y tener los pies en el agua aunque bueno no se nadar, le tengo un inmenso respeto a las alturas y por ese respeto me gusta desafiarme a mi misma quisiera saltar de un puente o de paraca\u00eddas alg\u00fan d\u00eda, me gusta ponerles nombres chistosos a mis mascotas como mi gatico purrumau churrucumi que en paz descanse o a mis tortugas Willo y Gulak y si eres mi amigo de seguro alg\u00fan d\u00eda me inventar\u00e9 un sobrenombre chistoso para ti, mmm que m\u00e1s??? me gusta el pollo pero no en seco tengo fobia al los colores rojos y comidas con ese color me dan calor, odio las conchas aunque el resto de mariscos me fascinan, mi color favorito era el verde pero como soy muy indecisa y cambiante ahora es el morado, disfruto mucho de estar sola aunque a veces eso asuste un poquito, pero s\u00f3lo estando un momento sola logro respirar diferente y calmarme un poco de todo lo vivido en el d\u00eda. Bueno y muchas cosas m\u00e1s que podr\u00e1s saber si me conocen, bueno aunque no muchos quieran acercarse en ocasiones por mi cara, pero como ya les dije eso es pura apariencia que en realidad he luchado por cambiar pero que desgraciadamente no he podido, no se dejen impresionar o decepcionar mejor se acercan y as\u00ed me conocen en serio.<\/span><\/p>\n<p><span style=\"font-size: 9pt;color: white;font-family: &quot;Kristen ITC&amp;quot\"> Espero no haberlos aburrido y si aun sienten un poco de curiosidad por mi \u00e9chenle un vistazo a las otras secciones. <\/span><\/p>\n<p><span style=\"font-size: 9pt;color: white;font-family: &quot;Kristen ITC&amp;quot\" lang=\"EN-US\">Se despide Ukis<\/span><\/p>\n<p class=\"MsoNormal\" style=\"margin: 0in 0in 10pt\"><span style=\"color: white\" lang=\"EN-US\"><span style=\"font-size: small;font-family: Calibri\"> <\/span><\/span><\/p>\n<p><a href=\"http:\/\/www.mycoolsigns.net\/scrabble\"><img decoding=\"async\" src=\"http:\/\/www.mycoolsigns.net\/img\/scrabble\/s-andreukis-553.jpg\"><\/a> Made with <a href=\"http:\/\/www.mycoolsigns.net\/\">My Cool Signs.Net<\/a><\/p>\n","protected":false},"excerpt":{"rendered":"<p>AUTOBIOGRAF\u00cdA: Hi!!! Bueno holis, mi nombre es Andrea Pamela Olvera Orellana o como todos me conocen Ukis. Tengo 19 a\u00f1os aunque me cueste decirlo la verdad despu\u00e9s de los 18 ya me cuesta admitir mi edad, nac\u00ed un 16 de diciembre de 1989 (seg\u00fan mi mami soy un milagro de Dios luego les cuento porque) [&hellip;]<\/p>\n","protected":false},"author":486,"featured_media":0,"parent":0,"menu_order":0,"comment_status":"open","ping_status":"open","template":"","meta":{"footnotes":""},"class_list":["post-57","page","type-page","status-publish","hentry"],"_links":{"self":[{"href":"https:\/\/blog.espol.edu.ec\/andpaolv\/wp-json\/wp\/v2\/pages\/57","targetHints":{"allow":["GET"]}}],"collection":[{"href":"https:\/\/blog.espol.edu.ec\/andpaolv\/wp-json\/wp\/v2\/pages"}],"about":[{"href":"https:\/\/blog.espol.edu.ec\/andpaolv\/wp-json\/wp\/v2\/types\/page"}],"author":[{"embeddable":true,"href":"https:\/\/blog.espol.edu.ec\/andpaolv\/wp-json\/wp\/v2\/users\/486"}],"replies":[{"embeddable":true,"href":"https:\/\/blog.espol.edu.ec\/andpaolv\/wp-json\/wp\/v2\/comments?post=57"}],"version-history":[{"count":10,"href":"https:\/\/blog.espol.edu.ec\/andpaolv\/wp-json\/wp\/v2\/pages\/57\/revisions"}],"predecessor-version":[{"id":60,"href":"https:\/\/blog.espol.edu.ec\/andpaolv\/wp-json\/wp\/v2\/pages\/57\/revisions\/60"}],"wp:attachment":[{"href":"https:\/\/blog.espol.edu.ec\/andpaolv\/wp-json\/wp\/v2\/media?parent=57"}],"curies":[{"name":"wp","href":"https:\/\/api.w.org\/{rel}","templated":true}]}}