{"id":66,"date":"2009-08-13T11:09:21","date_gmt":"2009-08-13T16:09:21","guid":{"rendered":"http:\/\/blog.espol.edu.ec\/andpaolv\/?page_id=66"},"modified":"2009-08-14T16:02:27","modified_gmt":"2009-08-14T21:02:27","slug":"todosobrecine","status":"publish","type":"page","link":"https:\/\/blog.espol.edu.ec\/andpaolv\/todosobrecine\/","title":{"rendered":"TodoSobreCine"},"content":{"rendered":"<p><span style=\"font-size: 9pt;color: white;font-family: &quot;Kristen ITC&quot\"><a href=\"http:\/\/blog.espol.edu.ec\/andpaolv\/files\/2009\/08\/cine.jpg\"><img loading=\"lazy\" decoding=\"async\" class=\"alignnone size-thumbnail wp-image-89\" src=\"http:\/\/blog.espol.edu.ec\/andpaolv\/files\/2009\/08\/cine-150x150.jpg\" alt=\"cine\" width=\"150\" height=\"150\" srcset=\"https:\/\/blog.espol.edu.ec\/andpaolv\/files\/2009\/08\/cine-150x150.jpg 150w, https:\/\/blog.espol.edu.ec\/andpaolv\/files\/2009\/08\/cine-250x250.jpg 250w, https:\/\/blog.espol.edu.ec\/andpaolv\/files\/2009\/08\/cine.jpg 449w\" sizes=\"auto, (max-width: 150px) 100vw, 150px\" \/><\/a><\/span><\/p>\n<p><span style=\"font-size: 9pt;color: white;font-family: &quot;Kristen ITC&quot\">Aqu\u00ed puedes saber todo referente al cine en el Ecuador, producciones nacionales,adem\u00e1s las pel\u00edculas de cartelera y sobre todo lo que no te recomiendo ir a ver.<\/span><\/p>\n","protected":false},"excerpt":{"rendered":"<p>Aqu\u00ed puedes saber todo referente al cine en el Ecuador, producciones nacionales,adem\u00e1s las pel\u00edculas de cartelera y sobre todo lo que no te recomiendo ir a ver.<\/p>\n","protected":false},"author":486,"featured_media":0,"parent":0,"menu_order":0,"comment_status":"open","ping_status":"open","template":"","meta":{"footnotes":""},"class_list":["post-66","page","type-page","status-publish","hentry"],"_links":{"self":[{"href":"https:\/\/blog.espol.edu.ec\/andpaolv\/wp-json\/wp\/v2\/pages\/66","targetHints":{"allow":["GET"]}}],"collection":[{"href":"https:\/\/blog.espol.edu.ec\/andpaolv\/wp-json\/wp\/v2\/pages"}],"about":[{"href":"https:\/\/blog.espol.edu.ec\/andpaolv\/wp-json\/wp\/v2\/types\/page"}],"author":[{"embeddable":true,"href":"https:\/\/blog.espol.edu.ec\/andpaolv\/wp-json\/wp\/v2\/users\/486"}],"replies":[{"embeddable":true,"href":"https:\/\/blog.espol.edu.ec\/andpaolv\/wp-json\/wp\/v2\/comments?post=66"}],"version-history":[{"count":5,"href":"https:\/\/blog.espol.edu.ec\/andpaolv\/wp-json\/wp\/v2\/pages\/66\/revisions"}],"predecessor-version":[{"id":69,"href":"https:\/\/blog.espol.edu.ec\/andpaolv\/wp-json\/wp\/v2\/pages\/66\/revisions\/69"}],"wp:attachment":[{"href":"https:\/\/blog.espol.edu.ec\/andpaolv\/wp-json\/wp\/v2\/media?parent=66"}],"curies":[{"name":"wp","href":"https:\/\/api.w.org\/{rel}","templated":true}]}}