{"id":2,"date":"2016-10-17T17:32:41","date_gmt":"2016-10-17T17:32:41","guid":{"rendered":"http:\/\/blog.espol.edu.ec\/andreagudino\/?page_id=2"},"modified":"2016-10-26T06:04:28","modified_gmt":"2016-10-26T01:04:28","slug":"pagina-ejemplo","status":"publish","type":"page","link":"https:\/\/blog.espol.edu.ec\/andreagudino\/pagina-ejemplo\/","title":{"rendered":"Junto a tu Mascota"},"content":{"rendered":"<div class=\"field field-name-field-standfast field-type-text-long field-label-hidden\">\n<h2>Al cuidar de tu mascota puedes mejorar tu salud f\u00edsica y mental<\/h2>\n<\/div>\n<div class=\"field field-name-field-news-body field-type-text-long field-label-hidden\">\n<p>\u00bfSab\u00edas que la hormona Oxitocina, que se secreta cuando el cuerpo experimenta placer, tambi\u00e9n se secreta cuando una mascota y su due\u00f1o experimentan interacciones positivas entre si?<\/p>\n<p>Entre m\u00e1s fuerte sea el v\u00ednculo entre la persona y su mascota, mayor es la posibilidad de que la persona secrete esta hormona, creando estados de felicidad y tambi\u00e9n de salud.<\/p>\n<p>Se encuentra comprobado que al tener una estrecha relaci\u00f3n con tu mascota e interactuar con esta regularmente, aparecen una serie de beneficios en tu vida. Por ejemplo, acariciar a una mascota por aproximadamente 10 minutos o m\u00e1s puede aliviar r\u00e1pidamente el estr\u00e9s cotidiano y bajar tu presi\u00f3n arterial. La compa\u00f1\u00eda de tu mascota tambi\u00e9n puede mejorar tu salud mental al evitar depresiones.<\/p>\n<p>Tus hijos tambi\u00e9n se ver\u00e1n beneficiados ya que varios estudios se\u00f1alan que los ni\u00f1os que han crecido con mascotas son m\u00e1s saludables, aquellos que han vivido con perros o gatos en su primer a\u00f1o de vida, presentan menores problemas de infecciones en sus o\u00eddos, problemas respiratorios, y alergias que los ni\u00f1os que no tienen mascotas.<\/p>\n<p>Estudios demuestran que las personas que cuidan de sus mascotas tambi\u00e9n podr\u00edan ser m\u00e1s saludables, a raz\u00f3n que al sacarlos a caminar o correr y tambi\u00e9n jugar activamente con ellos se hace ejercicio teniendo un impacto positivo en su cuerpo y mente. En particular se han demostrado beneficios de salud al disminuir la tasa de problemas cardiovasculares.<\/p>\n<p>Muy espec\u00edficamente los perros tambi\u00e9n pueden ayudar a las personas con ciertos problemas de salud como la epilepsia y el c\u00e1ncer, ya que ciertos perros se pueden entrenar a detectar estos problemas antes de que ocurran o justo en el momento en el cu\u00e1l se est\u00e1 comenzando.<a href=\"https:\/\/www.worldanimalprotection.cr\/noticias\/conoce-los-cuidados-que-necesita-tu-mascota-y-como-te-puedes-beneficiar-de-ellos\">https:\/\/www.worldanimalprotection.cr\/noticias\/conoce-los-cuidados-que-necesita-tu-mascota-y-como-te-puedes-beneficiar-de-ellos<\/a><\/p>\n<p><strong>A continuaci\u00f3n te listamos una serie de beneficios que podr\u00eda traer el cuidar de tus perros:\u00a0<\/strong><\/p>\n<ul>\n<li>Menos enfermedades<\/li>\n<li>M\u00e1s resistencia a las alergias<\/li>\n<li>Mayor felicidad.<\/li>\n<li>Un coraz\u00f3n saludable.<\/li>\n<li>M\u00e1s ejercicio.<\/li>\n<li>Vida social m\u00e1s activa.<\/li>\n<li>Disminuci\u00f3n del estr\u00e9s.<\/li>\n<\/ul>\n<p>Aqu\u00ed les dejo un enlace de un video muy lindo el cual le puede ense\u00f1ara \u00a0uno de los cuidados de las mascota. <iframe loading=\"lazy\" src=\"https:\/\/www.youtube.com\/embed\/LGLoXK_r0zM\" width=\"560\" height=\"315\" frameborder=\"0\" allowfullscreen=\"allowfullscreen\"><\/iframe><\/p>\n<p>Pero antes de cuidar a un perro en este caso deberia conocer un poco mas sobre ellos.<\/p>\n<table class=\"infobox aligncenter\" style=\"height: 707px\" width=\"259\">\n<tbody>\n<tr>\n<th class=\"cabecera\" colspan=\"3\">Perro<\/th>\n<\/tr>\n<tr>\n<td colspan=\"3\"><a class=\"image\" href=\"https:\/\/commons.wikimedia.org\/wiki\/File:Coat_types_3.jpg\"><img loading=\"lazy\" decoding=\"async\" src=\"https:\/\/upload.wikimedia.org\/wikipedia\/commons\/thumb\/e\/e3\/Coat_types_3.jpg\/250px-Coat_types_3.jpg\" alt=\"Coat types 3.jpg\" width=\"250\" height=\"272\" \/><\/a><\/td>\n<\/tr>\n<tr>\n<th colspan=\"3\"><a title=\"Estado de conservaci\u00f3n\" href=\"https:\/\/es.wikipedia.org\/wiki\/Estado_de_conservaci%C3%B3n\">Estado de conservaci\u00f3n<\/a><\/th>\n<\/tr>\n<tr>\n<td colspan=\"3\"><a title=\"Domesticaci\u00f3n\" href=\"https:\/\/es.wikipedia.org\/wiki\/Domesticaci%C3%B3n\">Domesticado<\/a><\/td>\n<\/tr>\n<tr>\n<th colspan=\"3\"><a title=\"Taxonom\u00eda\" href=\"https:\/\/es.wikipedia.org\/wiki\/Taxonom%C3%ADa\">Taxonom\u00eda<\/a><\/th>\n<\/tr>\n<tr>\n<th scope=\"row\"><a title=\"Reino (biolog\u00eda)\" href=\"https:\/\/es.wikipedia.org\/wiki\/Reino_(biolog%C3%ADa)\">Reino<\/a>:<\/th>\n<td colspan=\"2\"><a title=\"Animalia\" href=\"https:\/\/es.wikipedia.org\/wiki\/Animalia\">Animalia<\/a><\/td>\n<\/tr>\n<tr>\n<th scope=\"row\"><a title=\"Filo\" href=\"https:\/\/es.wikipedia.org\/wiki\/Filo\">Filo<\/a>:<\/th>\n<td colspan=\"2\"><a title=\"Chordata\" href=\"https:\/\/es.wikipedia.org\/wiki\/Chordata\">Chordata<\/a><\/td>\n<\/tr>\n<tr>\n<th scope=\"row\"><a title=\"Clase (biolog\u00eda)\" href=\"https:\/\/es.wikipedia.org\/wiki\/Clase_(biolog%C3%ADa)\">Clase<\/a>:<\/th>\n<td colspan=\"2\"><a title=\"Mammalia\" href=\"https:\/\/es.wikipedia.org\/wiki\/Mammalia\">Mammalia<\/a><\/td>\n<\/tr>\n<tr>\n<th scope=\"row\"><a title=\"Orden (biolog\u00eda)\" href=\"https:\/\/es.wikipedia.org\/wiki\/Orden_(biolog%C3%ADa)\">Orden<\/a>:<\/th>\n<td colspan=\"2\"><a title=\"Carnivora\" href=\"https:\/\/es.wikipedia.org\/wiki\/Carnivora\">Carnivora<\/a><\/td>\n<\/tr>\n<tr>\n<th scope=\"row\">Suborden:<\/th>\n<td colspan=\"2\"><a title=\"Caniformia\" href=\"https:\/\/es.wikipedia.org\/wiki\/Caniformia\">Caniformia<\/a><\/td>\n<\/tr>\n<tr>\n<th scope=\"row\"><a title=\"Familia (biolog\u00eda)\" href=\"https:\/\/es.wikipedia.org\/wiki\/Familia_(biolog%C3%ADa)\">Familia<\/a>:<\/th>\n<td colspan=\"2\"><a title=\"Canidae\" href=\"https:\/\/es.wikipedia.org\/wiki\/Canidae\">Canidae<\/a><\/td>\n<\/tr>\n<tr>\n<th scope=\"row\"><a title=\"G\u00e9nero (biolog\u00eda)\" href=\"https:\/\/es.wikipedia.org\/wiki\/G%C3%A9nero_(biolog%C3%ADa)\">G\u00e9nero<\/a>:<\/th>\n<td colspan=\"2\"><a title=\"Canis\" href=\"https:\/\/es.wikipedia.org\/wiki\/Canis\">Canis<\/a><\/td>\n<\/tr>\n<tr>\n<th scope=\"row\"><a title=\"Especie\" href=\"https:\/\/es.wikipedia.org\/wiki\/Especie\">Especie<\/a>:<\/th>\n<td colspan=\"2\"><a title=\"Canis lupus\" href=\"https:\/\/es.wikipedia.org\/wiki\/Canis_lupus\">C. lupus<\/a><\/td>\n<\/tr>\n<tr>\n<th scope=\"row\">Subespecie:<\/th>\n<td colspan=\"2\"><b>C. l. familiaris<\/b><\/td>\n<\/tr>\n<\/tbody>\n<\/table>\n<\/div>\n<p>El <b>perro<\/b> o <b>perro dom\u00e9stico<\/b> (<i><b>Canis lupus familiaris<\/b><\/i>)\u00a0o tambi\u00e9n llamado <b>can<\/b>\u00a0, es un <a title=\"Mammalia\" href=\"https:\/\/es.wikipedia.org\/wiki\/Mammalia\">mam\u00edfero<\/a> <a title=\"Carnivora\" href=\"https:\/\/es.wikipedia.org\/wiki\/Carnivora\">carn\u00edvoro<\/a> de la <a title=\"Familia (biolog\u00eda)\" href=\"https:\/\/es.wikipedia.org\/wiki\/Familia_(biolog%C3%ADa)\">familia<\/a> de los <a title=\"Canidae\" href=\"https:\/\/es.wikipedia.org\/wiki\/Canidae\">c\u00e1nidos<\/a>, que constituye una subespecie del <a title=\"Canis lupus\" href=\"https:\/\/es.wikipedia.org\/wiki\/Canis_lupus\">lobo<\/a> <i>(Canis lupus)<\/i>. \u00a0Su tama\u00f1o o talla, su forma y pelaje es muy diverso seg\u00fan la <a title=\"Raza de perro\" href=\"https:\/\/es.wikipedia.org\/wiki\/Raza_de_perro\">raza<\/a>. Posee un\u00a0<a title=\"O\u00eddo\" href=\"https:\/\/es.wikipedia.org\/wiki\/O%C3%ADdo\">o\u00eddo<\/a> y <a title=\"Olfato\" href=\"https:\/\/es.wikipedia.org\/wiki\/Olfato\">olfato<\/a> muy desarrollados, siendo este \u00faltimo su principal \u00f3rgano sensorial. En las razas peque\u00f1as puede alcanzar una longevidad de cerca de 20 a\u00f1os, con atenci\u00f3n esmerada por parte del propietario, de otra forma su vida en promedio es alrededor de los 15 a\u00f1os.<\/p>\n<h2><span id=\"Interacci.C3.B3n_con_los_humanos\" class=\"mw-headline\">Interacci\u00f3n con los humanos<\/span><\/h2>\n<div class=\"thumb tright\">\n<div class=\"thumbinner\"><a class=\"image\" href=\"https:\/\/commons.wikimedia.org\/wiki\/File:Hanging_18.jpg\"><img loading=\"lazy\" decoding=\"async\" class=\"thumbimage aligncenter\" src=\"https:\/\/upload.wikimedia.org\/wikipedia\/commons\/thumb\/c\/c3\/Hanging_18.jpg\/220px-Hanging_18.jpg\" alt=\"\" width=\"220\" height=\"151\" \/><\/a><\/p>\n<div class=\"thumbcaption\">\n<div class=\"magnify\"><\/div>\n<\/div>\n<\/div>\n<\/div>\n<p>Los perros dom\u00e9sticos han heredado una jerarqu\u00eda social y unos comportamientos sociales complejos de su antepasado, el\u00a0<a title=\"Canis lupus\" href=\"https:\/\/es.wikipedia.org\/wiki\/Canis_lupus\">lobo<\/a>. Son animales que viven en grupo, con un conjunto complejo de comportamientos que determinan la posici\u00f3n de cada perro en la jerarqu\u00eda social. Los perros presentan diversas posturas y otros medios de <a title=\"Comunicaci\u00f3n no verbal\" href=\"https:\/\/es.wikipedia.org\/wiki\/Comunicaci%C3%B3n_no_verbal\">comunicaci\u00f3n no verbal<\/a> que revelan su estado mental. Estas formas sofisticadas de <a title=\"Cognici\u00f3n social\" href=\"https:\/\/es.wikipedia.org\/wiki\/Cognici%C3%B3n_social\">cognici\u00f3n social<\/a> y comunicaci\u00f3n pueden explicar su adiestrabilidad, su gusto por el juego y su capacidad de integrarse en hogares y situaciones sociales humanas. Estos atributos han contribuido a que los perros creen una relaci\u00f3n \u00fanica con los humanos a pesar de ser predadores alfa potencialmente peligrosos.<\/p>\n<p>Aunque los expertos no est\u00e1n muy de acuerdo sobre los detalles de la domesticaci\u00f3n del perro, hay consenso que la interacci\u00f3n con los humanos jug\u00f3 un rol significativo en la formaci\u00f3n de la subespecie. Poco despu\u00e9s de la domesticaci\u00f3n, los perros estuvieron omnipresentes en las poblaciones humanas y se extendieron por el mundo. Los emigrantes de <a title=\"Siberia\" href=\"https:\/\/es.wikipedia.org\/wiki\/Siberia\">Siberia<\/a>probablemente atravesaron el <a title=\"Estrecho de Bering\" href=\"https:\/\/es.wikipedia.org\/wiki\/Estrecho_de_Bering\">estrecho de Bering<\/a> en compa\u00f1\u00eda de perros y algunos expertos sugieren que el uso de perros de trineo podr\u00eda haber sido vital para el \u00e9xito de las oleadas migratorias que llegaron a Norteam\u00e9rica hace unos 12\u00a0000 a\u00f1os.\u00a0Los perros fueron una parte esencial de la vida de la poblaci\u00f3n atabascana de <a class=\"mw-redirect\" title=\"Norteam\u00e9rica\" href=\"https:\/\/es.wikipedia.org\/wiki\/Norteam%C3%A9rica\">Norteam\u00e9rica<\/a>. En muchos grupos, el perro era el \u00fanico animal domesticado, y fue utilizado de nuevo por emigrantes atabascanos hace 1400 a\u00f1os, cuando cargaron gran parte de las provisiones en las migraciones de las tribus <a title=\"Apache\" href=\"https:\/\/es.wikipedia.org\/wiki\/Apache\">apaches<\/a> y <a title=\"Navajo\" href=\"https:\/\/es.wikipedia.org\/wiki\/Navajo\">navajos<\/a>. El uso de los perros como animales de carga en estas culturas a menudo continu\u00f3 despu\u00e9s de la introducci\u00f3n del <a class=\"mw-redirect\" title=\"Caballo\" href=\"https:\/\/es.wikipedia.org\/wiki\/Caballo\">caballo<\/a> en Norteam\u00e9rica.<\/p>\n<h3><span id=\"Interpretaci.C3.B3n_de_gestos_y_se.C3.B1ales_comunicativas_humanas\" class=\"mw-headline\">Interpretaci\u00f3n de gestos y se\u00f1ales comunicativas humanas<\/span><\/h3>\n<p>En los \u00faltimos a\u00f1os existe evidencia que sugiere que las <a title=\"Especie\" href=\"https:\/\/es.wikipedia.org\/wiki\/Especie\">especies<\/a> no-humanas pueden ser capaces de interpretar las acciones de otras especies.\u00a0En un estudio conducido por el <a title=\"Instituto Max Planck de Antropolog\u00eda Evolutiva\" href=\"https:\/\/es.wikipedia.org\/wiki\/Instituto_Max_Planck_de_Antropolog%C3%ADa_Evolutiva\">Instituto Max Planck de Antropolog\u00eda Evolutiva<\/a> en Alemania, se observ\u00f3 que los perros eran capaces de <a title=\"Inferencia\" href=\"https:\/\/es.wikipedia.org\/wiki\/Inferencia\">inferir<\/a>\u00a0la posibilidad de comida oculta observando el dedo de una persona, y siguiendo con la vista la direcci\u00f3n a donde apuntaba el dedo humano cuando se se\u00f1alaba el lugar en donde estaba oculto el alimento \u2014del cual hab\u00eda sido eliminado el olor para evitar que el animal usar\u00e1 su olfato\u2014. Contrario a los <a class=\"mw-redirect\" title=\"Pan (biolog\u00eda)\" href=\"https:\/\/es.wikipedia.org\/wiki\/Pan_(biolog%C3%ADa)\">simios de g\u00e9nero <i>Pan<\/i><\/a> que no reparaban ni en el se\u00f1alamiento, ni segu\u00edan con la vista la direcci\u00f3n en donde apuntaba el dedo humano. Una de las conclusiones que se extrajeron es que los perros han desarrollado una competencia espec\u00edfica en el seguimiento de gestos, se\u00f1ales e interpretaci\u00f3n de los patrones de comunicaci\u00f3n humana.<\/p>\n<h3><span id=\"Reproducci.C3.B3n\" class=\"mw-headline\">Reproducci\u00f3n<\/span><\/h3>\n<div class=\"thumb tleft\">\n<div class=\"thumbinner\"><a class=\"image\" href=\"https:\/\/commons.wikimedia.org\/wiki\/File:Wilde_huendin_am_stillen.jpg\"><img loading=\"lazy\" decoding=\"async\" class=\"thumbimage aligncenter\" src=\"https:\/\/upload.wikimedia.org\/wikipedia\/commons\/thumb\/a\/ae\/Wilde_huendin_am_stillen.jpg\/200px-Wilde_huendin_am_stillen.jpg\" alt=\"\" width=\"200\" height=\"138\" \/><\/a><\/p>\n<div class=\"thumbcaption\">\n<div class=\"magnify\"><\/div>\n<p>Una perra salvaje de Sri Lanka cuida sus cuatro cachorros.<\/p><\/div>\n<\/div>\n<\/div>\n<p>En los perros dom\u00e9sticos, la madurez sexual (<a title=\"Pubertad\" href=\"https:\/\/es.wikipedia.org\/wiki\/Pubertad\">pubertad<\/a>) comienza a producirse a la edad de entre seis y doce meses tanto en los machos como en las hembras,\u00a0aunque en algunas razas de gran tama\u00f1o puede retrasarse hasta la edad de dos a\u00f1os. La <a title=\"Adolescencia\" href=\"https:\/\/es.wikipedia.org\/wiki\/Adolescencia\">adolescencia<\/a> de la mayor\u00eda de los perros dura entre los doce y los quince meses de edad, a partir de los cuales ya son m\u00e1s adultos que cachorros. Como en el caso de otras especies domesticadas, la\u00a0<a title=\"Domesticaci\u00f3n\" href=\"https:\/\/es.wikipedia.org\/wiki\/Domesticaci%C3%B3n\">domesticaci\u00f3n<\/a> ha favorecido una mayor <a title=\"Libido\" href=\"https:\/\/es.wikipedia.org\/wiki\/Libido\">libido<\/a> y un ciclo de reproducci\u00f3n m\u00e1s temprano y frecuente en los perros que en sus antepasados salvajes. Los perros permanecen reproductivamente activos hasta edades avanzadas.<\/p>\n<p>Las hembras entran en <a class=\"mw-redirect mw-disambig\" title=\"Celo\" href=\"https:\/\/es.wikipedia.org\/wiki\/Celo\">celo<\/a> dos veces por a\u00f1o, durante el cual su cuerpo se prepara para la <a title=\"Gestaci\u00f3n\" href=\"https:\/\/es.wikipedia.org\/wiki\/Gestaci%C3%B3n\">gestaci\u00f3n<\/a> y al pico del cual entran en <a class=\"mw-redirect mw-disambig\" title=\"Celo\" href=\"https:\/\/es.wikipedia.org\/wiki\/Celo\">celo<\/a>, el per\u00edodo durante el cual est\u00e1n mentalmente y f\u00edsicamente receptivas a la <a class=\"mw-redirect\" title=\"Copulaci\u00f3n\" href=\"https:\/\/es.wikipedia.org\/wiki\/Copulaci%C3%B3n\">copulaci\u00f3n<\/a>. Como los <a title=\"\u00d3vulo\" href=\"https:\/\/es.wikipedia.org\/wiki\/%C3%93vulo\">\u00f3vulos<\/a> sobreviven y pueden ser fertilizados durante una semana despu\u00e9s de la ovulaci\u00f3n, es posible que una hembra se aparee con m\u00e1s de un macho.<\/p>\n<p>Las perras dan a luz 56-72 d\u00edas despu\u00e9s de ser <a title=\"Fecundaci\u00f3n\" href=\"https:\/\/es.wikipedia.org\/wiki\/Fecundaci%C3%B3n\">fertilizadas<\/a>,\u00a0con una media de 63 d\u00edas, aunque la duraci\u00f3n de la gestaci\u00f3n puede variar. Una camada promedio se compone de alrededor de seis <a class=\"mw-redirect\" title=\"Cachorros\" href=\"https:\/\/es.wikipedia.org\/wiki\/Cachorros\">cachorros<\/a>.\u00a0Las razas grandes tienen camadas m\u00e1s numerosas (un promedio de 8-12 cr\u00edas),<span style=\"font-size: 13.3333px;line-height: 20px\">\u00a0<\/span>las razas medianas de 6 a 7 cr\u00edas,<span style=\"font-size: 13.3333px;line-height: 20px\">\u00a0<\/span>y las <a class=\"mw-redirect\" title=\"Perro toy\" href=\"https:\/\/es.wikipedia.org\/wiki\/Perro_toy\">razas peque\u00f1as<\/a> de 2 a 4 cr\u00edas.<\/p>\n<p>Debido a la <a title=\"Los secretos del pedigr\u00ed\" href=\"https:\/\/es.wikipedia.org\/wiki\/Los_secretos_del_pedigr%C3%AD#Cambios_dr.C3.A1sticos\">cr\u00eda selectiva<\/a> algunas razas han adquirido rasgos que interfieren con la reproducci\u00f3n. Los machos de <a title=\"Bulldog franc\u00e9s\" href=\"https:\/\/es.wikipedia.org\/wiki\/Bulldog_franc%C3%A9s\">bulldog franc\u00e9s<\/a>, por ejemplo, son incapaces de montar la hembra. En la gran mayor\u00eda de casos, las hembras de esta raza deben ser <a title=\"Inseminaci\u00f3n artificial\" href=\"https:\/\/es.wikipedia.org\/wiki\/Inseminaci%C3%B3n_artificial\">inseminadas artificialmente<\/a> para que se reproduzcan y dar\u00e1n a luz a trav\u00e9s de<a title=\"Ces\u00e1rea\" href=\"https:\/\/es.wikipedia.org\/wiki\/Ces%C3%A1rea\">ces\u00e1rea<\/a>.<\/p>\n<h3><span id=\"Castraci.C3.B3n_y_esterilizaci.C3.B3n\" class=\"mw-headline\">Castraci\u00f3n y esterilizaci\u00f3n<\/span><\/h3>\n<p>&nbsp;<\/p>\n<div class=\"thumb tright\">\n<div class=\"thumbinner\"><a class=\"image\" href=\"https:\/\/commons.wikimedia.org\/wiki\/File:Puppies_Fighting.jpg\"><img loading=\"lazy\" decoding=\"async\" class=\"thumbimage aligncenter\" src=\"https:\/\/upload.wikimedia.org\/wikipedia\/commons\/thumb\/3\/3f\/Puppies_Fighting.jpg\/200px-Puppies_Fighting.jpg\" alt=\"\" width=\"200\" height=\"134\" \/><\/a><\/p>\n<div class=\"thumbcaption\">\n<div class=\"magnify\"><\/div>\n<p>Cachorros durante un juego de lucha para establecer su jerarqu\u00eda.<\/p><\/div>\n<\/div>\n<\/div>\n<p>La <a title=\"Esterilizaci\u00f3n (medicina)\" href=\"https:\/\/es.wikipedia.org\/wiki\/Esterilizaci%C3%B3n_(medicina)\">esterilizaci\u00f3n<\/a> es un proceso quir\u00fargico, que consiste normalmente en la extirpaci\u00f3n de los <a class=\"mw-redirect\" title=\"Test\u00edculos\" href=\"https:\/\/es.wikipedia.org\/wiki\/Test%C3%ADculos\">test\u00edculos<\/a> en los machos y los\u00a0<a title=\"Ovario\" href=\"https:\/\/es.wikipedia.org\/wiki\/Ovario\">ovarios<\/a> y <a title=\"\u00datero\" href=\"https:\/\/es.wikipedia.org\/wiki\/%C3%9Atero\">\u00fateros<\/a> en las <a class=\"mw-redirect\" title=\"Hembras\" href=\"https:\/\/es.wikipedia.org\/wiki\/Hembras\">hembras<\/a> y que se hace para eliminar la capacidad de reproducirse y reducir el deseo sexual de los perros. Debido a la sobrepoblaci\u00f3n de perros en algunos pa\u00edses, las asociaciones de control de los animales aconsejan esterilizar los perros que no se piense utilizar para criar, de manera que no tengan cachorros no deseados que deban matar.<\/p>\n<p>La esterilizaci\u00f3n tiene otros beneficios aparte de eliminar la capacidad de procrear. Reduce los problemas causados por la hipersexualidad, especialmente en los machos.\u00a0Las hembras esterilizadas tienen menos probabilidades de desarrollar ciertos tipos de c\u00e1ncer, que afectan a las <a title=\"Gl\u00e1ndula mamaria\" href=\"https:\/\/es.wikipedia.org\/wiki\/Gl%C3%A1ndula_mamaria\">gl\u00e1ndulas mamarias<\/a>, los <a title=\"Ovario\" href=\"https:\/\/es.wikipedia.org\/wiki\/Ovario\">ovarios<\/a> y otros \u00f3rganos reproductores.<\/p>\n<p>Tambi\u00e9n puede tener efectos m\u00e9dicos no deseados. Aumenta el riesgo de <a title=\"Incontinencia urinaria\" href=\"https:\/\/es.wikipedia.org\/wiki\/Incontinencia_urinaria\">incontinencia urinaria<\/a> en las hembras\u00a0y <a title=\"C\u00e1ncer de pr\u00f3stata\" href=\"https:\/\/es.wikipedia.org\/wiki\/C%C3%A1ncer_de_pr%C3%B3stata\">c\u00e1ncer de pr\u00f3stata<\/a> en los machos,\u00a0as\u00ed como de osteosarcoma, hemangiosarcoma, rotura del ligamento cruzado, obesidad y diabetes mellitus en ambos sexos.\u00a0Los cambios hormonales que implica la esterilizaci\u00f3n tienen una alta probabilidad de cambiar en cierta medida la personalidad y el<a title=\"Metabolismo\" href=\"https:\/\/es.wikipedia.org\/wiki\/Metabolismo\">metabolismo<\/a> del animal. Estudios recientes demuestran que los perros esterilizados en general son m\u00e1s agresivos hacia los humanos y otros perros y m\u00e1s miedosos y sensibles al tacto que los perros que no han sido esterilizados,\u00a0aunque los efectos var\u00edan de un perro a otro. La esterilizaci\u00f3n de animales muy j\u00f3venes puede causar m\u00e1s problemas de salud m\u00e1s adelante en la vida para ambos sexos.<\/p>\n<h3><span id=\"Alimentaci.C3.B3n\" class=\"mw-headline\">Alimentaci\u00f3n<\/span><\/h3>\n<p>Se suele alimentar al perro como si fuese un <a title=\"Omn\u00edvoro\" href=\"https:\/\/es.wikipedia.org\/wiki\/Omn%C3%ADvoro\">omn\u00edvoro<\/a>, deduci\u00e9ndose por ello que la mejor alimentaci\u00f3n es la que fabrica la industria que procesa los desechos del proceso productivo de otras f\u00e1bricas. En otras palabras: la comida seca o pienso canino. Dicho alimento se encuentra en una diversidad muy amplia de marcas y etapas que afirman favorece el correcto desarrollo canino.<\/p>\n<div class=\"thumb tright\">\n<div class=\"thumbinner\"><a class=\"image\" href=\"https:\/\/commons.wikimedia.org\/wiki\/File:Hundefutter.jpg\"><img loading=\"lazy\" decoding=\"async\" class=\"thumbimage\" src=\"https:\/\/upload.wikimedia.org\/wikipedia\/commons\/thumb\/4\/4f\/Hundefutter.jpg\/230px-Hundefutter.jpg\" alt=\"\" width=\"230\" height=\"173\" \/><\/a><\/p>\n<div class=\"thumbcaption\">\n<div class=\"magnify\"><\/div>\n<p>Carne cruda, alimento h\u00famedo y comida seca para perro en un recipiente.<\/p><\/div>\n<\/div>\n<\/div>\n<p>Sin embargo, tambi\u00e9n existe una tendencia dentro de los fabricantes de comida procesada de eliminar por completo los cereales y granos de sus formulaciones, produciendo piensos secos caninos basados mayoritariamente en porcentajes altos de prote\u00edna de origen animal.\u00a0Otras tendencias buscan a alimentar a los perros con <a title=\"Dieta BARF\" href=\"https:\/\/es.wikipedia.org\/wiki\/Dieta_BARF\">comida cruda<\/a> \u2014mayoritariamente carne\u2014, intentando imitar a la alimentaci\u00f3n natural de los c\u00e1nidos no-domesticados.<\/p>\n<p>Cuando se cambia de marca comercial, o tipo de alimentaci\u00f3n, debe ser de forma progresiva, evitando hacerlo de forma abrupta; los alimentos nuevos deben introducirse gradualmente en un plazo de por lo menos siete a diez d\u00edas, al cambiar la dieta, es conveniente ofrecer una cantidad menor del nuevo alimento ya que al sobrepasarse se pueden iniciar una serie de trastornos gastrointestinales, o tambi\u00e9n el rechazo de la nueva dieta.<\/p>\n<p>Un buen indicador de que el perro tiene una buena digesti\u00f3n y excelente absorci\u00f3n de nutrientes son las heces peque\u00f1as, firmes y oscuras, en cambio los vol\u00famenes grandes de heces p\u00e1lidas indican una absorci\u00f3n medianamente \u00f3ptima. Un perro sano y bien alimentado, mantendr\u00e1 un peso regular, pelaje brillante, y una actitud y actividad general din\u00e1micas.<\/p>\n<dl>\n<dt>Alimentos no recomendados para los perros<\/dt>\n<\/dl>\n<ul>\n<li><b><a title=\"Leche\" href=\"https:\/\/es.wikipedia.org\/wiki\/Leche\">Leche<\/a><\/b>: algunos perros, como algunas personas, presentan <a title=\"Intolerancia a la lactosa\" href=\"https:\/\/es.wikipedia.org\/wiki\/Intolerancia_a_la_lactosa\">intolerancia a la lactosa<\/a>. Es por ello que debe d\u00e1rseles con precauci\u00f3n, y, a la primera reacci\u00f3n adversa \u2014v\u00f3mitos, diarrea\u2014 suspenderla de inmediato.<\/li>\n<li><b><a title=\"Chocolate\" href=\"https:\/\/es.wikipedia.org\/wiki\/Chocolate\">Chocolate<\/a><\/b>: contiene una sustancia llamada <a title=\"Teobromina\" href=\"https:\/\/es.wikipedia.org\/wiki\/Teobromina\">teobromina<\/a> que causa intoxicaci\u00f3n en el organismo del perro y puede ser fatal en grandes dosis.<\/li>\n<li><b><a title=\"Comida basura\" href=\"https:\/\/es.wikipedia.org\/wiki\/Comida_basura\">Golosinas<\/a><\/b>: tales como frituras, caramelos, galletas; tienden a formar <a title=\"C\u00e1lculo dental\" href=\"https:\/\/es.wikipedia.org\/wiki\/C%C3%A1lculo_dental\">sarro<\/a> en la dentadura del perro. Adem\u00e1s los az\u00facares les hacen propensos a la <a class=\"mw-redirect\" title=\"Diabetes\" href=\"https:\/\/es.wikipedia.org\/wiki\/Diabetes\">diabetes<\/a>. Existen golosinas especiales para ellos que incluso protegen de la formaci\u00f3n de sarro.<\/li>\n<li><b>Huesos cocidos<\/b>: en especial los de <a class=\"mw-redirect\" title=\"Pollo\" href=\"https:\/\/es.wikipedia.org\/wiki\/Pollo\">pollo<\/a>. Al ser triturados por la mand\u00edbula del perro pueden formar esquirlas con puntas muy agudas, las cuales f\u00e1cilmente pueden perforar el <a title=\"Es\u00f3fago\" href=\"https:\/\/es.wikipedia.org\/wiki\/Es%C3%B3fago\">es\u00f3fago<\/a>, intestino o recto provocando hemorragias internas, infecci\u00f3n y consecuentemente mucho dolor.<\/li>\n<li><b>Alimentos o desperdicios caseros<\/b>: se deben evitar los alimentos muy condimentados, ya que los perros son especialmente sensibles a la sal, pimienta y chile. De igual forma se deben evitar los alimentos con exceso de grasa. Los desperdicios o restos de alimentos, normalmente poco frescos deben ser eliminados. No se debe permitir que coman restos hallados en la calle, pues podr\u00eda sufrir una <a title=\"Gastroenteritis\" href=\"https:\/\/es.wikipedia.org\/wiki\/Gastroenteritis\">gastroenteritis<\/a> infecciosa.<\/li>\n<li><b><a class=\"mw-redirect\" title=\"Tomate\" href=\"https:\/\/es.wikipedia.org\/wiki\/Tomate\">Tomate<\/a><\/b>: puede afectar el sistema digestivo del perro, por lo que no es recomendable.<\/li>\n<\/ul>\n","protected":false},"excerpt":{"rendered":"<p>Al cuidar de tu mascota puedes mejorar tu salud f\u00edsica y mental \u00bfSab\u00edas que la hormona Oxitocina, que se secreta cuando el cuerpo experimenta placer, tambi\u00e9n se secreta cuando una mascota y su due\u00f1o experimentan interacciones positivas entre si? Entre m\u00e1s fuerte sea el v\u00ednculo entre la persona y su mascota, mayor es la posibilidad [&hellip;]<\/p>\n","protected":false},"author":10609,"featured_media":0,"parent":0,"menu_order":0,"comment_status":"closed","ping_status":"open","template":"","meta":{"footnotes":""},"class_list":["post-2","page","type-page","status-publish","hentry"],"_links":{"self":[{"href":"https:\/\/blog.espol.edu.ec\/andreagudino\/wp-json\/wp\/v2\/pages\/2","targetHints":{"allow":["GET"]}}],"collection":[{"href":"https:\/\/blog.espol.edu.ec\/andreagudino\/wp-json\/wp\/v2\/pages"}],"about":[{"href":"https:\/\/blog.espol.edu.ec\/andreagudino\/wp-json\/wp\/v2\/types\/page"}],"author":[{"embeddable":true,"href":"https:\/\/blog.espol.edu.ec\/andreagudino\/wp-json\/wp\/v2\/users\/10609"}],"replies":[{"embeddable":true,"href":"https:\/\/blog.espol.edu.ec\/andreagudino\/wp-json\/wp\/v2\/comments?post=2"}],"version-history":[{"count":7,"href":"https:\/\/blog.espol.edu.ec\/andreagudino\/wp-json\/wp\/v2\/pages\/2\/revisions"}],"predecessor-version":[{"id":42,"href":"https:\/\/blog.espol.edu.ec\/andreagudino\/wp-json\/wp\/v2\/pages\/2\/revisions\/42"}],"wp:attachment":[{"href":"https:\/\/blog.espol.edu.ec\/andreagudino\/wp-json\/wp\/v2\/media?parent=2"}],"curies":[{"name":"wp","href":"https:\/\/api.w.org\/{rel}","templated":true}]}}