{"id":29,"date":"2016-10-23T21:36:54","date_gmt":"2016-10-23T21:36:54","guid":{"rendered":"http:\/\/blog.espol.edu.ec\/andreagudino\/?page_id=29"},"modified":"2016-10-26T19:59:21","modified_gmt":"2016-10-26T14:59:21","slug":"mascotas-poco-comunes","status":"publish","type":"page","link":"https:\/\/blog.espol.edu.ec\/andreagudino\/mascotas-poco-comunes\/","title":{"rendered":"Mascotas poco comunes"},"content":{"rendered":"<p>Yo una vez tuve una serpiente del ma\u00edz y no sabia como cuidarla, la quer\u00eda mucho pero tuve que regal\u00e1rsela a alguien que si sabia sobre ella por eso aqu\u00ed les dejo un link sobre como cuidar una serpiente como esta.<\/p>\n<h1 id=\"firstHeading\" class=\"firstHeading\">Elaphe guttatan o Serpiente del Ma\u00edz<\/h1>\n<p>La <b>serpiente del ma\u00edz<\/b> (<i><b>Elaphe guttata<\/b><\/i>) es una <a title=\"Serpentes\" href=\"https:\/\/es.wikipedia.org\/wiki\/Serpentes\">serpiente<\/a> de la <a title=\"Familia (biolog\u00eda)\" href=\"https:\/\/es.wikipedia.org\/wiki\/Familia_(biolog%C3%ADa)\">familia<\/a> <a title=\"Colubridae\" href=\"https:\/\/es.wikipedia.org\/wiki\/Colubridae\">Colubridae<\/a>.\u00a0Se llama serpiente del ma\u00edz porque es de pradera y los cultivos de <a class=\"mw-redirect\" title=\"Ma\u00edz\" href=\"https:\/\/es.wikipedia.org\/wiki\/Ma%C3%ADz\">ma\u00edz<\/a> son su lugar preferido, pues es una serpiente solitaria y no vive en hoyos sino en la planicie, y los matorrales del ma\u00edz son las mejores \u00e1reas para encontrar su alimento, protecci\u00f3n y escondite. Son populares en el mercado de mascotas, quiz\u00e1s por ser m\u00e1s peque\u00f1as y d\u00f3ciles que otras especies de serpientes y por no ser <a title=\"Veneno\" href=\"https:\/\/es.wikipedia.org\/wiki\/Veneno\">venenosas<\/a>.<\/p>\n<h2><span id=\"Cuidados_en_cautiverio\" class=\"mw-headline\">Cuidados en cautiverio<\/span><\/h2>\n<div class=\"thumb tright\">\n<div class=\"thumbinner\">\n<p><a class=\"image\" href=\"https:\/\/commons.wikimedia.org\/wiki\/File:Corn_snake_swallowing_cropped.jpg\"><img loading=\"lazy\" decoding=\"async\" class=\"thumbimage aligncenter\" src=\"https:\/\/upload.wikimedia.org\/wikipedia\/commons\/thumb\/4\/40\/Corn_snake_swallowing_cropped.jpg\/250px-Corn_snake_swallowing_cropped.jpg\" alt=\"\" width=\"250\" height=\"156\" \/><\/a><\/p>\n<div class=\"thumbcaption\">\n<div class=\"magnify\"><\/div>\n<p>Una Elaphe engullendo un rat\u00f3n.<\/p>\n<\/div>\n<\/div>\n<\/div>\n<p>Son populares en el mercado de mascotas, son conocidas por m\u00e1s peque\u00f1as y d\u00f3ciles que otras especies de serpientes. No son <a title=\"Veneno\" href=\"https:\/\/es.wikipedia.org\/wiki\/Veneno\">venenosas<\/a>, otra raz\u00f3n para explicar su adopci\u00f3n como mascota.<\/p>\n<p>Los <i>Elaphe<\/i> fueron las primeras serpientes en <a class=\"mw-redirect mw-disambig\" title=\"Cautiverio\" href=\"https:\/\/es.wikipedia.org\/wiki\/Cautiverio\">cautiverio<\/a>\u00a0por su naturaleza d\u00f3cil, f\u00e1cil de cuidar y amplia variedad de morfolog\u00edas, son las m\u00e1s comunes serpientes en el mercado de las mascotas.<\/p>\n<p>Como mascota, los juveniles <i>Elaphe<\/i> son alimentados con ratones rosas una o dos veces semanalmente, y los adultos pueden comer un roedor por semana. Las serpientes deben mantenerse con una T\u00ba de entre 21-25 en la zona fr\u00eda y 30\u00a0\u00b0C (de una l\u00e1mpara de calor o una manta t\u00e9rmica), y un ciclo de luz de 8 a 12 h por d\u00eda. Requieren poca humedad, entre 40 a 50\u00a0%, y buen lugar para permanecer y para ascensos. Ramas de \u00e1rboles son buenas como cama. Puede ser \u00fatil una bandeja de agua para los juveniles, asegurando que no sea mayor a la v\u00edbora, porque se puede lastimar debajo que \u00e9l.<\/p>\n<p>Las <i>E. guttata<\/i> y las otras especies de <i>Elaphe<\/i> cuando est\u00e1n en cautiverio se deben tener en un lugar de por lo menos 2 m\u00b3 y el contenedor debe tener una tapa segura. Una serpiente que quiere salir puede empujar contra la tapa o el cristal hasta que encuentre una apertura bastante grande para su cabeza; donde vaya su cabeza va su cuerpo. Algunas serpientes frotar\u00e1n constantemente su nariz contra la tapa del terrario en un esfuerzo de encontrar una salida. Las abrasiones que resultan se deben tratar con un ung\u00fcento antis\u00e9ptico y antibi\u00f3tico. Los mobiliarios en el recinto se deben entonces evaluar para proporcionar a un ambiente m\u00e1s natural.<\/p>\n<h2><span id=\"Especie_invasora_en_Espa.C3.B1a\" class=\"mw-headline\">Especie invasora en Espa\u00f1a<\/span><\/h2>\n<p>Debido a su potencial colonizador y constituir una amenaza grave para las especies aut\u00f3ctonas, los h\u00e1bitats o los ecosistemas, esta especie ha sido incluida en el Cat\u00e1logo Espa\u00f1ol de Especies ex\u00f3ticas Invasoras para Baleares, aprobado por Real Decreto 630\/2013, de 2 de agosto.<\/p>\n<p><img decoding=\"async\" class=\"aligncenter\" src=\"https:\/\/upload.wikimedia.org\/wikipedia\/commons\/thumb\/c\/c6\/Kornnatter.jpg\/250px-Kornnatter.jpg\" alt=\"Kornnatter.jpg\" \/><\/p>\n<p>Tambi\u00e9n tuve una tortuga, ella creci\u00f3 muy \u00a0linda pero al final tuve que liberarla porque ya \u00a0lo necesitaba sin embargo aprend\u00ed como cuidarla leyendo algunas paginas, y esta indica unos muy buenos consejos sobre como mantenerlas.<\/p>\n<p>&nbsp;<\/p>\n<h1 align=\"center\"><b>LAS TORTUGAS COMO MASCOTA<\/b><\/h1>\n<h2 align=\"center\"><b>Cuidados de las tortugas<\/b><\/h2>\n<p>&nbsp;<\/p>\n<h3><strong>\u00bfQu\u00e9 necesita una tortuga?<\/strong><\/h3>\n<p align=\"justify\">Antes de comprar la tortuga, primero debemos estar bien informados sobre sus necesidades y por lo tanto sobre los cuidados que necesita. Las tortugas, sean terrestres o acu\u00e1ticas, necesitan sol. En casa, ser\u00e1 necesaria la instalaci\u00f3n de luz especial. Algunas tortugas necesitan hibernar.<\/p>\n<p class=\"posttitle icon\">Es importante alimentar a la tortuga con una dieta variada, por lo que la comida preparada tiene que complementarse con alimentos frescos, para que reciba todos los minerales y vitaminas que necesita.<\/p>\n<p class=\"posttitle icon\">Si viajamos, deber\u00edamos dejar a la tortuga en casa para evitar causar <a href=\"http:\/\/www.botanical-online.com\/animales\/definicion_estres.htm\">estr\u00e9s<\/a> al animal.<\/p>\n<p>Si queremos iniciar la <a href=\"http:\/\/www.botanical-online.com\/animales\/reproduccion_reptiles.htm\">cr\u00eda<\/a>, es necesario cumplir con una serie de requisitos.<\/p>\n<p class=\"posttitle icon\"><strong>Diferencias entre una tortuga de tierra y una tortuga de agua<\/strong><\/p>\n<p class=\"posttitle icon\">Si un d\u00eda de estos encontramos en nuestro <a href=\"http:\/\/www.botanical-online.com\/mijardin.htm\" target=\"_parent\">jard\u00edn<\/a> una tortuga perdida y no podemos encontrar a su due\u00f1o, lo primero que deberemos hacer es determinar si se trata de una\u00a0<a href=\"http:\/\/www.botanical-online.com\/animales\/tortugas_tierra.htm\">tortuga terrestre<\/a> o acu\u00e1tica. Esta distinci\u00f3n es muy importante para ofrecerle a la tortuga un alojamiento y alimentaci\u00f3n adecuados.<\/p>\n<p>Si ofrecemos a la tortuga, una zona terrestre y una zona acu\u00e1tica en un mismo terrario, la tortuga terrestre permanece en tierra y nunca sumerge en el <a href=\"http:\/\/natura.botanical-online.com\/aiguacastella.htm\" target=\"_blank\">agua<\/a> el cuerpo y la cabeza durante largo tiempo. La <a href=\"http:\/\/www.botanical-online.com\/animales\/tortugas_agua.htm\">tortuga de agua<\/a> acude directamente al agua y permanece all\u00ed durante horas nadando y buceando.<\/p>\n<p align=\"center\"><span class=\"Parrafo\"><img loading=\"lazy\" decoding=\"async\" src=\"http:\/\/www.botanical-online.com\/material\/tortuga-falsa-mapa.jpg\" alt=\"tortuga falsa mapa\" width=\"385\" height=\"305\" \/><\/span><\/p>\n<p align=\"left\">El caparaz\u00f3n de una tortuga de tierra es abombado mientras que el de una tortuga de agua es m\u00e1s aplanado. Las patas de las tortugas de agua son muy planas y en forma de pala de remo recubiertas de una membrana delgada y el\u00e1stica. Las patas de las tortugas de tierra son c\u00f3nicas y tienen escamas gruesas.<\/p>\n<p>Seg\u00fan la <a href=\"http:\/\/www.botanical-online.com\/animales\/alimentacion_tortugas_acuaticas.htm\">alimentaci\u00f3n<\/a> de las tortugas, en general, las tortugas de tierra son <a href=\"http:\/\/www.botanical-online.com\/animales\/animales_herbivoros.htm\">herb\u00edvoras<\/a>y las de tortugas de agua son <a href=\"http:\/\/www.botanical-online.com\/animales\/animales_omnivoros.htm\">omn\u00edvoras<\/a> o <a href=\"http:\/\/www.botanical-online.com\/animales\/animales_carnivoros.htm\">carn\u00edvoras<\/a>.<\/p>\n<p><strong>Ventajas e inconvenientes de las tortugas<\/strong><\/p>\n<p>A pesar de lo que se cree, porque se venden mucho como mascotas para ni\u00f1os, las tortugas son <a href=\"http:\/\/natura.botanical-online.com\/estudiosanimales.htm\">animales<\/a> muy delicados y dif\u00edciles de cuidar. Casi el 90% de las tortuguitas vendidas no superan el primer a\u00f1o de vida. Para gozar de la compa\u00f1\u00eda de estos interesant\u00edsimos y bellos animales son necesarias atenciones constantes y es importante tambi\u00e9n conocer sus necesidades vitales y otras caracter\u00edsticas biol\u00f3gicas de la especie.<\/p>\n<p>A pesar de todo ello, las tortugas, a diferencia de otros animales de compa\u00f1\u00eda como el perro o el gato, no causan alergias a las personas. Tampoco sufren enfermedades que se transmitan a los humanos.<\/p>\n<h3 class=\"posttitle icon\"><strong>\u00bfC\u00f3mo diferenciar el sexo de una tortuga?<\/strong><\/h3>\n<p class=\"posttitle icon\">Cu\u00e1nto m\u00e1s joven sea la tortuga, m\u00e1s cuesta diferenciar saber si es macho o hembra. Ciertas tortugas acu\u00e1ticas macho se pueden distinguir claramente ya de peque\u00f1as por sus u\u00f1as delanteras que son visiblemente m\u00e1s largas que en las hembras.<\/p>\n<p>En muchas especies, los plastrones (o cara inferior del caparaz\u00f3n) de los machos son m\u00e1s c\u00f3ncavos que los plastrones de las hembras para facilitar la c\u00f3pula.<\/p>\n<p>Adem\u00e1s, normalmente, los machos tienen una <a href=\"http:\/\/www.botanical-online.com\/animales\/cola_animales.htm\">cola<\/a> m\u00e1s larga y de base m\u00e1s estrecha, con la cloaca (donde defeca y orina el animal) m\u00e1s desplazada hacia el extremo de la cola.<\/p>\n<p>Las hembras, adem\u00e1s, son m\u00e1s grandes que los machos.<\/p>\n<p>En algunas especies de tortugas, como la tortuga caja, se puede saber su sexo mirando el color de sus ojos.<\/p>\n<h3><strong>\u00bfD\u00f3nde viven las tortugas?<\/strong><\/h3>\n<p>Las tortugas viven sobre todo en las regiones tropicales y subtropicales de la Tierra porque necesitan calor para vivir al tratarse de reptiles. Existen algunas excepciones, como aquellas especies de tortugas que han conseguido adaptarse a la inestabilidad clim\u00e1tica de Norteam\u00e9rica o Europa. Estas tortugas hibernan durante los meses m\u00e1s fr\u00edos.<\/p>\n<p>El continente americano formado por Norteam\u00e9rica, Centroam\u00e9rica y Sudam\u00e9rica constituye una de las zonas del mundo donde habitan de forma salvaje m\u00e1s especies de tortugas distintas. Muchas especies de tortugas de agua, como la famosa tortuga de Florida, viven all\u00ed.<\/p>\n<p align=\"justify\">Las tortugas desarrollan su vida en h\u00e1bitats muy variados. Incluso existen tortugas que viven en los <a href=\"http:\/\/www.botanical-online.com\/animales\/animales_desierto.htm\">desiertos<\/a> o estepas, como la <a href=\"http:\/\/www.botanical-online.com\/animales\/tortugadeespolones.htm\">tortuga de espolones africana<\/a>.<\/p>\n<h3 class=\"posttitle icon\">\u00a0<strong>Cuidados de una tortuga durante las vacaciones<\/strong><\/h3>\n<p class=\"posttitle icon\" align=\"justify\">Las tortugas est\u00e1n muy a gusto en su entorno habitual, por lo que, si podemos, nunca las llevaremos de viaje con nosotros para evitar estresarlas. Como consecuencia, deberemos buscar una persona de confianza que cuida al animal durante nuestra ausencia.<\/p>\n<p class=\"posttitle icon\" align=\"justify\"><img decoding=\"async\" class=\"aligncenter\" src=\"https:\/\/encrypted-tbn3.gstatic.com\/images?q=tbn:ANd9GcQzWADPgATRKUqAeIIZnu2S9LGDSL-XQIZu1tL8eP6r5OHNGK1m\" alt=\"Resultado de imagen para tortugas mascota\" \/><\/p>\n<h3 class=\"posttitle icon\"><strong>Tortugas y otros animales<\/strong><\/h3>\n<p class=\"posttitle icon\" align=\"justify\">Nunca se debe dejar sin vigilancia una tortuga junto con otros <a href=\"http:\/\/www.botanical-online.com\/animales\/animales_compania.htm\">animales de compa\u00f1\u00eda<\/a>, puesto que la tortuga es una presa para un <a href=\"http:\/\/www.botanical-online.com\/animales\/perro.htm\">perro<\/a> o un <a href=\"http:\/\/www.botanical-online.com\/animales\/gato.htm\">gato<\/a>.<\/p>\n<p>Aunque un perro pueda aprender a respetar a la tortuga como miembro de su manada, fuera del control humano pueden producirse accidentes. A veces, tan solo el perro quiere jugar con la tortuga, pero incluso as\u00ed, puede herirla gravemente con sus garras si se trata de una tortuga joven. Los juegos de un gato tambi\u00e9n pueden ser una gran amenaza.<\/p>\n<p>Los <a href=\"http:\/\/www.botanical-online.com\/animales\/roedores.htm\">roedores<\/a>, como <a href=\"http:\/\/www.botanical-online.com\/animales\/cobaya.htm\">cobayas<\/a> o <a href=\"http:\/\/www.botanical-online.com\/animales\/hamster.htm\">h\u00e1msters<\/a>, pueden morder f\u00e1cilmente a una tortuga, lo que puede ser muy peligroso especialmente en tortugas j\u00f3venes.<\/p>\n<p>Las tortugas tienen g\u00e9rmenes que no afectan a las personas pero que para las<a href=\"http:\/\/www.botanical-online.com\/animales\/serpientes.htm\">serpientes<\/a> son mortales. Por ello, nunca mantendremos tortugas y serpientes juntas como medida de higiene. En instalaciones al aire libre, las tortugas j\u00f3venes pueden ser presa de <a href=\"http:\/\/www.botanical-online.com\/animales\/urraca.htm\">urracas<\/a>, <a href=\"http:\/\/www.botanical-online.com\/animales\/gaviota.htm\">gaviotas<\/a> o <a href=\"http:\/\/www.botanical-online.com\/animales\/cuervo.htm\">cuervos<\/a>.<\/p>\n<p><img decoding=\"async\" class=\"aligncenter\" src=\"https:\/\/encrypted-tbn0.gstatic.com\/images?q=tbn:ANd9GcTJR-GbZeR6SmHqTteJd7f6TR1B6yUl3qAC5wJi_OYqU6z8diui\" alt=\"Resultado de imagen para tortugas mascota\" \/><\/p>\n<h3 class=\"posttitle icon\"><strong>Tortugas y personas<\/strong><\/h3>\n<p class=\"posttitle icon\">Tocar a la tortuga, sacarla del terrario o llevarla en brazos continuamente le provoca miedo al animal, por lo que los padres tienen que ense\u00f1ar a sus hijos que una tortuga tiene unas exigencias que se deben respetar para garantizar su bienestar.<\/p>\n<p>Sin embargo, una tortuga puede llegar a acudir voluntariamente si se le ofrece en la mano algo apetitoso como por ejemplo algunas <a href=\"http:\/\/www.botanical-online.com\/florestipos.htm\" target=\"_blank\">flores<\/a> tiernas de <a href=\"http:\/\/www.botanical-online.com\/medicinalstaraxacumcastella.htm\" target=\"_blank\">diente de le\u00f3n<\/a>. Las tortugas acu\u00e1ticas pueden subir a la mano de su cuidador por propia iniciativa cuando conf\u00edan con \u00e9l.<\/p>\n<p>&nbsp;<\/p>\n<p><img decoding=\"async\" class=\"aligncenter\" src=\"http:\/\/l.yimg.com\/a\/i\/e1\/news4\/1020_tortuga_rb.jpg\" alt=\"Resultado de imagen para tortugas mascota\" \/><\/p>\n","protected":false},"excerpt":{"rendered":"<p>Yo una vez tuve una serpiente del ma\u00edz y no sabia como cuidarla, la quer\u00eda mucho pero tuve que regal\u00e1rsela a alguien que si sabia sobre ella por eso aqu\u00ed les dejo un link sobre como cuidar una serpiente como esta. Elaphe guttatan o Serpiente del Ma\u00edz La serpiente del ma\u00edz (Elaphe guttata) es una [&hellip;]<\/p>\n","protected":false},"author":10609,"featured_media":0,"parent":0,"menu_order":0,"comment_status":"closed","ping_status":"closed","template":"","meta":{"footnotes":""},"class_list":["post-29","page","type-page","status-publish","hentry"],"_links":{"self":[{"href":"https:\/\/blog.espol.edu.ec\/andreagudino\/wp-json\/wp\/v2\/pages\/29","targetHints":{"allow":["GET"]}}],"collection":[{"href":"https:\/\/blog.espol.edu.ec\/andreagudino\/wp-json\/wp\/v2\/pages"}],"about":[{"href":"https:\/\/blog.espol.edu.ec\/andreagudino\/wp-json\/wp\/v2\/types\/page"}],"author":[{"embeddable":true,"href":"https:\/\/blog.espol.edu.ec\/andreagudino\/wp-json\/wp\/v2\/users\/10609"}],"replies":[{"embeddable":true,"href":"https:\/\/blog.espol.edu.ec\/andreagudino\/wp-json\/wp\/v2\/comments?post=29"}],"version-history":[{"count":6,"href":"https:\/\/blog.espol.edu.ec\/andreagudino\/wp-json\/wp\/v2\/pages\/29\/revisions"}],"predecessor-version":[{"id":48,"href":"https:\/\/blog.espol.edu.ec\/andreagudino\/wp-json\/wp\/v2\/pages\/29\/revisions\/48"}],"wp:attachment":[{"href":"https:\/\/blog.espol.edu.ec\/andreagudino\/wp-json\/wp\/v2\/media?parent=29"}],"curies":[{"name":"wp","href":"https:\/\/api.w.org\/{rel}","templated":true}]}}