{"id":6,"date":"2016-10-17T17:56:06","date_gmt":"2016-10-17T17:56:06","guid":{"rendered":"http:\/\/blog.espol.edu.ec\/andreagudino\/?page_id=6"},"modified":"2016-10-26T19:56:41","modified_gmt":"2016-10-26T14:56:41","slug":"mi-primera-pagina","status":"publish","type":"page","link":"https:\/\/blog.espol.edu.ec\/andreagudino\/mi-primera-pagina\/","title":{"rendered":"Consejos B\u00e1sicos"},"content":{"rendered":"<blockquote>\n<ul>\n<li style=\"text-align: left\">Los animales no son juguetes, ni objetos, son seres que sienten y sufren. \u00a0Todas las\u00a0<strong><a href=\"http:\/\/intinetwork.tv\/10-preguntas-que-debes-hacerte-antes-de-adquirir-una-mascota\/\" target=\"_blank\">mascotas<\/a><\/strong> necesitan distintos cuidados, dependiendo del tipo de animal que sea y su raza. Ya sea un <strong><a href=\"http:\/\/intinetwork.tv\/10-cosas-que-a-tu-perro-no-le-gustan-y-debes-evitar-a-toda-costa-i\/\" target=\"_blank\">perro<\/a><\/strong>, <strong><a href=\"http:\/\/intinetwork.tv\/13-razones-que-demuestran-que-tener-gatos-es-bueno-para-la-salud\/\" target=\"_blank\">gato<\/a><\/strong>, iguana, h\u00e1mster o pez, cada uno requiere distinta atenci\u00f3n, por eso siempre es bueno consultar con un veterinario. Encuentra en este art\u00edculo algunos datos que te pueden gu\u00edar.\u00a0<strong>Al igual que un ni\u00f1o tu mascota necesita cuidados m\u00e9dicos desde sus primeras semanas de vida<\/strong>, de lo contrario pueden contagiarse de posibles par\u00e1sitos y\u00a0<strong><a href=\"http:\/\/intinetwork.tv\/siete-claves-para-un-hogar-mas-seguro-y-saludable\/\" target=\"_blank\">enfermedades<\/a><\/strong> que no solo\u00a0lo perjudican a \u00e9l sino tambi\u00e9n a tu familia, lo que significa que proteger a tu familia, es darle una buena salud a tu mascota.<strong>Aqu\u00ed te damos unos consejos b\u00e1sicos que debes de tener en cuenta a la hora de cuidar de tu mascota:<\/strong>&nbsp;\n<ul>\n<li>Dale un lugar seguro donde resguardarse del fr\u00edo y calor.<\/li>\n<li>Si es adulta, ll\u00e9vala a un chequeo anual con el veterinario. <strong>Los perros y los gatos deben ser vacunados una vez al a\u00f1o contra las enfermedades m\u00e1s comunes<\/strong> (rabia, distemper, parainfluenza, parvovirus, entre otras). En algunos casos espec\u00edficos se debe vacunar contra otras enfermedades, como en Brasil, en donde es recomendable la vacunaci\u00f3n contra la <a href=\"https:\/\/es.wikipedia.org\/wiki\/Leishmaniasis\" target=\"_blank\">Leishmania<\/a>.<\/li>\n<li>Todas las mascotas <strong>deben portar una placa de identificaci\u00f3n<\/strong> con su nombre y tu n\u00famero de tel\u00e9fono; esta simple acci\u00f3n puede salvar su vida.<\/li>\n<li>Tu veterinario recomendar\u00e1 qu\u00e9 tan seguido debes desparasitar a tu mascota. Es com\u00fan hacerlo a trav\u00e9s de la administraci\u00f3n de una pastilla cada tres meses.<strong>El tipo de desparasitaci\u00f3n depender\u00e1 de donde vives, ya que diferentes\u00a0<a href=\"http:\/\/intinetwork.tv\/12-remedios-naturales-para-eliminar-garrapatas\/\" target=\"_blank\">par\u00e1sitos<\/a> se pueden dar en diferentes lugares<\/strong>. Por ejemplo, es com\u00fan encontrar casos del gusano del coraz\u00f3n en lugares tropicales cerca de la playa.<\/li>\n<li><strong>Preg\u00fantale a tu veterinario cu\u00e1l r\u00e9gimen de control de par\u00e1sitos externos es el m\u00e1s indicado para tu mascota<\/strong>. Es com\u00fan utilizar pipetas con aceite en el pelaje del perro o el gato cada mes o hacer ba\u00f1os medicados. \u00a0As\u00ed, podr\u00e1s controlar las pulgas, garrapatas, \u00e1caros, etc.\u00a0 \u00a1Cuidado! No uses productos de perros en los gatos, pueden ser t\u00f3xicos.<\/li>\n<li>Como sociedad, <strong>todos tenemos la responsabilidad de que los animales de compa\u00f1\u00eda tengan la posibilidad real de encontrar un hogar con personas responsables, capaces de brindarles una vida digna<\/strong>, y por eso debes evitar el nacimiento de aquellos no deseados que de lo contrario terminar\u00e1n siendo\u00a0sacrificados, maltratados o abandonados. \u00a1Lleva a tu mascota a esterilizar!<\/li>\n<li>Limpia la caja de arena de tu gato al menos una vez al d\u00eda. Hay organismos particulares, como el Toxoplasma, que pueden ser evitados por completo si la limpieza se hace diariamente. Si est\u00e1s embarazada, usa guantes para limpiar la caja de arena.<\/li>\n<li>No dejes que tu mascota tome agua de cualquier sitio, en especial contaminada (ca\u00f1er\u00edas).<\/li>\n<li>Los perros y gatos <strong>necesitan ejercicio, esto los ayuda a gastar energ\u00eda y hacer menos travesuras<\/strong>. No olvides recoger sus excrementos\u00a0con una bolsita y tirarla a la basura, as\u00ed evitas la contaminaci\u00f3n.<\/li>\n<li>Las mascotas pueden aprender si los educas con amor, constancia y paciencia.<strong>No lo hacen con gritos ni golpes, son las acciones premiadas las repiten<\/strong>. Intenta con un premio o palabras amables cuando hagan algo bueno. Compra un juguete adecuado para que se mantengan ocupados cuando est\u00e9n solos.<\/li>\n<li>Lava tus manos constantemente: Especialmente despu\u00e9s de tener contacto con tu mascota y antes de comer. Ense\u00f1a a tus hijos a tener buenos h\u00e1bitos de aseo.<\/li>\n<li>Si tu mascota hace sus necesidades en el patio, utiliza zapatos para salir al jard\u00edn.<\/li>\n<\/ul>\n<p>&nbsp;<\/p>\n<p>No te olvides que una mascota saludable es un animal feliz, por lo tanto tu familia estar\u00e1 a salvo de la transmisi\u00f3n de enfermedades <a href=\"https:\/\/es.wikipedia.org\/wiki\/Zoonosis\" target=\"_blank\">zoon\u00f3ticas<\/a>.<\/p>\n<p><em><img loading=\"lazy\" decoding=\"async\" class=\"aligncenter size-medium wp-image-16\" src=\"http:\/\/blog.espol.edu.ec\/andreagudino\/files\/2016\/10\/logo-vacunacion-antirrabica-300x241.jpg\" alt=\"Vacunalos porque eso les hace bien\" width=\"300\" height=\"241\" srcset=\"https:\/\/blog.espol.edu.ec\/andreagudino\/files\/2016\/10\/logo-vacunacion-antirrabica-300x241.jpg 300w, https:\/\/blog.espol.edu.ec\/andreagudino\/files\/2016\/10\/logo-vacunacion-antirrabica-768x617.jpg 768w, https:\/\/blog.espol.edu.ec\/andreagudino\/files\/2016\/10\/logo-vacunacion-antirrabica.jpg 897w\" sizes=\"auto, (max-width: 300px) 100vw, 300px\" \/><\/em><\/li>\n<\/ul>\n<\/blockquote>\n<h1 class=\"tin fs42 nota-final-header-title\" style=\"text-align: left\">10 tips para proteger tu mascota<\/h1>\n<p class=\"paragraphWrapper\" style=\"text-align: left\">Las <a href=\"http:\/\/www.salud180.com\/salud-dia-a-dia\/calidad-de-vida\/actitud-positiva\/adoptar-una-mascota\" target=\"_blank\"><strong>mascotas <\/strong><\/a>pueden ser nuestros mejores amigos, porque nos brindan\u00a0<strong>compa\u00f1\u00eda<\/strong>, despiertan nuestros mejores instintos y forman parte de nuestra familia. Existen muchos tipos de mascotas que puedes adoptar, desde las m\u00e1s comunes (perros y gatos) hasta las m\u00e1s ex\u00f3ticas, como las serpientes o tar\u00e1ntulas.<\/p>\n<p style=\"text-align: left\">Dado que cada especie es diferente y exige una atenci\u00f3n distinta, te damos 10 consejos para proteger la salud de tu animal de compa\u00f1\u00eda, como los perros:<\/p>\n<p class=\"paragraphWrapper\" style=\"text-align: left\">\u00a01.- <strong>Evita cargarlo constantemente:<\/strong> Trata de resistir esta tentaci\u00f3n, porque su cuerpo es muy delicado. Si lo haces, primero coloca una mano sobre su parte posterior y otra bajo el pecho, lev\u00e1ntalo con ambas manos y mantenlo junto a tu cuerpo para que se sienta seguro.<\/p>\n<p class=\"paragraphWrapper\" style=\"text-align: left\">\u00a02.- <strong>Horario para sus necesidades: <\/strong>Establece una rutina regular de\u00a0<a href=\"http:\/\/www.salud180.com\/salud-a-z\/glosario\/nutricion\" target=\"_blank\"><strong>alimentaci\u00f3n<\/strong><\/a>; si se trata de un perro, s\u00e1calo de paseo con frecuencia para que haga sus necesidades, especialmente cuando se despierte. Si le ves caminar en c\u00edrculos o gimiendo cerca de la puerta, son signos seguros de que necesita salir al exterior r\u00e1pidamente. En el caso de los gatos, recuerda que ellos defecan en la arena, la cual debes cambiar cada 5 d\u00edas.<\/p>\n<p class=\"paragraphWrapper\" style=\"text-align: left\">3.-<strong> Cuida su higiene:<\/strong> El cepillado regular es esencial para los perros j\u00f3venes, debido a que elimina el pelo muerto, la suciedad y los <a href=\"http:\/\/www.salud180.com\/salud-a-z\/enfermedades\/parasito\" target=\"_blank\"><strong>par\u00e1sitos<\/strong><\/a>; adem\u00e1s, estimula el aporte de sangre hacia la <a href=\"http:\/\/www.salud180.com\/salud-a-z\/glosario\/piel\" target=\"_blank\"><strong>piel<\/strong><\/a>, lo que genera un pelaje de aspecto m\u00e1s sano y brillante. Utiliza un equipo especial para esta acci\u00f3n.<\/p>\n<p class=\"paragraphWrapper\" style=\"text-align: left\">\u00a0En cuanto al ba\u00f1o, hazlo s\u00f3lo cuando lo necesite, porque demasiados lavados pueden eliminar los aceites esenciales de la <a href=\"http:\/\/www.salud180.com\/salud-a-z\/glosario\/piel\" target=\"_blank\"><strong>piel<\/strong><\/a>, haci\u00e9ndola m\u00e1s mate y menos impermeable al agua. Para realizarlo, utiliza una ba\u00f1era o la regadera, agua templada y un champ\u00fa de calidad. Fr\u00f3talo, procurando que no le entre agua en los ojos y orejas. S\u00e9calo vigorosamente con una toalla y aseg\u00farate de que tu <strong><a href=\"http:\/\/www.salud180.com\/salud-dia-a-dia\/calidad-de-vida\/actitud-positiva\/adoptar-una-mascota\" target=\"_blank\">mascota<\/a>\u00a0<\/strong>est\u00e9 completamente seca.<\/p>\n<p class=\"paragraphWrapper\" style=\"text-align: left\">\u00a04.- <strong>Supervisa su dentici\u00f3n y masticaci\u00f3n: <\/strong>Para ayudar a que salgan todos los dientes y deje de morder los muebles, tu cachorro necesitar\u00e1 alg\u00fan objeto indestructible como puede ser un hueso de goma o una pelota para masticar. Aseg\u00farate de que estos productos tienen el tama\u00f1o adecuado para que no los pueda tragar. Evita los huesos de verdad, ya que pueden astillarse y asfixiarle. Para controlar el sarro y la placa dental, es aconsejable nutrirlo con un alimento seco, ya que le ayudar\u00e1 a aflojar los dientes de leche y acelerar as\u00ed el proceso de dentici\u00f3n. Si la boca de tu cachorro es muy sensible, ablanda la comida sumergi\u00e9ndola primero en agua.<\/p>\n<div class=\"img_share\" style=\"text-align: left\">\n<div class=\"img_share_box\"><\/div>\n<p><img loading=\"lazy\" decoding=\"async\" class=\"aligncenter\" src=\"http:\/\/www.salud180.com\/sites\/www.salud180.com\/files\/mascoe.jpg\" alt=\"\" width=\"254\" height=\"170\" \/><\/p>\n<\/div>\n<p class=\"paragraphWrapper\" style=\"text-align: left\">\u00a05.- <strong>Una correcta atenci\u00f3n sanitaria.<\/strong> Al adoptar una mascota, se debe tener un control de las visitas al especialista. En el caso de los cachorros, ellos son susceptibles a cualquier enfermedad contagiosa, por lo que es aconsejable realizar una visita temprana al veterinario. Las primeras vacunas se administrar\u00e1n ya a las 6-8 semanas de vida. Para una protecci\u00f3n completa, deber\u00e1s volver al veterinario para que \u00e9ste le administre varias inyecciones.<\/p>\n<p class=\"paragraphWrapper\" style=\"text-align: left\">\u00a06.- <strong>Dieta y ejercicio.<\/strong> Son vitales para el bienestar de tu <a href=\"http:\/\/www.salud180.com\/salud-dia-a-dia\/calidad-de-vida\/actitud-positiva\/adoptar-una-mascota\" target=\"_blank\"><strong>mascota<\/strong><\/a>, sobre todo si se trata de un perro o un gato. Al ser muy juguetones y en\u00e9rgicos, debes asegurarte de que realizan el <a href=\"http:\/\/www.salud180.com\/nutricion-y-ejercicio\/ejercicios\/aerobicos\/5-formas-para-ejercitarte-con-tu-perro\" target=\"_blank\"><strong>ejercicio <\/strong><\/a>adecuado. Tambi\u00e9n es el responsable de dar al animal la <strong>nutrici\u00f3n <\/strong>que necesite desde el principio.<\/p>\n<p class=\"paragraphWrapper\" style=\"text-align: left\">\u00a07.- <strong>Aprende a detectar enfermedades:<\/strong> A menudo, puedes pensar que tu mascota no se siente bien y una r\u00e1pida visita al veterinario te ayudar\u00e1 a confirmar que algo no marcha correctamente. Algunos s\u00edntomas son: p\u00e9rdida de apetito, rechazo del agua, disminuci\u00f3n o aumento s\u00fabito de <a href=\"http:\/\/www.salud180.com\/nutricion-y-ejercicio\/peso-ideal\" target=\"_blank\"><strong>peso<\/strong><\/a>, lentitud o rechazo a jugar, micciones frecuentes o escasas, heces con sangre o blandas, <a href=\"http:\/\/www.salud180.com\/salud-a-z\/enfermedades\/vomito\" target=\"_blank\"><strong>v\u00f3mitos<\/strong><\/a>, salivaci\u00f3n excesiva o <a href=\"http:\/\/www.salud180.com\/salud-a-z\/glosario\/respiracion\" target=\"_blank\"><strong>respiraci\u00f3n <\/strong><\/a>irregular.<\/p>\n<p class=\"paragraphWrapper\" style=\"text-align: left\">\u00a08.-<strong> Entr\u00e9nalo: <\/strong>A nadie le gusta un perro desobediente e incontrolado, por lo que al adoptarlo puedes iniciar con su entrenamiento. Una de las primeras cosas que deber\u00e1s hacer es que reconozca su nombre. Util\u00edzalo con tanta frecuencia como puedas para llamar su atenci\u00f3n: cuando le felicites y cuando le das de comer.<\/p>\n<div class=\"img_share\" style=\"text-align: left\">\n<div class=\"img_share_box\"><\/div>\n<p><img loading=\"lazy\" decoding=\"async\" class=\"aligncenter\" src=\"http:\/\/www.salud180.com\/sites\/www.salud180.com\/files\/masco.jpg\" alt=\"\" width=\"235\" height=\"157\" \/><\/p>\n<\/div>\n<p class=\"paragraphWrapper\" style=\"text-align: left\">9.- <strong>Identif\u00edcalo:<\/strong> Acostumbra a tu perro a llevar un collar blando desde el principio. Despu\u00e9s de un tiempo, a\u00f1ade una correa corta y ligera y d\u00e9jate llevar por \u00e9l sin tirar de ella durante algunos d\u00edas. El objetivo es acostumbrarle a caminar contigo sin que tire. Si corre, o se retrasa, un suave tir\u00f3n es todo lo que deber\u00e1s hacer. Qu\u00e9date cerca de \u00e9l para que no sienta deseos de soltarse.<\/p>\n<p class=\"paragraphWrapper\" style=\"text-align: left\">\u00a010.- <strong>Viajes con tu mascota: <\/strong>La vida puede ser muy complicada si no acostumbras a tu perro a viajar en coche. Primero, acost\u00fambrate a realizar peque\u00f1os trayectos de 5 a 10 minutos en d\u00edas alternos, y poco a poco aumenta la duraci\u00f3n de los viajes hasta que se sienta c\u00f3modo.<\/p>\n<p class=\"paragraphWrapper\" style=\"text-align: left\">\u00a0Cuando adoptas un cachorro, \u00e9ste estar\u00e1 inquieto y querr\u00e1 explorar su nuevo entorno. No lo dejes solo durante mucho tiempo, necesita tu atenci\u00f3n y afecto durante los primeros d\u00edas.<\/p>\n","protected":false},"excerpt":{"rendered":"<p>Los animales no son juguetes, ni objetos, son seres que sienten y sufren. \u00a0Todas las\u00a0mascotas necesitan distintos cuidados, dependiendo del tipo de animal que sea y su raza. Ya sea un perro, gato, iguana, h\u00e1mster o pez, cada uno requiere distinta atenci\u00f3n, por eso siempre es bueno consultar con un veterinario. Encuentra en este art\u00edculo [&hellip;]<\/p>\n","protected":false},"author":10609,"featured_media":0,"parent":0,"menu_order":0,"comment_status":"closed","ping_status":"closed","template":"","meta":{"footnotes":""},"class_list":["post-6","page","type-page","status-publish","hentry"],"_links":{"self":[{"href":"https:\/\/blog.espol.edu.ec\/andreagudino\/wp-json\/wp\/v2\/pages\/6","targetHints":{"allow":["GET"]}}],"collection":[{"href":"https:\/\/blog.espol.edu.ec\/andreagudino\/wp-json\/wp\/v2\/pages"}],"about":[{"href":"https:\/\/blog.espol.edu.ec\/andreagudino\/wp-json\/wp\/v2\/types\/page"}],"author":[{"embeddable":true,"href":"https:\/\/blog.espol.edu.ec\/andreagudino\/wp-json\/wp\/v2\/users\/10609"}],"replies":[{"embeddable":true,"href":"https:\/\/blog.espol.edu.ec\/andreagudino\/wp-json\/wp\/v2\/comments?post=6"}],"version-history":[{"count":11,"href":"https:\/\/blog.espol.edu.ec\/andreagudino\/wp-json\/wp\/v2\/pages\/6\/revisions"}],"predecessor-version":[{"id":46,"href":"https:\/\/blog.espol.edu.ec\/andreagudino\/wp-json\/wp\/v2\/pages\/6\/revisions\/46"}],"wp:attachment":[{"href":"https:\/\/blog.espol.edu.ec\/andreagudino\/wp-json\/wp\/v2\/media?parent=6"}],"curies":[{"name":"wp","href":"https:\/\/api.w.org\/{rel}","templated":true}]}}