{"id":44,"date":"2016-10-24T17:33:15","date_gmt":"2016-10-24T17:33:15","guid":{"rendered":"http:\/\/blog.espol.edu.ec\/andreateran\/?page_id=44"},"modified":"2016-10-24T17:33:15","modified_gmt":"2016-10-24T17:33:15","slug":"union-internacional-de-triatlon-pagina-oficial","status":"publish","type":"page","link":"https:\/\/blog.espol.edu.ec\/andreateran\/union-internacional-de-triatlon-pagina-oficial\/","title":{"rendered":"Uni\u00f3n Internacional de Triatlon (P\u00e1gina oficial)"},"content":{"rendered":"<p>La <a href=\"http:\/\/www.triathlon.org\/\"><b>Uni\u00f3n Internacional de Triatl\u00f3n<\/b><\/a> (en ingl\u00e9s, <i><b>International Triathlon Union<\/b><\/i>, o <b>ITU<\/b>) es la instituci\u00f3n mundial que se dedica a regular las normas del <a title=\"Triatl\u00f3n\" href=\"https:\/\/es.wikipedia.org\/wiki\/Triatl%C3%B3n\">triatl\u00f3n<\/a> a nivel competitivo, as\u00ed como de celebrar peri\u00f3dicamente competiciones y eventos en cada una de sus disciplinas.<\/p>\n<p>Fue fundada en 1989 en Avi\u00f1\u00f3n (Francia) y tiene su sede en Vancouver (Canad\u00e1). Cuenta en 2006 con 110 federaciones nacionales afiliadas. La presidenta es desde 2008 la espa\u00f1ola Marisol Casado Estupi\u00f1\u00e1n.<\/p>\n<p>Desde 1990 se ha enfrentado a la <a href=\"http:\/\/www.ironman.com\/#axzz4O1b0YP9z\">WTC<\/a>, empresa<br \/>\norganizadora del Ironman de Hawaii por una lucha de poder sobre el t\u00e9rmino \"triathlon\".<img loading=\"lazy\" decoding=\"async\" class=\"aligncenter size-medium wp-image-45\" src=\"http:\/\/blog.espol.edu.ec\/andreateran\/files\/2016\/10\/triathlon_w_rings_text-300x105.gif\" alt=\"ITU\" width=\"300\" height=\"105\" \/><img loading=\"lazy\" decoding=\"async\" class=\"aligncenter size-medium wp-image-46\" src=\"http:\/\/blog.espol.edu.ec\/andreateran\/files\/2016\/10\/descarga-300x144.png\" alt=\"WTC\" width=\"300\" height=\"144\" srcset=\"https:\/\/blog.espol.edu.ec\/andreateran\/files\/2016\/10\/descarga-300x144.png 300w, https:\/\/blog.espol.edu.ec\/andreateran\/files\/2016\/10\/descarga.png 324w\" sizes=\"auto, (max-width: 300px) 100vw, 300px\" \/><\/p>\n","protected":false},"excerpt":{"rendered":"<p>La Uni\u00f3n Internacional de Triatl\u00f3n (en ingl\u00e9s, International Triathlon Union, o ITU) es la instituci\u00f3n mundial que se dedica a regular las normas del triatl\u00f3n a nivel competitivo, as\u00ed como de celebrar peri\u00f3dicamente competiciones y eventos en cada una de sus disciplinas. Fue fundada en 1989 en Avi\u00f1\u00f3n (Francia) y tiene su sede en Vancouver [&hellip;]<\/p>\n","protected":false},"author":10611,"featured_media":0,"parent":0,"menu_order":0,"comment_status":"closed","ping_status":"closed","template":"","meta":{"footnotes":""},"class_list":["post-44","page","type-page","status-publish","hentry"],"_links":{"self":[{"href":"https:\/\/blog.espol.edu.ec\/andreateran\/wp-json\/wp\/v2\/pages\/44","targetHints":{"allow":["GET"]}}],"collection":[{"href":"https:\/\/blog.espol.edu.ec\/andreateran\/wp-json\/wp\/v2\/pages"}],"about":[{"href":"https:\/\/blog.espol.edu.ec\/andreateran\/wp-json\/wp\/v2\/types\/page"}],"author":[{"embeddable":true,"href":"https:\/\/blog.espol.edu.ec\/andreateran\/wp-json\/wp\/v2\/users\/10611"}],"replies":[{"embeddable":true,"href":"https:\/\/blog.espol.edu.ec\/andreateran\/wp-json\/wp\/v2\/comments?post=44"}],"version-history":[{"count":1,"href":"https:\/\/blog.espol.edu.ec\/andreateran\/wp-json\/wp\/v2\/pages\/44\/revisions"}],"predecessor-version":[{"id":47,"href":"https:\/\/blog.espol.edu.ec\/andreateran\/wp-json\/wp\/v2\/pages\/44\/revisions\/47"}],"wp:attachment":[{"href":"https:\/\/blog.espol.edu.ec\/andreateran\/wp-json\/wp\/v2\/media?parent=44"}],"curies":[{"name":"wp","href":"https:\/\/api.w.org\/{rel}","templated":true}]}}