{"id":53,"date":"2016-10-25T12:05:25","date_gmt":"2016-10-25T12:05:25","guid":{"rendered":"http:\/\/blog.espol.edu.ec\/andreateran\/?page_id=53"},"modified":"2016-10-25T12:06:14","modified_gmt":"2016-10-25T12:06:14","slug":"salinas-world-cup-2016","status":"publish","type":"page","link":"https:\/\/blog.espol.edu.ec\/andreateran\/salinas-world-cup-2016\/","title":{"rendered":"SALINAS WORLD CUP 2016"},"content":{"rendered":"<p>Esta fue la primera Copa Mundo organizada en Ecuador, en donde los mejores de cada pais se reunen para celebrar una gran competencia y demostrar sus habilidades. La competici\u00f3n es organizada por la Uni\u00f3n Internacional de Triatl\u00f3n.  Un total de 300 puntos se distribuyen entre los atletas, depende de la posici\u00f3n final que queden. Los puntos que ganan contribuyen en la clasificaci\u00f3n total del campeonato. Los puntos ganados en cada evento tambi\u00e9n cuentan para la clasificaci\u00f3n de los Juegos Ol\u00edmpicos. Un total de 100.000 d\u00f3lares se distrubuyen, por igual, entre los hombres y mujeres que ganan cada evento.<br \/>\nEsta competencia se realizo entre el 23 y 25 de Septiembre del presente a\u00f1o en Salinas, Santa Elena.A la prueba arribaron representantes de 37 naciones ya que ser\u00e1 el \u00fanico evento mundial de la especialidad que se realizar\u00e1 hasta el final de la temporada en Sudam\u00e9rica.<\/p>\n<p>Elite Women's Highlights<br \/>\n<iframe loading=\"lazy\" width=\"560\" height=\"315\" src=\"https:\/\/www.youtube.com\/embed\/DfyKn3aoCnU\" frameborder=\"0\" allowfullscreen><\/iframe><\/p>\n<p>Elite Men's Highlights<br \/>\n<iframe loading=\"lazy\" width=\"560\" height=\"315\" src=\"https:\/\/www.youtube.com\/embed\/V809Hq2dIg4\" frameborder=\"0\" allowfullscreen><\/iframe><\/p>\n<p>Los resultados de la Competencia se pueden ver en el siguiente link, en donde los mejores ubicados del Ecuador fueron Armando Matute, puesto 38, y Elizabeth Bravo, puesto 12.<br \/>\n<a href=\"http:\/\/www.triathlon.org\/results\/event\/2016_salinas_itu_triathlon_world_cup\" target=\"_blank\">http:\/\/www.triathlon.org\/results\/event\/2016_salinas_itu_triathlon_world_cup<\/a><\/p>\n","protected":false},"excerpt":{"rendered":"<p>Esta fue la primera Copa Mundo organizada en Ecuador, en donde los mejores de cada pais se reunen para celebrar una gran competencia y demostrar sus habilidades. La competici\u00f3n es organizada por la Uni\u00f3n Internacional de Triatl\u00f3n. Un total de 300 puntos se distribuyen entre los atletas, depende de la posici\u00f3n final que queden. Los [&hellip;]<\/p>\n","protected":false},"author":10611,"featured_media":0,"parent":0,"menu_order":0,"comment_status":"closed","ping_status":"closed","template":"","meta":{"footnotes":""},"class_list":["post-53","page","type-page","status-publish","hentry"],"_links":{"self":[{"href":"https:\/\/blog.espol.edu.ec\/andreateran\/wp-json\/wp\/v2\/pages\/53","targetHints":{"allow":["GET"]}}],"collection":[{"href":"https:\/\/blog.espol.edu.ec\/andreateran\/wp-json\/wp\/v2\/pages"}],"about":[{"href":"https:\/\/blog.espol.edu.ec\/andreateran\/wp-json\/wp\/v2\/types\/page"}],"author":[{"embeddable":true,"href":"https:\/\/blog.espol.edu.ec\/andreateran\/wp-json\/wp\/v2\/users\/10611"}],"replies":[{"embeddable":true,"href":"https:\/\/blog.espol.edu.ec\/andreateran\/wp-json\/wp\/v2\/comments?post=53"}],"version-history":[{"count":2,"href":"https:\/\/blog.espol.edu.ec\/andreateran\/wp-json\/wp\/v2\/pages\/53\/revisions"}],"predecessor-version":[{"id":55,"href":"https:\/\/blog.espol.edu.ec\/andreateran\/wp-json\/wp\/v2\/pages\/53\/revisions\/55"}],"wp:attachment":[{"href":"https:\/\/blog.espol.edu.ec\/andreateran\/wp-json\/wp\/v2\/media?parent=53"}],"curies":[{"name":"wp","href":"https:\/\/api.w.org\/{rel}","templated":true}]}}