{"id":81,"date":"2016-11-15T08:11:32","date_gmt":"2016-11-15T08:11:32","guid":{"rendered":"http:\/\/blog.espol.edu.ec\/andreazg\/?page_id=81"},"modified":"2016-11-15T08:11:32","modified_gmt":"2016-11-15T08:11:32","slug":"los-8-mejores-programas-de-cocina-de-la-historia","status":"publish","type":"page","link":"https:\/\/blog.espol.edu.ec\/andreazg\/los-8-mejores-programas-de-cocina-de-la-historia\/","title":{"rendered":"Los 8 mejores programas de cocina de la historia"},"content":{"rendered":"<div id=\"wrapper\">\n<div class=\"container layout3 \">\n<article id=\"post-84002\" class=\"post-84002 post type-post status-publish format-standard has-post-thumbnail hentry category-gourmet category-taste tag-shows-de-tv\">\n<figure><a class=\"post-gallery cboxElement\" href=\"https:\/\/thehappening.com\/wp-content\/uploads\/2016\/04\/programas-de-cocina.jpg\"><img loading=\"lazy\" decoding=\"async\" class=\"attachment-full size-full wp-post-image aligncenter\" src=\"https:\/\/i2.wp.com\/thehappening.com\/wp-content\/uploads\/2016\/04\/programas-de-cocina.jpg?fit=1024%2C694&amp;ssl=1\" alt=\"Los 8 mejores programas de cocina de la historia\" width=\"1024\" height=\"694\" \/><\/a><\/figure>\n<div class=\"note jpibfi_container\">\n<div class=\"post-share\"><\/div>\n<div class=\"txt\">\n<p>Dicen que en gustos se rompen g\u00e9neros, por eso existen todo tipo de programas de entretenimiento en la televisi\u00f3n. Pero un programa de cocina suele encantarle a cualquiera. Se puede tratar de un chef famoso el cual intenta mejorar peque\u00f1os locales hasta uno de alguien que decide ir a probar los mejores platillos del mundo.<\/p>\n<p>Con diferentes propuestas es como se muestra hoy en d\u00eda los programas de cocina. Incorporando elemento gastron\u00f3micos, tradiciones y platillos para chuparse los dedos. Se podr\u00eda decir que los chefs son las nuevas estrellas de la pantalla chica. Por eso te dejamos <a href=\"https:\/\/thehappening.com\/los-mejores-programas-cocina-la-historia\/#\">los 8 mejores programas de cocina de la historia<\/a>.<\/p>\n<p><strong>Kitchen Nightmares<\/strong><\/p>\n<p><img loading=\"lazy\" decoding=\"async\" class=\"alignnone size-large wp-image-84067 post-gallery\" src=\"https:\/\/i2.wp.com\/thehappening.com\/wp-content\/uploads\/2016\/04\/kitchen-nightmares.jpg?resize=620%2C420&amp;ssl=1\" alt=\"kitchen nightmares\" width=\"545\" height=\"369\" \/><\/p>\n<p>El chef Gordon Ramsay se dedica a m\u00e1s que solo atender sus restaurantes cinco estrellas. El programa se basa en que el va a restaurantes que est\u00e1n al punto de la quiebra para ayudarlos a que sean un de los mejores. Trabaja con la cocina y con la gente que trabaja en ella. Puede ser que se convierta en un \u00e9xito o tenga que cerrar sus puertas para siempre.<\/p>\n<p>&nbsp;<\/p>\n<p><strong>Hell\u2019s Kitchen<\/strong><\/p>\n<p><img loading=\"lazy\" decoding=\"async\" class=\"alignnone size-large wp-image-84068 post-gallery\" src=\"https:\/\/i1.wp.com\/thehappening.com\/wp-content\/uploads\/2016\/04\/hells-kitchen.jpg?resize=620%2C420&amp;ssl=1\" alt=\"hells kitchen\" width=\"545\" height=\"369\" \/><\/p>\n<p>Es un programa en el que tambi\u00e9n es estelar el chef Gordon Ramsay. En este caso el es el que juzga la comida de cocineros principiantes. Su forma de ser tan despiadado es lo que puede fascinar al p\u00fablico y hacer m\u00e1s interesante el programa.<\/p>\n<p><strong>Sin Reservas<\/strong><\/p>\n<p><img loading=\"lazy\" decoding=\"async\" class=\"alignnone size-large wp-image-84069 post-gallery\" src=\"https:\/\/i1.wp.com\/thehappening.com\/wp-content\/uploads\/2016\/04\/sin-reservas.jpg?resize=620%2C420&amp;ssl=1\" alt=\"sin reservas\" width=\"545\" height=\"369\" \/><\/p>\n<p>Viajando por todo el mundo. Anthony Bourdain encuentra la esencia de cada plato local. Se podr\u00eda ver como un espacio multicultural, en el cual el chef convive con los lugare\u00f1os para conocer los platillos m\u00e1s ricos y a la vez, diferentes. Adem\u00e1s que la cocina se conoce el entorno y la historia de ese lugar.<\/p>\n<p>&nbsp;<\/p>\n<p><strong>Bizarre Foods<\/strong><\/p>\n<p><img loading=\"lazy\" decoding=\"async\" class=\"alignnone size-large wp-image-84072 post-gallery\" src=\"https:\/\/i2.wp.com\/thehappening.com\/wp-content\/uploads\/2016\/04\/bizarre-foods.jpg?resize=620%2C420&amp;ssl=1\" alt=\"bizarre foods\" width=\"545\" height=\"369\" \/><\/p>\n<p>No es un programa en el cual se meta a una cocina y de sus recetas. Andrew Zimmern se encarga de encontrar ingredientes por todo el mundo capaces de convertirse en un platillo ex\u00f3tico. Ojos de borrego, corazones, patas, entre otras cosas ser\u00e1 lo que ver\u00e1s en alg\u00fan episodio.<\/p>\n<p><strong>Man vs. Food<\/strong><\/p>\n<p><img loading=\"lazy\" decoding=\"async\" class=\"alignnone size-large wp-image-84073 post-gallery\" src=\"https:\/\/i1.wp.com\/thehappening.com\/wp-content\/uploads\/2016\/04\/man-v-food.jpg?resize=620%2C420&amp;ssl=1\" alt=\"man v food\" width=\"545\" height=\"369\" \/><\/p>\n<p>Este programa no cuenta con un chef como tal, el estelar es el actor Adam Richman. En cada episodio se encarga de visitar una ciudad de Estados Unidos para conocer los restaurante m\u00e1s representativos de la zona. Se logra ver la gastronom\u00eda del lugar y en cada restaurante el actor de encarga de entrar al concurso de comer de ese restaurante.<\/p>\n<p>&nbsp;<\/p>\n<p><strong>Oliver Twist<\/strong><\/p>\n<p><img loading=\"lazy\" decoding=\"async\" class=\"alignnone size-large wp-image-84074 post-gallery\" src=\"https:\/\/i2.wp.com\/thehappening.com\/wp-content\/uploads\/2016\/04\/jamie-oliver.jpg?resize=620%2C420&amp;ssl=1\" alt=\"jamie oliver\" width=\"545\" height=\"369\" \/><\/p>\n<p>Es un cambio dr\u00e1stico en la tem\u00e1tica de un programa de cocina. Oliver invita a sus amigos a su departamento y prepara una cena para todos. Se le acompa\u00f1a desde cuando va a comprar lo ingredientes, hasta cuando prueban su cena. Se da la oportunidad de contestar las dudas de alguno de sus amigos.<\/p>\n<p><strong>Eat Street<\/strong><\/p>\n<p><img loading=\"lazy\" decoding=\"async\" class=\"alignnone size-large wp-image-84075 post-gallery\" src=\"https:\/\/i2.wp.com\/thehappening.com\/wp-content\/uploads\/2016\/04\/eat-st.jpg?resize=620%2C420&amp;ssl=1\" alt=\"eat st\" width=\"545\" height=\"369\" \/><\/p>\n<p>Es un programa de televisi\u00f3n producido en Canada. El comediante James Cunningham se encarga de hacer un tour por Estados Unidos buscando los mejores inventos en los <em>Food Trucks,\u00a0<\/em>Tambi\u00e9n creo una aplicaci\u00f3n que usa un GPS para decir que local de los que salen en el programa est\u00e1 m\u00e1s cerca de ti.<\/p>\n<p>&nbsp;<\/p>\n<p><strong>Rachel Ray Show<\/strong><\/p>\n<p><img loading=\"lazy\" decoding=\"async\" class=\"alignnone size-large wp-image-84076 post-gallery\" src=\"https:\/\/i2.wp.com\/thehappening.com\/wp-content\/uploads\/2016\/04\/rachel-ray.jpg?resize=620%2C420&amp;ssl=1\" alt=\"rachel ray\" width=\"545\" height=\"369\" \/><\/p>\n<p>Un programa donde Rachel Ray usa su libro de recetas para cocinar a nivel nacional. Ofrece un poco de\u00a0entretenimiento, informaci\u00f3n y gastronom\u00eda. A diferencia de otros programas, ella invita a celebridades para que le ayuden a cocinar el platillo de ese d\u00eda.<\/p>\n<\/div>\n<\/div>\n<footer class=\"cf\">\n<div class=\"newsletter-footer\">\n<form id=\"signup-form-single\" accept-charset=\"utf-8\" action=\"https:\/\/thehappening.com\/wp-admin\/admin-ajax.php\" method=\"POST\" name=\"signup-form-single\"><\/form>\n<\/div>\n<div class=\"post-tags\"><\/div>\n<div class=\"post-related\"><\/div>\n<\/footer>\n<\/article>\n<\/div>\n<\/div>\n<div id=\"footer\"><\/div>\n","protected":false},"excerpt":{"rendered":"<p>Dicen que en gustos se rompen g\u00e9neros, por eso existen todo tipo de programas de entretenimiento en la televisi\u00f3n. Pero un programa de cocina suele encantarle a cualquiera. Se puede tratar de un chef famoso el cual intenta mejorar peque\u00f1os locales hasta uno de alguien que decide ir a probar los mejores platillos del mundo. [&hellip;]<\/p>\n","protected":false},"author":10676,"featured_media":0,"parent":0,"menu_order":0,"comment_status":"closed","ping_status":"closed","template":"","meta":{"footnotes":""},"class_list":["post-81","page","type-page","status-publish","hentry"],"aioseo_notices":[],"_links":{"self":[{"href":"https:\/\/blog.espol.edu.ec\/andreazg\/wp-json\/wp\/v2\/pages\/81","targetHints":{"allow":["GET"]}}],"collection":[{"href":"https:\/\/blog.espol.edu.ec\/andreazg\/wp-json\/wp\/v2\/pages"}],"about":[{"href":"https:\/\/blog.espol.edu.ec\/andreazg\/wp-json\/wp\/v2\/types\/page"}],"author":[{"embeddable":true,"href":"https:\/\/blog.espol.edu.ec\/andreazg\/wp-json\/wp\/v2\/users\/10676"}],"replies":[{"embeddable":true,"href":"https:\/\/blog.espol.edu.ec\/andreazg\/wp-json\/wp\/v2\/comments?post=81"}],"version-history":[{"count":1,"href":"https:\/\/blog.espol.edu.ec\/andreazg\/wp-json\/wp\/v2\/pages\/81\/revisions"}],"predecessor-version":[{"id":85,"href":"https:\/\/blog.espol.edu.ec\/andreazg\/wp-json\/wp\/v2\/pages\/81\/revisions\/85"}],"wp:attachment":[{"href":"https:\/\/blog.espol.edu.ec\/andreazg\/wp-json\/wp\/v2\/media?parent=81"}],"curies":[{"name":"wp","href":"https:\/\/api.w.org\/{rel}","templated":true}]}}