{"id":86,"date":"2016-11-15T08:15:12","date_gmt":"2016-11-15T08:15:12","guid":{"rendered":"http:\/\/blog.espol.edu.ec\/andreazg\/?page_id=86"},"modified":"2016-11-15T08:15:12","modified_gmt":"2016-11-15T08:15:12","slug":"las-10-mejores-aplicaciones-de-cocina","status":"publish","type":"page","link":"https:\/\/blog.espol.edu.ec\/andreazg\/las-10-mejores-aplicaciones-de-cocina\/","title":{"rendered":"Las 10 mejores aplicaciones de cocina"},"content":{"rendered":"<hr \/>\n<blockquote><p>Te presento las mejores aplicaciones de recetas\u00a0para vuestro smartphone Android. Si disfrutas de la cocina\u00a0o, por el contrario, te\u00a0parece un martirio entrar en ella pero algo tendr\u00e1s que comer, ve preparando el delantal porque\u00a0estas aplicaciones te van a facilitar mucho la tarea.<\/p>\n<h2>1.\u00a0Canal Cocina<\/h2>\n<p>La aplicaci\u00f3n de Canal Cocina nos trae una pantalla de inicio donde podremos configurar los filtros de elecci\u00f3n de recetas. As\u00ed encontraremos m\u00e1s r\u00e1pido el plato a preparar en funci\u00f3n de los ingredientes o el tiempo. La ficha de la receta queda dividida\u00a0en pesta\u00f1as, as\u00ed como los ingredientes y la preparaci\u00f3n, con lo que no podremos conocer los detalles de un vistazo y es necesario cambiar de pesta\u00f1a.<\/p>\n<p>Encontraremos v\u00eddeos explicativos de cada receta, algo que se agradece mucho, ya que ayuda a saber exactamente qu\u00e9 hacer y c\u00f3mo hacerlo. Lo visual para mi gusto es siempre mejor y m\u00e1s did\u00e1ctico.<\/p>\n<p>La aplicaci\u00f3n es gratuita y la base de datos de recetas muy extensa, no tendr\u00e1s problemas para encontrar el plato adecuado para cada momento.<\/p>\n<p><a class=\"articleInstallApp\" href=\"https:\/\/play.google.com\/store\/apps\/details?id=com.canal.cocina&amp;referrer=utm_source%3DAndroidPIT%26utm_medium%3DAndroidPIT%26utm_campaign%3DAndroidPIT\" target=\"_blank\"><span class=\"articleInstallAppNotIcon\"><span class=\"articleInstallAppTitle\">Canal Cocina<\/span><img decoding=\"async\" src=\"http:\/\/static.androidpit.info\/img\/article\/google-play-install-es.png?v=2\" alt=\"Install on Google Play\" \/><\/span><\/a><\/p>\n<figure><img decoding=\"async\" src=\"https:\/\/fscl01.fonpit.de\/userfiles\/6626797\/image\/cocina-5-w628.jpg\" alt=\"cocina 5\" \/><figcaption>Fuente grande para ayudar a la lectura. \/ \u00a9 ANDROIDPIT<\/figcaption><\/figure>\n<h2>2.\u00a0Nestl\u00e9 Cocina<\/h2>\n<p>Si no queremos pensar en qu\u00e9 cocinar cada d\u00eda, Nestl\u00e9 Cocina es perfecta, ya que nos ofrece la receta del d\u00eda nada m\u00e1s abrirla, as\u00ed que si tenemos los ingredientes nos podemos lanzar a por ella. Agitando el tel\u00e9fono pasaremos a la siguiente receta recomendada, y no existe un bot\u00f3n, as\u00ed que s\u00ed o s\u00ed debemos agitar el smartphone. En la parte inferior de la aplicaci\u00f3n encontramos el men\u00fa para elegir entre v\u00eddeorecetas, men\u00fas enteros o promociones de la app.<\/p>\n<p>Incluye una lista de compra que podremos ir llenando, y abrirla en el momento de pisar el supermercado para no olvidar ning\u00fan ingrediente que necesitemos para nuestra pr\u00f3xima creaci\u00f3n culinaria.<\/p>\n<div id=\"ad_leadfull0_desktop\" class=\"idgGoogleAdTagAjax articleAd-banner desktopBanner\">\n<div id=\"google_ads_iframe_\/3467634\/Intl_v2\/\/news_3__container__\"><iframe title=\"3rd party ad content\" width=\"728\" height=\"90\" frameborder=\"0\"><\/iframe><\/div>\n<\/div>\n<p><a class=\"articleInstallApp\" href=\"https:\/\/play.google.com\/store\/apps\/details?id=com.mubiquo.nestlecocina&amp;referrer=utm_source%3DAndroidPIT%26utm_medium%3DAndroidPIT%26utm_campaign%3DAndroidPIT\" target=\"_blank\"><span class=\"articleInstallAppNotIcon\"><span class=\"articleInstallAppTitle\">Nestl\u00e9 Cocina. Recetas y Men\u00fas<\/span><img decoding=\"async\" src=\"http:\/\/static.androidpit.info\/img\/article\/google-play-install-es.png?v=2\" alt=\"Install on Google Play\" \/><\/span><\/a><\/p>\n<figure><img decoding=\"async\" src=\"https:\/\/fscl01.fonpit.de\/userfiles\/6626797\/image\/cocina-8-w628.jpg\" alt=\"cocina 8\" \/><figcaption>Puede ser dif\u00edcil de leer a veces. \/ \u00a9 ANDROIDPIT<\/figcaption><\/figure>\n<h2>3.\u00a0Recetario<\/h2>\n<p>Esta aplicaci\u00f3n de cocina funciona como una comunidad. Recetario tiene m\u00e1s de 50.000 usuarios registrados que cada d\u00eda comparten sus recetas con el resto. Su\u00a0interfaz de usuario bastante limpia y cuando abrimos la app\u00a0vamos a encontrar un men\u00fa donde podemos elegir el tipo de cocina que queremos hacer, por ejemplo, tradicional, con microondas, olla expr\u00e9s, Thermomix... Tras esto podemos elegir qu\u00e9 queremos cocinar: carne o pesado, arroces, ensaladas o postres. Adem\u00e1s tambi\u00e9n se pueden buscar recetas por nombre o ingrediente.<\/p>\n<p>Adem\u00e1s, tambi\u00e9n te permite a\u00f1adir nuevas recetas o tus creaciones culinarias con fotograf\u00edas, que puedes enviar por email o compartirlas con tus amigos en Facebook o con el resto de usuarios a trav\u00e9s de la comunidad. Ellos podr\u00e1n valorar y comentar tus recetas. Pero la mejor caracter\u00edstica, aparte de que es totalmente gratuita, es sin duda la funci\u00f3n de mantener la pantalla siempre encendida para que no tengas que tocarla con las manos llenas de grasa o harina.<\/p>\n<p><a class=\"articleInstallApp\" href=\"https:\/\/play.google.com\/store\/apps\/details?id=com.villy.recetario&amp;referrer=utm_source%3DAndroidPIT%26utm_medium%3DAndroidPIT%26utm_campaign%3DAndroidPIT\" target=\"_blank\"><span class=\"articleInstallAppNotIcon\"><span class=\"articleInstallAppTitle\">Recetario, recetas de cocina<\/span><img decoding=\"async\" src=\"http:\/\/static.androidpit.info\/img\/article\/google-play-install-es.png?v=2\" alt=\"Install on Google Play\" \/><\/span><\/a><\/p>\n<figure><img decoding=\"async\" src=\"https:\/\/fscl01.fonpit.de\/userfiles\/6970559\/image\/recetario-w782.jpg\" alt=\"recetas 3\" \/><figcaption>Red social de cocinitas \ud83d\ude42 \/ \u00a9 ANDROIDPIT<\/figcaption><\/figure>\n<h2>4.\u00a0\u00bfQu\u00e9 cocino hoy?<\/h2>\n<p>Es una aplicaci\u00f3n con una interfaz de usuario bastante sencilla que te permite realizar b\u00fasquedas por ingrediente o nombre de la receta. Esta aplicaci\u00f3n funciona reuniendo las mejores recetas de las mejores web de gastronom\u00eda. Lo mejor de \u00bfQu\u00e9 cocino hoy? es su sencillez y que puede explicar las recetas con bastante claridad. Adem\u00e1s ofrece la posibilidad de calcular la cantidad de ingredientes seg\u00fan el n\u00famero de personas que van a comer.<\/p>\n<p>La aplicaci\u00f3n se divide en dos partes. Por un lado, tenemos una lista con todas las recetas disponibles ordenadas de forma alfab\u00e9tica. Y por otro, en la parte derecha tenemos recetas sugeridas, por si no queremos pensar mucho, o la explicaci\u00f3n de la receta que hayamos seleccionado. \u00bfQu\u00e9 cocino hoy? es totalmente gratuita.<\/p>\n<p><a class=\"articleInstallApp\" href=\"https:\/\/play.google.com\/store\/apps\/details?id=air.QCHMOBILE&amp;referrer=utm_source%3DAndroidPIT%26utm_medium%3DAndroidPIT%26utm_campaign%3DAndroidPIT\" target=\"_blank\"><span class=\"articleInstallAppNotIcon\"><span class=\"articleInstallAppTitle\">Que cocino hoy? Recetas cocina<\/span><img decoding=\"async\" src=\"http:\/\/static.androidpit.info\/img\/article\/google-play-install-es.png?v=2\" alt=\"Install on Google Play\" \/><\/span><\/a><\/p>\n<figure><img decoding=\"async\" src=\"https:\/\/fscl01.fonpit.de\/userfiles\/7163026\/image\/febrero-2016\/cocino-hoy-w782.jpg\" alt=\"cocino hoy\" \/><figcaption>Sencilla y pr\u00e1ctica \/ \u00a9 ANDROIDPIT<\/figcaption><\/figure>\n<h2>5. Recetas para al\u00e9rgicos<\/h2>\n<p>El que no haya tenido un al\u00e9rgico sentado a su mesa no sabe lo que es un reto culinario. Gluten, frutos secos, pescados...La p\u00e1gina web\u00a0<a href=\"http:\/\/buenoysin.es\/\" target=\"_blank\">buenoysin<\/a>\u00a0especializada en recetas para intolerantes a la lactosa, y cualquier otro tipo de alergia, ha desarrollado su propia aplicaci\u00f3n para que puedas disfrutar de sus recetas desde tu smartphone. Las recetas se clasifican por alergias o intolerancias, por ejemplo, recetas sin huevo, recetas sin pescado, etc. La interfaz es sencilla y te permite guardar las recetas para que puedas consultarlas aun sin conexi\u00f3n a internet.<\/p>\n<div id=\"ad_leadfull1_desktop\" class=\"idgGoogleAdTagAjax articleAd-banner desktopBanner\">\n<div id=\"google_ads_iframe_\/3467634\/Intl_v2\/\/news_4__container__\"><iframe title=\"3rd party ad content\" width=\"728\" height=\"90\" frameborder=\"0\"><\/iframe><\/div>\n<\/div>\n<p><a class=\"articleInstallApp\" href=\"https:\/\/play.google.com\/store\/apps\/details?id=com.buenoysin&amp;referrer=utm_source%3DAndroidPIT%26utm_medium%3DAndroidPIT%26utm_campaign%3DAndroidPIT\" target=\"_blank\"><span class=\"articleInstallAppNotIcon\"><span class=\"articleInstallAppTitle\">Recetas para al\u00e9rgicos<\/span><img decoding=\"async\" src=\"http:\/\/static.androidpit.info\/img\/article\/google-play-install-es.png?v=2\" alt=\"Install on Google Play\" \/><\/span><\/a><\/p>\n<figure><img decoding=\"async\" src=\"https:\/\/fscl01.fonpit.de\/userfiles\/7163026\/image\/febrero-2016\/vegano-w782.png\" alt=\"vegano\" \/><figcaption>No m\u00e1s sustos en la mesa \/ \u00a9 ANDROIDPIT<\/figcaption><\/figure>\n<h2>6.\u00a0Cocina con poco<\/h2>\n<p>A trav\u00e9s de ella podr\u00e1s encontrar recetas econ\u00f3micas tanto actuales como las m\u00e1s tradicionales. Aplicaci\u00f3n ideal para aquellos que llevan un ritmo de vida m\u00e1s acelerado y prefieren gastar poco tiempo y poco dinero a la hora de cocinar. Lo mejor de esta aplicaci\u00f3n es, por un lado, que ofrece un apartado especial para celiacos, y que cada semana da a conocer los mejores vinos y licores, e, incluso, explica c\u00f3mo elaborarlos. Lo peor es que no tiene motor de b\u00fasquedas.<\/p>\n<p>Si eres un novato en el mundo de la cocina y quieres empezar poco a poco con recetas sencillas y muy bien explicadas, Cocina con poco es sin duda tu aplicaci\u00f3n.<\/p>\n<p><a class=\"articleInstallApp\" href=\"https:\/\/play.google.com\/store\/apps\/details?id=com.warting.blogg.wis_cocinaconpoco_feed_nu&amp;referrer=utm_source%3DAndroidPIT%26utm_medium%3DAndroidPIT%26utm_campaign%3DAndroidPIT\" target=\"_blank\"><span class=\"articleInstallAppNotIcon\"><span class=\"articleInstallAppTitle\">Cocina Con Poco<\/span><img decoding=\"async\" src=\"http:\/\/static.androidpit.info\/img\/article\/google-play-install-es.png?v=2\" alt=\"Install on Google Play\" \/><\/span><\/a><\/p>\n<figure><img decoding=\"async\" src=\"https:\/\/fscl01.fonpit.de\/userfiles\/6970559\/image\/cocinaconpoco-w782.jpg\" alt=\"recetas 3\" \/><figcaption>Claro, clar\u00edsimo \/ \u00a9 ANDROIDPIT<\/figcaption><\/figure>\n<h2>7.\u00a0Elle Gourmet<\/h2>\n<p>Esta aplicaci\u00f3n\u00a0proviene de la revista del mismo nombre. Se centra m\u00e1s en platos de alta cocina, dejando la cocina m\u00e1s tradicional a un lado. Alta cocina no quiere decir que no sean platos sencillos. M\u00e1s de 6.000 recetas est\u00e1n a tu disposici\u00f3n con esta app.<\/p>\n<p>Trae un buscador interno, con lo que podr\u00e1s encontrar recetas, ya sea por ingrediente, por tipo de plato o por tipo de cocina. Incluye el buscados SOS, a trav\u00e9s de la\u00a0cual solo\u00a0dices qu\u00e9 tienes en tu nevera y la aplicaci\u00f3n te sugerir\u00e1 qu\u00e9 puedes cocinar.<\/p>\n<p>En favoritos podr\u00e1s tener tus platos preferidos, as\u00ed como recetas organizadas por tipos de plato y enviar las recetas que m\u00e1s te gustan a tus contactos.<\/p>\n<p><a class=\"articleInstallApp\" href=\"https:\/\/play.google.com\/store\/apps\/details?id=es.planetmedia.ellegourmet&amp;referrer=utm_source%3DAndroidPIT%26utm_medium%3DAndroidPIT%26utm_campaign%3DAndroidPIT\" target=\"_blank\"><span class=\"articleInstallAppNotIcon\"><span class=\"articleInstallAppTitle\">ELLE GOURMET recetas comida<\/span><img decoding=\"async\" src=\"http:\/\/static.androidpit.info\/img\/article\/google-play-install-es.png?v=2\" alt=\"Install on Google Play\" \/><\/span><\/a><\/p>\n<figure><img decoding=\"async\" src=\"https:\/\/fscl01.fonpit.de\/userfiles\/6626797\/image\/recetas-5-w782.png\" alt=\"recetas 5\" \/><figcaption>\u00bfSalsa de cava y mantequilla? \/ \u00a9 ANDROIDPIT<\/figcaption><\/figure>\n<h2>8.\u00a0Recetas Thermomix<\/h2>\n<p>Para los amantes de este robot de cocina hay una recopilaci\u00f3n de recetas en esta aplicaci\u00f3n tan pr\u00e1ctica. Las recetas est\u00e1n explicadas para ser cocinadas con la Thermomix. Tiene un recetario de unas 250 recetas y tambi\u00e9n dispone de algunas recopilaciones por temas. Desde el men\u00fa\u00a0se puede acceder tambi\u00e9n al podcast La Cocina Perfecta para amenizar las esperas entre paso y paso<\/p>\n<p><a class=\"articleInstallApp\" href=\"https:\/\/play.google.com\/store\/apps\/details?id=com.recetas.thermomix&amp;referrer=utm_source%3DAndroidPIT%26utm_medium%3DAndroidPIT%26utm_campaign%3DAndroidPIT\" target=\"_blank\"><span class=\"articleInstallAppNotIcon\"><span class=\"articleInstallAppTitle\">Recetas Thermomix<\/span><img decoding=\"async\" src=\"http:\/\/static.androidpit.info\/img\/article\/google-play-install-es.png?v=2\" alt=\"Install on Google Play\" \/><\/span><\/a><\/p>\n<figure><img decoding=\"async\" src=\"https:\/\/fscl01.fonpit.de\/userfiles\/6970559\/image\/recetas-thermomix2-w782.jpg\" alt=\"recetas thermomix\" \/><figcaption>M\u00e1s ideas para la Themomix \/ \u00a9 ANDROIDPIT<\/figcaption><\/figure>\n<h2>9. Postres<\/h2>\n<p>Esta es la mejor forma de acabar un men\u00fa completo. La aplicaci\u00f3n te ofrece miles de sugerencias para acabar de forma dulce esa comida o cena perfecta que hab\u00edas preparado. Organiza las recetas por orden alfab\u00e9tico, pero te da la opci\u00f3n de crear\u00a0una lista con tus postres favoritos, de tal manera que no tendr\u00e1s que buscarlos de nuevo cada vez que quieras cocinarlos.<\/p>\n<p>Cada receta incluye una fotograf\u00eda, as\u00ed como los ingredientes necesarios y una explicaci\u00f3n de la elaboraci\u00f3n. A su vez, podr\u00e1s compartir las recetas con tus contactos. La aplicaci\u00f3n es gratuita para Android.<\/p>\n<p><a class=\"articleInstallApp\" href=\"https:\/\/play.google.com\/store\/apps\/details?id=com.postres.recetas.dulces&amp;referrer=utm_source%3DAndroidPIT%26utm_medium%3DAndroidPIT%26utm_campaign%3DAndroidPIT\" target=\"_blank\"><span class=\"articleInstallAppNotIcon\"><span class=\"articleInstallAppTitle\">Postres<\/span><img decoding=\"async\" src=\"http:\/\/static.androidpit.info\/img\/article\/google-play-install-es.png?v=2\" alt=\"Install on Google Play\" \/><\/span><\/a><\/p>\n<figure><img decoding=\"async\" src=\"https:\/\/fscl01.fonpit.de\/userfiles\/6626797\/image\/recetas-3-w628.jpg\" alt=\"recetas 3\" \/><figcaption>Qu\u00e9 postre m\u00e1s raro, \u00bfno? \/ \u00a9 ANDROIDPIT<\/figcaption><\/figure>\n<h2>10.\u00a0SOS Cocktail<\/h2>\n<p>Cada comida necesita una bebida que la complemente, y SOS Cocktail te ofrece much\u00edsimas para que las prepares de forma sencilla. Est\u00e1n ordenadas por ingrediente, nombre, categor\u00eda o incluso color, as\u00ed puedes buscar r\u00e1pido el cocktail que sirva de colof\u00f3n a esa cena con amigos. Tambi\u00e9n puedes dejar que la aplicaci\u00f3n decida por ti gracias al modo aleatorio.<\/p>\n<p>Es muy interesante la opci\u00f3n 'Mi Bar', donde indicas qu\u00e9 ingredientes tienes y te sugiere los cocktails que puedes preparar con ellos. Te indica qu\u00e9 falta para cada cocktail, para que puedas crear tu propia lista de la compra y que no te olvides nada.\u00a0La aplicaci\u00f3n es gratuita para Android.<\/p>\n<p><a class=\"articleInstallApp\" href=\"https:\/\/play.google.com\/store\/apps\/details?id=com.redaBenh.SosCocktail&amp;referrer=utm_source%3DAndroidPIT%26utm_medium%3DAndroidPIT%26utm_campaign%3DAndroidPIT\" target=\"_blank\"><span class=\"articleInstallAppNotIcon\"><span class=\"articleInstallAppTitle\">SOS Coctel-bebidas y cocteles<\/span><img decoding=\"async\" src=\"http:\/\/static.androidpit.info\/img\/article\/google-play-install-es.png?v=2\" alt=\"Install on Google Play\" \/><\/span><\/a><\/p>\n<figure><figcaption>Interfaz b\u00e1sica y sencilla. \/ \u00a9 ANDROIDPIT<\/figcaption><\/figure>\n<p>Por supuesto, si se os ocurre alguna aplicaci\u00f3n m\u00e1s o conoc\u00e9is alguna mejor, no dud\u00e9is en dejar alg\u00fan comentario. Por lo dem\u00e1s, yo solo tengo que decir que de todas\u00a0estas la m\u00e1s imprescindible para m\u00ed es el reloj de cocina, es mi fiel aliado para luchar contra mi despiste y evitar que se me quemen las lentejas. Para las aplicaciones de recetas, ya sabes, sobre gustos no hay nada escrito.<\/p>\n<p>\u00bfQu\u00e9 aplicaci\u00f3n para cocinar usas t\u00fa?<\/p><\/blockquote>\n","protected":false},"excerpt":{"rendered":"<p>Te presento las mejores aplicaciones de recetas\u00a0para vuestro smartphone Android. Si disfrutas de la cocina\u00a0o, por el contrario, te\u00a0parece un martirio entrar en ella pero algo tendr\u00e1s que comer, ve preparando el delantal porque\u00a0estas aplicaciones te van a facilitar mucho la tarea. 1.\u00a0Canal Cocina La aplicaci\u00f3n de Canal Cocina nos trae una pantalla de inicio [&hellip;]<\/p>\n","protected":false},"author":10676,"featured_media":0,"parent":0,"menu_order":0,"comment_status":"closed","ping_status":"closed","template":"","meta":{"footnotes":""},"class_list":["post-86","page","type-page","status-publish","hentry"],"aioseo_notices":[],"_links":{"self":[{"href":"https:\/\/blog.espol.edu.ec\/andreazg\/wp-json\/wp\/v2\/pages\/86","targetHints":{"allow":["GET"]}}],"collection":[{"href":"https:\/\/blog.espol.edu.ec\/andreazg\/wp-json\/wp\/v2\/pages"}],"about":[{"href":"https:\/\/blog.espol.edu.ec\/andreazg\/wp-json\/wp\/v2\/types\/page"}],"author":[{"embeddable":true,"href":"https:\/\/blog.espol.edu.ec\/andreazg\/wp-json\/wp\/v2\/users\/10676"}],"replies":[{"embeddable":true,"href":"https:\/\/blog.espol.edu.ec\/andreazg\/wp-json\/wp\/v2\/comments?post=86"}],"version-history":[{"count":1,"href":"https:\/\/blog.espol.edu.ec\/andreazg\/wp-json\/wp\/v2\/pages\/86\/revisions"}],"predecessor-version":[{"id":90,"href":"https:\/\/blog.espol.edu.ec\/andreazg\/wp-json\/wp\/v2\/pages\/86\/revisions\/90"}],"wp:attachment":[{"href":"https:\/\/blog.espol.edu.ec\/andreazg\/wp-json\/wp\/v2\/media?parent=86"}],"curies":[{"name":"wp","href":"https:\/\/api.w.org\/{rel}","templated":true}]}}