{"id":2,"date":"2013-11-04T15:47:44","date_gmt":"2013-11-04T15:47:44","guid":{"rendered":"http:\/\/blog.espol.edu.ec\/andresfernando4\/?page_id=2"},"modified":"2013-11-17T18:47:32","modified_gmt":"2013-11-17T18:47:32","slug":"pagina-ejemplo","status":"publish","type":"page","link":"https:\/\/blog.espol.edu.ec\/andresfernando4\/pagina-ejemplo\/","title":{"rendered":"M\u00e1s acerca de Andr\u00e9s Infante"},"content":{"rendered":"<p><a href=\"http:\/\/blog.espol.edu.ec\/andresfernando4\/files\/2013\/11\/yo-con.jpg\"><img loading=\"lazy\" decoding=\"async\" class=\"size-medium wp-image-53 aligncenter\" alt=\"Andres Infante\" src=\"http:\/\/blog.espol.edu.ec\/andresfernando4\/files\/2013\/11\/yo-con-300x225.jpg\" width=\"300\" height=\"225\" srcset=\"https:\/\/blog.espol.edu.ec\/andresfernando4\/files\/2013\/11\/yo-con-300x225.jpg 300w, https:\/\/blog.espol.edu.ec\/andresfernando4\/files\/2013\/11\/yo-con.jpg 960w\" sizes=\"auto, (max-width: 300px) 100vw, 300px\" \/><\/a><\/p>\n<p><a href=\"http:\/\/blog.espol.edu.ec\/andresfernando4\/files\/2013\/11\/261020136380.jpg\"><img loading=\"lazy\" decoding=\"async\" class=\"size-medium wp-image-54 aligncenter\" alt=\"261020136380\" src=\"http:\/\/blog.espol.edu.ec\/andresfernando4\/files\/2013\/11\/261020136380-300x168.jpg\" width=\"300\" height=\"168\" srcset=\"https:\/\/blog.espol.edu.ec\/andresfernando4\/files\/2013\/11\/261020136380-300x168.jpg 300w, https:\/\/blog.espol.edu.ec\/andresfernando4\/files\/2013\/11\/261020136380-1024x576.jpg 1024w\" sizes=\"auto, (max-width: 300px) 100vw, 300px\" \/><\/a><\/p>\n<p style=\"text-align: center\">Mi nombre es Andr\u00e9s Infante Alarc\u00f3n, soy estudiante del primer semestre de la Espol , y quisiera Dios mediante obtener mi t\u00edtulo de Ing. Electr\u00f3nico , quise hacer mi tema sobre el futuro de la Tierra porque me parece interesante la idea de saber que le podr\u00eda ocurrir en un futuro tanto al planeta como a la humanidad , en base a esto es que he investigado y puesto a disposici\u00f3n toda la informaci\u00f3n referente al tema en este blog \u00a0\ud83d\ude42<\/p>\n","protected":false},"excerpt":{"rendered":"<p>Mi nombre es Andr\u00e9s Infante Alarc\u00f3n, soy estudiante del primer semestre de la Espol , y quisiera Dios mediante obtener mi t\u00edtulo de Ing. Electr\u00f3nico , quise hacer mi tema sobre el futuro de la Tierra porque me parece interesante la idea de saber que le podr\u00eda ocurrir en un futuro tanto al planeta como [&hellip;]<\/p>\n","protected":false},"author":8779,"featured_media":0,"parent":0,"menu_order":0,"comment_status":"open","ping_status":"open","template":"","meta":{"footnotes":""},"class_list":["post-2","page","type-page","status-publish","hentry"],"_links":{"self":[{"href":"https:\/\/blog.espol.edu.ec\/andresfernando4\/wp-json\/wp\/v2\/pages\/2","targetHints":{"allow":["GET"]}}],"collection":[{"href":"https:\/\/blog.espol.edu.ec\/andresfernando4\/wp-json\/wp\/v2\/pages"}],"about":[{"href":"https:\/\/blog.espol.edu.ec\/andresfernando4\/wp-json\/wp\/v2\/types\/page"}],"author":[{"embeddable":true,"href":"https:\/\/blog.espol.edu.ec\/andresfernando4\/wp-json\/wp\/v2\/users\/8779"}],"replies":[{"embeddable":true,"href":"https:\/\/blog.espol.edu.ec\/andresfernando4\/wp-json\/wp\/v2\/comments?post=2"}],"version-history":[{"count":3,"href":"https:\/\/blog.espol.edu.ec\/andresfernando4\/wp-json\/wp\/v2\/pages\/2\/revisions"}],"predecessor-version":[{"id":60,"href":"https:\/\/blog.espol.edu.ec\/andresfernando4\/wp-json\/wp\/v2\/pages\/2\/revisions\/60"}],"wp:attachment":[{"href":"https:\/\/blog.espol.edu.ec\/andresfernando4\/wp-json\/wp\/v2\/media?parent=2"}],"curies":[{"name":"wp","href":"https:\/\/api.w.org\/{rel}","templated":true}]}}