{"id":175,"date":"2013-05-27T13:43:21","date_gmt":"2013-05-27T18:43:21","guid":{"rendered":"http:\/\/blog.espol.edu.ec\/andresitop\/?page_id=175"},"modified":"2013-06-05T12:03:29","modified_gmt":"2013-06-05T17:03:29","slug":"floklor","status":"publish","type":"page","link":"https:\/\/blog.espol.edu.ec\/andresitop\/?page_id=175","title":{"rendered":"Folklore"},"content":{"rendered":"<div>\n<div>\n<p style=\"text-align: justify\">La pesca artesanal vivencial en la isla <a href=\"http:\/\/www.ecuador.travel\/que-visitar\/atractivos-turisticos\/islas-galapagos\/330-isla-san-cristobal\">San Crist\u00f3bal<\/a> surgi\u00f3 como una actividad alternativa sustentable desde el a\u00f1o 1997.<\/p>\n<p style=\"text-align: justify\">El pescador aficionado puede realizar esta pesca desde las 6 de la ma\u00f1ana hasta las 6 de la tarde. Existen embarcaciones que navegan cada d\u00eda de puerto a puerto.<\/p>\n<p style=\"text-align: justify\">Para atender a los turistas se brindan diferentes servicios como la pesca de altura, la pesca costera y el buceo de profundidad, \u00e9ste \u00faltimo permite observar la biodiversidad del fondo marino.<\/p>\n<p style=\"text-align: justify\">Para terminar la jornada, los turistas pueden disfrutar de una cena preparada a su gusto con el producto de la pesca, dentro de los l\u00edmites definidos.<\/p>\n<p style=\"text-align: justify\">La intenci\u00f3n de esta iniciativa vivencial es convertir en un atractivo tur\u00edstico la actividad pesquera y ofrecer paquetes promocionales que atraigan a turistas deseosos de conocer c\u00f3mo el pescador artesanal realiza sus faenas.<\/p>\n<\/div>\n<\/div>\n<p><img loading=\"lazy\" decoding=\"async\" class=\"img-frame\" src=\"http:\/\/www.ecuador.travel\/images\/c\/Fiestas_y_Folklor\/pesca-artesanal-vivencial.jpg\" alt=\"pesca-artesanal-vivencial\" width=\"300\" height=\"160\" \/><\/p>\n","protected":false},"excerpt":{"rendered":"<p>La pesca artesanal vivencial en la isla San Crist\u00f3bal surgi\u00f3 como una actividad alternativa sustentable desde el a\u00f1o 1997. El pescador aficionado puede realizar esta pesca desde las 6 de la ma\u00f1ana hasta las 6 de la tarde. Existen embarcaciones que navegan cada d\u00eda de puerto a puerto. Para atender a los turistas se brindan &hellip; <\/p>\n<p><a class=\"more-link btn\" href=\"https:\/\/blog.espol.edu.ec\/andresitop\/?page_id=175\">Seguir leyendo<\/a><\/p>\n","protected":false},"author":8214,"featured_media":0,"parent":0,"menu_order":0,"comment_status":"open","ping_status":"open","template":"","meta":{"footnotes":""},"class_list":["post-175","page","type-page","status-publish","hentry","nodate","item-wrap"],"_links":{"self":[{"href":"https:\/\/blog.espol.edu.ec\/andresitop\/index.php?rest_route=\/wp\/v2\/pages\/175","targetHints":{"allow":["GET"]}}],"collection":[{"href":"https:\/\/blog.espol.edu.ec\/andresitop\/index.php?rest_route=\/wp\/v2\/pages"}],"about":[{"href":"https:\/\/blog.espol.edu.ec\/andresitop\/index.php?rest_route=\/wp\/v2\/types\/page"}],"author":[{"embeddable":true,"href":"https:\/\/blog.espol.edu.ec\/andresitop\/index.php?rest_route=\/wp\/v2\/users\/8214"}],"replies":[{"embeddable":true,"href":"https:\/\/blog.espol.edu.ec\/andresitop\/index.php?rest_route=%2Fwp%2Fv2%2Fcomments&post=175"}],"version-history":[{"count":8,"href":"https:\/\/blog.espol.edu.ec\/andresitop\/index.php?rest_route=\/wp\/v2\/pages\/175\/revisions"}],"predecessor-version":[{"id":189,"href":"https:\/\/blog.espol.edu.ec\/andresitop\/index.php?rest_route=\/wp\/v2\/pages\/175\/revisions\/189"}],"wp:attachment":[{"href":"https:\/\/blog.espol.edu.ec\/andresitop\/index.php?rest_route=%2Fwp%2Fv2%2Fmedia&parent=175"}],"curies":[{"name":"wp","href":"https:\/\/api.w.org\/{rel}","templated":true}]}}