{"id":41,"date":"2016-05-31T21:04:25","date_gmt":"2016-05-31T21:04:25","guid":{"rendered":"http:\/\/blog.espol.edu.ec\/androvil\/?page_id=41"},"modified":"2016-05-31T21:43:44","modified_gmt":"2016-05-31T21:43:44","slug":"montanita","status":"publish","type":"page","link":"https:\/\/blog.espol.edu.ec\/androvil\/montanita\/","title":{"rendered":"Monta\u00f1ita"},"content":{"rendered":"<p>Paraiso del surf para unos, lugar de fiesta o descanso para otros; es sencillamente un punto donde se reunen personas de diferentes lugares del mundo, tambi\u00e9n pueden encontrar meditaci\u00f3n, sanaciones, naturaleza, cultura, gastronom\u00eda y mucho m\u00e1s..<\/p>\n<p><strong>Monta\u00f1ita <\/strong>podriamos definirlo de muchas formas, depende del punto de vista de quien lo visite.<\/p>\n<p>Para quienes les guste:<\/p>\n<ul>\n<li><strong>El surf:<\/strong>\u00a0Monta\u00f1ita es uno de los mejores surf point de la costa ecuatoriana.<\/li>\n<li><strong>Explorar:<\/strong> Monta\u00f1ita es un <strong>centro tur\u00edstico<\/strong>\u00a0en conexi\u00f3n directa a una variedad amplia de destinos y actividades: Puerto Lopez, Ayampe, Las Tunas, Ayangue, Cascadas, espacios naturales, Cordillera de Chongon \u2013 Colonche, Avistamiento de Ballenas, parapente, caminatas, cabalgatas, pesca, etc.<\/li>\n<li><strong>La tranquilidad:<\/strong>\u00a0especialmente por que esta rodeado de un lado por la playa y su infinito mar y por el otro se encuentra gran variedad de vegetaci\u00f3n donde se crea un contacto directo con la naturaleza.<\/li>\n<li><strong>Fiesta:<\/strong>\u00a0En temporada alta (diciembre a marzo) encontrara fiestas, m\u00fasica, cocteles, comida, etc a lo largo de las calles y la playa de Monta\u00f1ita, donde se reune gente de todo el mundo. Los fines de semana Monta\u00f1ita Explota!.,<\/li>\n<li><strong>Conocer gente:<\/strong>\u00a0el ambiente\u00a0y la diversidad\u00a0cultural es fascinante, todas las naciones representadas por los residentes y visitantes del pueblo.<\/li>\n<\/ul>\n<ul>\n<li><strong><img loading=\"lazy\" decoding=\"async\" class=\"alignnone size-full wp-image-42\" src=\"http:\/\/blog.espol.edu.ec\/androvil\/files\/2016\/05\/160309192122_la_playa_de_montaita_tiene_olas_de_hasta_25_metros_que_son_ideales_para_la_prctica_del_surf_624x351_pixabay_nocredit.jpg\" alt=\"160309192122_la_playa_de_montaita_tiene_olas_de_hasta_25_metros_que_son_ideales_para_la_prctica_del_surf_624x351_pixabay_nocredit\" width=\"624\" height=\"351\" srcset=\"https:\/\/blog.espol.edu.ec\/androvil\/files\/2016\/05\/160309192122_la_playa_de_montaita_tiene_olas_de_hasta_25_metros_que_son_ideales_para_la_prctica_del_surf_624x351_pixabay_nocredit.jpg 624w, https:\/\/blog.espol.edu.ec\/androvil\/files\/2016\/05\/160309192122_la_playa_de_montaita_tiene_olas_de_hasta_25_metros_que_son_ideales_para_la_prctica_del_surf_624x351_pixabay_nocredit-250x141.jpg 250w\" sizes=\"auto, (max-width: 624px) 100vw, 624px\" \/><\/strong><\/li>\n<\/ul>\n","protected":false},"excerpt":{"rendered":"<p>Paraiso del surf para unos, lugar de fiesta o descanso para otros; es sencillamente un punto donde se reunen personas de diferentes lugares del mundo, tambi\u00e9n pueden encontrar meditaci\u00f3n, sanaciones, naturaleza, cultura, gastronom\u00eda y mucho m\u00e1s.. Monta\u00f1ita podriamos definirlo de muchas formas, depende del punto de vista de quien lo visite. Para quienes les guste: [&hellip;]<\/p>\n","protected":false},"author":10283,"featured_media":0,"parent":0,"menu_order":0,"comment_status":"closed","ping_status":"closed","template":"","meta":{"footnotes":""},"class_list":["post-41","page","type-page","status-publish","hentry"],"_links":{"self":[{"href":"https:\/\/blog.espol.edu.ec\/androvil\/wp-json\/wp\/v2\/pages\/41","targetHints":{"allow":["GET"]}}],"collection":[{"href":"https:\/\/blog.espol.edu.ec\/androvil\/wp-json\/wp\/v2\/pages"}],"about":[{"href":"https:\/\/blog.espol.edu.ec\/androvil\/wp-json\/wp\/v2\/types\/page"}],"author":[{"embeddable":true,"href":"https:\/\/blog.espol.edu.ec\/androvil\/wp-json\/wp\/v2\/users\/10283"}],"replies":[{"embeddable":true,"href":"https:\/\/blog.espol.edu.ec\/androvil\/wp-json\/wp\/v2\/comments?post=41"}],"version-history":[{"count":4,"href":"https:\/\/blog.espol.edu.ec\/androvil\/wp-json\/wp\/v2\/pages\/41\/revisions"}],"predecessor-version":[{"id":52,"href":"https:\/\/blog.espol.edu.ec\/androvil\/wp-json\/wp\/v2\/pages\/41\/revisions\/52"}],"wp:attachment":[{"href":"https:\/\/blog.espol.edu.ec\/androvil\/wp-json\/wp\/v2\/media?parent=41"}],"curies":[{"name":"wp","href":"https:\/\/api.w.org\/{rel}","templated":true}]}}