{"id":53,"date":"2016-05-31T21:54:56","date_gmt":"2016-05-31T21:54:56","guid":{"rendered":"http:\/\/blog.espol.edu.ec\/androvil\/?page_id=53"},"modified":"2016-05-31T21:54:56","modified_gmt":"2016-05-31T21:54:56","slug":"guayaquil","status":"publish","type":"page","link":"https:\/\/blog.espol.edu.ec\/androvil\/guayaquil\/","title":{"rendered":"Guayaquil"},"content":{"rendered":"<p>A trav\u00e9s de los a\u00f1os ha continuado con su tradici\u00f3n comercial, y actualmente en un proceso fundamentalmente econ\u00f3mico, apuesta al turismo, reflej\u00e1ndose en los cambios en el ornato de la ciudad, con un mejoramiento en la autoestima de los ciudadanos, ha sido un proceso que ha tomado a\u00f1os, desde las dos \u00faltimas administraciones municipales. Guayaquil se ha desarrollado de este modo en un destino tur\u00edstico nacional e internacional, siendo sede de ferias y eventos internacionales.<\/p>\n<p>Puerto Santa Ana<br \/>\nLa zona del centro de la ciudad de Guayaquil es uno de los lugares m\u00e1s importantes para el turismo nacional y extranjero, ya que es la m\u00e1s antigua y colonial. La zona del Malec\u00f3n 2000 es de gran inter\u00e9s tur\u00edstico y es cercana al centro. El The Point es el edificio m\u00e1s grande de Guayaquil y del pa\u00eds. El Barrio \"Las Pe\u00f1as\" es otro sitio de inter\u00e9s, cuenta con 444 escalones aproximadamente y termina con un Mirador donde se puede apreciar la vista de la ciudad.<\/p>\n<p>La revista Latin Trade, en su art\u00edculo de portada \u00abMejor de Am\u00e9rica Latina\u00bb incluye a la ciudad de Guayaquil como la ciudad m\u00e1s destacada en 5 categor\u00edas: Mejor Hotel para Ejecutivos, Mejor Salida (entretenimiento), Mejor Agencia de Alquiler de Autos, Mejor Agencia de Viajes y Mejor Restaurante para Ejecutivos.<\/p>\n<p><img loading=\"lazy\" decoding=\"async\" class=\"alignnone  wp-image-56\" src=\"http:\/\/blog.espol.edu.ec\/androvil\/files\/2016\/05\/Vista_del_Puerto_Santa_Ana.jpg\" alt=\"Vista_del_Puerto_Santa_Ana\" width=\"337\" height=\"186\" \/>l<\/p>\n<p>Vista parcial de Guayaquil desde el aire.<\/p>\n<p>Uno de los lugares m\u00e1s significativos para Turistas, es el Malec\u00f3n 2000, llamado as\u00ed debido al nombre de la Fundaci\u00f3n que ejecut\u00f3 la obra. El nombre original es Malec\u00f3n Sim\u00f3n Bol\u00edvar. Esta obra es un proyecto de regeneraci\u00f3n urbana del antiguo malec\u00f3n. Con 2,5 km de extensi\u00f3n ofrece a sus visitantes, adem\u00e1s de seguridad, grandes monumentos de la historia de la ciudad, museos, jardines, fuentes, miradores, centros comerciales, restaurantes, bares, patios de comida, el primer cine IMAX del Ecuador, muelles, desde donde se puede abordar embarcaciones para realizar paseos diurnos y nocturnos por el r\u00edo Guayas.<\/p>\n<p>Seg\u00fan estudios realizados por la Empresa P\u00fablica Municipal de Turismo, Promoci\u00f3n C\u00edvica y Relaciones Internacionales, el 54% de los turistas que llegan a Guayaquil son extranjeros y el 98% de los turistas recomiendan a la ciudad como un destino tur\u00edstico.<\/p>\n<p><img loading=\"lazy\" decoding=\"async\" class=\"alignnone size-full wp-image-55\" src=\"http:\/\/blog.espol.edu.ec\/androvil\/files\/2016\/05\/Guayaquila\u00e9reo.jpg\" alt=\"Guayaquila\u00e9reo\" width=\"350\" height=\"232\" \/><\/p>\n<p>En el Malec\u00f3n del Salado se puede disfrutar en familia de paseos por el estero en peque\u00f1as embarcaciones y admirar la flora y fauna del estero; adem\u00e1s se encuentran discotecas, restaurantes, y bares.<\/p>\n<p><img loading=\"lazy\" decoding=\"async\" class=\"alignnone size-full wp-image-54\" src=\"http:\/\/blog.espol.edu.ec\/androvil\/files\/2016\/05\/300px-Malecon_del_salado.jpg\" alt=\"300px-Malecon_del_salado\" width=\"300\" height=\"225\" \/><\/p>\n<p>Bulevar Nueve de octubre<br \/>\nLas Pe\u00f1as es el barrio m\u00e1s antiguo de Guayaquil. En los \u00faltimos a\u00f1os se ha transformado para pasar a ser una de las principales atracciones de la ciudad.<\/p>\n<p>Puerto Santa Ana.<br \/>\nPuerto Santa Ana: es un megaproyecto arquitect\u00f3nico parecido al Coconut Walk de Miami o al Puerto Madero de Argentina, es un lugar residencial, comercial y potencialmente tur\u00edstico que cuenta con varios edificios de construcci\u00f3n contempor\u00e1nea y departamentos lujosos. Su primera etapa fue inaugurada en el 2007.<br \/>\nParque Hist\u00f3rico Guayaquil: ubicado fuera del per\u00edmetro urbano. El lugar tiene un bosque de manglar que puede ser recorrido por los visitantes a trav\u00e9s de un sendero de madera. En el manglar existen 28 especies de animales en cautiverio, entre ellas el venado de cola blanca, el mapache, el pecar\u00ed. Tambi\u00e9n hay tigrillos, osos perezosos, monos y cocodrilos. Esto sumando a los pericos, \u00e1guila arp\u00eda y papagayos. El sitio tambi\u00e9n cuenta con una r\u00e9plica del Guayaquil Antiguo, algunas de las edificaciones son originales y fueron transportadas al parque. En parque se puede descubrir la fauna principal y la historia no solo de la ciudad sino tambi\u00e9n de la antigua provincia.<br \/>\nParque El Lago: km 25, v\u00eda a la Costa, que es un lago artificial con m\u00e1s de 2 500 000 m\u00b3 de agua (embalse) y donde se puede practicar deportes acu\u00e1ticos como kayac, remo en bote, pesca de orilla, pesca submarina, buceo, snorkeling, etc. y otros deportes y actividades como ciclismo, camping, picnics y disfrutar de la naturaleza.<br \/>\nPuerto Hondo: sitio tur\u00edstico para disfrutar la flora y fauna (reserva de manglar) y practicar deportes acu\u00e1ticos como nataci\u00f3n, remo en bote, kayac, etc. Tiene una playa y servicio de comida t\u00edpica y tradicional.<br \/>\nCerro Blanco: km 16, v\u00eda a la costa. Se puede admirar flora y fauna de bosque seco, se disfruta del turismo de aventura en una reserva ecol\u00f3gica con posibilidad de camping de un d\u00eda a otro.<br \/>\nCerro Santa Ana: est\u00e1 ubicado al noreste de la ciudad, junto al Barrio Las Pe\u00f1as y pocos metros del Malec\u00f3n. Es el lugar donde se origin\u00f3 Guayaquil. Es colorido y visitarlo resulta placentero, ya que hay que subir 456 escalones, hasta llegar a su cima, donde se observa el norte de Guayaquil. El Cerro est\u00e1 lleno de cafeter\u00edas, bares, tiendas de artesan\u00edas.etc.<br \/>\nParque Seminario: se encuentra ubicado en el sector Rocafuerte en el centro de la ciudad. En este parque se puede apreciar un monumento a Sim\u00f3n Bol\u00edvar, as\u00ed como tambi\u00e9n una gran variedad de iguanas.El parque Seminario linda por el norte con la calle Clemente Ball\u00e9n y Mill\u00e1n, por el sur con la calle Diez de Agosto, por el este con la calle Chile y por el oeste con la calle Chimborazo la cual fue regenerada para el uso espec\u00edfico de peatones ya que conecta el parque con la Catedral de Guayaquil.<br \/>\nCatedral Metropolitana de Guayaquil: se encuentra en pleno centro de Guayaquil, fue construida entre los 1547, cuenta con hermosas torres estilo semi g\u00f3tico, fue la iglesia matriz a mediados del siglo XVI.Originalmente la catedral fue construida de madera, durante 1590 la edificaci\u00f3n se encontraba sobre el cerro Santa Ana, junto a la Casa del Cabildo y la Plaza de Armas, luego el templo fue destruido por un pavoroso incendio en 1692<\/p>\n<p>&nbsp;<\/p>\n<p>Parque Samanes: Se encuentra ubicado al norte de la ciudad, precisamente en el sector de los Samanes. Es el tercer parque m\u00e1s grande de Latinoam\u00e9rica, ya que se extiende desde el R\u00edo Guayas hasta la V\u00eda a Daule con aproximadamente 851 hect\u00e1reas. Es un parque recreativo que tienes gran cantidad de canchas de f\u00fatbol, tenis, basket y handball; adem\u00e1s posee area de lagunas y una zona de conciertos con capacidad de 10000 personas. En este parque se construy\u00f3 un estadio que se lo llam\u00f3 en honor del fallecido futbolista Christian Benitez Betancourt, con una capacidad de 8000 personas. En este estadio juega de local River Ecuador y el Club Sport Emelec (Temporalmente por la ampliaci\u00f3n de su estadio) ambos de la Seria A del f\u00fatbol ecuatoriano.<\/p>\n<p>&nbsp;<\/p>\n","protected":false},"excerpt":{"rendered":"<p>A trav\u00e9s de los a\u00f1os ha continuado con su tradici\u00f3n comercial, y actualmente en un proceso fundamentalmente econ\u00f3mico, apuesta al turismo, reflej\u00e1ndose en los cambios en el ornato de la ciudad, con un mejoramiento en la autoestima de los ciudadanos, ha sido un proceso que ha tomado a\u00f1os, desde las dos \u00faltimas administraciones municipales. Guayaquil [&hellip;]<\/p>\n","protected":false},"author":10283,"featured_media":0,"parent":0,"menu_order":0,"comment_status":"closed","ping_status":"closed","template":"","meta":{"footnotes":""},"class_list":["post-53","page","type-page","status-publish","hentry"],"_links":{"self":[{"href":"https:\/\/blog.espol.edu.ec\/androvil\/wp-json\/wp\/v2\/pages\/53","targetHints":{"allow":["GET"]}}],"collection":[{"href":"https:\/\/blog.espol.edu.ec\/androvil\/wp-json\/wp\/v2\/pages"}],"about":[{"href":"https:\/\/blog.espol.edu.ec\/androvil\/wp-json\/wp\/v2\/types\/page"}],"author":[{"embeddable":true,"href":"https:\/\/blog.espol.edu.ec\/androvil\/wp-json\/wp\/v2\/users\/10283"}],"replies":[{"embeddable":true,"href":"https:\/\/blog.espol.edu.ec\/androvil\/wp-json\/wp\/v2\/comments?post=53"}],"version-history":[{"count":1,"href":"https:\/\/blog.espol.edu.ec\/androvil\/wp-json\/wp\/v2\/pages\/53\/revisions"}],"predecessor-version":[{"id":58,"href":"https:\/\/blog.espol.edu.ec\/androvil\/wp-json\/wp\/v2\/pages\/53\/revisions\/58"}],"wp:attachment":[{"href":"https:\/\/blog.espol.edu.ec\/androvil\/wp-json\/wp\/v2\/media?parent=53"}],"curies":[{"name":"wp","href":"https:\/\/api.w.org\/{rel}","templated":true}]}}