{"id":59,"date":"2016-05-31T22:08:14","date_gmt":"2016-05-31T22:08:14","guid":{"rendered":"http:\/\/blog.espol.edu.ec\/androvil\/?page_id=59"},"modified":"2016-05-31T22:08:14","modified_gmt":"2016-05-31T22:08:14","slug":"yasuni","status":"publish","type":"page","link":"https:\/\/blog.espol.edu.ec\/androvil\/yasuni\/","title":{"rendered":"Yasuni"},"content":{"rendered":"<p>&nbsp;<\/p>\n<p>&nbsp;<\/p>\n<p><img loading=\"lazy\" decoding=\"async\" class=\"alignnone size-full wp-image-61\" src=\"http:\/\/blog.espol.edu.ec\/androvil\/files\/2016\/05\/Yasun\u00ed-Ecuador-Destino-3-300x300.png\" alt=\"Yasun\u00ed-Ecuador-Destino-3-300x300\" width=\"300\" height=\"300\" srcset=\"https:\/\/blog.espol.edu.ec\/androvil\/files\/2016\/05\/Yasun\u00ed-Ecuador-Destino-3-300x300.png 300w, https:\/\/blog.espol.edu.ec\/androvil\/files\/2016\/05\/Yasun\u00ed-Ecuador-Destino-3-300x300-50x50.png 50w\" sizes=\"auto, (max-width: 300px) 100vw, 300px\" \/><\/p>\n<p>Yasun\u00ed es uno de los lugares m\u00e1s biodiversos del mundo, adem\u00e1s del hogar de una de las mayores\u00a0variedades gen\u00e9ticas de animales y plantas del planeta. Abarca cerca de un mill\u00f3n de hect\u00e1reas de selva tropical virgen y est\u00e1 situada en la Amazonia ecuatoriana, extendi\u00e9ndose sobre todo en la provincia de Francisco de Orellana.<\/p>\n<p>Se cree que esta zona no se congel\u00f3 durante la \u00faltima edad de hielo, que comenz\u00f3 hace dos millones de a\u00f1os y se extendi\u00f3 hasta hace unos 10.000 a\u00f1os. Como resultado, se convirti\u00f3 en una isla de vegetaci\u00f3n, refugio de la flora y la fauna, donde sobrevivieron y desde donde finalmente repoblaron la Amazon\u00eda.<\/p>\n<p>El Parque Nacional de Yasun\u00ed es famoso por su extraordinaria y \u00fanica biodiversidad. Por ejemplo, <strong>esta selva cuenta con el mayor n\u00famero de especies de \u00e1rboles por hect\u00e1rea en el mundo.<\/strong> S\u00f3lo una hect\u00e1rea de Yasun\u00ed acoge el mismo n\u00famero de especies de \u00e1rboles nativos que toda Am\u00e9rica del Norte.<\/p>\n<p>El Parque contiene el 44% de los p\u00e1jaros de la cuenca del Amazonas, hecho que la convierte en uno de los lugares de aves m\u00e1s ricos de la tierra. Las estad\u00edsticas est\u00e1n llenas de ejemplos similares en cuanto a distintas variedades de murci\u00e9lagos, anfibios, reptiles, abejas y otras criaturas.<\/p>\n<p>En 1989 la <strong>UNESCO declar\u00f3 al parque como Bio-reserva y Herencia Cultural <\/strong>de bido a su excepcional diversidad y la presencia de los pueblos Taromenane y Tagaeri.<\/p>\n<p>El Gobierno nacional ecuatoriano declar\u00f3 700.000 hect\u00e1reas del parque \u201cZona Intangible\u201d. Esta declaraci\u00f3n implica que la zona ha de ser protegida de la miner\u00eda, la extracci\u00f3n petrol\u00edfera, la tala de \u00e1rboles, la colonizaci\u00f3n o cualquier actividad que pudiera alterar la biodiversidad y la cultura etnol\u00f3gica de la zona.<\/p>\n<p>&nbsp;<\/p>\n<p>LA HISTORIA DE YASUNI<\/p>\n<p>EL DORADO<\/p>\n<p><b>En 1541 el explorador Francisco de Orellana se aventur\u00f3 en el coraz\u00f3n de Yasun\u00ed en busca del misterioso \u201cEl Dorado\u201d, un reino de oro, minerales y piedras preciosas\u2026<\/b><\/p>\n<p>Los r\u00edos de la Amazon\u00eda han llevado siempre exploradores, colonizadores y misioneros en busca de sue\u00f1os, mitos y leyendas sobre lo que se esconde entre la frondosa vegetaci\u00f3n de la selva. Todos ellos dejaron su marca, cambiando el destino de Yasun\u00ed para siempre.<\/p>\n<p>De entre esos aventureros atra\u00eddos por los secretos de la Amazon\u00eda, fue el espa\u00f1ol Francisco de Orellana quien, en 1541 abandon\u00f3 Quito junto a Francisco Pizarro y finalmente descubri\u00f3 la desembocadura del r\u00edo Amazonas.<\/p>\n<p>Su motivaci\u00f3n era el oro. Orellana hab\u00eda o\u00eddo historias sobre un reino de oro, minerales y piedras preciosas escondido en lo m\u00e1s profundo de la selva, El Dorado. La expedici\u00f3n de Orellana se ha convertido en uno de los episodios m\u00e1s famosos de la historia de la Amazon\u00eda y la regi\u00f3n fue bautizada con su nombre.<\/p>\n<p>&nbsp;<\/p>\n<p>EL ORO NEGRO<\/p>\n<p>Como ya hizo Orellana en busca del Dorado, el oro negro ha atra\u00eddo a miles de trabajadores, colonos y aventureros buscando el oro negro. junto con sus compa\u00f1eras de viaje: las enfermedades y la codicia. Todos ellos han conseguido destruir en muchos casos las formas de vida de los pueblos ind\u00edgenas. Las compa\u00f1\u00edas que operan en las distintas \u00e1reas llegaron con promesas de progreso y reducci\u00f3n de la pobreza, pero la gente se ha encontrado por extremos y adversos impactos econ\u00f3micos, epidemias y la destrucci\u00f3n de sus hogares y formas de vida.<\/p>\n<p>La p\u00e9rdida de las granjas y los cultivos de la poblaci\u00f3n a causa de la contaminaci\u00f3n del agua y la caza masiva de animales salvajes no s\u00f3lo han significado una disminuci\u00f3n del nivel de vida, sino que ha hecho que la gente sea totalmente dependiente del petr\u00f3leo.<\/p>\n<p>El petr\u00f3leo c<img loading=\"lazy\" decoding=\"async\" src=\"http:\/\/www.yasunigreengold.org\/es\/graphics\/img_22.jpg\" alt=\"\" width=\"162\" height=\"197\" align=\"left\" border=\"0\" hspace=\"4\" \/>ontin\u00faa filtr\u00e1ndose en la tierra, contaminando el agua, envenenando o matando cualquier ser vivo que encuentre a su paso. Las explotaciones incontroladas por parte de las compa\u00f1\u00edas petrol\u00edferas, la tala ilegal cada vez m\u00e1s extendida, la caza indiscriminada e insostenible as\u00ed como enfermedades infecciosas: todo ello ha contribuido a la devastaci\u00f3n de la selva, de sus pueblos, plantas y animales. A trav\u00e9s de la contaminaci\u00f3n de las reservas de agua, la deforestaci\u00f3n y la\u00a0contaminaci\u00f3n t\u00f3xica, se pone en peligro el modo de vida tradicional de las comunidades que viven all\u00ed.<\/p>\n<p>Adem\u00e1s de todo esto, la poblaci\u00f3n ind\u00edgena local se ha visto obligada a hacer frente a serias represiones, amenazas e incluso la muerte al intentar desafiar a las consecuencias de la obsesi\u00f3n con el petr\u00f3leo.<\/p>\n<p>Y ahora, por si esto fuera poco, se han encontrado de 412 a 920 millones de barriles de crudo pesado bajo la reserva Waorani y el Parque Natural Yasun\u00ed.<\/p>\n<p><strong>ORO VERDE<img loading=\"lazy\" decoding=\"async\" class=\"alignnone size-full wp-image-60\" src=\"http:\/\/blog.espol.edu.ec\/androvil\/files\/2016\/05\/YASUNI3.jpg\" alt=\"YASUNI3\" width=\"684\" height=\"367\" \/><\/strong><\/p>\n<p><em><strong>\u201cLa verdadera riqueza de Yasun\u00ed no descansa bajo tierra ni en forma de minerales dorados, sino en su extraordinaria y \u00fanica biodiversidad y en los pueblos ind\u00edgenas que han elegido vivir en aislamiento, resguardados en la espesura de la selva\u2026\u201d<\/strong><\/em><\/p>\n<p>Debido al interminable n\u00famero de r\u00e9cords estad\u00edsticos que el Yasun\u00ed, como el hecho de que hay m\u00e1s especies de hormigas en un \u00e1rbol de Yasun\u00ed que en toda Inglaterra, es necesario reenfocar la atenci\u00f3n del petr\u00f3leo que descansa en su subsuelo hacia la importancia de su riqueza biol\u00f3gica y cultural, para proporcionar alternativas sostenibles para la regi\u00f3n.<\/p>\n<p>Porque las vidas de la gente de Yasun\u00ed no pueden y no deben tener un precio, porque es importante para todos el entender que esto no se trata simplemente de una lucha del petr\u00f3leo contra los \u00e1rboles, sino del derecho fundamental a la vida de todo ser humano.<\/p>\n<p>Por todo eso, y por lo que puedes encontrar en esta web, el libro y el resto de internet, <strong>Yasuni es Oro Verde<\/strong> y debe ser protegido<\/p>\n<p><span class=\"style1\"><b>\"Como ya hizo su predecesor dorado, el oro negro ha atra\u00eddo a miles de trabajadores, colonos y aventureros, junto con sus compa\u00f1eras de viaje: las enfermedades y la codicia. Todos ellos han conseguido destruir en muchos casos las formas de vida de los pueblos ind\u00edgenas\u2026<\/b>\"<\/span><\/p>\n<p>&nbsp;<\/p>\n<p>&nbsp;<\/p>\n","protected":false},"excerpt":{"rendered":"<p>&nbsp; &nbsp; Yasun\u00ed es uno de los lugares m\u00e1s biodiversos del mundo, adem\u00e1s del hogar de una de las mayores\u00a0variedades gen\u00e9ticas de animales y plantas del planeta. Abarca cerca de un mill\u00f3n de hect\u00e1reas de selva tropical virgen y est\u00e1 situada en la Amazonia ecuatoriana, extendi\u00e9ndose sobre todo en la provincia de Francisco de Orellana. [&hellip;]<\/p>\n","protected":false},"author":10283,"featured_media":0,"parent":0,"menu_order":0,"comment_status":"closed","ping_status":"closed","template":"","meta":{"footnotes":""},"class_list":["post-59","page","type-page","status-publish","hentry"],"_links":{"self":[{"href":"https:\/\/blog.espol.edu.ec\/androvil\/wp-json\/wp\/v2\/pages\/59","targetHints":{"allow":["GET"]}}],"collection":[{"href":"https:\/\/blog.espol.edu.ec\/androvil\/wp-json\/wp\/v2\/pages"}],"about":[{"href":"https:\/\/blog.espol.edu.ec\/androvil\/wp-json\/wp\/v2\/types\/page"}],"author":[{"embeddable":true,"href":"https:\/\/blog.espol.edu.ec\/androvil\/wp-json\/wp\/v2\/users\/10283"}],"replies":[{"embeddable":true,"href":"https:\/\/blog.espol.edu.ec\/androvil\/wp-json\/wp\/v2\/comments?post=59"}],"version-history":[{"count":1,"href":"https:\/\/blog.espol.edu.ec\/androvil\/wp-json\/wp\/v2\/pages\/59\/revisions"}],"predecessor-version":[{"id":63,"href":"https:\/\/blog.espol.edu.ec\/androvil\/wp-json\/wp\/v2\/pages\/59\/revisions\/63"}],"wp:attachment":[{"href":"https:\/\/blog.espol.edu.ec\/androvil\/wp-json\/wp\/v2\/media?parent=59"}],"curies":[{"name":"wp","href":"https:\/\/api.w.org\/{rel}","templated":true}]}}