{"id":64,"date":"2016-05-31T22:19:51","date_gmt":"2016-05-31T22:19:51","guid":{"rendered":"http:\/\/blog.espol.edu.ec\/androvil\/?page_id=64"},"modified":"2016-05-31T22:26:20","modified_gmt":"2016-05-31T22:26:20","slug":"islas-galapagos","status":"publish","type":"page","link":"https:\/\/blog.espol.edu.ec\/androvil\/islas-galapagos\/","title":{"rendered":"Islas Galapagos"},"content":{"rendered":"<p>Las Islas Gal\u00e1pagos son en verdad \u00fanicas en el mundo. Todas las Islas de este Archipi\u00e9lago son maravillosas y misteriosas.<\/p>\n<p>Se encuentran situadas en medio del Oc\u00e9ano Pac\u00edfico. Est\u00e1n aproximadamente a mil kil\u00f3metros hacia al Oeste de Ecuador, pa\u00eds que se localiza al Noroeste de Sud Am\u00e9rica.\u00a0<a href=\"http:\/\/www.galapagos-islands-tourguide.com\/mapa-de-galapagos.html\">Ver Mapa de Galapagos<\/a><\/p>\n<p>Hace siglos fueron refugio de filibusteros y piratas, hoy en d\u00eda son el\u00a0<b>Para\u00edso<\/b>\u00a0de turistas y cient\u00edficos.<\/p>\n<p>El nombre de estas islas se lo deben a una de las especies que habitan el lugar: la gigantesca\u00a0<a href=\"http:\/\/www.galapagos-islands-tourguide.com\/tortuga-galapagos.html\">Tortuga Galapagos<\/a>.<\/p>\n<p>Visite el \u00fanico museo vivo de cambios evolucionarios que existe en el mundo y conozca la gran variedad de especies animales ex\u00f3ticas exclusivas de este Archipi\u00e9lago.<\/p>\n<p>Las Galapagos son el lugar perfecto para entender los cambios evolucionarios que han dado paso a una nueva perspectiva de la vida en el planeta.<\/p>\n<p>Entre los varios animales que existen en Gal\u00e1pagos, encontramos a: las tortugas gigantes, una variedad de p\u00e1jaros como los patas azules, patas rojas, flamingos, frigatas, albatroses y peque\u00f1os ping\u00fcinos entre otros.<img loading=\"lazy\" decoding=\"async\" class=\"alignnone size-medium wp-image-65\" src=\"http:\/\/blog.espol.edu.ec\/androvil\/files\/2016\/05\/animales-islas-galapagos-850x478.jpg\" alt=\"animales-islas-galapagos\" width=\"850\" height=\"478\" srcset=\"https:\/\/blog.espol.edu.ec\/androvil\/files\/2016\/05\/animales-islas-galapagos-850x478.jpg 850w, https:\/\/blog.espol.edu.ec\/androvil\/files\/2016\/05\/animales-islas-galapagos-250x141.jpg 250w\" sizes=\"auto, (max-width: 850px) 100vw, 850px\" \/><\/p>\n<p>Las principales islas son:<\/p>\n<p>ISABELA<\/p>\n<p>Isabela es la isla m\u00e1s grande del archipi\u00e9lago y ocupa cerca de 60% de la superficie terrestre de Gal\u00e1pagos. Fue formada por los volcanes Cerro Azul, Sierra Negra (Santo Tom\u00e1s), Alcedo, Darwin, Wolf y Ecuador que se fusionaron en una isla. Todos excepto el Volc\u00e1n Ecuador, el que es el m\u00e1s antiguo, son todav\u00eda activos actualmente. Aunque Isabela tiene varios sitios de visita, no son muy frecuentados por los turistas. La mayor\u00eda de los sitios de desembarque est\u00e1n enla costa oeste y solamente lanchas r\u00e1pidas hacen este largo viaje. El peque\u00f1o Puerto Villamil (alrededor de 3,000 habitantes) es el principal poblado de la isla. Tambi\u00e9n hay un peque\u00f1o aeropuerto. Este pueblo es un buen punto de partida si planea tener una larga estad\u00eda en Isabela.<\/p>\n<p>SAN CRISTOBAL<\/p>\n<p>San Cristobal (Chatham) es la isla m\u00e1s oriental en el Archipi\u00e9lago de Gal\u00e1pagos, y una de las m\u00e1s antiguas geol\u00f3gicamente. Es espa\u00f1ol (y el m\u00e1s utilizado) el nombre de San Crist\u00f3bal proviene de la patrona de los marinos, San Crist\u00f3bal. Su antiguo nombre Ingl\u00e9s de Chatham es el de William Pitt, 1er Conde de Chatham. San Cristobal tiene una area de 558 km2 su punto m\u00e1s alto alcanza los 730 metros. La capital de el archipi\u00e9lago, Puerto Baquerizo Moreno, se encuentra en el extreme sur-occidental de la isla. Dos aerol\u00edneas vuelan directamente al aeropuerto de San Cristobal desde Guayaquil, Ecuador; los vuelos desde Quito hacen una parada en Guayaquil para recargar combustible.<\/p>\n<p>En esta isla se encuentra lugares turisticos como el centro de interpretacion,\u00a0Isla Lobos (Sea Lion Islet),\u00a0Leon Dormido,\u00a0Punta Pitt,\u00a0Playa Ochoa,\u00a0La Galapaguera,\u00a0El Junco.<\/p>\n<h3>SANTA CRUZ<\/h3>\n<p><img decoding=\"async\" class=\"imageleft\" title=\"Island Santa Cruz\" src=\"http:\/\/www.galapagoscruceros.ec\/images\/islands\/issanta-cruz.jpg\" alt=\"Island Santa Cruz\" \/><\/p>\n<p>Isla Santa Cruz (Infatigable) es la segunda isla m\u00e1s grande del Archipi\u00e9lago con una area de 986 km2. El punto m\u00e1s alto es el Cerro Crocker a 864 metros. Santa Cruz tiene la m\u00e1s grande poblaci\u00f3n en Gal\u00e1pagos especialmente en el poblado de Puerto Ayora en la costa sur. Con cerca de 20,000 habitantes es el m\u00e1s grande asentamiento humano en las islas y ofrece algunas facilidades tur\u00edsticas. El puerto de la ciudad lleva el nombre de la Academia de la Bah\u00eda despu\u00e9s de que el barco de la Academia, que lleg\u00f3 aqu\u00ed en 1905 trayendo una expedici\u00f3n enviada por la Academia de Ciencias de California. Hoy en d\u00eda el puerto es muy popular entre los marineros, as\u00ed como con los leones marinos y pel\u00edcanos!. El muelle p\u00fablico es un buen lugar para observar fragata y piqueros de patas azules de pesca en \"Las Ninfas\" el anclaje interior y de Pelican Bay, especialmente cuando los pescadores est\u00e1n limpiando sus capturas.<\/p>\n<p>Los lugares imperdibles de visitar son:\u00a0Centro de Interpretaci\u00f3n Charles Darwin,\u00a0Parte alta de la Isla Santa Cruz,\u00a0Bah\u00eda Tortuga(Tortuga Bay),\u00a0Playa Bachas,\u00a0Cerro Drag\u00f3n.<\/p>\n","protected":false},"excerpt":{"rendered":"<p>Las Islas Gal\u00e1pagos son en verdad \u00fanicas en el mundo. Todas las Islas de este Archipi\u00e9lago son maravillosas y misteriosas. Se encuentran situadas en medio del Oc\u00e9ano Pac\u00edfico. Est\u00e1n aproximadamente a mil kil\u00f3metros hacia al Oeste de Ecuador, pa\u00eds que se localiza al Noroeste de Sud Am\u00e9rica.\u00a0Ver Mapa de Galapagos Hace siglos fueron refugio de [&hellip;]<\/p>\n","protected":false},"author":10283,"featured_media":0,"parent":0,"menu_order":0,"comment_status":"closed","ping_status":"closed","template":"","meta":{"footnotes":""},"class_list":["post-64","page","type-page","status-publish","hentry"],"_links":{"self":[{"href":"https:\/\/blog.espol.edu.ec\/androvil\/wp-json\/wp\/v2\/pages\/64","targetHints":{"allow":["GET"]}}],"collection":[{"href":"https:\/\/blog.espol.edu.ec\/androvil\/wp-json\/wp\/v2\/pages"}],"about":[{"href":"https:\/\/blog.espol.edu.ec\/androvil\/wp-json\/wp\/v2\/types\/page"}],"author":[{"embeddable":true,"href":"https:\/\/blog.espol.edu.ec\/androvil\/wp-json\/wp\/v2\/users\/10283"}],"replies":[{"embeddable":true,"href":"https:\/\/blog.espol.edu.ec\/androvil\/wp-json\/wp\/v2\/comments?post=64"}],"version-history":[{"count":2,"href":"https:\/\/blog.espol.edu.ec\/androvil\/wp-json\/wp\/v2\/pages\/64\/revisions"}],"predecessor-version":[{"id":68,"href":"https:\/\/blog.espol.edu.ec\/androvil\/wp-json\/wp\/v2\/pages\/64\/revisions\/68"}],"wp:attachment":[{"href":"https:\/\/blog.espol.edu.ec\/androvil\/wp-json\/wp\/v2\/media?parent=64"}],"curies":[{"name":"wp","href":"https:\/\/api.w.org\/{rel}","templated":true}]}}