{"id":69,"date":"2016-05-31T22:34:14","date_gmt":"2016-05-31T22:34:14","guid":{"rendered":"http:\/\/blog.espol.edu.ec\/androvil\/?page_id=69"},"modified":"2016-05-31T22:34:14","modified_gmt":"2016-05-31T22:34:14","slug":"mitad-del-mundo","status":"publish","type":"page","link":"https:\/\/blog.espol.edu.ec\/androvil\/mitad-del-mundo\/","title":{"rendered":"Mitad del Mundo"},"content":{"rendered":"<p>\u00bfSab\u00edas que Quito est\u00e1 en la mitad del mundo? S\u00ed, y es su latitud 0\u00b00\u2019-0\u2019\u2019 la que hace que esta ciudad y el mismo pa\u00eds sean \u00fanicos.<\/p>\n<p>En el siglo XVIII, la Misi\u00f3n Geod\u00e9sica Francesa lleg\u00f3 al Ecuador para comprobar la forma de La Tierra y definir por donde pasa la Franja Equinoccial que divide al planeta en Norte y Sur. Este complejo tur\u00edstico se encuentra en la parroquia San Antonio de Pichincha, a 14 kil\u00f3metros de Quito el cual actualmente es uno de los principales atractivos tur\u00edsticos, y el \u00fanico lugar en el mundo donde puedes tomarte una foto con un pie en cada hemisferio, equilibrar un huevo sobre un clavo y comprobar que aqu\u00ed siempre pesar\u00e1s un kilo menos que en cualquier otra parte del mundo.<\/p>\n<p>En el interior del Monumento se encuentra el Museo Ecuatorial que consta de nueve pisos donde vivir\u00e1s la experiencia completa de la Mitad del Mundo y un mirador que da una vista espectacular del Valle Equinoccial a 30 metros de altura. Dentro de la Ciudad Mitad del Mundo existen pabellones con exposiciones permanentes que contienen informaci\u00f3n de Francia, Ecuador, y del maestro Guayasam\u00edn que es conocido por su arte y un planetario.<\/p>\n<p>Asimismo se ofrece cada fin de semana una muestra de danzas art\u00edsticas y culturales. Aqu\u00ed tambi\u00e9n se celebran cuatro fechas especiales durante el a\u00f1o, los equinoccios de primavera y oto\u00f1o, y solsticios de invierno y verano, mostrando as\u00ed que las tradiciones ancestrales del Ecuador a\u00fan se mantienen. En los locales comerciales encontraras una variedad de recuerdos, mientras degustas de la gastronom\u00eda ecuatoriana.<\/p>\n<h3>HISTORIA<img loading=\"lazy\" decoding=\"async\" class=\"alignnone size-medium wp-image-70\" src=\"http:\/\/blog.espol.edu.ec\/androvil\/files\/2016\/05\/maxresdefault-850x478.jpg\" alt=\"maxresdefault\" width=\"850\" height=\"478\" srcset=\"https:\/\/blog.espol.edu.ec\/androvil\/files\/2016\/05\/maxresdefault-850x478.jpg 850w, https:\/\/blog.espol.edu.ec\/androvil\/files\/2016\/05\/maxresdefault-250x141.jpg 250w, https:\/\/blog.espol.edu.ec\/androvil\/files\/2016\/05\/maxresdefault-1200x675.jpg 1200w\" sizes=\"auto, (max-width: 850px) 100vw, 850px\" \/><\/h3>\n<p>En el a\u00f1o de 1736, llega al pa\u00eds la primera Misi\u00f3n Geod\u00e9sica que tuvo como objetivo medir un arco de meridiano para comprobar la forma de la tierra. A los cient\u00edficos franceses Bouguer, God\u00edn y La Condamine se unieron los espa\u00f1oles Jorge Juan y Antonio de Ulloa, insignes marinos; ya en tierras ecuatorianas se uni\u00f3 por sus conocimientos de geograf\u00eda y geodesia el cient\u00edfico ecuatoriano, Pedro Vicente Maldonado, quien colabor\u00f3 estrechamente para asegurar el \u00e9xito de la Misi\u00f3n. A m\u00e1s de los aportes a la Ciencia de la Primera Misi\u00f3n Geod\u00e9sica que fue calificada en esos tiempos como la empresa m\u00e1s grande jam\u00e1s intentada; hay otras que repercutieron directamente en el pa\u00eds, como el haber dado a conocer al mundo con el nombre de Ecuador a nuestro territorio, as\u00ed tambi\u00e9n estudios que divulgaron aspectos sociales, culturales y antropol\u00f3gicos. Aqu\u00ed, los sabios franceses, dieron origen al sistema m\u00e9trico universal.<\/p>\n<p>En 1836, el ge\u00f3grafo ecuatoriano, Luis Tufi\u00f1o, localiz\u00f3 las se\u00f1ales dejadas por la primer grupo de cient\u00edficos. Este monumento hist\u00f3rico de 10 metros de altura estuvo ubicado en este sitio por 43 a\u00f1os, hasta 1979, en que fue trasladado a la poblaci\u00f3n de Calacal\u00ed a 7 km al Occidente, por donde tambi\u00e9n atraviesa la L\u00ednea Ecuatorial.<\/p>\n<p>Se lo denomina Monumento Ecuatorial porque por su forma piramidal - cuadrangular con sus cuatro monolitos en los \u00e1ngulos, tiene la orientaci\u00f3n geogr\u00e1fica de los cuatro puntos cardinales, y se encuentra localizado en la L\u00ednea Ecuatorial de latitud cero grados cero minutos y cero segundos. Esta L\u00ednea pasa por diversos pa\u00edses y continentes, pero hay un solo pa\u00eds que lleva su nombre \u201c<a href=\"http:\/\/www.in-quito.com\/uio-kito-qito-kyto-qyto\/spanish-uio\/ecuador\/ecuador.htm\">La Republica del Ecuador<\/a>\u201d.<\/p>\n<p>Este juego de piramidal cuadrangular tiene el mismo aspecto geom\u00e9trico del anterior, con sus cuatro monolitos en los \u00e1ngulos y sus lados tienen la direcci\u00f3n geogr\u00e1fica de los cuatro puntos cardinales. As\u00ed tenemos al Norte una leyenda conmemorativa, dedicada a Pedro Vicente Maldonado, que colabor\u00f3 estrechamente con la Misi\u00f3n Geod\u00e9sica en el a\u00f1o de 1736.<\/p>\n<p>Un grabado es observado que representa el cuarto del c\u00edrculo usado por la Misi\u00f3n Geod\u00e9sica de siglo XVIII. En Hemishpere Occidental observamos una placa dedicado a dos ilustres espa\u00f1oles que colaboraron con el trabajo cient\u00edfico de Francia. Aqu\u00ed graba el escudo de Espa\u00f1a. En el Sur el Hemisferio tenemos una placa de reconocimiento al Gobierno de Ecuador al trabajo cient\u00edfico de la Misi\u00f3n Geod\u00e9sica de Francia. Aqu\u00ed nosotros vemos un grabado del escudo de Ecuador.<\/p>\n<p>En el extremo superior de la pir\u00e1mide , se destaca una esfera met\u00e1lica que representa la Tierra, con sus 5 continentes y sus mares en alto y bajo relieve. Este globo est\u00e1 envuelto de Oriente a Occidente por una cinta tambi\u00e9n met\u00e1lica, indicadora de la L\u00ednea Ecuatorial , dividiendo a la esfera exactamente en dos mitades.<\/p>\n<p>La orientaci\u00f3n del globo met\u00e1lico corresponde a la posici\u00f3n real de la Tierra, esto es, el eje menor de los polos est\u00e1 paralelo al eje de rotaci\u00f3n real de la Tierra.<\/p>\n","protected":false},"excerpt":{"rendered":"<p>\u00bfSab\u00edas que Quito est\u00e1 en la mitad del mundo? S\u00ed, y es su latitud 0\u00b00\u2019-0\u2019\u2019 la que hace que esta ciudad y el mismo pa\u00eds sean \u00fanicos. En el siglo XVIII, la Misi\u00f3n Geod\u00e9sica Francesa lleg\u00f3 al Ecuador para comprobar la forma de La Tierra y definir por donde pasa la Franja Equinoccial que divide [&hellip;]<\/p>\n","protected":false},"author":10283,"featured_media":0,"parent":0,"menu_order":0,"comment_status":"closed","ping_status":"closed","template":"","meta":{"footnotes":""},"class_list":["post-69","page","type-page","status-publish","hentry"],"_links":{"self":[{"href":"https:\/\/blog.espol.edu.ec\/androvil\/wp-json\/wp\/v2\/pages\/69","targetHints":{"allow":["GET"]}}],"collection":[{"href":"https:\/\/blog.espol.edu.ec\/androvil\/wp-json\/wp\/v2\/pages"}],"about":[{"href":"https:\/\/blog.espol.edu.ec\/androvil\/wp-json\/wp\/v2\/types\/page"}],"author":[{"embeddable":true,"href":"https:\/\/blog.espol.edu.ec\/androvil\/wp-json\/wp\/v2\/users\/10283"}],"replies":[{"embeddable":true,"href":"https:\/\/blog.espol.edu.ec\/androvil\/wp-json\/wp\/v2\/comments?post=69"}],"version-history":[{"count":1,"href":"https:\/\/blog.espol.edu.ec\/androvil\/wp-json\/wp\/v2\/pages\/69\/revisions"}],"predecessor-version":[{"id":72,"href":"https:\/\/blog.espol.edu.ec\/androvil\/wp-json\/wp\/v2\/pages\/69\/revisions\/72"}],"wp:attachment":[{"href":"https:\/\/blog.espol.edu.ec\/androvil\/wp-json\/wp\/v2\/media?parent=69"}],"curies":[{"name":"wp","href":"https:\/\/api.w.org\/{rel}","templated":true}]}}