{"id":48,"date":"2010-06-16T18:51:27","date_gmt":"2010-06-16T18:51:27","guid":{"rendered":"http:\/\/blog.espol.edu.ec\/andsacal\/?page_id=48"},"modified":"2010-06-16T19:07:49","modified_gmt":"2010-06-16T19:07:49","slug":"slideshare","status":"publish","type":"page","link":"https:\/\/blog.espol.edu.ec\/andsacal\/slideshare\/","title":{"rendered":"SLIDESHARE"},"content":{"rendered":"<p>\u00a0<\/p>\n<p>El <a title=\"slidshare\" href=\"http:\/\/slidshare.net\" target=\"_blank\">SlideShare<\/a> es muy util porque\u00a0permite agregar un registro de audio a una presentaci\u00f3n digital, y as\u00ed es posible agregar m\u00fasica o agregar una grabaci\u00f3n con voz humana, a un determinado objeto del espacio SlideShare. Naturalmente, ese registro de audio ser\u00e1 escuchado a medida que van pasando los distintos cuadros, a medida que van pasando las distintas diapositivas.<\/p>\n<p>Aqui algun esjemplo de la utilidad del SlideShare........<\/p>\n<ol>\n<li>La web 2.0?<\/li>\n<\/ol>\n<p>La web 2.0 es util puesto que nos permite administrar una cuenta donde archivar, publicar, difundir nuestras presentaciones\u00a0\u00a0\u00a0<\/p>\n<div id=\"__ss_5503\" style=\"width: 425px\"><strong><a title=\"Web 2.0 and you\" href=\"http:\/\/www.slideshare.net\/thomaid\/web-20-and-you\">Web 2.0 and you<\/a><\/strong><object classid=\"clsid:d27cdb6e-ae6d-11cf-96b8-444553540000\" width=\"425\" height=\"355\"><param name=\"src\" value=\"http:\/\/static.slidesharecdn.com\/swf\/ssplayer2.swf?doc=web-20-and-you-16085&amp;stripped_title=web-20-and-you\" \/><param name=\"allowfullscreen\" value=\"true\" \/><embed type=\"application\/x-shockwave-flash\" width=\"425\" height=\"355\" src=\"http:\/\/static.slidesharecdn.com\/swf\/ssplayer2.swf?doc=web-20-and-you-16085&amp;stripped_title=web-20-and-you\" allowfullscreen=\"true\"><\/embed><\/object><\/div>\n<div style=\"padding: 5px 0 12px\">View more <a href=\"http:\/\/www.slideshare.net\/\">presentations<\/a> from <a href=\"http:\/\/www.slideshare.net\/thomaid\">thomaid<\/a>.<!--more--><\/div>\n","protected":false},"excerpt":{"rendered":"<p>\u00a0 El SlideShare es muy util porque\u00a0permite agregar un registro de audio a una presentaci\u00f3n digital, y as\u00ed es posible agregar m\u00fasica o agregar una grabaci\u00f3n con voz humana, a un determinado objeto del espacio SlideShare. Naturalmente, ese registro de audio ser\u00e1 escuchado a medida que van pasando los distintos cuadros, a medida que van [&hellip;]<\/p>\n","protected":false},"author":4220,"featured_media":0,"parent":0,"menu_order":0,"comment_status":"open","ping_status":"open","template":"","meta":{"footnotes":""},"class_list":["post-48","page","type-page","status-publish","hentry"],"_links":{"self":[{"href":"https:\/\/blog.espol.edu.ec\/andsacal\/wp-json\/wp\/v2\/pages\/48","targetHints":{"allow":["GET"]}}],"collection":[{"href":"https:\/\/blog.espol.edu.ec\/andsacal\/wp-json\/wp\/v2\/pages"}],"about":[{"href":"https:\/\/blog.espol.edu.ec\/andsacal\/wp-json\/wp\/v2\/types\/page"}],"author":[{"embeddable":true,"href":"https:\/\/blog.espol.edu.ec\/andsacal\/wp-json\/wp\/v2\/users\/4220"}],"replies":[{"embeddable":true,"href":"https:\/\/blog.espol.edu.ec\/andsacal\/wp-json\/wp\/v2\/comments?post=48"}],"version-history":[{"count":6,"href":"https:\/\/blog.espol.edu.ec\/andsacal\/wp-json\/wp\/v2\/pages\/48\/revisions"}],"predecessor-version":[{"id":50,"href":"https:\/\/blog.espol.edu.ec\/andsacal\/wp-json\/wp\/v2\/pages\/48\/revisions\/50"}],"wp:attachment":[{"href":"https:\/\/blog.espol.edu.ec\/andsacal\/wp-json\/wp\/v2\/media?parent=48"}],"curies":[{"name":"wp","href":"https:\/\/api.w.org\/{rel}","templated":true}]}}