{"id":101,"date":"2011-06-06T01:55:57","date_gmt":"2011-06-06T01:55:57","guid":{"rendered":"http:\/\/blog.espol.edu.ec\/anfeorel\/?page_id=101"},"modified":"2011-06-09T03:45:30","modified_gmt":"2011-06-09T03:45:30","slug":"katekyo-hitman-reborn","status":"publish","type":"page","link":"https:\/\/blog.espol.edu.ec\/anfeorel\/katekyo-hitman-reborn\/","title":{"rendered":"Katekyo Hitman Reborn!"},"content":{"rendered":"<p><a href=\"http:\/\/blog.espol.edu.ec\/anfeorel\/files\/2011\/06\/reborn1.jpg\"><img loading=\"lazy\" decoding=\"async\" class=\"alignleft size-medium wp-image-105\" title=\"reborn1\" src=\"http:\/\/blog.espol.edu.ec\/anfeorel\/files\/2011\/06\/reborn1-210x300.jpg\" alt=\"\" width=\"210\" height=\"300\" srcset=\"https:\/\/blog.espol.edu.ec\/anfeorel\/files\/2011\/06\/reborn1-210x300.jpg 210w, https:\/\/blog.espol.edu.ec\/anfeorel\/files\/2011\/06\/reborn1.jpg 336w\" sizes=\"auto, (max-width: 210px) 100vw, 210px\" \/><\/a>Sawada Tsunayoshi, era un chico normal de secundario hasta que un d\u00eda su vida cambio debido a Reborn, un asesino a sueldo con apariencia de beb\u00e9, que se convirtio en el tutor de Tsuna (Sawada Tsunayoshi) y le dijo que el fue elegido para convertirse en el d\u00e9cimo jefe de una familia muy poderosa de la mafia italiana, la Familia Vongola. Tsuna se enfrenta a varios obstaculos antes de convertise en el d\u00e9cimo, que junto a sus amigos y Reborn superar\u00e1n a trav\u00e9s de lo que se desarrolla la historia.<\/p>\n","protected":false},"excerpt":{"rendered":"<p>Sawada Tsunayoshi, era un chico normal de secundario hasta que un d\u00eda su vida cambio debido a Reborn, un asesino a sueldo con apariencia de beb\u00e9, que se convirtio en el tutor de Tsuna (Sawada Tsunayoshi) y le dijo que el fue elegido para convertirse en el d\u00e9cimo jefe de una familia muy poderosa de [&hellip;]<\/p>\n","protected":false},"author":5725,"featured_media":0,"parent":0,"menu_order":0,"comment_status":"open","ping_status":"open","template":"","meta":{"footnotes":""},"class_list":["post-101","page","type-page","status-publish","hentry"],"_links":{"self":[{"href":"https:\/\/blog.espol.edu.ec\/anfeorel\/wp-json\/wp\/v2\/pages\/101","targetHints":{"allow":["GET"]}}],"collection":[{"href":"https:\/\/blog.espol.edu.ec\/anfeorel\/wp-json\/wp\/v2\/pages"}],"about":[{"href":"https:\/\/blog.espol.edu.ec\/anfeorel\/wp-json\/wp\/v2\/types\/page"}],"author":[{"embeddable":true,"href":"https:\/\/blog.espol.edu.ec\/anfeorel\/wp-json\/wp\/v2\/users\/5725"}],"replies":[{"embeddable":true,"href":"https:\/\/blog.espol.edu.ec\/anfeorel\/wp-json\/wp\/v2\/comments?post=101"}],"version-history":[{"count":4,"href":"https:\/\/blog.espol.edu.ec\/anfeorel\/wp-json\/wp\/v2\/pages\/101\/revisions"}],"predecessor-version":[{"id":107,"href":"https:\/\/blog.espol.edu.ec\/anfeorel\/wp-json\/wp\/v2\/pages\/101\/revisions\/107"}],"wp:attachment":[{"href":"https:\/\/blog.espol.edu.ec\/anfeorel\/wp-json\/wp\/v2\/media?parent=101"}],"curies":[{"name":"wp","href":"https:\/\/api.w.org\/{rel}","templated":true}]}}