{"id":117,"date":"2011-06-07T17:30:24","date_gmt":"2011-06-07T17:30:24","guid":{"rendered":"http:\/\/blog.espol.edu.ec\/anfeorel\/?page_id=117"},"modified":"2011-06-07T17:30:24","modified_gmt":"2011-06-07T17:30:24","slug":"fairy-tail","status":"publish","type":"page","link":"https:\/\/blog.espol.edu.ec\/anfeorel\/fairy-tail\/","title":{"rendered":"Fairy Tail"},"content":{"rendered":"<p><a href=\"http:\/\/blog.espol.edu.ec\/anfeorel\/files\/2011\/06\/fairy_tail-655.jpg\"><img loading=\"lazy\" decoding=\"async\" class=\"alignleft size-medium wp-image-120\" title=\"fairy_tail-655\" src=\"http:\/\/blog.espol.edu.ec\/anfeorel\/files\/2011\/06\/fairy_tail-655-210x300.jpg\" alt=\"\" width=\"210\" height=\"300\" srcset=\"https:\/\/blog.espol.edu.ec\/anfeorel\/files\/2011\/06\/fairy_tail-655-210x300.jpg 210w, https:\/\/blog.espol.edu.ec\/anfeorel\/files\/2011\/06\/fairy_tail-655.jpg 357w\" sizes=\"auto, (max-width: 210px) 100vw, 210px\" \/><\/a>El tiempo en que se desarrolla la historia es en la Era de los Magos, Natsu Dragonil, un joven que busca a su padre adoptivo un drag\u00f3n llamado Igneel que la ense\u00f1o a usar magia de drag\u00f3n de fuego. Natsu siempre esta acompa\u00f1ado de su amigo Happy, un gato que puede volar, se topan con Lucy que estaba buscando el gremio de mago Fairy Tail, del cu\u00e1l Natsu es parte de ellos,\u00a0\u00a0le ofrece unirse a Fairy Tail y ella acepta. Una vez que llega al gremio, Lucy conoce a Erza Scarlet, una maga especializada en el equipamiento de armaduras y armas, as\u00ed como a Gray Fullbuster, un mago experto en el control del hielo. A partir de entonces, Natsu, Lucy, Gray, Erza y Happy forman un equipo para acudir a las distintas misiones que existen en el gremio. Conforme transcurre la serie, se dan a conocer otros gremios que buscan casi siempre superar y destruir a Fairy Tail, por lo que los miembros del gremio deben unir fuerzas y evitar que sus oscuros prop\u00f3sitos se cumplan.<\/p>\n","protected":false},"excerpt":{"rendered":"<p>El tiempo en que se desarrolla la historia es en la Era de los Magos, Natsu Dragonil, un joven que busca a su padre adoptivo un drag\u00f3n llamado Igneel que la ense\u00f1o a usar magia de drag\u00f3n de fuego. Natsu siempre esta acompa\u00f1ado de su amigo Happy, un gato que puede volar, se topan con [&hellip;]<\/p>\n","protected":false},"author":5725,"featured_media":0,"parent":0,"menu_order":0,"comment_status":"open","ping_status":"open","template":"","meta":{"footnotes":""},"class_list":["post-117","page","type-page","status-publish","hentry"],"_links":{"self":[{"href":"https:\/\/blog.espol.edu.ec\/anfeorel\/wp-json\/wp\/v2\/pages\/117","targetHints":{"allow":["GET"]}}],"collection":[{"href":"https:\/\/blog.espol.edu.ec\/anfeorel\/wp-json\/wp\/v2\/pages"}],"about":[{"href":"https:\/\/blog.espol.edu.ec\/anfeorel\/wp-json\/wp\/v2\/types\/page"}],"author":[{"embeddable":true,"href":"https:\/\/blog.espol.edu.ec\/anfeorel\/wp-json\/wp\/v2\/users\/5725"}],"replies":[{"embeddable":true,"href":"https:\/\/blog.espol.edu.ec\/anfeorel\/wp-json\/wp\/v2\/comments?post=117"}],"version-history":[{"count":2,"href":"https:\/\/blog.espol.edu.ec\/anfeorel\/wp-json\/wp\/v2\/pages\/117\/revisions"}],"predecessor-version":[{"id":122,"href":"https:\/\/blog.espol.edu.ec\/anfeorel\/wp-json\/wp\/v2\/pages\/117\/revisions\/122"}],"wp:attachment":[{"href":"https:\/\/blog.espol.edu.ec\/anfeorel\/wp-json\/wp\/v2\/media?parent=117"}],"curies":[{"name":"wp","href":"https:\/\/api.w.org\/{rel}","templated":true}]}}