{"id":119,"date":"2011-06-07T17:36:47","date_gmt":"2011-06-07T17:36:47","guid":{"rendered":"http:\/\/blog.espol.edu.ec\/anfeorel\/?page_id=119"},"modified":"2011-06-07T17:36:47","modified_gmt":"2011-06-07T17:36:47","slug":"love-hina","status":"publish","type":"page","link":"https:\/\/blog.espol.edu.ec\/anfeorel\/love-hina\/","title":{"rendered":"Love Hina"},"content":{"rendered":"<p><a href=\"http:\/\/blog.espol.edu.ec\/anfeorel\/files\/2011\/06\/11159yh9.jpg\"><img loading=\"lazy\" decoding=\"async\" class=\"alignleft size-medium wp-image-126\" title=\"Love hina\" src=\"http:\/\/blog.espol.edu.ec\/anfeorel\/files\/2011\/06\/11159yh9-227x300.jpg\" alt=\"\" width=\"227\" height=\"300\" srcset=\"https:\/\/blog.espol.edu.ec\/anfeorel\/files\/2011\/06\/11159yh9-227x300.jpg 227w, https:\/\/blog.espol.edu.ec\/anfeorel\/files\/2011\/06\/11159yh9.jpg 300w\" sizes=\"auto, (max-width: 227px) 100vw, 227px\" \/><\/a>Love Hina cuenta la historia de Keitaro Urashima, un chico de 20 a\u00f1os que quiere entrar en la\u00a0Universidad de Tokyo, conocido tambi\u00e9n entre los japoneses como Todai, porque cuando era ni\u00f1o hizo una promesa con una ni\u00f1a de su infancia donde promet\u00edan que si iban juntos a la Universidad de Tokyo, el \u00fanico problema, es que el\u00a0no recuerda el nombre de la ni\u00f1a a la cual le hab\u00eda hecho la promesa, ni siquiera su edad.<\/p>\n<p>Sin embargo, Keitaro ha suspendido dos veces el examen de\u00a0ingreso. \u00c9l recibe una llamada\u00a0de su abuela y \u00a0decide ir a la posada de su abuela a vivir all\u00ed un tiempo y estudiar para que ingrese a la universidad, pero hac\u00eda a\u00f1os que dej\u00f3 de ser una posada ya que ahora es una residencia femenina con cinco inquilinas, todas hermosas y adolescentes. La abuela de Keitro lo dega como gerente, todas la chicas se lo toman a mal pero debido a una series de accidentes comienza a aceptarlo.<\/p>\n","protected":false},"excerpt":{"rendered":"<p>Love Hina cuenta la historia de Keitaro Urashima, un chico de 20 a\u00f1os que quiere entrar en la\u00a0Universidad de Tokyo, conocido tambi\u00e9n entre los japoneses como Todai, porque cuando era ni\u00f1o hizo una promesa con una ni\u00f1a de su infancia donde promet\u00edan que si iban juntos a la Universidad de Tokyo, el \u00fanico problema, es [&hellip;]<\/p>\n","protected":false},"author":5725,"featured_media":0,"parent":0,"menu_order":0,"comment_status":"open","ping_status":"open","template":"","meta":{"footnotes":""},"class_list":["post-119","page","type-page","status-publish","hentry"],"_links":{"self":[{"href":"https:\/\/blog.espol.edu.ec\/anfeorel\/wp-json\/wp\/v2\/pages\/119","targetHints":{"allow":["GET"]}}],"collection":[{"href":"https:\/\/blog.espol.edu.ec\/anfeorel\/wp-json\/wp\/v2\/pages"}],"about":[{"href":"https:\/\/blog.espol.edu.ec\/anfeorel\/wp-json\/wp\/v2\/types\/page"}],"author":[{"embeddable":true,"href":"https:\/\/blog.espol.edu.ec\/anfeorel\/wp-json\/wp\/v2\/users\/5725"}],"replies":[{"embeddable":true,"href":"https:\/\/blog.espol.edu.ec\/anfeorel\/wp-json\/wp\/v2\/comments?post=119"}],"version-history":[{"count":3,"href":"https:\/\/blog.espol.edu.ec\/anfeorel\/wp-json\/wp\/v2\/pages\/119\/revisions"}],"predecessor-version":[{"id":127,"href":"https:\/\/blog.espol.edu.ec\/anfeorel\/wp-json\/wp\/v2\/pages\/119\/revisions\/127"}],"wp:attachment":[{"href":"https:\/\/blog.espol.edu.ec\/anfeorel\/wp-json\/wp\/v2\/media?parent=119"}],"curies":[{"name":"wp","href":"https:\/\/api.w.org\/{rel}","templated":true}]}}