{"id":128,"date":"2011-06-07T17:52:45","date_gmt":"2011-06-07T17:52:45","guid":{"rendered":"http:\/\/blog.espol.edu.ec\/anfeorel\/?page_id=128"},"modified":"2011-06-07T21:18:03","modified_gmt":"2011-06-07T21:18:03","slug":"zero-no-tsukaima","status":"publish","type":"page","link":"https:\/\/blog.espol.edu.ec\/anfeorel\/zero-no-tsukaima\/","title":{"rendered":"Zero no Tsukaima"},"content":{"rendered":"<p><a href=\"http:\/\/blog.espol.edu.ec\/anfeorel\/files\/2011\/06\/zero-no-tsukaima-season-11.jpg\"><img loading=\"lazy\" decoding=\"async\" class=\"alignleft size-medium wp-image-131\" title=\"zero-no-tsukaima-season-1\" src=\"http:\/\/blog.espol.edu.ec\/anfeorel\/files\/2011\/06\/zero-no-tsukaima-season-11-300x170.jpg\" alt=\"\" width=\"300\" height=\"170\" srcset=\"https:\/\/blog.espol.edu.ec\/anfeorel\/files\/2011\/06\/zero-no-tsukaima-season-11-300x170.jpg 300w, https:\/\/blog.espol.edu.ec\/anfeorel\/files\/2011\/06\/zero-no-tsukaima-season-11.jpg 704w\" sizes=\"auto, (max-width: 300px) 100vw, 300px\" \/><\/a>En un mundo donde existe la magia y existe cierta desigualdad social entre la gente que puede realizar magia, los nobles,\u00a0y la que no, los plebeyos. Louise Fran\u00e7oise Le Blanc de La Valli\u00e8re, tambi\u00e9n llamada por sus compa\u00f1eros en la academia de magia Louise la Cero, debido a que ella no es capaz de realizar\u00a0ning\u00fan hechizo sin que haya una explosi\u00f3n. En la academia existe un ritual que deben realizar los estudiantes de segundo a\u00f1o mediante el cual todos convocan a su \"familiar\" (criatura que acompa\u00f1ara al mago y estar\u00e1 a su servicio durante el resto de su vida), y Louise convoca a Saito, un\u00a0humano de la Tierra, el cu\u00e1l viene de Jap\u00f3n, causando\u00a0un gran alboroto porque nunca se hab\u00eda visto que alguien convocara a un plebeyo\u00a0como su familiar.\u00a0El cual sorprende a todos ya que adquiere como familiar la habilidad de usar armas diestramente con solo tocarlas, debido a las runas m\u00e1gicas que ten\u00eda grabadas en la mano izquierda despu\u00e9s de sellar el pacto con Louise. Las runas que Saito ten\u00eda grabadas eran las runas del familiar del Legendario Mago del Vac\u00edo, del elemento perdido del pent\u00e1gono m\u00e1gico,lo cual convierte a \u00a0Louise\u00a0en la maga del Vac\u00edo.<\/p>\n","protected":false},"excerpt":{"rendered":"<p>En un mundo donde existe la magia y existe cierta desigualdad social entre la gente que puede realizar magia, los nobles,\u00a0y la que no, los plebeyos. Louise Fran\u00e7oise Le Blanc de La Valli\u00e8re, tambi\u00e9n llamada por sus compa\u00f1eros en la academia de magia Louise la Cero, debido a que ella no es capaz de realizar\u00a0ning\u00fan [&hellip;]<\/p>\n","protected":false},"author":5725,"featured_media":0,"parent":0,"menu_order":0,"comment_status":"open","ping_status":"open","template":"","meta":{"footnotes":""},"class_list":["post-128","page","type-page","status-publish","hentry"],"_links":{"self":[{"href":"https:\/\/blog.espol.edu.ec\/anfeorel\/wp-json\/wp\/v2\/pages\/128","targetHints":{"allow":["GET"]}}],"collection":[{"href":"https:\/\/blog.espol.edu.ec\/anfeorel\/wp-json\/wp\/v2\/pages"}],"about":[{"href":"https:\/\/blog.espol.edu.ec\/anfeorel\/wp-json\/wp\/v2\/types\/page"}],"author":[{"embeddable":true,"href":"https:\/\/blog.espol.edu.ec\/anfeorel\/wp-json\/wp\/v2\/users\/5725"}],"replies":[{"embeddable":true,"href":"https:\/\/blog.espol.edu.ec\/anfeorel\/wp-json\/wp\/v2\/comments?post=128"}],"version-history":[{"count":3,"href":"https:\/\/blog.espol.edu.ec\/anfeorel\/wp-json\/wp\/v2\/pages\/128\/revisions"}],"predecessor-version":[{"id":138,"href":"https:\/\/blog.espol.edu.ec\/anfeorel\/wp-json\/wp\/v2\/pages\/128\/revisions\/138"}],"wp:attachment":[{"href":"https:\/\/blog.espol.edu.ec\/anfeorel\/wp-json\/wp\/v2\/media?parent=128"}],"curies":[{"name":"wp","href":"https:\/\/api.w.org\/{rel}","templated":true}]}}