{"id":95,"date":"2011-06-06T01:22:27","date_gmt":"2011-06-06T01:22:27","guid":{"rendered":"http:\/\/blog.espol.edu.ec\/anfeorel\/?page_id=95"},"modified":"2011-06-09T02:26:16","modified_gmt":"2011-06-09T02:26:16","slug":"eureka-seven","status":"publish","type":"page","link":"https:\/\/blog.espol.edu.ec\/anfeorel\/eureka-seven\/","title":{"rendered":"Eureka Seven"},"content":{"rendered":"<p>Eureka Seven es una historia situada en un futuro distante de la Tierra, donde los humanos qu\u00e9 se establecieron all\u00ed sufrieron un misterioso fen\u00f3meno llamado \"Verano del Amor\" algunos a\u00f1os antes, pero de acuerdo con la historia oficial, fue detenido por un cient\u00edfico militar llamado Adrock Thorston que dio su vida para proteger a la humanidad. Renton Thorston, el protagonista de esta serie y el hijo de Adrock, es un chico de catorce a\u00f1os cuyo \u00eddolo es Holland, el l\u00edder de un grupo de mercenarios conocido como Gekko State. Es hay donde el protagonista Renton Thorston harto de su vida en su pueblo natal conoce a una chica llamada <a href=\"http:\/\/blog.espol.edu.ec\/anfeorel\/files\/2011\/06\/350px-Eureka_Seven.png\"><img loading=\"lazy\" decoding=\"async\" class=\"size-medium wp-image-96 alignleft\" title=\"Eureka_Seven\" src=\"http:\/\/blog.espol.edu.ec\/anfeorel\/files\/2011\/06\/350px-Eureka_Seven-300x227.png\" alt=\"\" width=\"300\" height=\"227\" srcset=\"https:\/\/blog.espol.edu.ec\/anfeorel\/files\/2011\/06\/350px-Eureka_Seven-300x227.png 300w, https:\/\/blog.espol.edu.ec\/anfeorel\/files\/2011\/06\/350px-Eureka_Seven.png 350w\" sizes=\"auto, (max-width: 300px) 100vw, 300px\" \/><\/a>Eureka que piloteab\u00e1 un robot, el Nirvash, en ese momento su vida cambio.<\/p>\n","protected":false},"excerpt":{"rendered":"<p>Eureka Seven es una historia situada en un futuro distante de la Tierra, donde los humanos qu\u00e9 se establecieron all\u00ed sufrieron un misterioso fen\u00f3meno llamado \"Verano del Amor\" algunos a\u00f1os antes, pero de acuerdo con la historia oficial, fue detenido por un cient\u00edfico militar llamado Adrock Thorston que dio su vida para proteger a la [&hellip;]<\/p>\n","protected":false},"author":5725,"featured_media":0,"parent":0,"menu_order":0,"comment_status":"open","ping_status":"open","template":"","meta":{"footnotes":""},"class_list":["post-95","page","type-page","status-publish","hentry"],"_links":{"self":[{"href":"https:\/\/blog.espol.edu.ec\/anfeorel\/wp-json\/wp\/v2\/pages\/95","targetHints":{"allow":["GET"]}}],"collection":[{"href":"https:\/\/blog.espol.edu.ec\/anfeorel\/wp-json\/wp\/v2\/pages"}],"about":[{"href":"https:\/\/blog.espol.edu.ec\/anfeorel\/wp-json\/wp\/v2\/types\/page"}],"author":[{"embeddable":true,"href":"https:\/\/blog.espol.edu.ec\/anfeorel\/wp-json\/wp\/v2\/users\/5725"}],"replies":[{"embeddable":true,"href":"https:\/\/blog.espol.edu.ec\/anfeorel\/wp-json\/wp\/v2\/comments?post=95"}],"version-history":[{"count":4,"href":"https:\/\/blog.espol.edu.ec\/anfeorel\/wp-json\/wp\/v2\/pages\/95\/revisions"}],"predecessor-version":[{"id":156,"href":"https:\/\/blog.espol.edu.ec\/anfeorel\/wp-json\/wp\/v2\/pages\/95\/revisions\/156"}],"wp:attachment":[{"href":"https:\/\/blog.espol.edu.ec\/anfeorel\/wp-json\/wp\/v2\/media?parent=95"}],"curies":[{"name":"wp","href":"https:\/\/api.w.org\/{rel}","templated":true}]}}