{"id":98,"date":"2011-06-06T01:37:59","date_gmt":"2011-06-06T01:37:59","guid":{"rendered":"http:\/\/blog.espol.edu.ec\/anfeorel\/?page_id=98"},"modified":"2011-06-09T02:29:43","modified_gmt":"2011-06-09T02:29:43","slug":"one-piece","status":"publish","type":"page","link":"https:\/\/blog.espol.edu.ec\/anfeorel\/one-piece\/","title":{"rendered":"One Piece"},"content":{"rendered":"<p>El mundo de One Piece esta situado en la \u00e9<a href=\"http:\/\/blog.espol.edu.ec\/anfeorel\/files\/2011\/06\/ge5211.jpg\"><img loading=\"lazy\" decoding=\"async\" class=\"alignleft size-medium wp-image-99\" title=\"ge5211\" src=\"http:\/\/blog.espol.edu.ec\/anfeorel\/files\/2011\/06\/ge5211-216x300.jpg\" alt=\"\" width=\"216\" height=\"300\" srcset=\"https:\/\/blog.espol.edu.ec\/anfeorel\/files\/2011\/06\/ge5211-216x300.jpg 216w, https:\/\/blog.espol.edu.ec\/anfeorel\/files\/2011\/06\/ge5211.jpg 361w\" sizes=\"auto, (max-width: 216px) 100vw, 216px\" \/><\/a>poca de los piratas, donde el protagonista Monkey D. Luffy quiere ser el Rey de los piratas, Para ello necesitar\u00eda encontrar una tripulaci\u00f3n adecuada, nueve personas que lo acompa\u00f1ar\u00edan en su aventura, para lo cual debe encontar el m\u00e1s grande tesoro dejado por el anterior rey de los piratas Gold D. Roger.<\/p>\n<p>En su viaje, Monkey D. Luffy\u00a0 y sus compa\u00f1eros derrotar\u00e1n a gran cantidad de adversarios. Adem\u00e1s, ir\u00e1 conociendo a otros personajes, de los cuales, algunos se unir\u00e1n a \u00e9l como miembros de su tripulaci\u00f3n mientras que otros le ayudar\u00e1n por un tiempo, transform\u00e1ndose en valiosas amistades.<\/p>\n","protected":false},"excerpt":{"rendered":"<p>El mundo de One Piece esta situado en la \u00e9poca de los piratas, donde el protagonista Monkey D. Luffy quiere ser el Rey de los piratas, Para ello necesitar\u00eda encontrar una tripulaci\u00f3n adecuada, nueve personas que lo acompa\u00f1ar\u00edan en su aventura, para lo cual debe encontar el m\u00e1s grande tesoro dejado por el anterior rey [&hellip;]<\/p>\n","protected":false},"author":5725,"featured_media":0,"parent":0,"menu_order":0,"comment_status":"open","ping_status":"open","template":"","meta":{"footnotes":""},"class_list":["post-98","page","type-page","status-publish","hentry"],"_links":{"self":[{"href":"https:\/\/blog.espol.edu.ec\/anfeorel\/wp-json\/wp\/v2\/pages\/98","targetHints":{"allow":["GET"]}}],"collection":[{"href":"https:\/\/blog.espol.edu.ec\/anfeorel\/wp-json\/wp\/v2\/pages"}],"about":[{"href":"https:\/\/blog.espol.edu.ec\/anfeorel\/wp-json\/wp\/v2\/types\/page"}],"author":[{"embeddable":true,"href":"https:\/\/blog.espol.edu.ec\/anfeorel\/wp-json\/wp\/v2\/users\/5725"}],"replies":[{"embeddable":true,"href":"https:\/\/blog.espol.edu.ec\/anfeorel\/wp-json\/wp\/v2\/comments?post=98"}],"version-history":[{"count":3,"href":"https:\/\/blog.espol.edu.ec\/anfeorel\/wp-json\/wp\/v2\/pages\/98\/revisions"}],"predecessor-version":[{"id":157,"href":"https:\/\/blog.espol.edu.ec\/anfeorel\/wp-json\/wp\/v2\/pages\/98\/revisions\/157"}],"wp:attachment":[{"href":"https:\/\/blog.espol.edu.ec\/anfeorel\/wp-json\/wp\/v2\/media?parent=98"}],"curies":[{"name":"wp","href":"https:\/\/api.w.org\/{rel}","templated":true}]}}