{"id":11,"date":"2016-11-07T21:18:12","date_gmt":"2016-11-07T21:18:12","guid":{"rendered":"http:\/\/blog.espol.edu.ec\/angelope\/?page_id=11"},"modified":"2016-11-08T21:50:24","modified_gmt":"2016-11-08T21:50:24","slug":"mantaselevanta","status":"publish","type":"page","link":"https:\/\/blog.espol.edu.ec\/angelope\/mantaselevanta\/","title":{"rendered":"Manta se levanta"},"content":{"rendered":"<p>Manta est\u00e1 ubicada en la provincia de Manab\u00ed, en la Costa del Pac\u00edfico. Ciudad con amplio crecimiento comercial, tur\u00edstico y principal puerto pesquero del Ecuador. Manta es visitada anualmente por turistas tanto extranjeros como nacionales, por sus magn\u00edficas playas, situadas en el coraz\u00f3n de la ciudad, que invitan al descanso con variadas formas, donde la imaginaci\u00f3n vuela al ritmo de la brisa. Los esteros, Tarqui, el Murcielago, Barbasquillo, Santa Marianita, San Lorenzo son el deleite para el turismo y la aventura.<\/p>\n<p><iframe loading=\"lazy\" width=\"830\" height=\"467\" src=\"https:\/\/www.youtube.com\/embed\/PMEvXcRYNl8?feature=oembed\" frameborder=\"0\" allowfullscreen><\/iframe><\/p>\n","protected":false},"excerpt":{"rendered":"<p>Manta est\u00e1 ubicada en la provincia de Manab\u00ed, en la Costa del Pac\u00edfico. Ciudad con amplio crecimiento comercial, tur\u00edstico y principal puerto pesquero del Ecuador. Manta es visitada anualmente por turistas tanto extranjeros como nacionales, por sus magn\u00edficas playas, situadas en el coraz\u00f3n de la ciudad, que invitan al descanso con variadas formas, donde la [&hellip;]<\/p>\n","protected":false},"author":10651,"featured_media":0,"parent":0,"menu_order":0,"comment_status":"closed","ping_status":"closed","template":"","meta":{"footnotes":""},"class_list":["post-11","page","type-page","status-publish","hentry"],"_links":{"self":[{"href":"https:\/\/blog.espol.edu.ec\/angelope\/wp-json\/wp\/v2\/pages\/11","targetHints":{"allow":["GET"]}}],"collection":[{"href":"https:\/\/blog.espol.edu.ec\/angelope\/wp-json\/wp\/v2\/pages"}],"about":[{"href":"https:\/\/blog.espol.edu.ec\/angelope\/wp-json\/wp\/v2\/types\/page"}],"author":[{"embeddable":true,"href":"https:\/\/blog.espol.edu.ec\/angelope\/wp-json\/wp\/v2\/users\/10651"}],"replies":[{"embeddable":true,"href":"https:\/\/blog.espol.edu.ec\/angelope\/wp-json\/wp\/v2\/comments?post=11"}],"version-history":[{"count":3,"href":"https:\/\/blog.espol.edu.ec\/angelope\/wp-json\/wp\/v2\/pages\/11\/revisions"}],"predecessor-version":[{"id":23,"href":"https:\/\/blog.espol.edu.ec\/angelope\/wp-json\/wp\/v2\/pages\/11\/revisions\/23"}],"wp:attachment":[{"href":"https:\/\/blog.espol.edu.ec\/angelope\/wp-json\/wp\/v2\/media?parent=11"}],"curies":[{"name":"wp","href":"https:\/\/api.w.org\/{rel}","templated":true}]}}