{"id":48,"date":"2016-11-08T23:15:59","date_gmt":"2016-11-08T23:15:59","guid":{"rendered":"http:\/\/blog.espol.edu.ec\/angelope\/?page_id=48"},"modified":"2016-11-08T23:15:59","modified_gmt":"2016-11-08T23:15:59","slug":"manta-futbol-club","status":"publish","type":"page","link":"https:\/\/blog.espol.edu.ec\/angelope\/manta-futbol-club\/","title":{"rendered":"MANTA F\u00daTBOL CLUB"},"content":{"rendered":"<p><span style=\"color: #000000\">El Manta F\u00fatbol Club es un equipo de futbol ecuatoriano\u00a0de la ciudad de Manta, Ecuador. Fue fundado el 27 de julio\u00a0de 1998,\u00a0dos a\u00f1os despu\u00e9s de comprarle la franquicia al Manta Sport Club\u00a0(fundado en 1915). Actualmente juega en la Serie B de Ecuador. La intenci\u00f3n era revivir a un club tradicional y antiguo (Manta Sport Club) que represent\u00f3 al puerto manabita en los a\u00f1os 70. En el pasado era el \u00fanico equipo manabita en Primera Divisi\u00f3n, participando en esta divisi\u00f3n desde 2009\u00a0hasta su descenso en 2014. Su cl\u00e1sico rival es el Delf\u00edn de Manta\u00a0y, al tener ambos su sede en la ciudad de Manta, suelen protagonizar el denominado Cl\u00e1sico Mantense.<\/span><\/p>\n<p>Tiene dos <a title=\"Barra brava\" href=\"https:\/\/es.wikipedia.org\/wiki\/Barra_brava\">barras bravas<\/a> principales: El \"Oleaje Norte\" y la \"Legi\u00f3n Norte\" (ubicados en la general Norte del Estadio Jocay) y \"Los Tiburones\" (autodenominados como \"la culta barra del Manta F.C.\"), que se sit\u00faa en la Preferencia del <a title=\"Estadio Jocay\" href=\"https:\/\/es.wikipedia.org\/wiki\/Estadio_Jocay\">Estadio Jocay<\/a>.<\/p>\n<h3><span id=\"Oleaje_Norte\" class=\"mw-headline\" style=\"color: #000000\">Oleaje Norte<\/span><\/h3>\n<p><span style=\"color: #000000\">Desde el barrio Altamira, pero recoplilando el sentimiento de la afici\u00f3n de todo <a style=\"color: #000000;text-decoration: underline\" title=\"Manta (Ecuador)\" href=\"https:\/\/es.wikipedia.org\/wiki\/Manta_(Ecuador)\">Manta<\/a>, la barra Oleaje Norte siempre est\u00e1 presente en la General para alentar el equipo Atunero. Naciendo de la fusi\u00f3n de algunas barras antiguas del equipo, Oleaje ya tiene muchas an\u00e9cdotas e historias que contar, todo por el sentimiento mantense.<\/span><\/p>\n<p><span style=\"color: #000000\">\u201cLa barra de la Popular\u201d se caracteriza por darle un ambiente de murga al aliento por el Manta F.C., esto acomparsado por la banderas, los trapos y el papel picado caracter\u00edstico en cada partido de local en el <a style=\"color: #000000;text-decoration: underline\" title=\"Estadio Jocay\" href=\"https:\/\/es.wikipedia.org\/wiki\/Estadio_Jocay\">Estadio Jocay<\/a>.<\/span><\/p>\n<p><span style=\"color: #000000\">Pero su aliento no solo es casa adentro, ya que tienen algunos viajes, algunas ciudades, algunos estadios, donde su voz se ha hecho sentir, aregando a los jugadores.<\/span><\/p>\n<p><span style=\"color: #000000\">Como nos relata <a class=\"new\" style=\"color: #000000;text-decoration: underline\" title=\"Milton Mac\u00edas (a\u00fan no redactado)\" href=\"https:\/\/es.wikipedia.org\/w\/index.php?title=Milton_Mac%C3%ADas&amp;action=edit&amp;redlink=1\">Milton Mac\u00edas<\/a>, uno de los fundadores de la barra, \u201cesto es de sacrificio, y se hace por el amor a los colores del club\u201d. Con el esfuerzo de cada uno de los integrantes, se han sumado varios instrumentos como bombos murgueros, trompetas, tambores, etc., que potencian los c\u00e1nticos. Adem\u00e1s, de tener varios \u201ctrapos\u201d con leyendas alusivas al Manta.<\/span><\/p>\n<p><span style=\"color: #000000\">\u201cUna vez nos rompieron los vidrios del bus llegando a Guayaquil\u201d, nos cuenta <a class=\"new\" style=\"color: #000000;text-decoration: underline\" title=\"Fabricio Zambrano (a\u00fan no redactado)\" href=\"https:\/\/es.wikipedia.org\/w\/index.php?title=Fabricio_Zambrano&amp;action=edit&amp;redlink=1\">Fabricio Zambrano<\/a>; \u201cpero poco import\u00f3, porque regresamos con la victoria\u201d. Clara muestra que, pese a todo los embates, poco importan por alentar al Manta.<\/span><\/p>\n<p><span style=\"color: #000000\">Y este sentimiento no solo queda en las gradas, ya que por iniciativa de los l\u00edderes, todos los miembros de Oleaje Norte son socios del Manta F\u00fatbol Club, contribuyendo al crecimiento de la instituci\u00f3n, adem\u00e1s, realizan siempre actividades para que esta idea societaria se transmita al resto de fan\u00e1ticos mantenses.<\/span><\/p>\n<p><span style=\"color: #000000\">Se puede ganar, se puede perder, lo \u00fanico seguro es que Oleaje Norte siempre estar\u00e1, en las buenas y enlas malas, parti\u00e9ndose la voz por alentar al Manta F\u00fatbol Club.<\/span><\/p>\n<p><img loading=\"lazy\" decoding=\"async\" class=\"alignnone size-medium\" src=\"https:\/\/upload.wikimedia.org\/wikipedia\/en\/a\/a3\/Manta_FC_logo.png\" alt=\"\" width=\"170\" height=\"212\" \/><\/p>\n","protected":false},"excerpt":{"rendered":"<p>El Manta F\u00fatbol Club es un equipo de futbol ecuatoriano\u00a0de la ciudad de Manta, Ecuador. Fue fundado el 27 de julio\u00a0de 1998,\u00a0dos a\u00f1os despu\u00e9s de comprarle la franquicia al Manta Sport Club\u00a0(fundado en 1915). Actualmente juega en la Serie B de Ecuador. La intenci\u00f3n era revivir a un club tradicional y antiguo (Manta Sport Club) [&hellip;]<\/p>\n","protected":false},"author":10651,"featured_media":0,"parent":0,"menu_order":0,"comment_status":"closed","ping_status":"closed","template":"","meta":{"footnotes":""},"class_list":["post-48","page","type-page","status-publish","hentry"],"_links":{"self":[{"href":"https:\/\/blog.espol.edu.ec\/angelope\/wp-json\/wp\/v2\/pages\/48","targetHints":{"allow":["GET"]}}],"collection":[{"href":"https:\/\/blog.espol.edu.ec\/angelope\/wp-json\/wp\/v2\/pages"}],"about":[{"href":"https:\/\/blog.espol.edu.ec\/angelope\/wp-json\/wp\/v2\/types\/page"}],"author":[{"embeddable":true,"href":"https:\/\/blog.espol.edu.ec\/angelope\/wp-json\/wp\/v2\/users\/10651"}],"replies":[{"embeddable":true,"href":"https:\/\/blog.espol.edu.ec\/angelope\/wp-json\/wp\/v2\/comments?post=48"}],"version-history":[{"count":1,"href":"https:\/\/blog.espol.edu.ec\/angelope\/wp-json\/wp\/v2\/pages\/48\/revisions"}],"predecessor-version":[{"id":49,"href":"https:\/\/blog.espol.edu.ec\/angelope\/wp-json\/wp\/v2\/pages\/48\/revisions\/49"}],"wp:attachment":[{"href":"https:\/\/blog.espol.edu.ec\/angelope\/wp-json\/wp\/v2\/media?parent=48"}],"curies":[{"name":"wp","href":"https:\/\/api.w.org\/{rel}","templated":true}]}}