{"id":52,"date":"2016-11-08T23:26:58","date_gmt":"2016-11-08T23:26:58","guid":{"rendered":"http:\/\/blog.espol.edu.ec\/angelope\/?page_id=52"},"modified":"2016-11-08T23:26:58","modified_gmt":"2016-11-08T23:26:58","slug":"playas-de-manta","status":"publish","type":"page","link":"https:\/\/blog.espol.edu.ec\/angelope\/playas-de-manta\/","title":{"rendered":"PLAYAS DE MANTA"},"content":{"rendered":"<p><strong>Si vives en Manta, o si eres de afuera no tardes en visitar los rincones paradisiacos de esta Caleta ancestral de Pescadores. Las m\u00faltiples opciones que te brinda este puerto, con sus atractivos innegable de cual sus playas son el principal actor y sello carcteristico de Ciudad Turistica.<\/strong><\/p>\n<p>Sus 12\u00a0<a href=\"http:\/\/www.mantacomercial.com\/turismo-y-varios-en-manta.html\">Playas<\/a> que rodean su perfil costero del Cant\u00f3n son un referente turistico de la Ciudad, es que cada una guarda un aspecto diferente, con un toque especial invitando a todos a conocerlas.<\/p>\n<p>La Cordillera Colon-Colonche, las llanura aluviales, la marea y el viento han formado siluetas \u00fanicas e imponentes siendo este un punto caracterisitico de Manta por eso podemos conocer en poco tiempo desde acantilados pronunciados a amplias playas en cuesti\u00f3n de minutos.<\/p>\n<p>Los Esteros<br \/>\nNo es un destino para ba\u00f1ista, pero si un lugar donde se puede admirar una vista Panor\u00e1mica de casi todo el perfil urbano de la ciudad, cuenta con una ciclo-v\u00eda panoramica la cual es parte de la V\u00eda Puerto Aeropuerto.<\/p>\n<p>Playita M\u00eda<br \/>\nEste es destino de visita ideal para ver de cerca el oficio ancestral y primado de Manta como es la pesca, adem\u00e1s de ver de forma muy cercana la construcci\u00f3n artesanal de buques pesqueros, y no pude faltar los comedores y restaurantes de mariscos reci\u00e9n salidos del oc\u00e9ano, en el parque del marisco o en los comedores de Playita M\u00eda todos ellos al pie de la playa. Cuenta con una ciclo-v\u00eda panoramica la cual es parte de la V\u00eda Puerto Aeropuerto.<\/p>\n<p><img loading=\"lazy\" decoding=\"async\" class=\"alignnone size-medium\" src=\"http:\/\/www.mantacomercial.com\/images\/playita%20mia%20especial%20playas\/los-esteros-manta-comercial-perfil.jpg\" alt=\"\" width=\"729\" height=\"410\" \/><\/p>\n<p>Playa Murci\u00e9lago.<br \/>\nSu nombre se debe a que su silueta asemeja a este mamifero con sus aladas desplegadas, es la playa urbana m\u00e1s extensa. punto turistico representativo e ideal para los ba\u00f1istas, adem\u00e1s de ser un lugar con una buena ola.<\/p>\n<p>Se puede practicar casi cualquier deporte de playa y encontrar muchas personas nativas y for\u00e1neas haciendo actividad desde yoga en las ma\u00f1anas hasta rugby de playa por las tardes.\u00a0Es el Principal escenario art\u00edstico de la ciudad llegando a acoger en ellos m\u00e1s de 200.000 asistentes.<\/p>\n<p>Su Perfil se caracteriza por un acantilado el cual est\u00e1 lleno de Condominios, Hoteles y un gran desarrollo inmobiliario como edificios <a href=\"http:\/\/www.mantacomercial.com\/noticias-comerciales\/proyectos-inmobiliarios-en-manta\/edificio-arrecife-de-manta-comodidad-en-medio-de-la-tranquilidad.html\">Arrecife<\/a> y <a href=\"http:\/\/www.mantacomercial.com\/proyectos-inmobiliarios-en-manta\/inmuebles-en-manta\/edificio-oceania.html\">Ocean\u00eda<\/a>.\u00a0Adem\u00e1s en esta playa se encuentra el famoso malec\u00f3n esc\u00e9nico en el cual se asientan los restaurantes m\u00e1s afamados de la ciudad en lo que productos del mar se refiere.<\/p>\n<p><img loading=\"lazy\" decoding=\"async\" class=\"alignnone size-medium\" src=\"http:\/\/www.mantacomercial.com\/images\/murcielago%20especial%20playas\/murcielago-manta-comercial-condominios.jpg\" alt=\"\" width=\"729\" height=\"410\" \/><\/p>\n<p><em>Barbasquillo<\/em><\/p>\n<p>Es una playa rocosa, de lo cual se caracteriza por su tranquilidad a pesar de estar dentro de la zona urbana, es ideal para caminatas. En la misma se encuentran hoteles de lujo y nuevos proyectos inmobiliarios de la ciudad como el edificio <a href=\"http:\/\/www.mantacomercial.com\/noticias-comerciales\/proyectos-inmobiliarios-en-manta\/buzios-un-proyecto-hecho-para-el-confort-frente-al-pacifico-en-manta.html\">Buzios<\/a>.<\/p>\n<p><em>Piedra Larga<\/em><\/p>\n<p>Playa rocoso, sus alrededores se encuentran complejos exclusivos como ciudad del mar y <a href=\"http:\/\/www.mantacomercial.com\/noticias-comerciales\/proyectos-inmobiliarios-en-manta\/marina-blue-un-proyecto-hecho-para-disfrutar-del-pacifico-en-manta.html\">MarinaBlue<\/a>. Pero es m\u00e1s conocido por ser un lugar de diversi\u00f3n nocturna frente a al mar donde varios mante\u00f1os se re\u00fanen a tomar aire fresco, bailar y recrearse en los bares que la rodean.<\/p>\n<p><em>San Mateo \u00a0<\/em><\/p>\n<p>Se encuentra en la caleta de pescadores con el mismo nombre, se podr\u00e1 admirar el trabajo de desembarques pesqueros de forma artesanal. Adem\u00e1s de que esta playa por su ubicaci\u00f3n maneja atardeceres de altos contrastes. Pero lo que es m\u00e1s especial en ellas es que tiene una de las mejores olas del Continente lo cual lo hace un destino apetecible para quienes practican surf, bodyboard, etc.<\/p>\n<p><img loading=\"lazy\" decoding=\"async\" class=\"alignnone size-medium\" src=\"http:\/\/www.mantacomercial.com\/images\/sur%20especial%20playas\/san-mateo-atardecer-manta-comercial.jpg\" alt=\"\" width=\"729\" height=\"410\" \/><\/p>\n<p><em>La Ti\u00f1osa<\/em><\/p>\n<p>Las formaciones Rocosas y su arena entre caf\u00e9 y rosa la hacen un lugar ideal para la fotograf\u00eda, a pesar de ser muy visitada parece como si las manos del hombre nunca hubiesen tocado este espacio.<br \/>\nPuedes caminar y encontrar entre las piedras varias comunidades de moluscos, crust\u00e1ceos, peces, etc.<\/p>\n<p><img loading=\"lazy\" decoding=\"async\" class=\"alignnone size-medium\" src=\"http:\/\/www.mantacomercial.com\/images\/tinosa%20especial%20playas\/tinosa-manta-comercial-vegetacion.jpg\" alt=\"\" width=\"729\" height=\"410\" \/><\/p>\n<p><em>Santa Marianita<\/em><\/p>\n<p>La Playa m\u00e1s extensa de la Ciudad est\u00e1 al sur del \u00e1rea urbana de Manta. Es una playa ideal para el kitesurf y de expansi\u00f3n y desarrollo de Manta como Playa Alta, adem\u00e1s de tener restaurantes de comida tradicional de productos del mar.<br \/>\nEs un lugar apacible, donde se puede caminar y disfrutar todo el d\u00eda de la tranquilidad y la vista que ofrece el lugar.<\/p>\n<p><img loading=\"lazy\" decoding=\"async\" class=\"alignnone size-medium\" src=\"http:\/\/www.mantacomercial.com\/images\/santa%20marianita%20especial%20playas\/santa-marianita-manta-comercial-mirador.jpg\" alt=\"\" width=\"729\" height=\"410\" \/><\/p>\n<p><i>Liquiqui<\/i><\/p>\n<p>Playa el cual se encuentra en la parte baja de un acantilado de m\u00e1s de 100 mts. Es un lugar para la paz, la fotograf\u00eda y el libre esparcimiento. Es uno de los sitios de avistamiento de ballenas.<\/p>\n<p><em>San Lorenzo<\/em><\/p>\n<p>Es la playa de postal de la ciudad, el cabo San Lorenzo es uno de los puntos m\u00e1s extremos al occidente de Sur Am\u00e9rica y \u00a0al estar al pie del bosque h\u00famedo de Pacoche, es un lugar de visita obligatoria y nunca olvidar. Es recomendable subir al mirador del faro en el cual se puede admirar la magnitud del lugar.\u00a0Desde este Punto se dibuja en el horizonte la isla de Plata.<\/p>\n<p><img loading=\"lazy\" decoding=\"async\" class=\"alignnone size-medium\" src=\"http:\/\/www.mantacomercial.com\/images\/san%20lorenzo%20especial%20playas\/san-lorenzo-manta-comercial-tarde.jpg\" alt=\"\" width=\"729\" height=\"410\" \/><\/p>\n<p><em>Las Pi\u00f1as<\/em><\/p>\n<p>Playa extensa al pie de un acantilado, es un lugar con pocas casas rurales tradicionales manabitas.<br \/>\nSe puede admirar desde la v\u00eda del Spondylus E15 desde San Lorenzo hasta San Rosa, es ideal para acampar por su tranquilidad.<\/p>\n<p><em>Santa Rosa<\/em><\/p>\n<p>Es una t\u00edpica caleta de pescadores que parece detenerse en el tiempo, es un lugar para observar las tradiciones Manabitas y la playa es ideal para ba\u00f1arse y recreaci\u00f3n.<\/p>\n<p><img loading=\"lazy\" decoding=\"async\" class=\"alignnone size-medium\" src=\"http:\/\/www.mantacomercial.com\/images\/pinas%20especial%20playas\/santa-rosa-manta-comercial-playa-sur.jpg\" alt=\"\" width=\"729\" height=\"410\" \/><\/p>\n","protected":false},"excerpt":{"rendered":"<p>Si vives en Manta, o si eres de afuera no tardes en visitar los rincones paradisiacos de esta Caleta ancestral de Pescadores. Las m\u00faltiples opciones que te brinda este puerto, con sus atractivos innegable de cual sus playas son el principal actor y sello carcteristico de Ciudad Turistica. Sus 12\u00a0Playas que rodean su perfil costero [&hellip;]<\/p>\n","protected":false},"author":10651,"featured_media":0,"parent":0,"menu_order":0,"comment_status":"closed","ping_status":"closed","template":"","meta":{"footnotes":""},"class_list":["post-52","page","type-page","status-publish","hentry"],"_links":{"self":[{"href":"https:\/\/blog.espol.edu.ec\/angelope\/wp-json\/wp\/v2\/pages\/52","targetHints":{"allow":["GET"]}}],"collection":[{"href":"https:\/\/blog.espol.edu.ec\/angelope\/wp-json\/wp\/v2\/pages"}],"about":[{"href":"https:\/\/blog.espol.edu.ec\/angelope\/wp-json\/wp\/v2\/types\/page"}],"author":[{"embeddable":true,"href":"https:\/\/blog.espol.edu.ec\/angelope\/wp-json\/wp\/v2\/users\/10651"}],"replies":[{"embeddable":true,"href":"https:\/\/blog.espol.edu.ec\/angelope\/wp-json\/wp\/v2\/comments?post=52"}],"version-history":[{"count":1,"href":"https:\/\/blog.espol.edu.ec\/angelope\/wp-json\/wp\/v2\/pages\/52\/revisions"}],"predecessor-version":[{"id":53,"href":"https:\/\/blog.espol.edu.ec\/angelope\/wp-json\/wp\/v2\/pages\/52\/revisions\/53"}],"wp:attachment":[{"href":"https:\/\/blog.espol.edu.ec\/angelope\/wp-json\/wp\/v2\/media?parent=52"}],"curies":[{"name":"wp","href":"https:\/\/api.w.org\/{rel}","templated":true}]}}