{"id":2,"date":"2011-05-29T23:22:09","date_gmt":"2011-05-29T23:22:09","guid":{"rendered":""},"modified":"2011-09-10T01:56:00","modified_gmt":"2011-09-10T01:56:00","slug":"about","status":"publish","type":"page","link":"https:\/\/blog.espol.edu.ec\/angely\/about\/","title":{"rendered":"ACERK DE M\u00cd"},"content":{"rendered":"<p>Hola mi nombre es Angely Oyola y soy la administradora de este blog muy especial para m\u00ed por ser el primer blog que he creado.<br \/>\nLos temas a tratar aqu\u00ed son sin duda alguna la moda, maquillaje, accesorios y todo lo que nos gusta a las chicas para sentirnos m\u00e1s bellas; claro que tambi\u00e9n habr\u00e1 noticias impactantes tanto de la localidad como interncionales.<br \/>\nEspero lo disfruten.<\/p>\n<p><object classid=\"clsid:d27cdb6e-ae6d-11cf-96b8-444553540000\" width=\"400\" height=\"300\"><param name=\"flashvars\" value=\"offsite=true&amp;lang=es-us&amp;page_show_url=%2Fphotos%2Fangelynnn%2Fshow%2F&amp;page_show_back_url=%2Fphotos%2Fangelynnn%2F&amp;user_id=64480645@N06&amp;jump_to=\" \/><param name=\"allowFullScreen\" value=\"true\" \/><param name=\"src\" value=\"http:\/\/www.flickr.com\/apps\/slideshow\/show.swf?v=104087\" \/><param name=\"allowfullscreen\" value=\"true\" \/><embed type=\"application\/x-shockwave-flash\" width=\"400\" height=\"300\" src=\"http:\/\/www.flickr.com\/apps\/slideshow\/show.swf?v=104087\" allowfullscreen=\"true\" flashvars=\"offsite=true&amp;lang=es-us&amp;page_show_url=%2Fphotos%2Fangelynnn%2Fshow%2F&amp;page_show_back_url=%2Fphotos%2Fangelynnn%2F&amp;user_id=64480645@N06&amp;jump_to=\"><\/embed><\/object><\/p>\n<form id=\"vozme_form_d41d8cd98f00b204e9800998ecf8427e\" method=\"post\" name=\"vozme_form_d41d8cd98f00b204e9800998ecf8427e\" target=\"d41d8cd98f00b204e9800998ecf8427e\" action=\"http:\/\/vozme.com\/text2voice.php\"><input name=\"text\" type=\"hidden\" value=\"ACERK DE M\u00cd. Hola mi nombre es Angely Oyola y soy la administradora de este blog muy especial para m\u00ed por ser el primer blog que he creado.\nLos temas a tratar aqu\u00ed son sin duda alguna la moda, maquillaje, accesorios y todo lo que nos gusta a las chicas para sentirnos m\u00e1s bellas; claro que tambi\u00e9n habr\u00e1 noticias impactantes tanto de la localidad como interncionales.\nEspero lo disfruten.\n\n\" \/><input name=\"lang\" type=\"hidden\" value=\"en\" \/><input name=\"gn\" type=\"hidden\" value=\"ml\" \/><input type=\"hidden\" id=\"interface\" name=\"interface\" value=\"full\" \/>\n\t\t\t<div style=\"margin-left:40%;\">\n\t\t\t\n\t\t\t\t<input style=\"float:left;\" type=\"image\" width=\"40\" height=\"40\" src=\"http:\/\/blog.espol.edu.ec\/angely\/wp-content\/plugins\/vozme\/img\/megaphone40x40w.gif\" alt=\"Hear this post\" onclick=\"window.open('', 'd41d8cd98f00b204e9800998ecf8427e', 'width=600,height=370,scrollbars=yes,location=yes,menubar=yes,resizable=yes,status=yes,toolbar=yes');\">\n\t\t\t\t<div style=\"margin-left:48px; text-align:left;\"><a style=\"font-size:12px;\" href=\"javascript:void(0);\" onclick=\"window.open('', 'd41d8cd98f00b204e9800998ecf8427e', 'width=600,height=370,scrollbars=yes,location=yes,menubar=yes,resizable=yes,status=yes,toolbar=yes'); document.getElementById('vozme_form_d41d8cd98f00b204e9800998ecf8427e').submit();\">Hear<br\/>this post<\/a><\/div>\n\t\t\t<\/div><\/form>","protected":false},"excerpt":{"rendered":"<p>Hola mi nombre es Angely Oyola y soy la administradora de este blog muy especial para m\u00ed por ser el primer blog que he creado. Los temas a tratar aqu\u00ed son sin duda alguna la moda, maquillaje, accesorios y todo lo que nos gusta a las chicas para sentirnos m\u00e1s bellas; claro que tambi\u00e9n habr\u00e1 [&hellip;]<\/p>\n","protected":false},"author":5921,"featured_media":0,"parent":0,"menu_order":0,"comment_status":"open","ping_status":"open","template":"","meta":{"_monsterinsights_skip_tracking":false,"_monsterinsights_sitenote_active":false,"_monsterinsights_sitenote_note":"","_monsterinsights_sitenote_category":0,"footnotes":""},"class_list":["post-2","page","type-page","status-publish","hentry"],"_links":{"self":[{"href":"https:\/\/blog.espol.edu.ec\/angely\/wp-json\/wp\/v2\/pages\/2","targetHints":{"allow":["GET"]}}],"collection":[{"href":"https:\/\/blog.espol.edu.ec\/angely\/wp-json\/wp\/v2\/pages"}],"about":[{"href":"https:\/\/blog.espol.edu.ec\/angely\/wp-json\/wp\/v2\/types\/page"}],"author":[{"embeddable":true,"href":"https:\/\/blog.espol.edu.ec\/angely\/wp-json\/wp\/v2\/users\/5921"}],"replies":[{"embeddable":true,"href":"https:\/\/blog.espol.edu.ec\/angely\/wp-json\/wp\/v2\/comments?post=2"}],"version-history":[{"count":5,"href":"https:\/\/blog.espol.edu.ec\/angely\/wp-json\/wp\/v2\/pages\/2\/revisions"}],"predecessor-version":[{"id":121,"href":"https:\/\/blog.espol.edu.ec\/angely\/wp-json\/wp\/v2\/pages\/2\/revisions\/121"}],"wp:attachment":[{"href":"https:\/\/blog.espol.edu.ec\/angely\/wp-json\/wp\/v2\/media?parent=2"}],"curies":[{"name":"wp","href":"https:\/\/api.w.org\/{rel}","templated":true}]}}