{"id":25,"date":"2014-06-08T23:44:49","date_gmt":"2014-06-08T23:44:49","guid":{"rendered":"http:\/\/blog.espol.edu.ec\/angmamer\/?page_id=25"},"modified":"2014-06-08T23:44:49","modified_gmt":"2014-06-08T23:44:49","slug":"grafitis-2","status":"publish","type":"page","link":"https:\/\/blog.espol.edu.ec\/angmamer\/grafitis-2\/","title":{"rendered":"Grafitis"},"content":{"rendered":"<p>COMIENZO DE LA ERA DE LOS GRAFITIS<\/p>\n<p>Se llama aerosol, pintada o grafiti (del <a title=\"Idioma italiano\" href=\"http:\/\/es.wikipedia.org\/wiki\/Idioma_italiano\">italiano<\/a> <i>graffiti<\/i>, <i>graffire<\/i>, y \u00e9ste a su vez del <a title=\"Lat\u00edn\" href=\"http:\/\/es.wikipedia.org\/wiki\/Lat%C3%ADn\">lat\u00edn<\/a> <i>scariphare<\/i>, \u2018incidir con el <i>scariphus<\/i>\u2019 \u2014<a title=\"Estilete\" href=\"http:\/\/es.wikipedia.org\/wiki\/Estilete\">estilete<\/a> o <a title=\"Punz\u00f3n\" href=\"http:\/\/es.wikipedia.org\/wiki\/Punz%C3%B3n\">punz\u00f3n<\/a> con el que los antiguos escrib\u00edan sobre tablillas\u2014<sup id=\"cite_ref-1\" class=\"reference\"><a href=\"http:\/\/es.wikipedia.org\/wiki\/Aerosol_(pintada)#cite_note-1\"><span class=\"corchete-llamada\"><span style=\"font-size: small\">[<\/span><\/span><span style=\"font-size: small\">1<\/span><span class=\"corchete-llamada\"><span style=\"font-size: small\">]<\/span><\/span><\/a><\/sup> <sup id=\"cite_ref-2\" class=\"reference\"><a href=\"http:\/\/es.wikipedia.org\/wiki\/Aerosol_(pintada)#cite_note-2\"><span class=\"corchete-llamada\"><span style=\"font-size: small\">[<\/span><\/span><span style=\"font-size: small\">2<\/span><span class=\"corchete-llamada\"><span style=\"font-size: small\">]<\/span><\/span><\/a><\/sup> ) a varias formas de inscripci\u00f3n o pintura, generalmente realizadas sobre mobiliario urbano. La <a title=\"Real Academia Espa\u00f1ola\" href=\"http:\/\/es.wikipedia.org\/wiki\/Real_Academia_Espa%C3%B1ola\">Real Academia Espa\u00f1ola<\/a> define \u00abgrafito\u00bb como una pintada particular, y su plural correspondiente es \u00abgrafitos\u00bb, aunque esta palabra se usa espec\u00edficamente para referirse a las inscripciones arqueol\u00f3gicas.<sup id=\"cite_ref-3\" class=\"reference\"><a href=\"http:\/\/es.wikipedia.org\/wiki\/Aerosol_(pintada)#cite_note-3\"><span class=\"corchete-llamada\"><span style=\"font-size: small\">[<\/span><\/span><span style=\"font-size: small\">3<\/span><span class=\"corchete-llamada\"><span style=\"font-size: small\">]<\/span><\/span><\/a><\/sup><\/p>\n<p>Su origen son las inscripciones que han quedado en paredes desde los tiempos del <a title=\"Imperio romano\" href=\"http:\/\/es.wikipedia.org\/wiki\/Imperio_romano\">Imperio romano<\/a>, especialmente las que son de car\u00e1cter sat\u00edrico o cr\u00edtico.<\/p>\n<p><!--more--><\/p>\n<p>En el lenguaje com\u00fan, el grafiti es el resultado de pintar textos abstractos en las paredes de manera libre, creativa e ilimitada con fines de expresi\u00f3n y divulgaci\u00f3n donde su esencia es cambiar y evolucionar buscando ser un atractivo visual y con un alto impacto, como parte de un movimiento urbano revolucionario y rebelde siendo una de las cuatro partes de las ramas del hip hop.<sup><span style=\"font-size: small\">[<\/span><i><a title=\"Wikipedia:Verificabilidad\" href=\"http:\/\/es.wikipedia.org\/wiki\/Wikipedia:Verificabilidad\"><span style=\"font-size: small\">cita\u00a0requerida<\/span><\/a><\/i><span style=\"font-size: small\">]<\/span><\/sup><\/p>\n<p>Adem\u00e1s, se cataloga como uno de los nueve elementos b\u00e1sicos de la cultura <a title=\"Hip hop\" href=\"http:\/\/es.wikipedia.org\/wiki\/Hip_hop\">hip hop<\/a><\/p>\n<p>&nbsp;<\/p>\n","protected":false},"excerpt":{"rendered":"<p>COMIENZO DE LA ERA DE LOS GRAFITIS Se llama aerosol, pintada o grafiti (del italiano graffiti, graffire, y \u00e9ste a su vez del lat\u00edn scariphare, \u2018incidir con el scariphus\u2019 \u2014estilete o punz\u00f3n con el que los antiguos escrib\u00edan sobre tablillas\u2014[1] [2] ) a varias formas de inscripci\u00f3n o pintura, generalmente realizadas sobre mobiliario urbano. La [&hellip;]<\/p>\n","protected":false},"author":9149,"featured_media":0,"parent":0,"menu_order":0,"comment_status":"open","ping_status":"open","template":"","meta":{"footnotes":""},"class_list":["post-25","page","type-page","status-publish","hentry"],"_links":{"self":[{"href":"https:\/\/blog.espol.edu.ec\/angmamer\/wp-json\/wp\/v2\/pages\/25","targetHints":{"allow":["GET"]}}],"collection":[{"href":"https:\/\/blog.espol.edu.ec\/angmamer\/wp-json\/wp\/v2\/pages"}],"about":[{"href":"https:\/\/blog.espol.edu.ec\/angmamer\/wp-json\/wp\/v2\/types\/page"}],"author":[{"embeddable":true,"href":"https:\/\/blog.espol.edu.ec\/angmamer\/wp-json\/wp\/v2\/users\/9149"}],"replies":[{"embeddable":true,"href":"https:\/\/blog.espol.edu.ec\/angmamer\/wp-json\/wp\/v2\/comments?post=25"}],"version-history":[{"count":1,"href":"https:\/\/blog.espol.edu.ec\/angmamer\/wp-json\/wp\/v2\/pages\/25\/revisions"}],"predecessor-version":[{"id":26,"href":"https:\/\/blog.espol.edu.ec\/angmamer\/wp-json\/wp\/v2\/pages\/25\/revisions\/26"}],"wp:attachment":[{"href":"https:\/\/blog.espol.edu.ec\/angmamer\/wp-json\/wp\/v2\/media?parent=25"}],"curies":[{"name":"wp","href":"https:\/\/api.w.org\/{rel}","templated":true}]}}