{"id":59,"date":"2014-06-09T01:26:51","date_gmt":"2014-06-09T01:26:51","guid":{"rendered":"http:\/\/blog.espol.edu.ec\/angmamer\/?page_id=59"},"modified":"2014-06-11T18:02:05","modified_gmt":"2014-06-11T18:02:05","slug":"origen-de-los-graffitis","status":"publish","type":"page","link":"https:\/\/blog.espol.edu.ec\/angmamer\/origen-de-los-graffitis\/","title":{"rendered":"Beginning of Graffitis"},"content":{"rendered":"<p><strong>ORIGEN DE LOS GRAFITIS<\/strong><\/p>\n<p>&nbsp;<\/p>\n<p><a href=\"http:\/\/blog.espol.edu.ec\/angmamer\/files\/2014\/06\/posk.jpg\"><img loading=\"lazy\" decoding=\"async\" class=\"wp-image-53 aligncenter\" src=\"http:\/\/blog.espol.edu.ec\/angmamer\/files\/2014\/06\/posk-300x209.jpg\" alt=\"posk\" width=\"429\" height=\"271\" \/><\/a><\/p>\n<p>&nbsp;<\/p>\n<p>Es un t\u00e9rmino tomado del italiano, <i>graffiti<\/i>, plural de <i>graffito<\/i>, que significa \u2018marca o inscripci\u00f3n hecha rascando o rayando un muro\u2019 y as\u00ed llaman tambi\u00e9n arque\u00f3logos y epigrafistas a las inscripciones espont\u00e1neas que han quedado en las paredes desde tiempos del <a title=\"Imperio romano\" href=\"http:\/\/es.wikipedia.org\/wiki\/Imperio_romano\">Imperio romano<\/a>. El arque\u00f3logo <a class=\"new\" title=\"Raffaele Garrucci (a\u00fan no redactado)\" href=\"http:\/\/es.wikipedia.org\/w\/index.php?title=Raffaele_Garrucci&amp;action=edit&amp;redlink=1\">Raffaele Garrucci<\/a> divulg\u00f3 el t\u00e9rmino en medios acad\u00e9micos internacionales a mediados del <a title=\"Siglo XIX\" href=\"http:\/\/es.wikipedia.org\/wiki\/Siglo_XIX\">siglo XIX<\/a>.<sup id=\"cite_ref-4\" class=\"reference\"><a href=\"http:\/\/es.wikipedia.org\/wiki\/Aerosol_(pintada)#cite_note-4\"><span class=\"corchete-llamada\"><span style=\"font-size: small\">[<\/span><\/span><span style=\"font-size: small\">4<\/span><span class=\"corchete-llamada\"><span style=\"font-size: small\">]<\/span><\/span><\/a><\/sup><\/p>\n<p>El <a title=\"Neologismo\" href=\"http:\/\/es.wikipedia.org\/wiki\/Neologismo\">neologismo<\/a> se populariz\u00f3 y pas\u00f3 al ingl\u00e9s coloquial al usarse en peri\u00f3dicos neoyorquinos en los <a title=\"A\u00f1os 1970\" href=\"http:\/\/es.wikipedia.org\/wiki\/A%C3%B1os_1970\">a\u00f1os setenta<\/a>.<sup id=\"cite_ref-5\" class=\"reference\"><a href=\"http:\/\/es.wikipedia.org\/wiki\/Aerosol_(pintada)#cite_note-5\"><span class=\"corchete-llamada\"><span style=\"font-size: small\">[<\/span><\/span><span style=\"font-size: small\">5<\/span><span class=\"corchete-llamada\"><span style=\"font-size: small\">]<\/span><\/span><\/a><\/sup><\/p>\n<p>Por influencia de la cultura <a title=\"Estados Unidos\" href=\"http:\/\/es.wikipedia.org\/wiki\/Estados_Unidos\">estadounidense<\/a>, el t\u00e9rmino se populariz\u00f3 en otros idiomas, entre ellos el <a title=\"Idioma espa\u00f1ol\" href=\"http:\/\/es.wikipedia.org\/wiki\/Idioma_espa%C3%B1ol\">castellano<\/a>. Curiosamente, aunque el t\u00e9rmino <i>grafiti<\/i> ha pasado a muchas lenguas, en <a title=\"Idioma italiano\" href=\"http:\/\/es.wikipedia.org\/wiki\/Idioma_italiano\">italiano<\/a> se emplea el t\u00e9rmino de origen ingl\u00e9s <i>writing<\/i> para referirse a los grafitos de estilo hip-hop, ya que <i>grafiti<\/i> se deja para su sentido original.<\/p>\n<p>&nbsp;<\/p>\n<p>&nbsp;<\/p>\n<p><a href=\"http:\/\/blog.espol.edu.ec\/angmamer\/files\/2014\/06\/angry-graffiti.jpg\"><img loading=\"lazy\" decoding=\"async\" class=\"wp-image-36 aligncenter\" src=\"http:\/\/blog.espol.edu.ec\/angmamer\/files\/2014\/06\/angry-graffiti-300x222.jpg\" alt=\"angry graffiti\" width=\"491\" height=\"285\" \/><\/a><\/p>\n<p>&nbsp;<\/p>\n<p>&nbsp;<\/p>\n<p>Entre los hispanohablantes es habitual o\u00edr <i>grafitis<\/i>, en plural, porque, aunque en la lengua de origen el t\u00e9rmino ya est\u00e9 en plural, no se considera de este modo el <a title=\"Calco sem\u00e1ntico\" href=\"http:\/\/es.wikipedia.org\/wiki\/Calco_sem%C3%A1ntico\">calco<\/a>.<\/p>\n<p>El <i><a title=\"Diccionario panhisp\u00e1nico de dudas\" href=\"http:\/\/es.wikipedia.org\/wiki\/Diccionario_panhisp%C3%A1nico_de_dudas\">Diccionario panhisp\u00e1nico de dudas<\/a><\/i> de la <a title=\"Real Academia Espa\u00f1ola\" href=\"http:\/\/es.wikipedia.org\/wiki\/Real_Academia_Espa%C3%B1ola\">Real Academia Espa\u00f1ola<\/a> recomienda el uso de la palabra <i>grafito<\/i>. Admite como v\u00e1lido el uso de <i>grafiti<\/i> en singular, y de <i>grafitis<\/i> en plural, aunque recomienda usar la palabra \u00abgrafito\u00bb y \u00abgrafitos\u00bb para su plural, que son las versiones castellanizadas de <i>graffito<\/i> y <i>graffiti<\/i>, respectivamente. Recomienda tambi\u00e9n que, cuando se trate de un texto o dibujo pintado y no rascado ni inciso, se utilice el t\u00e9rmino \"pintada\". A\u00fan aceptando la <a title=\"Castellanizaci\u00f3n\" href=\"http:\/\/es.wikipedia.org\/wiki\/Castellanizaci%C3%B3n\">castellanizaci\u00f3n<\/a> de <i>graffiti<\/i> a \u00ab\u00a0grafiti\u00a0\u00bb, se recomienda evitar el uso de <i>graffiti<\/i>, ya que en espa\u00f1ol no existe la graf\u00eda <i>\"ff\"<\/i>.<\/p>\n<p>Sin embargo, los propios <a class=\"new\" title=\"Grafitero (a\u00fan no redactado)\" href=\"http:\/\/es.wikipedia.org\/w\/index.php?title=Grafitero&amp;action=edit&amp;redlink=1\">grafiteros<\/a>, adem\u00e1s de muchas de las referencias editoriales,<sup id=\"cite_ref-6\" class=\"reference\"><a href=\"http:\/\/es.wikipedia.org\/wiki\/Aerosol_(pintada)#cite_note-6\"><span class=\"corchete-llamada\"><span style=\"font-size: small\">[<\/span><\/span><span style=\"font-size: small\">6<\/span><span class=\"corchete-llamada\"><span style=\"font-size: small\">]<\/span><\/span><\/a><\/sup> los medios de comunicaci\u00f3n,<sup id=\"cite_ref-7\" class=\"reference\"><a href=\"http:\/\/es.wikipedia.org\/wiki\/Aerosol_(pintada)#cite_note-7\"><span class=\"corchete-llamada\"><span style=\"font-size: small\">[<\/span><\/span><span style=\"font-size: small\">7<\/span><span class=\"corchete-llamada\"><span style=\"font-size: small\">]<\/span><\/span><\/a><\/sup> p\u00e1ginas web,<sup id=\"cite_ref-8\" class=\"reference\"><a href=\"http:\/\/es.wikipedia.org\/wiki\/Aerosol_(pintada)#cite_note-8\"><span class=\"corchete-llamada\"><span style=\"font-size: small\">[<\/span><\/span><span style=\"font-size: small\">8<\/span><span class=\"corchete-llamada\"><span style=\"font-size: small\">]<\/span><\/span><\/a><\/sup> <sup id=\"cite_ref-9\" class=\"reference\"><a href=\"http:\/\/es.wikipedia.org\/wiki\/Aerosol_(pintada)#cite_note-9\"><span class=\"corchete-llamada\"><span style=\"font-size: small\">[<\/span><\/span><span style=\"font-size: small\">9<\/span><span class=\"corchete-llamada\"><span style=\"font-size: small\">]<\/span><\/span><\/a><\/sup> positivos,<sup id=\"cite_ref-10\" class=\"reference\"><a href=\"http:\/\/es.wikipedia.org\/wiki\/Aerosol_(pintada)#cite_note-10\"><span class=\"corchete-llamada\"><span style=\"font-size: small\">[<\/span><\/span><span style=\"font-size: small\">10<\/span><span class=\"corchete-llamada\"><span style=\"font-size: small\">]<\/span><\/span><\/a><\/sup> y revistas especializadas<sup id=\"cite_ref-11\" class=\"reference\"><a href=\"http:\/\/es.wikipedia.org\/wiki\/Aerosol_(pintada)#cite_note-11\"><span class=\"corchete-llamada\"><span style=\"font-size: small\">[<\/span><\/span><span style=\"font-size: small\">11<\/span><span class=\"corchete-llamada\"><span style=\"font-size: small\">]<\/span><\/span><\/a><\/sup> <sup id=\"cite_ref-12\" class=\"reference\"><a href=\"http:\/\/es.wikipedia.org\/wiki\/Aerosol_(pintada)#cite_note-12\"><span class=\"corchete-llamada\"><span style=\"font-size: small\">[<\/span><\/span><span style=\"font-size: small\">12<\/span><span class=\"corchete-llamada\"><span style=\"font-size: small\">]<\/span><\/span><\/a><\/sup> utilizan la acepci\u00f3n italiana <i>graffiti<\/i> para referirse al grafito tanto en su acepci\u00f3n de movimiento cultural y <a title=\"Arte\" href=\"http:\/\/es.wikipedia.org\/wiki\/Arte\">art\u00edstico<\/a> como a las propias pintadas.<\/p>\n<p>&nbsp;<\/p>\n<p>&nbsp;<\/p>\n<p><a href=\"http:\/\/blog.espol.edu.ec\/angmamer\/files\/2014\/06\/graffiti-art-design-inspiration-inspiring-027.jpg\"><img loading=\"lazy\" decoding=\"async\" class=\"wp-image-39 aligncenter\" src=\"http:\/\/blog.espol.edu.ec\/angmamer\/files\/2014\/06\/graffiti-art-design-inspiration-inspiring-027-300x225.jpg\" alt=\"graffiti-art-design-inspiration-inspiring-027\" width=\"481\" height=\"284\" \/><\/a><\/p>\n<p>&nbsp;<\/p>\n<p>&nbsp;<\/p>\n<p>La costumbre de escribir el propio nombre en propiedades y lugares <a title=\"Espacio p\u00fablico\" href=\"http:\/\/es.wikipedia.org\/wiki\/Espacio_p%C3%BAblico\">p\u00fablicos<\/a> es antiqu\u00edsima. En <a title=\"Arqueolog\u00eda\" href=\"http:\/\/es.wikipedia.org\/wiki\/Arqueolog%C3%ADa\">arqueolog\u00eda<\/a> se utiliza el t\u00e9rmino \u00abgrafito\u00bb o <i>graffiti<\/i> (del <a title=\"Idioma italiano\" href=\"http:\/\/es.wikipedia.org\/wiki\/Idioma_italiano\">italiano<\/a>) para referirse a este tipo de inscripciones realizadas sobre muros, generalmente <a title=\"Estuco\" href=\"http:\/\/es.wikipedia.org\/wiki\/Estuco\">estucados<\/a>, as\u00ed como a los letreros ara\u00f1ados sobre <a title=\"Cer\u00e1mica\" href=\"http:\/\/es.wikipedia.org\/wiki\/Cer%C3%A1mica\">cer\u00e1micas<\/a> (habitualmente para marcar la propiedad). No se refiere a las realizadas por el autor de un monumento, sino a las que otros hacen posteriormente sobre el edificio acabado. Por ejemplo, las paredes de <a title=\"Mazmorra\" href=\"http:\/\/es.wikipedia.org\/wiki\/Mazmorra\">mazmorras<\/a> y <a title=\"Prisi\u00f3n\" href=\"http:\/\/es.wikipedia.org\/wiki\/Prisi%C3%B3n\">prisiones<\/a> muestran los mensajes, dibujos y <a title=\"Calendario\" href=\"http:\/\/es.wikipedia.org\/wiki\/Calendario\">calendarios<\/a> realizados por los presos.<\/p>\n<p><strong>HISTORIA<\/strong><\/p>\n<p>Entre los romanos estaba muy extendida la costumbre de la escritura ocasional sobre muros y columnas, esgrafiada y pintada, y se han encontrado m\u00faltiples inscripciones en <a title=\"Lat\u00edn vulgar\" href=\"http:\/\/es.wikipedia.org\/wiki\/Lat%C3%ADn_vulgar\">lat\u00edn vulgar<\/a>: <a title=\"Lema\" href=\"http:\/\/es.wikipedia.org\/wiki\/Lema\">consignas pol\u00edticas<\/a>, <a title=\"Insulto\" href=\"http:\/\/es.wikipedia.org\/wiki\/Insulto\">insultos<\/a>, declaraciones de amor, etc\u00e9tera, junto a un amplio repertorio de <a title=\"Caricatura\" href=\"http:\/\/es.wikipedia.org\/wiki\/Caricatura\">caricaturas<\/a> y dibujos en lugares menos afectados por la <a title=\"Erosi\u00f3n\" href=\"http:\/\/es.wikipedia.org\/wiki\/Erosi%C3%B3n\">erosi\u00f3n<\/a>, como en <a title=\"Cueva\" href=\"http:\/\/es.wikipedia.org\/wiki\/Cueva\">cuevas<\/a>-<a title=\"Santuario (edificio)\" href=\"http:\/\/es.wikipedia.org\/wiki\/Santuario_(edificio)\">santuario<\/a>, en muros enterrados, en las <a title=\"Catacumbas\" href=\"http:\/\/es.wikipedia.org\/wiki\/Catacumbas\">catacumbas<\/a> de <a title=\"Roma\" href=\"http:\/\/es.wikipedia.org\/wiki\/Roma\">Roma<\/a> o en las ruinas de <a title=\"Pompeya\" href=\"http:\/\/es.wikipedia.org\/wiki\/Pompeya\">Pompeya<\/a> y <a title=\"Herculano\" href=\"http:\/\/es.wikipedia.org\/wiki\/Herculano\">Herculano<\/a>, donde quedaron protegidos por la <a title=\"Ceniza volc\u00e1nica\" href=\"http:\/\/es.wikipedia.org\/wiki\/Ceniza_volc%C3%A1nica\">ceniza volc\u00e1nica<\/a>. De \u00e9poca moderna se conocen tambi\u00e9n ejemplos, hechos por marineros y piratas que en sus viajes, al pisar tierra, dejaban sus iniciales o sus seud\u00f3nimos marcados sobre las piedras o grutas, quemando un trozo de <a title=\"Corcho\" href=\"http:\/\/es.wikipedia.org\/wiki\/Corcho\">corcho<\/a>.<\/p>\n<p>&nbsp;<\/p>\n<p>&nbsp;<\/p>\n<p><a href=\"http:\/\/blog.espol.edu.ec\/angmamer\/files\/2014\/06\/dise\u00c3\u00b1o-de-interiores-motril_04.jpg\"><img loading=\"lazy\" decoding=\"async\" class=\"wp-image-37 aligncenter\" src=\"http:\/\/blog.espol.edu.ec\/angmamer\/files\/2014\/06\/dise\u00c3\u00b1o-de-interiores-motril_04-300x199.jpg\" alt=\"dise\u00c3\u00b1o de interiores motril_04\" width=\"359\" height=\"238\" srcset=\"https:\/\/blog.espol.edu.ec\/angmamer\/files\/2014\/06\/dise\u00c3\u00b1o-de-interiores-motril_04-300x199.jpg 300w, https:\/\/blog.espol.edu.ec\/angmamer\/files\/2014\/06\/dise\u00c3\u00b1o-de-interiores-motril_04.jpg 320w\" sizes=\"auto, (max-width: 359px) 100vw, 359px\" \/><\/a><\/p>\n<p>&nbsp;<\/p>\n<p><strong><span id=\"Historia_del_grafiti_contempor.C3.A1neo\" class=\"mw-headline\">Historia del grafiti contempor\u00e1neo<\/span><\/strong><\/p>\n<p><strong><span id=\"Algunas_pintadas_famosas_.281888-d.C3.A9cada_de_1950.29\" class=\"mw-headline\">Algunas pintadas famosas (1888-d\u00e9cada de 1950)<\/span><\/strong><\/p>\n<p>&nbsp;<\/p>\n<p><a href=\"http:\/\/blog.espol.edu.ec\/angmamer\/files\/2014\/06\/a-5.jpg\"><img loading=\"lazy\" decoding=\"async\" class=\"wp-image-35 aligncenter\" src=\"http:\/\/blog.espol.edu.ec\/angmamer\/files\/2014\/06\/a-5-241x300.jpg\" alt=\"a-5\" width=\"284\" height=\"354\" srcset=\"https:\/\/blog.espol.edu.ec\/angmamer\/files\/2014\/06\/a-5-241x300.jpg 241w, https:\/\/blog.espol.edu.ec\/angmamer\/files\/2014\/06\/a-5.jpg 640w\" sizes=\"auto, (max-width: 284px) 100vw, 284px\" \/><\/a><\/p>\n<p>&nbsp;<\/p>\n<p>\u00a0\u00a0\u00a0\u00a0\u00a0\u00a0\u00a0\u00a0\u00a0\u00a0\u00a0\u00a0\u00a0\u00a0\u00a0\u00a0\u00a0 <a href=\"http:\/\/blog.espol.edu.ec\/angmamer\/files\/2014\/06\/sb1.jpg\"><img loading=\"lazy\" decoding=\"async\" class=\"wp-image-50 aligncenter\" src=\"http:\/\/blog.espol.edu.ec\/angmamer\/files\/2014\/06\/sb1-300x225.jpg\" alt=\"sb1\" width=\"422\" height=\"316\" srcset=\"https:\/\/blog.espol.edu.ec\/angmamer\/files\/2014\/06\/sb1-300x225.jpg 300w, https:\/\/blog.espol.edu.ec\/angmamer\/files\/2014\/06\/sb1.jpg 604w\" sizes=\"auto, (max-width: 422px) 100vw, 422px\" \/><\/a><\/p>\n<p>&nbsp;<\/p>\n<p>&nbsp;<\/p>\n<p>Tras un asesinato cometido en Londres el 30 de septiembre de 1888 y atribuido a <a title=\"Jack el Destripador\" href=\"http:\/\/es.wikipedia.org\/wiki\/Jack_el_Destripador\">Jack el Destripador<\/a>, la polic\u00eda encontr\u00f3 un trozo del delantal de la v\u00edctima ensangrentado en la <a title=\"Jack el Destripador\" href=\"http:\/\/es.wikipedia.org\/wiki\/Jack_el_Destripador#Las_cinco_v.C3.ADctimas_can.C3.B3nicas\">calle Goulston<\/a>. En la pared, la polic\u00eda vio un grafiti escrito con sangre, que dec\u00eda: \u00abThe Juwes are the men That Will not be Blamed for nothing\u00bb. Se interpret\u00f3 de varias maneras, sobre todo que la palabra <i>Juwes<\/i> era una versi\u00f3n incorrecta de <i>Jews<\/i> (\u2018<a title=\"Pueblo jud\u00edo\" href=\"http:\/\/es.wikipedia.org\/wiki\/Pueblo_jud%C3%ADo\">jud\u00edos<\/a>\u2019), con lo que una traducci\u00f3n podr\u00eda ser \u2018Los jud\u00edos no son los hombres que ser\u00e1n culpados sin motivo\u2019.<\/p>\n<p>Temiendo que la inscripci\u00f3n pudiese aumentar el <a title=\"Antisemitismo\" href=\"http:\/\/es.wikipedia.org\/wiki\/Antisemitismo\">antisemitismo<\/a> de gran parte de la poblaci\u00f3n, el comisario de la <a title=\"Metropolitan Police Service\" href=\"http:\/\/es.wikipedia.org\/wiki\/Metropolitan_Police_Service\">polic\u00eda metropolitana<\/a>, <a title=\"Charles Warren\" href=\"http:\/\/es.wikipedia.org\/wiki\/Charles_Warren\">Charles Warren<\/a>, la hizo borrar antes de que amaneciese. Varios agentes discreparon de esta orden, pues cre\u00edan que el grafiti podr\u00eda ser una pista en la investigaci\u00f3n de los cr\u00edmenes.<\/p>\n<p>Cuando las tropas norteamericanas entraron en <a title=\"T\u00fanez\" href=\"http:\/\/es.wikipedia.org\/wiki\/T%C3%BAnez\">T\u00fanez<\/a> en la primavera de 1943 durante la <a title=\"Segunda Guerra Mundial\" href=\"http:\/\/es.wikipedia.org\/wiki\/Segunda_Guerra_Mundial\">Segunda Guerra Mundial<\/a>, <a title=\"Campa\u00f1a en \u00c1frica del Norte\" href=\"http:\/\/es.wikipedia.org\/wiki\/Campa%C3%B1a_en_%C3%81frica_del_Norte\">Campa\u00f1a en \u00c1frica del Norte<\/a>, vieron por primera vez el grafiti: <i>Kilroy Was Here<\/i> (\"Kilroy estuvo aqu\u00ed\"). Tanto en sus avances por <a title=\"Italia\" href=\"http:\/\/es.wikipedia.org\/wiki\/Italia\">Italia<\/a> como por <a title=\"Francia\" href=\"http:\/\/es.wikipedia.org\/wiki\/Francia\">Francia<\/a> y finalmente <a title=\"Alemania\" href=\"http:\/\/es.wikipedia.org\/wiki\/Alemania\">Alemania<\/a> volvieron a encontrar una y otra vez este grafiti. Nunca se supo nada sobre el autor, se cree que pertenec\u00eda a una unidad de <a title=\"Ohio\" href=\"http:\/\/es.wikipedia.org\/wiki\/Ohio\">Ohio<\/a>. Despu\u00e9s de la guerra, el nombre \u00abKilroy\u00bb se hizo sin\u00f3nimo de grafito, y lleg\u00f3 a aparecer incluso sobre las cubiertas de los cuadernos de estudiantes. Casi siempre \u00abKilroy was here\u00bb muestra una cabeza y unas manos que se asoman sobre el borde de una valla. Esta figura es conocida como <i>Chad<\/i> en otros pa\u00edses.<\/p>\n<p>En los <a title=\"A\u00f1os 1950\" href=\"http:\/\/es.wikipedia.org\/wiki\/A%C3%B1os_1950\">a\u00f1os 1950<\/a>, despu\u00e9s de la muerte de <a title=\"Charlie Parker\" href=\"http:\/\/es.wikipedia.org\/wiki\/Charlie_Parker\">Charlie <i>Bird<\/i> Parker<\/a>, el gran m\u00fasico de <a title=\"Jazz\" href=\"http:\/\/es.wikipedia.org\/wiki\/Jazz\">jazz<\/a>, la canci\u00f3n \u00abBird Lives\u00bb (\u2018Bird vive\u2019) se pint\u00f3 en los muros de muchos clubes de <a title=\"Jazz\" href=\"http:\/\/es.wikipedia.org\/wiki\/Jazz\">jazz<\/a> en los Estados Unidos, en particular en <a title=\"Nueva York\" href=\"http:\/\/es.wikipedia.org\/wiki\/Nueva_York\">Nueva York<\/a>; pero fue ef\u00edmero, y seguramente no tuvo el impacto que hab\u00eda tenido Kilroy.<\/p>\n<p>&nbsp;<\/p>\n<p>&nbsp;<\/p>\n<p>&nbsp;<\/p>\n<p><a href=\"http:\/\/blog.espol.edu.ec\/angmamer\/files\/2014\/06\/enue-graffiti-ironlak-13.jpg\"><img loading=\"lazy\" decoding=\"async\" class=\"wp-image-29 aligncenter\" src=\"http:\/\/blog.espol.edu.ec\/angmamer\/files\/2014\/06\/enue-graffiti-ironlak-13-300x179.jpg\" alt=\"enue-graffiti-ironlak-13\" width=\"409\" height=\"244\" srcset=\"https:\/\/blog.espol.edu.ec\/angmamer\/files\/2014\/06\/enue-graffiti-ironlak-13-300x179.jpg 300w, https:\/\/blog.espol.edu.ec\/angmamer\/files\/2014\/06\/enue-graffiti-ironlak-13.jpg 828w\" sizes=\"auto, (max-width: 409px) 100vw, 409px\" \/><\/a>\u00a0\u00a0\u00a0\u00a0\u00a0\u00a0\u00a0\u00a0\u00a0\u00a0\u00a0\u00a0\u00a0\u00a0\u00a0\u00a0\u00a0\u00a0\u00a0\u00a0\u00a0\u00a0<\/p>\n<p>&nbsp;<\/p>\n<p>&nbsp;<\/p>\n<p>&nbsp;<\/p>\n<p><a href=\"http:\/\/blog.espol.edu.ec\/angmamer\/files\/2014\/06\/graffiti-d-graffitis-de-nombres-jose-todo-para-facebook-imagenes-400672.jpg\"><img loading=\"lazy\" decoding=\"async\" class=\"wp-image-40 aligncenter\" src=\"http:\/\/blog.espol.edu.ec\/angmamer\/files\/2014\/06\/graffiti-d-graffitis-de-nombres-jose-todo-para-facebook-imagenes-400672-300x225.jpg\" alt=\"OLYMPUS DIGITAL CAMERA\" width=\"311\" height=\"233\" srcset=\"https:\/\/blog.espol.edu.ec\/angmamer\/files\/2014\/06\/graffiti-d-graffitis-de-nombres-jose-todo-para-facebook-imagenes-400672-300x225.jpg 300w, https:\/\/blog.espol.edu.ec\/angmamer\/files\/2014\/06\/graffiti-d-graffitis-de-nombres-jose-todo-para-facebook-imagenes-400672.jpg 800w\" sizes=\"auto, (max-width: 311px) 100vw, 311px\" \/><\/a><\/p>\n<p>&nbsp;<\/p>\n<p>&nbsp;<\/p>\n<p><a href=\"http:\/\/blog.espol.edu.ec\/angmamer\/files\/2014\/06\/imagesHKQ9I65J.jpg\"><img loading=\"lazy\" decoding=\"async\" class=\"wp-image-46 aligncenter\" src=\"http:\/\/blog.espol.edu.ec\/angmamer\/files\/2014\/06\/imagesHKQ9I65J-300x158.jpg\" alt=\"imagesHKQ9I65J\" width=\"402\" height=\"212\" srcset=\"https:\/\/blog.espol.edu.ec\/angmamer\/files\/2014\/06\/imagesHKQ9I65J-300x158.jpg 300w, https:\/\/blog.espol.edu.ec\/angmamer\/files\/2014\/06\/imagesHKQ9I65J.jpg 309w\" sizes=\"auto, (max-width: 402px) 100vw, 402px\" \/><\/a><\/p>\n<p>&nbsp;<\/p>\n<p>\u00a0\u00a0\u00a0\u00a0\u00a0\u00a0\u00a0\u00a0\u00a0\u00a0\u00a0\u00a0\u00a0\u00a0\u00a0\u00a0\u00a0\u00a0 <a href=\"http:\/\/blog.espol.edu.ec\/angmamer\/files\/2014\/06\/graffitis-games.jpg\"><img loading=\"lazy\" decoding=\"async\" class=\"wp-image-43 aligncenter\" src=\"http:\/\/blog.espol.edu.ec\/angmamer\/files\/2014\/06\/graffitis-games-300x193.jpg\" alt=\"graffitis-games\" width=\"336\" height=\"216\" srcset=\"https:\/\/blog.espol.edu.ec\/angmamer\/files\/2014\/06\/graffitis-games-300x193.jpg 300w, https:\/\/blog.espol.edu.ec\/angmamer\/files\/2014\/06\/graffitis-games.jpg 650w\" sizes=\"auto, (max-width: 336px) 100vw, 336px\" \/><\/a><\/p>\n<p>&nbsp;<\/p>\n<p>&nbsp;<\/p>\n<p>&nbsp;<\/p>\n<p><a href=\"http:\/\/blog.espol.edu.ec\/angmamer\/files\/2014\/06\/6-copia11.jpg\"><img loading=\"lazy\" decoding=\"async\" class=\"wp-image-31 aligncenter\" src=\"http:\/\/blog.espol.edu.ec\/angmamer\/files\/2014\/06\/6-copia11-300x122.jpg\" alt=\"6-copia1\" width=\"572\" height=\"232\" srcset=\"https:\/\/blog.espol.edu.ec\/angmamer\/files\/2014\/06\/6-copia11-300x122.jpg 300w, https:\/\/blog.espol.edu.ec\/angmamer\/files\/2014\/06\/6-copia11-1024x418.jpg 1024w\" sizes=\"auto, (max-width: 572px) 100vw, 572px\" \/><\/a><\/p>\n<p>&nbsp;<\/p>\n<p>&nbsp;<\/p>\n<p>&nbsp;<\/p>\n<p>&nbsp;<\/p>\n<p>&nbsp;<\/p>\n<p>&nbsp;<\/p>\n<p>&nbsp;<\/p>\n","protected":false},"excerpt":{"rendered":"<p>ORIGEN DE LOS GRAFITIS &nbsp; &nbsp; Es un t\u00e9rmino tomado del italiano, graffiti, plural de graffito, que significa \u2018marca o inscripci\u00f3n hecha rascando o rayando un muro\u2019 y as\u00ed llaman tambi\u00e9n arque\u00f3logos y epigrafistas a las inscripciones espont\u00e1neas que han quedado en las paredes desde tiempos del Imperio romano. El arque\u00f3logo Raffaele Garrucci divulg\u00f3 el [&hellip;]<\/p>\n","protected":false},"author":9149,"featured_media":0,"parent":0,"menu_order":0,"comment_status":"open","ping_status":"open","template":"","meta":{"footnotes":""},"class_list":["post-59","page","type-page","status-publish","hentry"],"_links":{"self":[{"href":"https:\/\/blog.espol.edu.ec\/angmamer\/wp-json\/wp\/v2\/pages\/59","targetHints":{"allow":["GET"]}}],"collection":[{"href":"https:\/\/blog.espol.edu.ec\/angmamer\/wp-json\/wp\/v2\/pages"}],"about":[{"href":"https:\/\/blog.espol.edu.ec\/angmamer\/wp-json\/wp\/v2\/types\/page"}],"author":[{"embeddable":true,"href":"https:\/\/blog.espol.edu.ec\/angmamer\/wp-json\/wp\/v2\/users\/9149"}],"replies":[{"embeddable":true,"href":"https:\/\/blog.espol.edu.ec\/angmamer\/wp-json\/wp\/v2\/comments?post=59"}],"version-history":[{"count":4,"href":"https:\/\/blog.espol.edu.ec\/angmamer\/wp-json\/wp\/v2\/pages\/59\/revisions"}],"predecessor-version":[{"id":73,"href":"https:\/\/blog.espol.edu.ec\/angmamer\/wp-json\/wp\/v2\/pages\/59\/revisions\/73"}],"wp:attachment":[{"href":"https:\/\/blog.espol.edu.ec\/angmamer\/wp-json\/wp\/v2\/media?parent=59"}],"curies":[{"name":"wp","href":"https:\/\/api.w.org\/{rel}","templated":true}]}}