{"id":74,"date":"2014-06-11T18:15:00","date_gmt":"2014-06-11T18:15:00","guid":{"rendered":"http:\/\/blog.espol.edu.ec\/angmamer\/?page_id=74"},"modified":"2014-06-11T18:15:00","modified_gmt":"2014-06-11T18:15:00","slug":"biography-of-taki","status":"publish","type":"page","link":"https:\/\/blog.espol.edu.ec\/angmamer\/biography-of-taki\/","title":{"rendered":"Biography of Taki"},"content":{"rendered":"<p><a href=\"http:\/\/blog.espol.edu.ec\/angmamer\/files\/2014\/06\/inicio.jpg\"><img loading=\"lazy\" decoding=\"async\" class=\"wp-image-75 aligncenter\" src=\"http:\/\/blog.espol.edu.ec\/angmamer\/files\/2014\/06\/inicio-300x156.jpg\" alt=\"inicio\" width=\"383\" height=\"219\" \/><\/a><\/p>\n<p><a href=\"http:\/\/blog.espol.edu.ec\/angmamer\/files\/2014\/06\/004_historia_texto.gif\"><img loading=\"lazy\" decoding=\"async\" class=\"alignnone  wp-image-76\" src=\"http:\/\/blog.espol.edu.ec\/angmamer\/files\/2014\/06\/004_historia_texto-300x106.gif\" alt=\"004_historia_texto\" width=\"495\" height=\"161\" \/><\/a><\/p>\n<p><span style=\"font-family: Verdana\"><span style=\"font-size: small\">A finales de los sesenta los adolescentes en la ciudad de Nueva York empezaron a escribir sus nombres en las paredes de sus barrios, aunque en realidad utilizaban pseud\u00f3nimos, creandose as\u00ed una identidad propia en la calle. Estos chicos escrib\u00edan para sus amigos o incluso para sus enemigos. Quiz\u00e1s el ejemplo m\u00e1s significativo y a la vez el m\u00e1s conocido por todos sea el de <\/span><strong><span style=\"font-size: small\">Taki 183,<\/span><\/strong><span style=\"font-size: small\"> un chico de origen griego que a la edad de 17 a\u00f1os comenz\u00f3 a poner su apodo. Su verdadero nombre era Demetrius (de ah\u00ed el diminutivo \u201cTaki\u201d) y 183 era la calle donde viv\u00eda (poner el nombre de la calle fue un elemento usado por muchos m\u00e1s escritores). Taki trabajaba como mensajero y viajaba constantemente en el metro de un lado a otro de la ciudad. En el trayecto estampaba su tag (firma) en todos los lados, dentro y fuera del vag\u00f3n. El no lo consideraba como algo malo, de hecho respond\u00eda as\u00ed a las preguntas que le formularon en una entrevista en el <\/span><em><strong><span style=\"font-size: small\">New York Times:<\/span><\/strong><\/em><\/span><span style=\"font-family: Verdana;font-size: small\"> \u201cSimplemente es algo que tengo que hacer. Trabajo, pago mis impuestos y no hago da\u00f1o a nadie\u201d. Estos actos le convirtieron en un h\u00e9roe y poco despu\u00e9s cientos de j\u00f3venes empezaron a imitarle.<br \/>\n<\/span><\/p>\n<p class=\"textogeneral\" align=\"justify\"><span style=\"font-family: Verdana, Arial, Helvetica, sans-serif;font-size: small\">Algunos de los escritores tambi\u00e9n destacados de aquella \u00e9poca fueron: Frank 207, Chew 127, Julio 204, B\u00e1rbara 62... En principio no buscaban estilo, s\u00f3lo quer\u00edan aparecer por todos los lados. Es a partir de aqu\u00ed cuando surgi\u00f3 el <em><strong>boom<\/strong><\/em> y cientos de adolescentes comenzaron a poner su nombre por toda la ciudad, haci\u00e9ndose necesaria la creaci\u00f3n de un estilo, tanto en la caligraf\u00eda, como en los m\u00e9todos de ejecuci\u00f3n o incluso los lugares utilizados para dicho fin. Por ejemplo, Soul 1, un escritor de la zona de Manhattan, se dedic\u00f3 a escribir su nombre a media altura en los laterales de los edificios. Tracy 168 citaba: \u201cEran inalcanzables para el resto de los humanos. Parec\u00eda que pod\u00eda volar\u201d. Tambi\u00e9n podr\u00edamos destacar la an\u00e9cdota de Bama, cuyo deseo por superar a los dem\u00e1s en cuanto a emplazamiento de sus pintadas le llev\u00f3 a intentar escribir su nombre en lo alto de una monta\u00f1a situada en el norte del estado de Nueva York. Cual ser\u00eda su sorpresa cuando al apartar los ramajes y limpiar la superficie vi\u00f3 que se le hab\u00edan adelantado: \u201c\u00a1Mierda!\u201d. Se lamentaba el muchacho. Un caso muy sonado fue el de Seen al pintar su nombre en letras gigantescas en el mism\u00edsimo letrero de la colina de Hollywood.<\/span><span style=\"font-family: Verdana, Arial, Helvetica, sans-serif;font-size: small\"><br \/>\nEn cuanto a la caligraf\u00eda, en principio se utilizaba una bastante legible, hasta la llegada a Nueva York de un graffitero de Filadelfia llamado Top Cat, quien afirmaba que todo lo que sab\u00eda sobre graffiti lo hab\u00eda aprendido en el legendario pan de ma\u00edz de Filadelfia. Escrib\u00eda su nombre en letras finas y alargadas muy juntas. Eran dif\u00edciles de entender, pero precisamente esto las hac\u00eda destacar de las dem\u00e1s y llamaban la atenci\u00f3n del resto, por lo que un gran n\u00famero de escritores de Manhattan adoptaron su estilo y lo bautizaron como \u201cBroadway Elegant\u201d. Como contra, algunos escritores de Brooklyn inventaron su propio estilo, que consist\u00eda en letras m\u00e1s separadas adornadas con corazones, flechas, espirales... Y, por supuesto, el Bronx tambi\u00e9n tuvo su periodo de popularidad de estilo cuyo resultado era la mezcla de los dos anteriores. Aunque hay que decir que al final cada escritor opt\u00f3 por la creaci\u00f3n de su propio estilo. Lleg\u00f3 un momento en el que el amasijo de firmas era tal, que surgi\u00f3 la necesidad de concentrarse en el tama\u00f1o y color de las letras, surgiendo as\u00ed los primeros tags con \u201coutline\u201d (filete o l\u00ednea de borde) iniciados por Super Kool y que m\u00e1s tarde Phase 2 perfeccion\u00f3 dando como resultado unas letras m\u00e1s gordas perfiladas y coloreadas: <em><strong>bubble letters<\/strong><\/em> o letras pompa. De aqu\u00ed posteriormente nacieron los ya famosos <em><strong>throw up<\/strong><\/em> o vomitados, que como su nombre indica, son piezas espont\u00e1neas y de realizaci\u00f3n r\u00e1pida. Otro tipo de letras son las <strong><em>block letters,<\/em><\/strong> perfectamente legibles similares a los r\u00f3tulos. Pero el af\u00e1n competitivo va m\u00e1s all\u00e1, y la obsesi\u00f3n por conseguir popularidad y respeto llega a una complejidad art\u00edstica tal que las letras empiezan incluso a ser dif\u00edciles de entender, culminando as\u00ed en el estilo m\u00e1s genuino del Bronx: <strong><em>Wild style<\/em><\/strong> o estilo salvaje.<\/span><\/p>\n<p class=\"textogeneral\" align=\"justify\"><span style=\"font-family: Verdana, Arial, Helvetica, sans-serif;font-size: small\">Ya a finales de los setenta, el graffiti alcanza sus cotas m\u00e1s altas con la incorporaci\u00f3n de im\u00e1genes de la iconograf\u00eda popular tales como personajes de c\u00f3mic o dibujos animados, e incluso retratos y autorretratos en forma de caricatura (estas influencias se ver\u00e1n m\u00e1s adelante en un apartado especial). Con la incorporaci\u00f3n de estas im\u00e1genes aparecen en escena las complejas <em><strong>master pieces<\/strong><\/em> (piezas maestras), que adem\u00e1s de hacer distinguir a los grandes maestros de los principiantes, ampl\u00edan de manera considerable el tama\u00f1o de las obras.<br \/>\nLa comunidad del writing arde de expresividad, y esto lleva a un estado de competitividad feroz que se traduce en el auge de las conocidas Guerras de estilo <em><strong>(Style Wars)<\/strong><\/em> para nada violentas. Esta competici\u00f3n desemboca en las alianzas entre escritores. Es un momento muy importante, puesto que nos encontramos ante el nacimiento de las <strong><em>crews<\/em><\/strong> (pandillas, grupos). Su objetivo es la de hacerse m\u00e1s fuertes y as\u00ed conseguir el respeto de los dem\u00e1s. Hay que tener en cuenta de que el hecho de que haya m\u00e1s miembros de un mismo grupo poniendo el mismo nombre facilita el acto de \u201cdejarse ver\u201d <em><strong>(gettin\u2019 up).<\/strong><\/em><\/span><\/p>\n<p>&nbsp;<\/p>\n<p>&nbsp;<\/p>\n","protected":false},"excerpt":{"rendered":"<p>A finales de los sesenta los adolescentes en la ciudad de Nueva York empezaron a escribir sus nombres en las paredes de sus barrios, aunque en realidad utilizaban pseud\u00f3nimos, creandose as\u00ed una identidad propia en la calle. Estos chicos escrib\u00edan para sus amigos o incluso para sus enemigos. Quiz\u00e1s el ejemplo m\u00e1s significativo y a [&hellip;]<\/p>\n","protected":false},"author":9149,"featured_media":0,"parent":0,"menu_order":0,"comment_status":"open","ping_status":"open","template":"","meta":{"footnotes":""},"class_list":["post-74","page","type-page","status-publish","hentry"],"_links":{"self":[{"href":"https:\/\/blog.espol.edu.ec\/angmamer\/wp-json\/wp\/v2\/pages\/74","targetHints":{"allow":["GET"]}}],"collection":[{"href":"https:\/\/blog.espol.edu.ec\/angmamer\/wp-json\/wp\/v2\/pages"}],"about":[{"href":"https:\/\/blog.espol.edu.ec\/angmamer\/wp-json\/wp\/v2\/types\/page"}],"author":[{"embeddable":true,"href":"https:\/\/blog.espol.edu.ec\/angmamer\/wp-json\/wp\/v2\/users\/9149"}],"replies":[{"embeddable":true,"href":"https:\/\/blog.espol.edu.ec\/angmamer\/wp-json\/wp\/v2\/comments?post=74"}],"version-history":[{"count":1,"href":"https:\/\/blog.espol.edu.ec\/angmamer\/wp-json\/wp\/v2\/pages\/74\/revisions"}],"predecessor-version":[{"id":77,"href":"https:\/\/blog.espol.edu.ec\/angmamer\/wp-json\/wp\/v2\/pages\/74\/revisions\/77"}],"wp:attachment":[{"href":"https:\/\/blog.espol.edu.ec\/angmamer\/wp-json\/wp\/v2\/media?parent=74"}],"curies":[{"name":"wp","href":"https:\/\/api.w.org\/{rel}","templated":true}]}}