{"id":29,"date":"2009-11-16T11:28:54","date_gmt":"2009-11-16T16:28:54","guid":{"rendered":"http:\/\/blog.espol.edu.ec\/angnizam\/?page_id=29"},"modified":"2009-11-16T11:31:32","modified_gmt":"2009-11-16T16:31:32","slug":"actitud-positiva","status":"publish","type":"page","link":"https:\/\/blog.espol.edu.ec\/angnizam\/actitud-positiva\/","title":{"rendered":"ACTITUD POSITIVA"},"content":{"rendered":"<p><!--[if gte mso 9]&gt;  Normal 0   21   false false false  ES X-NONE X-NONE                           &lt;![endif]--><!--[if gte mso 9]&gt;                                                                                                                                            &lt;![endif]--><\/p>\n<p class=\"Default\"><span style=\"font-size: 20pt\" lang=\"ES-EC\">Mi primera decisi\u00f3n del d\u00eda de hoy es mi <span style=\"text-decoration: underline\">ACTITUD. <\/span><\/span><\/p>\n<p class=\"Default\">\n<p class=\"Default\"><em><span style=\"font-size: 20pt\" lang=\"ES-EC\">Alternativas: <\/span><\/em><\/p>\n<p class=\"Default\"><span style=\"font-size: 20pt\" lang=\"ES-EC\">Amargado <\/span><\/p>\n<p class=\"Default\"><span style=\"font-size: 20pt\" lang=\"ES-EC\">Mal Humor <\/span><\/p>\n<p class=\"Default\"><span style=\"font-size: 20pt\" lang=\"ES-EC\">Pesimista <\/span><\/p>\n<p class=\"Default\"><span style=\"font-size: 20pt\" lang=\"ES-EC\">Triste <\/span><\/p>\n<p class=\"Default\"><span style=\"font-size: 20pt\" lang=\"ES-EC\">Miedo <\/span><\/p>\n<p class=\"Default\"><span style=\"font-size: 20pt\" lang=\"ES-EC\">Alegre <\/span><\/p>\n<p class=\"Default\"><span style=\"font-size: 20pt\" lang=\"ES-EC\">Divertido <\/span><\/p>\n<p class=\"Default\"><span style=\"font-size: 20pt\" lang=\"ES-EC\">Optimista <\/span><\/p>\n<p class=\"Default\"><span style=\"font-size: 20pt\" lang=\"ES-EC\">Positivo <\/span><\/p>\n<p class=\"Default\"><span style=\"font-size: 20pt\" lang=\"ES-EC\">Seguro <\/span><\/p>\n<p class=\"Default\"><span style=\"font-size: 20pt\" lang=\"ES-EC\">Entusiasta <\/span><\/p>\n<p class=\"Default\"><span style=\"font-size: 20pt\" lang=\"ES-EC\"> <\/span><\/p>\n<p class=\"Default\" style=\"margin-left: 27pt\"><strong><span style=\"font-size: 20pt\" lang=\"ES-EC\">A <\/span><\/strong><span style=\"font-size: 20pt\" lang=\"ES-EC\">Activo, por encima de las circunstancias. <\/span><\/p>\n<p class=\"Default\" style=\"margin-left: 27pt\"><strong><span style=\"font-size: 20pt\" lang=\"ES-EC\">C <\/span><\/strong><span style=\"font-size: 20pt\" lang=\"ES-EC\">Conocimiento de mi mismo, autocontrol, \u00bc de segundo m\u00e1gico antes de reaccionar, atenci\u00f3n conciente de mis emociones. <\/span><\/p>\n<p class=\"Default\" style=\"margin-left: 27pt\"><strong><span style=\"font-size: 20pt\" lang=\"ES-EC\">T <\/span><\/strong><span style=\"font-size: 20pt\" lang=\"ES-EC\">Tenacidad, insistir, insistir, insistir hasta lograrlo. <\/span><\/p>\n<p class=\"Default\" style=\"margin-left: 27pt\"><strong><span style=\"font-size: 20pt\" lang=\"ES-EC\">I <\/span><\/strong><span style=\"font-size: 20pt\" lang=\"ES-EC\">Inter\u00e9s genuino por los dem\u00e1s, atenci\u00f3n concentrada. <\/span><\/p>\n<p class=\"Default\" style=\"margin-left: 27pt\"><strong><span style=\"font-size: 20pt\" lang=\"ES-EC\">T <\/span><\/strong><span style=\"font-size: 20pt\" lang=\"ES-EC\">Trascendente, mi actitud afecta a todos los que me rodean. <\/span><\/p>\n<p class=\"Default\" style=\"margin-left: 27pt\"><strong><span style=\"font-size: 20pt\" lang=\"ES-EC\">U <\/span><\/strong><span style=\"font-size: 20pt\" lang=\"ES-EC\">\u00danica y singular es mi actitud, me hace diferente y trato a cada persona como \u00fanica, singular e irrepetible. <\/span><\/p>\n<p class=\"Default\" style=\"margin-left: 27pt\"><strong><span style=\"font-size: 20pt\" lang=\"ES-EC\">D <\/span><\/strong><span style=\"font-size: 20pt\" lang=\"ES-EC\">Demuestro con acciones mis valores, me divierto en cada tarea que realizo. <\/span><\/p>\n<p class=\"Default\" style=\"margin-left: 35pt\"><span style=\"font-size: 20pt\" lang=\"ES-EC\">Hoy es el mejor d\u00eda de mi vida. <\/span><\/p>\n<p class=\"Default\" style=\"margin-left: 35pt\"><span style=\"font-size: 20pt\" lang=\"ES-EC\">Hoy triunfo en todo lo que realizo. <\/span><\/p>\n<p class=\"Default\" style=\"margin-left: 35pt\"><span style=\"font-size: 20pt\" lang=\"ES-EC\">Hoy mi actitud me hace diferente. <\/span><\/p>\n<p class=\"Default\" style=\"margin-left: 35pt\"><span style=\"font-size: 20pt\" lang=\"ES-EC\">Hoy hago de este d\u00eda una aventura fascinante. <\/span><\/p>\n<p class=\"Default\" style=\"margin-left: 35pt\"><span style=\"font-size: 20pt\" lang=\"ES-EC\">Hoy soy una estrella sirviendo a los dem\u00e1s. <\/span><\/p>\n<p class=\"Default\" style=\"margin-left: 35pt\"><span style=\"font-size: 20pt\" lang=\"ES-EC\">Hoy mis sue\u00f1os los convierto en realidad. <\/span><\/p>\n<p class=\"MsoNormal\"><strong><\/strong><\/p>\n","protected":false},"excerpt":{"rendered":"<p>Mi primera decisi\u00f3n del d\u00eda de hoy es mi ACTITUD. Alternativas: Amargado Mal Humor Pesimista Triste Miedo Alegre Divertido Optimista Positivo Seguro Entusiasta A Activo, por encima de las circunstancias. C Conocimiento de mi mismo, autocontrol, \u00bc de segundo m\u00e1gico antes de reaccionar, atenci\u00f3n conciente de mis emociones. T Tenacidad, insistir, insistir, insistir hasta lograrlo. [&hellip;]<\/p>\n","protected":false},"author":3065,"featured_media":0,"parent":0,"menu_order":0,"comment_status":"open","ping_status":"open","template":"","meta":{"footnotes":""},"class_list":["post-29","page","type-page","status-publish","hentry"],"aioseo_notices":[],"_links":{"self":[{"href":"https:\/\/blog.espol.edu.ec\/angnizam\/wp-json\/wp\/v2\/pages\/29","targetHints":{"allow":["GET"]}}],"collection":[{"href":"https:\/\/blog.espol.edu.ec\/angnizam\/wp-json\/wp\/v2\/pages"}],"about":[{"href":"https:\/\/blog.espol.edu.ec\/angnizam\/wp-json\/wp\/v2\/types\/page"}],"author":[{"embeddable":true,"href":"https:\/\/blog.espol.edu.ec\/angnizam\/wp-json\/wp\/v2\/users\/3065"}],"replies":[{"embeddable":true,"href":"https:\/\/blog.espol.edu.ec\/angnizam\/wp-json\/wp\/v2\/comments?post=29"}],"version-history":[{"count":3,"href":"https:\/\/blog.espol.edu.ec\/angnizam\/wp-json\/wp\/v2\/pages\/29\/revisions"}],"predecessor-version":[{"id":31,"href":"https:\/\/blog.espol.edu.ec\/angnizam\/wp-json\/wp\/v2\/pages\/29\/revisions\/31"}],"wp:attachment":[{"href":"https:\/\/blog.espol.edu.ec\/angnizam\/wp-json\/wp\/v2\/media?parent=29"}],"curies":[{"name":"wp","href":"https:\/\/api.w.org\/{rel}","templated":true}]}}