{"id":37,"date":"2009-11-16T11:47:02","date_gmt":"2009-11-16T16:47:02","guid":{"rendered":"http:\/\/blog.espol.edu.ec\/angnizam\/?page_id=37"},"modified":"2009-11-16T11:47:02","modified_gmt":"2009-11-16T16:47:02","slug":"aprender-a-vivir","status":"publish","type":"page","link":"https:\/\/blog.espol.edu.ec\/angnizam\/aprender-a-vivir\/","title":{"rendered":"APRENDER A VIVIR"},"content":{"rendered":"<p><!--[if gte mso 9]&gt;  Normal 0   21   false false false  ES X-NONE X-NONE                           &lt;![endif]--><!--[if gte mso 9]&gt;                                                                                                                                            &lt;![endif]--><\/p>\n<p class=\"MsoNormal\"><span lang=\"ES-EC\">\u2022 Aprende a mantenerte a ti mismo para que puedas mantener a otra persona. <\/span><\/p>\n<p class=\"MsoNormal\"><span lang=\"ES-EC\"> <\/span><\/p>\n<p class=\"MsoNormal\"><span lang=\"ES-EC\"> <\/span><\/p>\n<p class=\"MsoNormal\"><span lang=\"ES-EC\">\u2022 Aprende a jugar contigo para que puedas jugar con los dem\u00e1s. <\/span><\/p>\n<p class=\"MsoNormal\"><span lang=\"ES-EC\"> <\/span><\/p>\n<p class=\"MsoNormal\"><span lang=\"ES-EC\"> <\/span><\/p>\n<p class=\"MsoNormal\"><span lang=\"ES-EC\">\u2022 Aprende a darte tiempo para que puedas dar tiempo a los otros. <\/span><\/p>\n<p class=\"MsoNormal\"><span lang=\"ES-EC\"> <\/span><\/p>\n<p class=\"MsoNormal\"><span lang=\"ES-EC\"> <\/span><\/p>\n<p class=\"MsoNormal\"><span lang=\"ES-EC\">\u2022 Aprende a ser feliz contigo mismo para que puedas dar felicidad. <\/span><\/p>\n<p class=\"MsoNormal\"><span lang=\"ES-EC\"> <\/span><\/p>\n<p class=\"MsoNormal\"><span lang=\"ES-EC\"> <\/span><\/p>\n<p class=\"MsoNormal\"><span lang=\"ES-EC\">\u2022 Aprende a sonre\u00edr para que puedas ofrecer alegr\u00eda. <\/span><\/p>\n<p class=\"MsoNormal\"><span lang=\"ES-EC\"> <\/span><\/p>\n<p class=\"MsoNormal\"><span lang=\"ES-EC\"> <\/span><\/p>\n<p class=\"MsoNormal\"><span lang=\"ES-EC\">\u2022 Aprende a perdonarte a ti mismo para que seas capaz de perdonar. <\/span><\/p>\n<p class=\"MsoNormal\"><span lang=\"ES-EC\"> <\/span><\/p>\n<p class=\"MsoNormal\"><span lang=\"ES-EC\"> <\/span><\/p>\n<p class=\"MsoNormal\"><span lang=\"ES-EC\">\u2022 Aprende a aprender para que puedas ense\u00f1ar. <\/span><\/p>\n<p class=\"MsoNormal\"><span lang=\"ES-EC\"> <\/span><\/p>\n<p class=\"MsoNormal\"><span lang=\"ES-EC\"> <\/span><\/p>\n<p class=\"MsoNormal\"><span lang=\"ES-EC\">\u2022 Aprende a pensar y har\u00e1s pensar a los dem\u00e1s. <\/span><\/p>\n<p class=\"MsoNormal\"><span lang=\"ES-EC\"> <\/span><\/p>\n<p class=\"MsoNormal\"><span lang=\"ES-EC\"> <\/span><\/p>\n<p class=\"MsoNormal\"><span lang=\"ES-EC\">\u2022 Aprende a ser amable contigo y dar\u00e1s amabilidad. <\/span><\/p>\n<p class=\"MsoNormal\"><span lang=\"ES-EC\"> <\/span><\/p>\n<p class=\"MsoNormal\"><span lang=\"ES-EC\"> <\/span><\/p>\n<p class=\"MsoNormal\"><span lang=\"ES-EC\">\u2022 Aprende a ser generoso con tu persona y derramar\u00e1s generosidad. <\/span><\/p>\n<p class=\"MsoNormal\"><span lang=\"ES-EC\"> <\/span><\/p>\n<p class=\"MsoNormal\"><span lang=\"ES-EC\"> <\/span><\/p>\n<p class=\"MsoNormal\"><span lang=\"ES-EC\">\u2022 Aprende a cuidarte y cuidar\u00e1s a los que amas. <\/span><\/p>\n<p class=\"MsoNormal\"><span lang=\"ES-EC\"> <\/span><\/p>\n<p class=\"MsoNormal\"><span lang=\"ES-EC\"> <\/span><\/p>\n<p class=\"MsoNormal\"><span lang=\"ES-EC\">\u2022 Aprende a hacer el bien y trascender\u00e1s. <\/span><\/p>\n<p class=\"MsoNormal\"><span lang=\"ES-EC\"> <\/span><\/p>\n<p class=\"MsoNormal\"><span lang=\"ES-EC\"> <\/span><\/p>\n<p class=\"MsoNormal\"><span lang=\"ES-EC\">\u2022 Aprende a amarte a ti mismo y podr\u00e1s amar. <\/span><\/p>\n<p class=\"MsoNormal\"><span lang=\"ES-EC\"> <\/span><\/p>\n<p class=\"MsoNormal\"><span lang=\"ES-EC\"> <\/span><\/p>\n<p class=\"MsoNormal\"><span lang=\"ES-EC\"> <\/span><\/p>\n<p class=\"MsoNormal\"><span lang=\"ES-EC\"> <\/span><\/p>\n<p class=\"MsoNormal\"><span lang=\"ES-EC\"><span> <\/span><\/span><\/p>\n<p class=\"MsoNormal\"><span lang=\"ES-EC\"> <\/span><\/p>\n<p class=\"MsoNormal\"><span lang=\"ES-EC\">As\u00ed los L\u00edderes de Excelencia saben que poseen el m\u00e1s valioso de todos los maestros <\/span><\/p>\n<p class=\"MsoNormal\"><span lang=\"ES-EC\">dentro de ellos mismos y est\u00e1n conscientes que \u201cNadie puede dar lo que no posee\u201d, y <\/span><\/p>\n<p class=\"MsoNormal\"><span lang=\"ES-EC\">cumplen con una premisa fundamental en el arte de dirigir \u201cjam\u00e1s pedir a un <\/span><\/p>\n<p class=\"MsoNormal\"><span lang=\"ES-EC\">subordinado lo que ellos mismos no son capaces de hacer\u201d, manejan una atenci\u00f3n <\/span><\/p>\n<p class=\"MsoNormal\"><span lang=\"ES-EC\">consciente de cada una de sus acciones y son los m\u00e1s exigentes con ellos mismos.<\/span><\/p>\n","protected":false},"excerpt":{"rendered":"<p>\u2022 Aprende a mantenerte a ti mismo para que puedas mantener a otra persona. \u2022 Aprende a jugar contigo para que puedas jugar con los dem\u00e1s. \u2022 Aprende a darte tiempo para que puedas dar tiempo a los otros. \u2022 Aprende a ser feliz contigo mismo para que puedas dar felicidad. \u2022 Aprende a sonre\u00edr [&hellip;]<\/p>\n","protected":false},"author":3065,"featured_media":0,"parent":0,"menu_order":0,"comment_status":"open","ping_status":"open","template":"","meta":{"footnotes":""},"class_list":["post-37","page","type-page","status-publish","hentry"],"aioseo_notices":[],"_links":{"self":[{"href":"https:\/\/blog.espol.edu.ec\/angnizam\/wp-json\/wp\/v2\/pages\/37","targetHints":{"allow":["GET"]}}],"collection":[{"href":"https:\/\/blog.espol.edu.ec\/angnizam\/wp-json\/wp\/v2\/pages"}],"about":[{"href":"https:\/\/blog.espol.edu.ec\/angnizam\/wp-json\/wp\/v2\/types\/page"}],"author":[{"embeddable":true,"href":"https:\/\/blog.espol.edu.ec\/angnizam\/wp-json\/wp\/v2\/users\/3065"}],"replies":[{"embeddable":true,"href":"https:\/\/blog.espol.edu.ec\/angnizam\/wp-json\/wp\/v2\/comments?post=37"}],"version-history":[{"count":2,"href":"https:\/\/blog.espol.edu.ec\/angnizam\/wp-json\/wp\/v2\/pages\/37\/revisions"}],"predecessor-version":[{"id":39,"href":"https:\/\/blog.espol.edu.ec\/angnizam\/wp-json\/wp\/v2\/pages\/37\/revisions\/39"}],"wp:attachment":[{"href":"https:\/\/blog.espol.edu.ec\/angnizam\/wp-json\/wp\/v2\/media?parent=37"}],"curies":[{"name":"wp","href":"https:\/\/api.w.org\/{rel}","templated":true}]}}