{"id":40,"date":"2009-11-16T11:51:22","date_gmt":"2009-11-16T16:51:22","guid":{"rendered":"http:\/\/blog.espol.edu.ec\/angnizam\/?page_id=40"},"modified":"2009-11-16T11:52:02","modified_gmt":"2009-11-16T16:52:02","slug":"tu-eres-diferente","status":"publish","type":"page","link":"https:\/\/blog.espol.edu.ec\/angnizam\/tu-eres-diferente\/","title":{"rendered":"T\u00da ERES DIFERENTE"},"content":{"rendered":"<p><!--[if gte mso 9]&gt;  Normal 0   21   false false false  ES X-NONE X-NONE                           &lt;![endif]--><!--[if gte mso 9]&gt;                                                                                                                                            &lt;![endif]--><\/p>\n<p class=\"MsoNormal\"><span lang=\"ES-EC\"> <\/span><\/p>\n<p class=\"MsoNormal\"><span lang=\"ES-EC\"><span> <\/span><\/span><\/p>\n<p class=\"MsoNormal\"><span lang=\"ES-EC\"> <\/span><\/p>\n<p class=\"MsoNormal\"><span lang=\"ES-EC\"><span> <\/span><\/span><\/p>\n<p class=\"MsoNormal\"><span lang=\"ES-EC\"> <\/span><\/p>\n<p class=\"MsoNormal\"><span lang=\"ES-EC\">T\u00fa naciste para formar parte de la aventura m\u00e1s extraordinaria que solamente Dios <\/span><\/p>\n<p class=\"MsoNormal\"><span lang=\"ES-EC\">pudo concebir, vivir para ser parte de su creaci\u00f3n. <\/span><\/p>\n<p class=\"MsoNormal\"><span lang=\"ES-EC\"> <\/span><\/p>\n<p class=\"MsoNormal\"><span lang=\"ES-EC\"><span> <\/span><\/span><\/p>\n<p class=\"MsoNormal\"><span lang=\"ES-EC\"> <\/span><\/p>\n<p class=\"MsoNormal\"><span lang=\"ES-EC\">T\u00fa eres un ser singular, jam\u00e1s otro ser como t\u00fa va a existir, posees el don de Dios, en <\/span><\/p>\n<p class=\"MsoNormal\"><span lang=\"ES-EC\">tu imaginaci\u00f3n est\u00e1n todos los sue\u00f1os que deseas alcanzar, suma tu voluntad, car\u00e1cter <\/span><\/p>\n<p class=\"MsoNormal\"><span lang=\"ES-EC\">y decisi\u00f3n e inevitablemente tus estrellas se convertir\u00e1n en realidad. <\/span><\/p>\n<p class=\"MsoNormal\"><span lang=\"ES-EC\"> <\/span><\/p>\n<p class=\"MsoNormal\"><span lang=\"ES-EC\"><span> <\/span><\/span><\/p>\n<p class=\"MsoNormal\"><span lang=\"ES-EC\"> <\/span><\/p>\n<p class=\"MsoNormal\"><span lang=\"ES-EC\">T\u00fa tienes el poder en tus manos, para morir o para vivir, dentro de ti existe todo el <\/span><\/p>\n<p class=\"MsoNormal\"><span lang=\"ES-EC\">universo y fuiste dotado con una voluntad y determinaci\u00f3n para lograr lo que deseas <\/span><\/p>\n<p class=\"MsoNormal\"><span lang=\"ES-EC\">lograr, eres \u00fanico y diferente obra irrepetible y magistral, tu \u00fanico destino es triunfar. <\/span><\/p>\n<p class=\"MsoNormal\"><span lang=\"ES-EC\"> <\/span><\/p>\n<p class=\"MsoNormal\"><span lang=\"ES-EC\"><span> <\/span><\/span><\/p>\n<p class=\"MsoNormal\"><span lang=\"ES-EC\"> <\/span><\/p>\n<p class=\"MsoNormal\"><span lang=\"ES-EC\">T\u00fa eres ese alguien especial que posee la fortaleza o la debilidad y esta en tu decisi\u00f3n <\/span><\/p>\n<p class=\"MsoNormal\"><span lang=\"ES-EC\">sentarte a la orilla del camino para ver a otros triunfar o comprometerte con la vida <\/span><\/p>\n<p class=\"MsoNormal\"><span lang=\"ES-EC\">misma y decidirte a lograr tu plenitud y la cima conquistar. <\/span><\/p>\n<p class=\"MsoNormal\"><span lang=\"ES-EC\"> <\/span><\/p>\n<p class=\"MsoNormal\"><span lang=\"ES-EC\"><span> <\/span><\/span><\/p>\n<p class=\"MsoNormal\"><span lang=\"ES-EC\"> <\/span><\/p>\n<p class=\"MsoNormal\"><span lang=\"ES-EC\">T\u00fa eres la suma de todas las generaciones anteriores y tienes la oportunidad hist\u00f3rica <\/span><\/p>\n<p class=\"MsoNormal\"><span lang=\"ES-EC\">de mejorar a la humanidad y entregar tu existir para heredar a tus hijos un nuevo <\/span><\/p>\n<p class=\"MsoNormal\"><span lang=\"ES-EC\">amanecer. <\/span><\/p>\n<p class=\"MsoNormal\"><span lang=\"ES-EC\"> <\/span><\/p>\n<p class=\"MsoNormal\"><span lang=\"ES-EC\"><span> <\/span><\/span><\/p>\n<p class=\"MsoNormal\"><span lang=\"ES-EC\"> <\/span><\/p>\n<p class=\"MsoNormal\"><span lang=\"ES-EC\">T\u00fa eres el ser a quien Dios confi\u00f3 la realizaci\u00f3n de su creaci\u00f3n. <\/span><\/p>\n<p class=\"MsoNormal\"><span lang=\"ES-EC\"> <\/span><\/p>\n<p class=\"MsoNormal\"><span lang=\"ES-EC\"><span> <\/span><\/span><\/p>\n<p class=\"MsoNormal\"><span lang=\"ES-EC\"> <\/span><\/p>\n<p class=\"MsoNormal\"><span lang=\"ES-EC\"> <\/span><\/p>\n","protected":false},"excerpt":{"rendered":"<p>T\u00fa naciste para formar parte de la aventura m\u00e1s extraordinaria que solamente Dios pudo concebir, vivir para ser parte de su creaci\u00f3n. T\u00fa eres un ser singular, jam\u00e1s otro ser como t\u00fa va a existir, posees el don de Dios, en tu imaginaci\u00f3n est\u00e1n todos los sue\u00f1os que deseas alcanzar, suma tu voluntad, car\u00e1cter y [&hellip;]<\/p>\n","protected":false},"author":3065,"featured_media":0,"parent":0,"menu_order":0,"comment_status":"open","ping_status":"open","template":"","meta":{"footnotes":""},"class_list":["post-40","page","type-page","status-publish","hentry"],"aioseo_notices":[],"_links":{"self":[{"href":"https:\/\/blog.espol.edu.ec\/angnizam\/wp-json\/wp\/v2\/pages\/40","targetHints":{"allow":["GET"]}}],"collection":[{"href":"https:\/\/blog.espol.edu.ec\/angnizam\/wp-json\/wp\/v2\/pages"}],"about":[{"href":"https:\/\/blog.espol.edu.ec\/angnizam\/wp-json\/wp\/v2\/types\/page"}],"author":[{"embeddable":true,"href":"https:\/\/blog.espol.edu.ec\/angnizam\/wp-json\/wp\/v2\/users\/3065"}],"replies":[{"embeddable":true,"href":"https:\/\/blog.espol.edu.ec\/angnizam\/wp-json\/wp\/v2\/comments?post=40"}],"version-history":[{"count":2,"href":"https:\/\/blog.espol.edu.ec\/angnizam\/wp-json\/wp\/v2\/pages\/40\/revisions"}],"predecessor-version":[{"id":42,"href":"https:\/\/blog.espol.edu.ec\/angnizam\/wp-json\/wp\/v2\/pages\/40\/revisions\/42"}],"wp:attachment":[{"href":"https:\/\/blog.espol.edu.ec\/angnizam\/wp-json\/wp\/v2\/media?parent=40"}],"curies":[{"name":"wp","href":"https:\/\/api.w.org\/{rel}","templated":true}]}}