{"id":43,"date":"2009-11-16T11:54:03","date_gmt":"2009-11-16T16:54:03","guid":{"rendered":"http:\/\/blog.espol.edu.ec\/angnizam\/?page_id=43"},"modified":"2009-11-16T11:58:34","modified_gmt":"2009-11-16T16:58:34","slug":"el-salto-de-un-conejo","status":"publish","type":"page","link":"https:\/\/blog.espol.edu.ec\/angnizam\/el-salto-de-un-conejo\/","title":{"rendered":"EL SALTO DE UN CONEJO"},"content":{"rendered":"<p><!--[if gte mso 9]&gt;  Normal 0   21   false false false  ES X-NONE X-NONE                           &lt;![endif]--><!--[if gte mso 9]&gt;                                                                                                                                            &lt;![endif]--><\/p>\n<p class=\"MsoNormal\"><span lang=\"ES-EC\">Cuenta una antigua leyenda hind\u00fa que los dioses visitaron la tierra y cada uno de los <\/span><\/p>\n<p class=\"MsoNormal\"><span lang=\"ES-EC\">animales del bosque se prepar\u00f3 para hacerles una ofrenda; y as\u00ed la vaca les obsequi\u00f3 <\/span><\/p>\n<p class=\"MsoNormal\"><span lang=\"ES-EC\">un gran cuenco de leche, el lobo un trozo de carne, el oso un panal de miel. Los dioses <\/span><\/p>\n<p class=\"MsoNormal\"><span lang=\"ES-EC\">realizaban su visita muy complacidos por el esfuerzo que cada animal les ofrec\u00eda. Al <\/span><\/p>\n<p class=\"MsoNormal\"><span lang=\"ES-EC\">caer la noche, ya cansados, llegaron a la morada del conejo. Cu\u00e1n grande fue su <\/span><\/p>\n<p class=\"MsoNormal\"><span lang=\"ES-EC\">sorpresa al observar a este animal, c\u00f3modamente esper\u00e1ndolos junto a una hoguera, <\/span><\/p>\n<p class=\"MsoNormal\"><span lang=\"ES-EC\">sin tener a la vista ninguna ofrenda que hubiera preparado para ellos. <\/span><\/p>\n<p class=\"MsoNormal\"><span lang=\"ES-EC\"> <\/span><\/p>\n<p class=\"MsoNormal\"><span lang=\"ES-EC\"><span> <\/span><\/span><\/p>\n<p class=\"MsoNormal\"><span lang=\"ES-EC\"> <\/span><\/p>\n<p class=\"MsoNormal\"><span lang=\"ES-EC\">Los dioses, un poco molestos, le reclamaron: \"\u00bfAcaso no tienes nada para nosotros?\", y <\/span><\/p>\n<p class=\"MsoNormal\"><span lang=\"ES-EC\">sonriendo el conejo, en respuesta, les pidi\u00f3 que se instalaran alrededor y que <\/span><\/p>\n<p class=\"MsoNormal\"><span lang=\"ES-EC\">descansaran, pues les ten\u00eda preparada una sorpresa y deseaba sinceramente <\/span><\/p>\n<p class=\"MsoNormal\"><span lang=\"ES-EC\">agradarlos; una vez que los dioses tomaron asiento, el conejo inici\u00f3 su discurso: \"Es un <\/span><\/p>\n<p class=\"MsoNormal\"><span lang=\"ES-EC\">honor para m\u00ed tenerlos aqu\u00ed; busqu\u00e9 en todo el bosque algo que fuera digno de <\/span><\/p>\n<p class=\"MsoNormal\"><span lang=\"ES-EC\">ustedes, pero lo que pude hallar se me hizo insignificante para los creadores de todo y <\/span><\/p>\n<p class=\"MsoNormal\"><span lang=\"ES-EC\">se me ocurri\u00f3 que a estas horas de la noche deb\u00edan estar hambrientos. Les quiero <\/span><\/p>\n<p class=\"MsoNormal\"><span lang=\"ES-EC\">entregar lo m\u00e1s valioso para m\u00ed, mi \u00fanica ofrenda, en reconocimiento a la belleza de su <\/span><\/p>\n<p class=\"MsoNormal\"><span lang=\"ES-EC\">creaci\u00f3n\". Y de un salto se meti\u00f3 a la hoguera para servirles de alimento. Los dioses <\/span><\/p>\n<p class=\"MsoNormal\"><span lang=\"ES-EC\">quedaron asombrados de su gran generosidad y en premio lo rescataron de las llamas y <\/span><\/p>\n<p class=\"MsoNormal\"><span lang=\"ES-EC\">le dijeron: \"De hoy en adelante, conejo, vivir\u00e1s en la cara luminosa de la luna para que <\/span><\/p>\n<p class=\"MsoNormal\"><span lang=\"ES-EC\">todos aquellos que la observen, recuerden que la principal caracter\u00edstica del amor es la <\/span><\/p>\n<p class=\"MsoNormal\"><span lang=\"ES-EC\">entrega total\". <\/span><\/p>\n<p class=\"MsoNormal\"><span lang=\"ES-EC\"> <\/span><\/p>\n<p class=\"MsoNormal\"><span lang=\"ES-EC\"><span> <\/span><\/span><\/p>\n<p class=\"MsoNormal\"><span lang=\"ES-EC\"> <\/span><\/p>\n<p class=\"MsoNormal\"><span lang=\"ES-EC\">Desde entonces, si usted observa detenidamente la luna llena, identificar\u00e1 a un conejo <\/span><\/p>\n<p class=\"MsoNormal\"><span lang=\"ES-EC\">en posici\u00f3n de saltar, record\u00e1ndonos con esta imagen que el amor debe ser <\/span><\/p>\n<p class=\"MsoNormal\"><span lang=\"ES-EC\">incondicional. <\/span><\/p>\n<p class=\"MsoNormal\"><span lang=\"ES-EC\"> <\/span><\/p>\n<p class=\"MsoNormal\"><span lang=\"ES-EC\">-\u00bfC\u00f3mo podr\u00eda explicar el amor incondicional? <\/span><\/p>\n<p class=\"MsoNormal\"><span lang=\"ES-EC\"> <\/span><\/p>\n<p class=\"MsoNormal\"><span lang=\"ES-EC\">-El amor, m\u00e1s que enunciativo, debe ser demostrativo. <\/span><\/p>\n<p class=\"MsoNormal\"><span lang=\"ES-EC\"> <\/span><\/p>\n<p class=\"MsoNormal\"><span lang=\"ES-EC\">-\u00bfQu\u00e9 acciones realiza para mostrar su amor a los que ama? <\/span><\/p>\n<p class=\"MsoNormal\"><span lang=\"ES-EC\"> <\/span><\/p>\n<p class=\"MsoNormal\"><span lang=\"ES-EC\">-\u00bfQu\u00e9 ser\u00eda usted capaz de hacer por los seres que ama? <\/span><\/p>\n<p class=\"MsoNormal\"><span lang=\"ES-EC\"> <\/span><\/p>\n<p class=\"MsoNormal\"><span lang=\"ES-EC\">-\u00bfTodos los d\u00edas se da usted la oportunidad de manifestar su amor a los dem\u00e1s? <\/span><\/p>\n<p class=\"MsoNormal\"><span lang=\"ES-EC\"> <\/span><\/p>\n<p class=\"MsoNormal\"><span lang=\"ES-EC\">El amor incondicional es amar a otro ser sin condici\u00f3n alguna. <\/span><\/p>\n<p class=\"MsoNormal\"><span lang=\"ES-EC\"> <\/span><\/p>\n<p class=\"MsoNormal\"><span lang=\"ES-EC\"><span> <\/span><\/span><\/p>\n<p class=\"MsoNormal\"><span lang=\"ES-EC\"> <\/span><\/p>\n<p class=\"MsoNormal\"><span lang=\"ES-EC\">Desafortunadamente nuestra mezquindad nos lleva a racionalizar el amor: si t\u00fa me das, <\/span><\/p>\n<p class=\"MsoNormal\"><span lang=\"ES-EC\">yo te doy; si cumples con ciertas condiciones, yo te amar\u00e9; si t\u00fa eres atento, yo ser\u00e9 <\/span><\/p>\n<p class=\"MsoNormal\"><span lang=\"ES-EC\">atento; si t\u00fa me cuidas, yo te cuido; si t\u00fa eres cari\u00f1oso, yo ser\u00e9 cari\u00f1oso. Y as\u00ed, vamos <\/span><\/p>\n<p class=\"MsoNormal\"><span lang=\"ES-EC\">reglamentando lo que nuestro coraz\u00f3n siente o debe sentir por otra persona. <\/span><\/p>\n<p class=\"MsoNormal\"><span lang=\"ES-EC\"> <\/span><\/p>\n<p class=\"MsoNormal\"><span lang=\"ES-EC\"><span> <\/span><\/span><\/p>\n<p class=\"MsoNormal\"><span lang=\"ES-EC\"> <\/span><\/p>\n<p class=\"MsoNormal\"><span lang=\"ES-EC\">La expresi\u00f3n m\u00e1s sublime del amor incondicional es la de una buena madre, la cual, sin <\/span><\/p>\n<p class=\"MsoNormal\"><span lang=\"ES-EC\">importar las caracter\u00edsticas de su hijo, le seguir\u00e1 amando. De hecho, las visitas m\u00e1s <\/span><\/p>\n<p class=\"MsoNormal\"><span lang=\"ES-EC\">frecuente que reciben los presos en las c\u00e1rceles, son las de sus propias madres. Si se <\/span><\/p>\n<p class=\"MsoNormal\"><span lang=\"ES-EC\">hiciera una competencia de generosidad y participaran las madres de Am\u00e9rica Latina, <\/span><\/p>\n<p class=\"MsoNormal\"><span lang=\"ES-EC\">indiscutiblemente ganar\u00edan el primer lugar. En cambio, en la relaci\u00f3n pareja es en <\/span><\/p>\n<p class=\"MsoNormal\"><span lang=\"ES-EC\">donde usualmente se encuentran las m\u00e1ximas manifestaciones de amor condicional, <\/span><\/p>\n<p class=\"MsoNormal\"><span lang=\"ES-EC\">inclusive se llega a amar a un ser que no existe. As\u00ed, encontramos las expresiones:\"La <\/span><\/p>\n<p class=\"MsoNormal\"><span lang=\"ES-EC\">amar\u00eda si fuera capaz de cambiar, de ser m\u00e1s amable, cort\u00e9s, puntual, dejara de fumar, <\/span><\/p>\n<p class=\"MsoNormal\"><span lang=\"ES-EC\">beber, etc\u00e9tera\". Se llega a amar a un fantasma del debe ser, pero al que es real no lo <\/span><\/p>\n<p class=\"MsoNormal\"><span lang=\"ES-EC\">logramos aceptar. <\/span><\/p>\n<p class=\"MsoNormal\"><span lang=\"ES-EC\"> <\/span><\/p>\n<p class=\"MsoNormal\"><span lang=\"ES-EC\">La Madre Teresa de Calcuta defin\u00eda al amor limitado como aquel que est\u00e1 condicionado <\/span><\/p>\n<p class=\"MsoNormal\"><span lang=\"ES-EC\">a que el otro te ame; en cambio, el amor ilimitado se basta a s\u00ed mismo. As\u00ed, <\/span><\/p>\n<p class=\"MsoNormal\"><span lang=\"ES-EC\">encontramos el testimonio de las Misioneras de la Caridad entreg\u00e1ndose sin condici\u00f3n <\/span><\/p>\n<p class=\"MsoNormal\"><span lang=\"ES-EC\">alguna a seres que tal vez jam\u00e1s les podr\u00e1n agradecer su bondad: enfermos de SIDA, <\/span><\/p>\n<p class=\"MsoNormal\"><span lang=\"ES-EC\">ni\u00f1os descerebrados, moribundos de lepra. A todos ellos se entregan en un acto <\/span><\/p>\n<p class=\"MsoNormal\"><span lang=\"ES-EC\">sublime que Dominique Lapierre, al no saber qu\u00e9 calificativo usar para describir la <\/span><\/p>\n<p class=\"MsoNormal\"><span lang=\"ES-EC\">entrega de estos seres extraordinarios, les llama M\u00e1s grandes que el amor. <\/span><\/p>\n<p class=\"MsoNormal\"><span lang=\"ES-EC\"> <\/span><\/p>\n<p class=\"MsoNormal\"><span lang=\"ES-EC\"><span> <\/span><\/span><\/p>\n<p class=\"MsoNormal\"><span lang=\"ES-EC\"> <\/span><\/p>\n<p class=\"MsoNormal\"><span lang=\"ES-EC\">Lo invito a que identifique al conejo que aparece en la cara luminosa de la luna y cada <\/span><\/p>\n<p class=\"MsoNormal\"><span lang=\"ES-EC\">vez, que desee recordar qu\u00e9 es el amor, recuerde la generosidad del conejo que ofreci\u00f3 <\/span><\/p>\n<p class=\"MsoNormal\"><span lang=\"ES-EC\">su propia vida para demostrar lo que sent\u00eda.<\/span><\/p>\n","protected":false},"excerpt":{"rendered":"<p>Cuenta una antigua leyenda hind\u00fa que los dioses visitaron la tierra y cada uno de los animales del bosque se prepar\u00f3 para hacerles una ofrenda; y as\u00ed la vaca les obsequi\u00f3 un gran cuenco de leche, el lobo un trozo de carne, el oso un panal de miel. Los dioses realizaban su visita muy complacidos [&hellip;]<\/p>\n","protected":false},"author":3065,"featured_media":0,"parent":0,"menu_order":0,"comment_status":"open","ping_status":"open","template":"","meta":{"footnotes":""},"class_list":["post-43","page","type-page","status-publish","hentry"],"aioseo_notices":[],"_links":{"self":[{"href":"https:\/\/blog.espol.edu.ec\/angnizam\/wp-json\/wp\/v2\/pages\/43","targetHints":{"allow":["GET"]}}],"collection":[{"href":"https:\/\/blog.espol.edu.ec\/angnizam\/wp-json\/wp\/v2\/pages"}],"about":[{"href":"https:\/\/blog.espol.edu.ec\/angnizam\/wp-json\/wp\/v2\/types\/page"}],"author":[{"embeddable":true,"href":"https:\/\/blog.espol.edu.ec\/angnizam\/wp-json\/wp\/v2\/users\/3065"}],"replies":[{"embeddable":true,"href":"https:\/\/blog.espol.edu.ec\/angnizam\/wp-json\/wp\/v2\/comments?post=43"}],"version-history":[{"count":4,"href":"https:\/\/blog.espol.edu.ec\/angnizam\/wp-json\/wp\/v2\/pages\/43\/revisions"}],"predecessor-version":[{"id":46,"href":"https:\/\/blog.espol.edu.ec\/angnizam\/wp-json\/wp\/v2\/pages\/43\/revisions\/46"}],"wp:attachment":[{"href":"https:\/\/blog.espol.edu.ec\/angnizam\/wp-json\/wp\/v2\/media?parent=43"}],"curies":[{"name":"wp","href":"https:\/\/api.w.org\/{rel}","templated":true}]}}