{"id":32,"date":"2009-06-10T17:24:45","date_gmt":"2009-06-10T21:24:45","guid":{"rendered":"http:\/\/blog.espol.edu.ec\/anitaj\/?page_id=32"},"modified":"2009-08-07T14:49:41","modified_gmt":"2009-08-07T18:49:41","slug":"mas-sobre-mi","status":"publish","type":"page","link":"https:\/\/blog.espol.edu.ec\/anitaj\/mas-sobre-mi\/","title":{"rendered":"M\u00e1s Sobre mi"},"content":{"rendered":"<h3 style=\"text-align: justify\">Holaaaaaaaaaaaaa<\/h3>\n<p style=\"text-align: justify\">Voy a contarles..........<\/p>\n<p style=\"text-align: justify\">\u00a0<\/p>\n<p style=\"text-align: justify\">\u00a0<\/p>\n<p style=\"text-align: justify\">\u00a0<\/p>\n<p style=\"text-align: justify\">\u00a0<\/p>\n<p style=\"text-align: justify\">\u00a0<\/p>\n<p style=\"text-align: justify\"><a href=\"http:\/\/blog.espol.edu.ec\/anitaj\/files\/2009\/08\/yo-se-quien-soy.jpg\"><img loading=\"lazy\" decoding=\"async\" class=\"aligncenter size-thumbnail wp-image-40\" src=\"http:\/\/blog.espol.edu.ec\/anitaj\/files\/2009\/08\/yo-se-quien-soy-150x150.jpg\" alt=\"yo-se-quien-soy\" width=\"150\" height=\"150\" \/><\/a><\/p>\n<p>Yo nac\u00ed en Guayaquil, pero vivo en la v\u00eda Samborond\u00f3n .............<\/p>\n<p>\u00a0<\/p>\n<p>Me encanta leer eso lo aprend\u00ed de una gran amiga Irina...............<a href=\"http:\/\/blog.espol.edu.ec\/anitaj\/files\/2009\/08\/libros.gif\"><img loading=\"lazy\" decoding=\"async\" class=\"alignright size-medium wp-image-49\" src=\"http:\/\/blog.espol.edu.ec\/anitaj\/files\/2009\/08\/libros-300x288.gif\" alt=\"libros\" width=\"300\" height=\"288\" srcset=\"https:\/\/blog.espol.edu.ec\/anitaj\/files\/2009\/08\/libros-300x288.gif 300w, https:\/\/blog.espol.edu.ec\/anitaj\/files\/2009\/08\/libros.gif 338w\" sizes=\"auto, (max-width: 300px) 100vw, 300px\" \/><\/a><\/p>\n<p>\u00a0<\/p>\n<p>\u00a0<\/p>\n<p>\u00a0<\/p>\n<p>\u00a0<\/p>\n<p>\u00a0<\/p>\n<p>\u00a0<\/p>\n<p>\u00a0<\/p>\n<p>\u00a0<\/p>\n<p>Ella es bibliotecaria as\u00ed que me ensen\u00f3 a amar la lectura...........<\/p>\n<p>\u00a0<\/p>\n<p>Antes me aburr\u00eda con leer un simple p\u00e1rrafo, pero ahora leo libros de hasta 600 p\u00e1ginas sin aburrirme.................<\/p>\n<p>\u00a0<\/p>\n<p>Me encanta el color azul, soy emelecista................................<\/p>\n<p>\u00a0<\/p>\n<p>\u00a0<\/p>\n<p>Mi grupo preferido es Panda, yo los adoro ....................................<a href=\"http:\/\/blog.espol.edu.ec\/anitaj\/files\/2009\/08\/narcisista-por-excelencia.mp3\">narcisista-por-excelencia<\/a><\/p>\n<p>\u00a0<\/p>\n<p>Odio que me digan mentiras.............................<\/p>\n<p>\u00a0<\/p>\n<p>No soy muy buena con.........<a href=\"http:\/\/blog.espol.edu.ec\/anitaj\/files\/2009\/08\/gif1computadora.gif\"><img loading=\"lazy\" decoding=\"async\" class=\"alignright size-medium wp-image-47\" src=\"http:\/\/blog.espol.edu.ec\/anitaj\/files\/2009\/08\/gif1computadora-300x252.gif\" alt=\"gif1computadora\" width=\"300\" height=\"252\" srcset=\"https:\/\/blog.espol.edu.ec\/anitaj\/files\/2009\/08\/gif1computadora-300x252.gif 300w, https:\/\/blog.espol.edu.ec\/anitaj\/files\/2009\/08\/gif1computadora.gif 432w\" sizes=\"auto, (max-width: 300px) 100vw, 300px\" \/><\/a><\/p>\n","protected":false},"excerpt":{"rendered":"<p>Holaaaaaaaaaaaaa Voy a contarles.......... \u00a0 \u00a0 \u00a0 \u00a0 \u00a0 Yo nac\u00ed en Guayaquil, pero vivo en la v\u00eda Samborond\u00f3n ............. \u00a0 Me encanta leer eso lo aprend\u00ed de una gran amiga Irina............... \u00a0 \u00a0 \u00a0 \u00a0 \u00a0 \u00a0 \u00a0 \u00a0 Ella es bibliotecaria as\u00ed que me ensen\u00f3 a amar la lectura........... \u00a0 Antes me aburr\u00eda [&hellip;]<\/p>\n","protected":false},"author":1840,"featured_media":0,"parent":0,"menu_order":0,"comment_status":"open","ping_status":"open","template":"","meta":{"_monsterinsights_skip_tracking":false,"_monsterinsights_sitenote_active":false,"_monsterinsights_sitenote_note":"","_monsterinsights_sitenote_category":0,"footnotes":""},"class_list":["post-32","page","type-page","status-publish","hentry"],"_links":{"self":[{"href":"https:\/\/blog.espol.edu.ec\/anitaj\/wp-json\/wp\/v2\/pages\/32","targetHints":{"allow":["GET"]}}],"collection":[{"href":"https:\/\/blog.espol.edu.ec\/anitaj\/wp-json\/wp\/v2\/pages"}],"about":[{"href":"https:\/\/blog.espol.edu.ec\/anitaj\/wp-json\/wp\/v2\/types\/page"}],"author":[{"embeddable":true,"href":"https:\/\/blog.espol.edu.ec\/anitaj\/wp-json\/wp\/v2\/users\/1840"}],"replies":[{"embeddable":true,"href":"https:\/\/blog.espol.edu.ec\/anitaj\/wp-json\/wp\/v2\/comments?post=32"}],"version-history":[{"count":7,"href":"https:\/\/blog.espol.edu.ec\/anitaj\/wp-json\/wp\/v2\/pages\/32\/revisions"}],"predecessor-version":[{"id":39,"href":"https:\/\/blog.espol.edu.ec\/anitaj\/wp-json\/wp\/v2\/pages\/32\/revisions\/39"}],"wp:attachment":[{"href":"https:\/\/blog.espol.edu.ec\/anitaj\/wp-json\/wp\/v2\/media?parent=32"}],"curies":[{"name":"wp","href":"https:\/\/api.w.org\/{rel}","templated":true}]}}