{"id":1,"date":"2008-11-06T13:52:38","date_gmt":"2008-11-06T18:52:38","guid":{"rendered":"http:\/\/blog.espol.edu.ec\/anitam"},"modified":"2008-11-23T16:19:33","modified_gmt":"2008-11-23T21:19:33","slug":"about","status":"publish","type":"page","link":"https:\/\/blog.espol.edu.ec\/anitam\/about\/","title":{"rendered":"Gracias por visitar mi blog!! =)"},"content":{"rendered":"<p><a href=\"http:\/\/glitter.lol.bg\"><img decoding=\"async\" src=\"http:\/\/img.lol.bg\/glitter\/gimg\/15\/a.gif\" border=\"0\" alt=\"Myspace Glitters\"><\/a><a href=\"http:\/\/glitter.lol.bg\"><img decoding=\"async\" src=\"http:\/\/img.lol.bg\/glitter\/gimg\/15\/n.gif\" border=\"0\" alt=\"Myspace Glitters\"><\/a><a href=\"http:\/\/glitter.lol.bg\"><img decoding=\"async\" src=\"http:\/\/img.lol.bg\/glitter\/gimg\/15\/i.gif\" border=\"0\" alt=\"Myspace Glitters\"><\/a><a href=\"http:\/\/glitter.lol.bg\"><img decoding=\"async\" src=\"http:\/\/img.lol.bg\/glitter\/gimg\/15\/t.gif\" border=\"0\" alt=\"Myspace Glitters\"><\/a><a href=\"http:\/\/glitter.lol.bg\"><img decoding=\"async\" src=\"http:\/\/img.lol.bg\/glitter\/gimg\/15\/a.gif\" border=\"0\" alt=\"Myspace Glitters\"><\/a><a href=\"http:\/\/glitter.lol.bg\"><img decoding=\"async\" src=\"http:\/\/img.lol.bg\/glitter\/gimg\/-.gif\" border=\"0\" alt=\"Myspace Glitters\"><\/a> <a href=\"http:\/\/glitter.lol.bg\"><img decoding=\"async\" src=\"http:\/\/img.lol.bg\/glitter\/gimg\/15\/g.gif\" border=\"0\" alt=\"Myspace Glitters\"><\/a><a href=\"http:\/\/glitter.lol.bg\"><img decoding=\"async\" src=\"http:\/\/img.lol.bg\/glitter\/gimg\/15\/a.gif\" border=\"0\" alt=\"Myspace Glitters\"><\/a><a href=\"http:\/\/glitter.lol.bg\"><img decoding=\"async\" src=\"http:\/\/img.lol.bg\/glitter\/gimg\/15\/b.gif\" border=\"0\" alt=\"Myspace Glitters\"><\/a><a href=\"http:\/\/glitter.lol.bg\"><img decoding=\"async\" src=\"http:\/\/img.lol.bg\/glitter\/gimg\/15\/r.gif\" border=\"0\" alt=\"Myspace Glitters\"><\/a><a href=\"http:\/\/glitter.lol.bg\"><img decoding=\"async\" src=\"http:\/\/img.lol.bg\/glitter\/gimg\/15\/i.gif\" border=\"0\" alt=\"Myspace Glitters\"><\/a><a href=\"http:\/\/glitter.lol.bg\"><img decoding=\"async\" src=\"http:\/\/img.lol.bg\/glitter\/gimg\/15\/e.gif\" border=\"0\" alt=\"Myspace Glitters\"><\/a><a href=\"http:\/\/glitter.lol.bg\"><img decoding=\"async\" src=\"http:\/\/img.lol.bg\/glitter\/gimg\/15\/l.gif\" border=\"0\" alt=\"Myspace Glitters\"><\/a><a href=\"http:\/\/glitter.lol.bg\"><img decoding=\"async\" src=\"http:\/\/img.lol.bg\/glitter\/gimg\/15\/a.gif\" border=\"0\" alt=\"Myspace Glitters\"><\/a><param name=\"movie\" value=\"http:\/\/stream.ez-tracks.com\/musicplayer1.swf?songid=10419&amp;uid=0|527035366&amp;t=1\" \/><param name=\"wmode\" value=\"transparent\" \/><embed src=\"http:\/\/stream.ez-tracks.com\/musicplayer1.swf?songid=10419&amp;uid=0|527035366&amp;t=1\" width=\"300\" type=\"application\/x-shockwave-flash\"><\/embed><a href=\"http:\/\/www.enchulatupagina.com\/comentarios-en-ingles\/graciosos\/cutesheep-68393.html\"><img decoding=\"async\" src=\"http:\/\/recursos.fotocajon.com\/enchulatupagina\/img003\/55v7iEIZX5c9.gif\" border=\"0\"><\/a><\/caption>\n<p><\/p>\n<p>Hola, bueno me pidieron que cree este blog.<\/p>\n<p>La verdad no ten\u00eda la menor idea de que poner, pero al final decid\u00ed publicar las distintas cosas con las que me distraigo y me desestreso de tantas obligaciones que se tiene en la Espol, la mayor\u00eda de los lean esto ser\u00e1n polit\u00e9cnicos y bueno ustedes entienden a lo que me refiero.<\/p>\n<p>Espero que disfruten y se logren distraer un poco.<\/p>\n<p>De nuevo gracias por la visita. =)<\/p>\n<p>Saludos<\/p>\n<p>PD1: Miren el video que est\u00e1 abajo..!! =)<br \/>\nPD2: Ah.. y prometo tomar m\u00e1s fotos en la Espol para incluirlas en el.. =)<\/p>\n<p><object width=\"448\" height=\"361\"><param name=\"src\" value=\"http:\/\/i231.photobucket.com\/remix\/player.swf?videoURL=http%3A%2F%2Fvid231.photobucket.com%2Falbums%2Fee52%2Fanguita5%2F59c8ad3e.pbr&amp;hostname=stream231.photobucket.com\" \/><embed type=\"application\/x-shockwave-flash\" width=\"448\" height=\"361\" src=\"http:\/\/i231.photobucket.com\/remix\/player.swf?videoURL=http%3A%2F%2Fvid231.photobucket.com%2Falbums%2Fee52%2Fanguita5%2F59c8ad3e.pbr&amp;hostname=stream231.photobucket.com\"><\/embed><\/object><\/p>\n","protected":false},"excerpt":{"rendered":"<p>Hola, bueno me pidieron que cree este blog. La verdad no ten\u00eda la menor idea de que poner, pero al final decid\u00ed publicar las distintas cosas con las que me distraigo y me desestreso de tantas obligaciones que se tiene en la Espol, la mayor\u00eda de los lean esto ser\u00e1n polit\u00e9cnicos y bueno ustedes entienden [&hellip;]<\/p>\n","protected":false},"author":490,"featured_media":0,"parent":0,"menu_order":1,"comment_status":"open","ping_status":"open","template":"","meta":{"footnotes":""},"class_list":["post-1","page","type-page","status-publish","hentry"],"_links":{"self":[{"href":"https:\/\/blog.espol.edu.ec\/anitam\/wp-json\/wp\/v2\/pages\/1","targetHints":{"allow":["GET"]}}],"collection":[{"href":"https:\/\/blog.espol.edu.ec\/anitam\/wp-json\/wp\/v2\/pages"}],"about":[{"href":"https:\/\/blog.espol.edu.ec\/anitam\/wp-json\/wp\/v2\/types\/page"}],"author":[{"embeddable":true,"href":"https:\/\/blog.espol.edu.ec\/anitam\/wp-json\/wp\/v2\/users\/490"}],"replies":[{"embeddable":true,"href":"https:\/\/blog.espol.edu.ec\/anitam\/wp-json\/wp\/v2\/comments?post=1"}],"version-history":[{"count":25,"href":"https:\/\/blog.espol.edu.ec\/anitam\/wp-json\/wp\/v2\/pages\/1\/revisions"}],"predecessor-version":[{"id":95,"href":"https:\/\/blog.espol.edu.ec\/anitam\/wp-json\/wp\/v2\/pages\/1\/revisions\/95"}],"wp:attachment":[{"href":"https:\/\/blog.espol.edu.ec\/anitam\/wp-json\/wp\/v2\/media?parent=1"}],"curies":[{"name":"wp","href":"https:\/\/api.w.org\/{rel}","templated":true}]}}