{"id":77,"date":"2011-07-21T11:28:21","date_gmt":"2011-07-21T16:28:21","guid":{"rendered":"http:\/\/blog.espol.edu.ec\/anjouliayala\/i00i0\/"},"modified":"2011-07-21T11:34:50","modified_gmt":"2011-07-21T16:34:50","slug":"i00i0","status":"publish","type":"page","link":"https:\/\/blog.espol.edu.ec\/anjouliayala\/i00i0\/","title":{"rendered":"Biograf\u00edas de los personajes"},"content":{"rendered":"<p><strong>Edward Cullen<\/strong><em><br \/>\n<strong>Nombre completo:<\/strong> Edward Anthony Masen Cullen<br \/>\n<strong>Especie:<\/strong> Vampiro<br \/>\n<strong>Fecha de nacimiento:<\/strong> 20 de junio de 1901<br \/>\n<strong>Fecha de transformaci\u00f3n en vampiro:<\/strong> 1918<br \/>\n<strong>Lugar de origen:<\/strong> Chicago, Illinois<br \/>\n<strong>Color del pelo:<\/strong> Casta\u00f1o claro<br \/>\n<strong>Color de los ojos:<\/strong> Dorados\/Negros<br \/>\n<strong>Estatura:<\/strong> 6\u00b42\u00b4\u00b4 (190 cm)<br \/>\n<strong>Descripci\u00f3n f\u00edsica:<\/strong> Desgarbado. Aspecto juvenil. Pelo desordenado<br \/>\n<strong>Talentos especiales:<\/strong> Leer las mentes<br \/>\n<strong>Ocupaci\u00f3n:<\/strong> Matriculado en el instituto de Forks<br \/>\n<strong>Familiares:<\/strong> Hijo natural de Edward y Elizabeth Masen. Hijo adoptivo de Carlise y Esme Cullen, hermano de Alice y Emmett Cullen as\u00ed como de Rosalie y Jasper Hale.<br \/>\n<strong>Qui\u00e9n le transform\u00f3: <\/strong>Carlise Cullen<br \/>\n<strong>Hobbies: <\/strong>Colecciona coches, toca el piano<br \/>\n<strong>Coche:<\/strong> Volvo S60R (plateado), Aston Martin (plateado)<br \/>\n<strong>Historia personal:<\/strong> La vida humana de Edward en Chicago era feliz y tranquila. Sus padres ten\u00edan bastante dinero porque su padre fue un abogado de \u00e9xito. La mayor preocupaci\u00f3n de su madre era el echo de que hab\u00eda estallado la Primera Guerra Mundial y a Edward le faltaba solo un a\u00f1o para alistarse ya que la edad m\u00ednima hab\u00eda sido reducida a 18 a\u00f1os en agosto de 1918.<br \/>\nEn septiembre del mismo a\u00f1o la epidemia de gripe mat\u00f3 a los padres de Edward y estuvo a punto de acabar con \u00e9l tambi\u00e9n. Su m\u00e9dico fue Carlise Cullen, el cual le salv\u00f3 la vida transform\u00e1ndole en vampiro. Fue la madre de Edward quien le pidi\u00f3 al doctor Cullen que salvara a su hijo. Ella parec\u00eda saber que Carlise podr\u00eda salvarle de una manera especial y le suplic\u00f3 que lo hiciera.<br \/>\nA partir de ese momento, Edward, se hizo pasar por el hijo adoptivo de Carlise o por el hermano menor de su esposa, hasta que la familia se traslad\u00f3 a su hogar actual. Ha estudiado dos veces la carrera de medicina, pero nunca la ha ejercido. Le encanta conducir deprisa y colecciona coches como afici\u00f3n.<br \/>\nDesde 1927 hasta 1931 Edward tuvo un per\u00edodo de rebeld\u00eda y durante esos a\u00f1os vivi\u00f3 por su cuenta lejos de Carlise y Esme. Crey\u00f3 que podr\u00eda alimentarse de humanos si fueran realmente malvados y usaba sus habilidades especiales para evitar a los inocentes. Despu\u00e9s de un tiempo descubri\u00f3 que \u201cno pod\u00eda rehuir la deuda de haber tomado demasiadas vidas, sin importar cu\u00e1nto se lo merecieran\u201d, y regres\u00f3 con Carlise y Esme, que le acogieron con los brazos abiertos.<br \/>\nAlrededor de 1936, Edward se mud\u00f3 a Forks con su familia y all\u00ed encontraron a los Indios Quileute que tienen la capacidad de transformarse en lobos. Llegaron a un acuerdo: los lic\u00e1ntropos permitir\u00edan vivir all\u00ed a los Cullen mientras no mordieran a nadie y se mantuvieran lejos de las tierras de los Quileute. Los Cullen vivieron en Forks algunos a\u00f1os antes de mudarse a otros lugares.<br \/>\nEn 2003 los Cullen volvieron a Forks. Entonces, en 2005, Edward conoce a Isabella Swan. Su sangre le atrae y comienza a encapricharse de ella. Bella comienza a figurarse su secreto y acepta que \u00e9l sea un vampiro. Ellos se enamoran a pesar de los innumerables inconvenientes . Cuando Bella se convierte en v\u00edctima de un cazador llamado James, Edward se ve forzado a beber su sangre para evitar que el veneno se extienda por su cuerpo.<br \/>\nEdward se qued\u00f3 con Bella hasta su desastroza fiesta de 18 cumplea\u00f1os, tras el cual tuvo que replantearse el futuro de su vida con \u00e9l. Decidi\u00f3 que Bella estar\u00eda mejor viviendo una vida normal sin \u00e9l, y abandon\u00f3 Forks con su familia. Pas\u00f3 el tiempo persiguiendo a Victoria por el Sur de los Estados Unidos y lleg\u00f3 hasta Mexico y Am\u00e9rica del Sur. Cuando le dicen que Bella est\u00e1 muerta, viaja a Italia con la intenci\u00f3n de suicidarse. Bella y Alice llegan justo a tiempo para pararlo. Convence a los Volturi para que les dejen regresar a todos a Forks con la promesa de que Bella ser\u00eda convertida en vampiro.<br \/>\nEl regreso a Forks, signific\u00f3 la vuelta a la rutina normal en la vida de Edward y Bella. Este accedi\u00f3 a convertirla \u00e9l mismo si antes se casaba con \u00e9l. Luego Jacob Black le recuerda la tregua dice que estaba prohibido morder a un humano.<br \/>\nUnas noticias llegan poco despu\u00e9s, que alertan a Edward y a su familia de que un vampiro joven est\u00e1 suelto en Seattle. Esto unido al deseo de Bella de hacer las paces con Jacob, saca el lado m\u00e1s sobreprotector de Edward. Se la lleva a Florida a visitar a su madre, incluso hace que Alice la secuestre cuando \u00e9l este fuera cazando. Al final permite que Bella vea a Jacob, llegado a la conclusi\u00f3n de que es mejor para ella que fuese a visitarlo segura antes de que se intente escapar para verlo.<br \/>\nCuando Edward recoje el olor de un vampiro desconocido que ha estado en la habitaci\u00f3n de Bella, su preocupaci\u00f3n lo lleva a la posibilidad de luchar con los reci\u00e9n nacidos de Seattle. El d\u00eda de graduaci\u00f3n se acerca y Bella les dice a Edward y al resto de los Cullen que cree que Victoria es la que est\u00e1 creando a los reci\u00e9n nacidos. Est\u00e1 informaci\u00f3n hace que haya una sorprendente alianza entre los Cullen y los Quiletes, no solo para proteger a Bella, sino para evitar que los reci\u00e9n nacidos ataquen a nadie m\u00e1s. Para calmar los nervios de Bella sobre el ataque, Edward acepta quedarse fuera de la batalla y quedarse con ella. Bella y Edward llegan a otro compromiso, ella se casar\u00e1 con el con la condici\u00f3n de que hagan el amor mientr\u00e1s todav\u00eda sea humana. Edward ayuda a Bella a prepararles una trampa a los reci\u00e9n nacidos para que sigan su pista hasta el claro donde tendr\u00e1 lugar la pelea. Tr\u00e1s pasar una noche fr\u00eda, viendo a Jacob dormir junto a Bella para calentarla., deja que Jacob y Bella se despidan, lo que incluye un beso permitido de Bella. Bella le asegura a Edward que le quiere m\u00e1s y quiere estar con \u00e9l para siempre. La consecuencia de la batalla trae a Victoria y a su ayudante personal, Riley al refugio. Edward y Seth Clearwater los matan y queman. Cuando Jane y los Volturi llegan para limpiar Edward intenta salvar a algunos de los recien nacidos, pero no puede. Despu\u00e9s de que Bella le diga su adios final a Jacob, Edward fue y la recoji\u00f3 de su coche y la sostuvo durante toda la noche mientr\u00e1s lloraba. A la ma\u00f1ana siguiente Bella le dice a Edward que ha echo su eleccion y que ha llegado el momento de hablar con Alice sobre su boda. M\u00e1s tarde, en contra de lo que le pidi\u00f3 Bella, Edward le envia una invitaci\u00f3n a la boda a Jacob, dandole las gracias personalmente por todo lo que hab\u00eda hecho para proteger y cuidar a Bella.<\/p>\n","protected":false},"excerpt":{"rendered":"<p>Edward Cullen Nombre completo: Edward Anthony Masen Cullen Especie: Vampiro Fecha de nacimiento: 20 de junio de 1901 Fecha de transformaci\u00f3n en vampiro: 1918 Lugar de origen: Chicago, Illinois Color del pelo: Casta\u00f1o claro Color de los ojos: Dorados\/Negros Estatura: 6\u00b42\u00b4\u00b4 (190 cm) Descripci\u00f3n f\u00edsica: Desgarbado. Aspecto juvenil. Pelo desordenado Talentos especiales: Leer las mentes [&hellip;]<\/p>\n","protected":false},"author":6598,"featured_media":0,"parent":0,"menu_order":0,"comment_status":"open","ping_status":"open","template":"","meta":{"footnotes":""},"class_list":["post-77","page","type-page","status-publish","hentry"],"_links":{"self":[{"href":"https:\/\/blog.espol.edu.ec\/anjouliayala\/wp-json\/wp\/v2\/pages\/77","targetHints":{"allow":["GET"]}}],"collection":[{"href":"https:\/\/blog.espol.edu.ec\/anjouliayala\/wp-json\/wp\/v2\/pages"}],"about":[{"href":"https:\/\/blog.espol.edu.ec\/anjouliayala\/wp-json\/wp\/v2\/types\/page"}],"author":[{"embeddable":true,"href":"https:\/\/blog.espol.edu.ec\/anjouliayala\/wp-json\/wp\/v2\/users\/6598"}],"replies":[{"embeddable":true,"href":"https:\/\/blog.espol.edu.ec\/anjouliayala\/wp-json\/wp\/v2\/comments?post=77"}],"version-history":[{"count":4,"href":"https:\/\/blog.espol.edu.ec\/anjouliayala\/wp-json\/wp\/v2\/pages\/77\/revisions"}],"predecessor-version":[{"id":80,"href":"https:\/\/blog.espol.edu.ec\/anjouliayala\/wp-json\/wp\/v2\/pages\/77\/revisions\/80"}],"wp:attachment":[{"href":"https:\/\/blog.espol.edu.ec\/anjouliayala\/wp-json\/wp\/v2\/media?parent=77"}],"curies":[{"name":"wp","href":"https:\/\/api.w.org\/{rel}","templated":true}]}}