{"id":200,"date":"2014-10-23T19:52:00","date_gmt":"2014-10-24T00:52:00","guid":{"rendered":"http:\/\/blog.espol.edu.ec\/anjumera95\/?page_id=200"},"modified":"2016-07-24T16:00:39","modified_gmt":"2016-07-24T21:00:39","slug":"top-10-gama-media-2014","status":"publish","type":"page","link":"https:\/\/blog.espol.edu.ec\/anjumera95\/top-10-gama-media-2014\/","title":{"rendered":"Top 10 Gama media 2014"},"content":{"rendered":"<p>1. Samsung Galaxy s5 mini<\/p>\n<ul>\n<li>Pantalla Super AMOLED HD 4.5 pulgadas<\/li>\n<li>Certificaci\u00f3n IP67: resistente al polvo y agua<\/li>\n<li>C\u00e1mara de 8 MP, flash LED, video Full HD 1080 P<\/li>\n<li>C\u00e1mara frontal de 2.1 MP 1080 P<\/li>\n<li>Memoria 16 GB, slot microSD hasta 64 GB<\/li>\n<li>Procesador QuadCore a 1.4 GHz<\/li>\n<li>1.5 GB RAM<\/li>\n<li>Bater\u00eda de 2100 mAh<\/li>\n<\/ul>\n<p><a href=\"http:\/\/blog.espol.edu.ec\/anjumera95\/files\/2015\/10\/samsung_galaxy_s5_mini_duos.jpeg\"><img loading=\"lazy\" decoding=\"async\" class=\"alignnone wp-image-201\" src=\"http:\/\/blog.espol.edu.ec\/anjumera95\/files\/2015\/10\/samsung_galaxy_s5_mini_duos-300x225.jpeg\" alt=\"samsung_galaxy_s5_mini_duos\" width=\"299\" height=\"224\" srcset=\"https:\/\/blog.espol.edu.ec\/anjumera95\/files\/2015\/10\/samsung_galaxy_s5_mini_duos-300x225.jpeg 300w, https:\/\/blog.espol.edu.ec\/anjumera95\/files\/2015\/10\/samsung_galaxy_s5_mini_duos.jpeg 635w\" sizes=\"auto, (max-width: 299px) 100vw, 299px\" \/><\/a><\/p>\n<p>&nbsp;<\/p>\n<p>2. Samsung Galaxy S3 Neo<\/p>\n<ul>\n<li>Pantalla Super AMOLED HD 4.8 pulgadas<\/li>\n<li>C\u00e1mara de 8 MP, Flash LED, video Full HD 1080 P<\/li>\n<li>C\u00e1mara frontal de 1.9 MP 720 P<\/li>\n<li>16 GB memoria, slot microSD hasta 64 GB<\/li>\n<li>Procesador QuadCore a 1.2 GHz<\/li>\n<li>1.5 GB RAM<\/li>\n<li>Bater\u00eda de 2100 mAh<\/li>\n<\/ul>\n<p><a href=\"http:\/\/blog.espol.edu.ec\/anjumera95\/files\/2015\/10\/samsung_galaxy_s3_neo.jpeg\"><img loading=\"lazy\" decoding=\"async\" class=\"alignnone wp-image-202\" src=\"http:\/\/blog.espol.edu.ec\/anjumera95\/files\/2015\/10\/samsung_galaxy_s3_neo-300x225.jpeg\" alt=\"samsung_galaxy_s3_neo\" width=\"300\" height=\"225\" srcset=\"https:\/\/blog.espol.edu.ec\/anjumera95\/files\/2015\/10\/samsung_galaxy_s3_neo-300x225.jpeg 300w, https:\/\/blog.espol.edu.ec\/anjumera95\/files\/2015\/10\/samsung_galaxy_s3_neo.jpeg 635w\" sizes=\"auto, (max-width: 300px) 100vw, 300px\" \/><\/a><\/p>\n<p>&nbsp;<\/p>\n<p>3. HTC One mini 2<\/p>\n<ul>\n<li>Pantalla Super LCD2 HD 4.5 pulgadas<\/li>\n<li>C\u00e1mara de 13 MP, flash LED, video Full HD 1080 P<\/li>\n<li>C\u00e1mara frontal de 5 MP 1080 P<\/li>\n<li>16 GB memoria, slot microSD hasta 128 GB<\/li>\n<li>Procesador QuadCore a 1.2 GHz<\/li>\n<li>1 GB RAM<\/li>\n<li>Bater\u00eda de 2100 mAh<\/li>\n<\/ul>\n<p><a href=\"http:\/\/blog.espol.edu.ec\/anjumera95\/files\/2015\/10\/HTC_One_Mini_2.jpg\"><img loading=\"lazy\" decoding=\"async\" class=\"alignnone wp-image-205\" src=\"http:\/\/blog.espol.edu.ec\/anjumera95\/files\/2015\/10\/HTC_One_Mini_2-300x242.jpg\" alt=\"HTC_One_Mini_2\" width=\"300\" height=\"242\" srcset=\"https:\/\/blog.espol.edu.ec\/anjumera95\/files\/2015\/10\/HTC_One_Mini_2-300x242.jpg 300w, https:\/\/blog.espol.edu.ec\/anjumera95\/files\/2015\/10\/HTC_One_Mini_2.jpg 730w\" sizes=\"auto, (max-width: 300px) 100vw, 300px\" \/><\/a><\/p>\n<p>&nbsp;<\/p>\n<p>4. Motorola Moto G - 2da Generaci\u00f3n<\/p>\n<ul>\n<li>Pantalla LCD IPS HD 5 pulgadas<\/li>\n<li>C\u00e1mara de 8 MP, Flash LED, video HD 720 P<\/li>\n<li>C\u00e1mara frontal de 2 MP<\/li>\n<li>8\/16 GB memoria, slot microSD hasta 32 GB<\/li>\n<li>Procesador QuadCore a 1.2 GHz<\/li>\n<li>1 GB RAM<\/li>\n<li>Bater\u00eda de 2070 mAH<\/li>\n<\/ul>\n<p><a href=\"http:\/\/blog.espol.edu.ec\/anjumera95\/files\/2015\/10\/Motorola_moto_g_2da_gen.jpg\"><img loading=\"lazy\" decoding=\"async\" class=\"alignnone wp-image-203\" src=\"http:\/\/blog.espol.edu.ec\/anjumera95\/files\/2015\/10\/Motorola_moto_g_2da_gen-300x300.jpg\" alt=\"Motorola_moto_g_2da_gen\" width=\"300\" height=\"300\" srcset=\"https:\/\/blog.espol.edu.ec\/anjumera95\/files\/2015\/10\/Motorola_moto_g_2da_gen-300x300.jpg 300w, https:\/\/blog.espol.edu.ec\/anjumera95\/files\/2015\/10\/Motorola_moto_g_2da_gen-150x150.jpg 150w, https:\/\/blog.espol.edu.ec\/anjumera95\/files\/2015\/10\/Motorola_moto_g_2da_gen.jpg 1000w\" sizes=\"auto, (max-width: 300px) 100vw, 300px\" \/><\/a><\/p>\n<p>&nbsp;<\/p>\n<p>5. LG G3 S<\/p>\n<ul>\n<li>Pantalla LCD IPS HD 5 pulgadas<\/li>\n<li>C\u00e1mara de 8 MP, flash LED, video Full HD 1080 p<\/li>\n<li>Enfoque asistido por l\u00e1ser<\/li>\n<li>C\u00e1mara frontal de 1.3 MP<\/li>\n<li>8 GB memoria, slot microSD hasta 64 GB<\/li>\n<li>Procesador QuadCore a 1.2 GHz<\/li>\n<li>1 Gb RAM<\/li>\n<li>Bater\u00eda de 2540 mAH<\/li>\n<\/ul>\n<p><a href=\"http:\/\/blog.espol.edu.ec\/anjumera95\/files\/2015\/10\/LG-G3-Beat.jpg\"><img loading=\"lazy\" decoding=\"async\" class=\"alignnone wp-image-204\" src=\"http:\/\/blog.espol.edu.ec\/anjumera95\/files\/2015\/10\/LG-G3-Beat-300x225.jpg\" alt=\"LG-G3-Beat\" width=\"300\" height=\"225\" srcset=\"https:\/\/blog.espol.edu.ec\/anjumera95\/files\/2015\/10\/LG-G3-Beat-300x225.jpg 300w, https:\/\/blog.espol.edu.ec\/anjumera95\/files\/2015\/10\/LG-G3-Beat.jpg 800w\" sizes=\"auto, (max-width: 300px) 100vw, 300px\" \/><\/a><\/p>\n<p>&nbsp;<\/p>\n<p>6. Sony Xperia M2 Aqua<\/p>\n<ul>\n<li>Pantalla TFT qHD 4.8 pulgadas<\/li>\n<li>Certificaci\u00f3n IP65\/IP68: resistente al polvo y agua<\/li>\n<li>C\u00e1mara de 8 MP, flash LED, video Full HD 1080 P<\/li>\n<li>C\u00e1mara frontal de 1.1 MP<\/li>\n<li>8 GB memoria, slot microSD hasta 32 GB<\/li>\n<li>Procesador QuadCore a 1.2 GHz<\/li>\n<li>1 GB RAM<\/li>\n<li>Bater\u00eda de 2300 mAH<\/li>\n<\/ul>\n<p><a href=\"http:\/\/blog.espol.edu.ec\/anjumera95\/files\/2014\/06\/xperia-m2-aqua-hero-black-1240x840-525d2943a1a9e6c1505b0b59950fc516.jpg\"><img loading=\"lazy\" decoding=\"async\" class=\"alignnone wp-image-158\" src=\"http:\/\/blog.espol.edu.ec\/anjumera95\/files\/2014\/06\/xperia-m2-aqua-hero-black-1240x840-525d2943a1a9e6c1505b0b59950fc516-300x203.jpg\" alt=\"xperia-m2-aqua-hero-black-1240x840-525d2943a1a9e6c1505b0b59950fc516\" width=\"319\" height=\"216\" srcset=\"https:\/\/blog.espol.edu.ec\/anjumera95\/files\/2014\/06\/xperia-m2-aqua-hero-black-1240x840-525d2943a1a9e6c1505b0b59950fc516-300x203.jpg 300w, https:\/\/blog.espol.edu.ec\/anjumera95\/files\/2014\/06\/xperia-m2-aqua-hero-black-1240x840-525d2943a1a9e6c1505b0b59950fc516-1024x693.jpg 1024w, https:\/\/blog.espol.edu.ec\/anjumera95\/files\/2014\/06\/xperia-m2-aqua-hero-black-1240x840-525d2943a1a9e6c1505b0b59950fc516.jpg 1240w\" sizes=\"auto, (max-width: 319px) 100vw, 319px\" \/><\/a><\/p>\n<p>&nbsp;<\/p>\n<p>7. LG G2 mini<\/p>\n<ul>\n<li>Pantalla LCD IPS qHD 4.7 pulgadas<\/li>\n<li>C\u00e1mara de 13 MP, flash LED, video Full HD 1080 P<\/li>\n<li>C\u00e1mara frontal de 1.3 MP 720 P<\/li>\n<li>8 GB memoria, slot microSD hasta 64 GB<\/li>\n<li>Procesador QuadCore<\/li>\n<li>1 GB RAM<\/li>\n<li>Bater\u00eda de 2440 mAh<\/li>\n<\/ul>\n<p><a href=\"http:\/\/blog.espol.edu.ec\/anjumera95\/files\/2015\/10\/lg_g2_mini.jpg\"><img loading=\"lazy\" decoding=\"async\" class=\"alignnone size-medium wp-image-206\" src=\"http:\/\/blog.espol.edu.ec\/anjumera95\/files\/2015\/10\/lg_g2_mini-251x300.jpg\" alt=\"lg_g2_mini\" width=\"251\" height=\"300\" srcset=\"https:\/\/blog.espol.edu.ec\/anjumera95\/files\/2015\/10\/lg_g2_mini-251x300.jpg 251w, https:\/\/blog.espol.edu.ec\/anjumera95\/files\/2015\/10\/lg_g2_mini.jpg 461w\" sizes=\"auto, (max-width: 251px) 100vw, 251px\" \/><\/a><\/p>\n<p>&nbsp;<\/p>\n<p>&nbsp;<\/p>\n<p>8. LG L90<\/p>\n<ul>\n<li>Pantalla LCD IPS qHD 4.7 pulgadas<\/li>\n<li>C\u00e1mara de 8 o 5 MP, flash LED, video Full HD 1080 P<\/li>\n<li>C\u00e1mara frontal de 1.3 MP<\/li>\n<li>8 GB memoria, slot microSD hasta 32 GB<\/li>\n<li>Procesador QuadCore a 1.2 GHz<\/li>\n<li>1 GB RAM<\/li>\n<li>Bater\u00eda de 2540 mAh<\/li>\n<\/ul>\n<p><a href=\"http:\/\/blog.espol.edu.ec\/anjumera95\/files\/2014\/10\/lg-l90.jpg\"><img loading=\"lazy\" decoding=\"async\" class=\"alignnone size-medium wp-image-212\" src=\"http:\/\/blog.espol.edu.ec\/anjumera95\/files\/2014\/10\/lg-l90-300x282.jpg\" alt=\"lg l90\" width=\"300\" height=\"282\" srcset=\"https:\/\/blog.espol.edu.ec\/anjumera95\/files\/2014\/10\/lg-l90-300x282.jpg 300w, https:\/\/blog.espol.edu.ec\/anjumera95\/files\/2014\/10\/lg-l90-1024x964.jpg 1024w, https:\/\/blog.espol.edu.ec\/anjumera95\/files\/2014\/10\/lg-l90.jpg 1343w\" sizes=\"auto, (max-width: 300px) 100vw, 300px\" \/><\/a><\/p>\n<p>&nbsp;<\/p>\n<p>9. HTC Desire 610<\/p>\n<ul>\n<li>Pantalla Super LCD2 qHD 4.7 pulgadas<\/li>\n<li>C\u00e1mara de 8 MP, flash LED, video Full HD 1080 P<\/li>\n<li>C\u00e1mara frontal de 1.3 MP 720 P<\/li>\n<li>8 GB memoria, slot microSD hasta 64 GB<\/li>\n<li>Procesador QuadCore a 1.2 GHz<\/li>\n<li>1 GB RAM<\/li>\n<li>Bater\u00eda de 2040 mAh<\/li>\n<\/ul>\n<p><a href=\"http:\/\/blog.espol.edu.ec\/anjumera95\/files\/2015\/10\/htc-desire-610-en_ID-slide-05.png\"><img loading=\"lazy\" decoding=\"async\" class=\"alignnone size-medium wp-image-207\" src=\"http:\/\/blog.espol.edu.ec\/anjumera95\/files\/2015\/10\/htc-desire-610-en_ID-slide-05-300x273.png\" alt=\"htc-desire-610-en_ID-slide-05\" width=\"300\" height=\"273\" srcset=\"https:\/\/blog.espol.edu.ec\/anjumera95\/files\/2015\/10\/htc-desire-610-en_ID-slide-05-300x273.png 300w, https:\/\/blog.espol.edu.ec\/anjumera95\/files\/2015\/10\/htc-desire-610-en_ID-slide-05.png 500w\" sizes=\"auto, (max-width: 300px) 100vw, 300px\" \/><\/a><\/p>\n<p>&nbsp;<\/p>\n<p>10. Huawei Ascend G6 4G LTE<\/p>\n<ul>\n<li>Pantalla LCD IPS qHD 4.5 pulgadas<\/li>\n<li>C\u00e1mara de 8 MP, flash LED, video HD 720 P<\/li>\n<li>C\u00e1mara frontal de 5 MP<\/li>\n<li>8 GB memoria, slot microSD hasta 32 GB<\/li>\n<li>Procesador QuadCore a 1.2 GHz<\/li>\n<li>1 GB RAM<\/li>\n<li>Bater\u00eda de 2000 mAh<\/li>\n<\/ul>\n<p><a href=\"http:\/\/blog.espol.edu.ec\/anjumera95\/files\/2015\/10\/AscendG6LTE.jpg\"><img loading=\"lazy\" decoding=\"async\" class=\"alignnone size-medium wp-image-208\" src=\"http:\/\/blog.espol.edu.ec\/anjumera95\/files\/2015\/10\/AscendG6LTE-300x236.jpg\" alt=\"AscendG6LTE\" width=\"300\" height=\"236\" srcset=\"https:\/\/blog.espol.edu.ec\/anjumera95\/files\/2015\/10\/AscendG6LTE-300x236.jpg 300w, https:\/\/blog.espol.edu.ec\/anjumera95\/files\/2015\/10\/AscendG6LTE.jpg 400w\" sizes=\"auto, (max-width: 300px) 100vw, 300px\" \/><\/a><\/p>\n<p>&nbsp;<\/p>\n<p>&nbsp;<\/p>\n<p>&nbsp;<\/p>\n","protected":false},"excerpt":{"rendered":"<p>1. Samsung Galaxy s5 mini Pantalla Super AMOLED HD 4.5 pulgadas Certificaci\u00f3n IP67: resistente al polvo y agua C\u00e1mara de 8 MP, flash LED, video Full HD 1080 P C\u00e1mara frontal de 2.1 MP 1080 P Memoria 16 GB, slot microSD hasta 64 GB Procesador QuadCore a 1.4 GHz 1.5 GB RAM Bater\u00eda de 2100 [&hellip;]<\/p>\n","protected":false},"author":9068,"featured_media":0,"parent":0,"menu_order":0,"comment_status":"closed","ping_status":"closed","template":"","meta":{"footnotes":""},"class_list":["post-200","page","type-page","status-publish","hentry"],"_links":{"self":[{"href":"https:\/\/blog.espol.edu.ec\/anjumera95\/wp-json\/wp\/v2\/pages\/200","targetHints":{"allow":["GET"]}}],"collection":[{"href":"https:\/\/blog.espol.edu.ec\/anjumera95\/wp-json\/wp\/v2\/pages"}],"about":[{"href":"https:\/\/blog.espol.edu.ec\/anjumera95\/wp-json\/wp\/v2\/types\/page"}],"author":[{"embeddable":true,"href":"https:\/\/blog.espol.edu.ec\/anjumera95\/wp-json\/wp\/v2\/users\/9068"}],"replies":[{"embeddable":true,"href":"https:\/\/blog.espol.edu.ec\/anjumera95\/wp-json\/wp\/v2\/comments?post=200"}],"version-history":[{"count":5,"href":"https:\/\/blog.espol.edu.ec\/anjumera95\/wp-json\/wp\/v2\/pages\/200\/revisions"}],"predecessor-version":[{"id":278,"href":"https:\/\/blog.espol.edu.ec\/anjumera95\/wp-json\/wp\/v2\/pages\/200\/revisions\/278"}],"wp:attachment":[{"href":"https:\/\/blog.espol.edu.ec\/anjumera95\/wp-json\/wp\/v2\/media?parent=200"}],"curies":[{"name":"wp","href":"https:\/\/api.w.org\/{rel}","templated":true}]}}